{"id":518,"date":"2015-10-02T10:48:47","date_gmt":"2015-10-02T09:48:47","guid":{"rendered":"http:\/\/agora.xtec.cat\/ceipsantaeulalia-berga\/?page_id=518"},"modified":"2026-01-04T15:54:43","modified_gmt":"2026-01-04T14:54:43","slug":"consciencia-fonologica","status":"publish","type":"page","link":"https:\/\/agora.xtec.cat\/ceipsantaeulalia-berga\/projectes-descola\/consciencia-fonologica\/","title":{"rendered":"Innovamat"},"content":{"rendered":"<p style=\"text-align: justify;\">MATEM\u00c0TIQUES APLICADES QUE EMOCIONEN<\/p>\n<p style=\"text-align: justify;\">InnovaMat transforma l\u2019aula de prim\u00e0ria i les relacions que es donen en ella per emocionar, estimular i motivar l\u2019alumnat. Els materials posen l\u2019alumne en el centre del seu propi proc\u00e9s d\u2019ensenyament-aprenentatge i li permet desenvolupar l\u2019autonomia i el pensament cr\u00edtic: un proc\u00e9s emocional i emocionant pensat per a comprometre l\u2019alumne a trav\u00e9s d\u2019est\u00edmuls positius.<\/p>\n<p style=\"text-align: justify;\">EL PROJECTE MATEM\u00c0TIC<\/p>\n<p style=\"text-align: justify;\">InnovaMat proposa unes matem\u00e0tiques contextualitzades, un curr\u00edculum flexible, activitats variades que parteixen de material manipulatiu i applets, t\u00e8cniques i estrat\u00e8gies que faciliten l\u2019avaluaci\u00f3 i la gesti\u00f3 de l\u2019aula del segle XXI, la personalitzaci\u00f3 de l\u2019aprenentatge, l\u2019aprenentatge cooperatiu o la gamificaci\u00f3.<\/p>\n<p style=\"text-align: justify;\">El material did\u00e0ctic Innovamat ha estat elaborat per un nombr\u00f3s grup d\u2019experts en diferents disciplines com la matem\u00e0tica, la pedagogia, l\u2019enginyeria i el disseny.<\/p>\n<p style=\"text-align: justify;\">El contingut educatiu s\u2019organitza en quatre grans blocs \u2013 Laboratori dels nombres, Projectes, Aventures i Plataforma \u2013 on es treballen diferents conceptes matem\u00e0tics i dimensions emprant metodologies pedag\u00f2giques diverses.<\/p>\n","protected":false},"excerpt":{"rendered":"<p>MATEM\u00c0TIQUES APLICADES QUE EMOCIONEN InnovaMat transforma l\u2019aula de prim\u00e0ria i les relacions que es donen en ella per emocionar, estimular i motivar l\u2019alumnat. Els materials posen l\u2019alumne en el centre del seu propi proc\u00e9s d\u2019ensenyament-aprenentatge i li permet desenvolupar l\u2019autonomia i el pensament cr\u00edtic: un proc\u00e9s emocional i emocionant pensat per a comprometre l\u2019alumne a [&hellip;]<\/p>\n","protected":false},"author":1,"featured_media":0,"parent":3494,"menu_order":10,"comment_status":"closed","ping_status":"closed","template":"","meta":{"_bbp_topic_count":0,"_bbp_reply_count":0,"_bbp_total_topic_count":0,"_bbp_total_reply_count":0,"_bbp_voice_count":0,"_bbp_anonymous_reply_count":0,"_bbp_topic_count_hidden":0,"_bbp_reply_count_hidden":0,"_bbp_forum_subforum_count":0,"site-sidebar-layout":"default","site-content-layout":"","ast-site-content-layout":"default","site-content-style":"default","site-sidebar-style":"default","ast-global-header-display":"","ast-banner-title-visibility":"","ast-main-header-display":"","ast-hfb-above-header-display":"","ast-hfb-below-header-display":"","ast-hfb-mobile-header-display":"","site-post-title":"","ast-breadcrumbs-content":"","ast-featured-img":"","footer-sml-layout":"","theme-transparent-header-meta":"","adv-header-id-meta":"","stick-header-meta":"","header-above-stick-meta":"","header-main-stick-meta":"","header-below-stick-meta":"","astra-migrate-meta-layouts":"set","ast-page-background-enabled":"default","ast-page-background-meta":{"desktop":{"background-color":"var(--ast-global-color-4)","background-image":"","background-repeat":"repeat","background-position":"center center","background-size":"auto","background-attachment":"scroll","background-type":"","background-media":"","overlay-type":"","overlay-color":"","overlay-opacity":"","overlay-gradient":""},"tablet":{"background-color":"","background-image":"","background-repeat":"repeat","background-position":"center center","background-size":"auto","background-attachment":"scroll","background-type":"","background-media":"","overlay-type":"","overlay-color":"","overlay-opacity":"","overlay-gradient":""},"mobile":{"background-color":"","background-image":"","background-repeat":"repeat","background-position":"center center","background-size":"auto","background-attachment":"scroll","background-type":"","background-media":"","overlay-type":"","overlay-color":"","overlay-opacity":"","overlay-gradient":""}},"ast-content-background-meta":{"desktop":{"background-color":"var(--ast-global-color-5)","background-image":"","background-repeat":"repeat","background-position":"center center","background-size":"auto","background-attachment":"scroll","background-type":"","background-media":"","overlay-type":"","overlay-color":"","overlay-opacity":"","overlay-gradient":""},"tablet":{"background-color":"var(--ast-global-color-5)","background-image":"","background-repeat":"repeat","background-position":"center center","background-size":"auto","background-attachment":"scroll","background-type":"","background-media":"","overlay-type":"","overlay-color":"","overlay-opacity":"","overlay-gradient":""},"mobile":{"background-color":"var(--ast-global-color-5)","background-image":"","background-repeat":"repeat","background-position":"center center","background-size":"auto","background-attachment":"scroll","background-type":"","background-media":"","overlay-type":"","overlay-color":"","overlay-opacity":"","overlay-gradient":""}},"footnotes":""},"class_list":["post-518","page","type-page","status-publish","hentry"],"post_mailing_queue_ids":[],"_links":{"self":[{"href":"https:\/\/agora.xtec.cat\/ceipsantaeulalia-berga\/wp-json\/wp\/v2\/pages\/518","targetHints":{"allow":["GET"]}}],"collection":[{"href":"https:\/\/agora.xtec.cat\/ceipsantaeulalia-berga\/wp-json\/wp\/v2\/pages"}],"about":[{"href":"https:\/\/agora.xtec.cat\/ceipsantaeulalia-berga\/wp-json\/wp\/v2\/types\/page"}],"author":[{"embeddable":true,"href":"https:\/\/agora.xtec.cat\/ceipsantaeulalia-berga\/wp-json\/wp\/v2\/users\/1"}],"replies":[{"embeddable":true,"href":"https:\/\/agora.xtec.cat\/ceipsantaeulalia-berga\/wp-json\/wp\/v2\/comments?post=518"}],"version-history":[{"count":4,"href":"https:\/\/agora.xtec.cat\/ceipsantaeulalia-berga\/wp-json\/wp\/v2\/pages\/518\/revisions"}],"predecessor-version":[{"id":7638,"href":"https:\/\/agora.xtec.cat\/ceipsantaeulalia-berga\/wp-json\/wp\/v2\/pages\/518\/revisions\/7638"}],"up":[{"embeddable":true,"href":"https:\/\/agora.xtec.cat\/ceipsantaeulalia-berga\/wp-json\/wp\/v2\/pages\/3494"}],"wp:attachment":[{"href":"https:\/\/agora.xtec.cat\/ceipsantaeulalia-berga\/wp-json\/wp\/v2\/media?parent=518"}],"curies":[{"name":"wp","href":"https:\/\/api.w.org\/{rel}","templated":true}]}}