{"id":510,"date":"2015-10-02T10:47:18","date_gmt":"2015-10-02T09:47:18","guid":{"rendered":"http:\/\/agora.xtec.cat\/ceipsantaeulalia-berga\/?page_id=510"},"modified":"2026-01-04T15:59:19","modified_gmt":"2026-01-04T14:59:19","slug":"lectura","status":"publish","type":"page","link":"https:\/\/agora.xtec.cat\/ceipsantaeulalia-berga\/projectes-descola\/lectura\/","title":{"rendered":"Esport Blanc Escolar"},"content":{"rendered":"<h2 class=\"basic_title col-sm-12 pd-10\">Objectius generals<\/h2>\n<div class=\"col-xs-12\">\n<div class=\"cos_bloc basic_text_peq pd-15\">\n<p>\u2022Ajudar en la formaci\u00f3 integral dels alumnes.<br \/>\n\u2022Educar mitjan\u00e7ant l\u2019esport a l\u2019aire lliure a respectar i gaudir de la muntanya.<br \/>\n\u2022Adquisici\u00f3 d\u2019habilitats com la coordinaci\u00f3, l\u2019equilibri, valor i confian\u00e7a que ajudaran als alumnes al desenvolupament de les aptituds f\u00edsiques.<br \/>\n\u2022Aprendre la t\u00e8cnica dels esports de neu.<br \/>\n\u2022Aconseguir que tots els alumnes que viuen a les comarques pirinenques tinguin l\u2019oportunitat d\u2019aprendre a esquiar.<\/p>\n<h2 class=\"basic_title col-sm-12 pd-10\">Objectius t\u00e8cnics<\/h2>\n<p><span style=\"font-family: inherit; font-size: 1em;\">\u2022Desenvolupament b\u00e0sic de l\u2019agilitat, l\u2019equilibri i la coordinaci\u00f3.<\/span><\/p>\n<p><span style=\"font-family: inherit; font-size: 1em;\">\u2022Etapa estructurada i divertida.<\/span><\/p>\n<p><span style=\"font-family: inherit; font-size: 1em;\">\u2022Desenvolupament de la velocitat, agilitat i resist\u00e8ncia mitjan\u00e7ant activitats l\u00fadiques i jocs.<\/span><\/p>\n<p><span style=\"font-family: inherit; font-size: 1em;\">\u2022Desenvolupament de les capacitats f\u00edsiques i les llibertats fonamentals del moviment de l\u2019esqu\u00ed.<\/span><\/p>\n<\/div>\n<div class=\"cos_bloc basic_text_peq pd-15\">\n<h2 class=\"basic_title col-sm-12 pd-10\">Caracter\u00edstiques<\/h2>\n<div class=\"col-xs-12\">\n<div class=\"cos_bloc basic_text_peq pd-15\">\n<ul>\n<li>MULTIDISCIPLINAR: Esqu\u00ed de fons i surf de neu (Estaci\u00f3 de La Molina) i esqu\u00ed de fons (Estaci\u00f3 de Tuixent La Vansa).<\/li>\n<li>INTEGRAT AL PROGRAMA D\u2019EDUCACI\u00d3 F\u00cdSICA : programa en horari lectiu durant el segon trimestre (sessions d&#8217;un dia sencer de durada).<\/li>\n<li>DURADA:\u00a0 3h a la setmana durant 6 sessions al llarg del segon trimestre.<\/li>\n<li>EDAT: 8\/9\/10 ANYS (Prim\u00e0ria 3 i 4\/cicle mitj\u00e0).<\/li>\n<li>COORDINACI\u00d3:\u00a0 Federaci\u00f3 Catalana d\u2019Esports d\u2019Hivern, responsable de cada consell esportiu i mestres d&#8217;educaci\u00f3 f\u00edsica de l&#8217;escola.<\/li>\n<\/ul>\n<p><a href=\"http:\/\/agora.xtec.cat\/ceipsantaeulalia-berga\/wp-content\/uploads\/usu104\/2018\/09\/esport-blanc-escolar-fotogrup.jpg\"><img loading=\"lazy\" decoding=\"async\" class=\"alignnone size-large wp-image-3214\" src=\"http:\/\/agora.xtec.cat\/ceipsantaeulalia-berga\/wp-content\/uploads\/usu104\/2018\/09\/esport-blanc-escolar-fotogrup-1024x564.jpg\" alt=\"\" width=\"1024\" height=\"564\" srcset=\"https:\/\/agora.xtec.cat\/ceipsantaeulalia-berga\/wp-content\/uploads\/usu104\/2018\/09\/esport-blanc-escolar-fotogrup-1024x564.jpg 1024w, https:\/\/agora.xtec.cat\/ceipsantaeulalia-berga\/wp-content\/uploads\/usu104\/2018\/09\/esport-blanc-escolar-fotogrup-300x165.jpg 300w, https:\/\/agora.xtec.cat\/ceipsantaeulalia-berga\/wp-content\/uploads\/usu104\/2018\/09\/esport-blanc-escolar-fotogrup-768x423.jpg 768w, https:\/\/agora.xtec.cat\/ceipsantaeulalia-berga\/wp-content\/uploads\/usu104\/2018\/09\/esport-blanc-escolar-fotogrup.jpg 1270w\" sizes=\"auto, (max-width: 1024px) 100vw, 1024px\" \/><\/a><\/p>\n<\/div>\n<\/div>\n<\/div>\n<\/div>\n<div class=\"col-xs-12\">\n<div class=\"cos_bloc basic_text_peq pd-15\">\n<div class=\"col-xs-12\">\n<div class=\"cos_bloc basic_text_peq pd-15\"><\/div>\n<\/div>\n<\/div>\n<\/div>\n","protected":false},"excerpt":{"rendered":"<p>Objectius generals \u2022Ajudar en la formaci\u00f3 integral dels alumnes. \u2022Educar mitjan\u00e7ant l\u2019esport a l\u2019aire lliure a respectar i gaudir de la muntanya. \u2022Adquisici\u00f3 d\u2019habilitats com la coordinaci\u00f3, l\u2019equilibri, valor i confian\u00e7a que ajudaran als alumnes al desenvolupament de les aptituds f\u00edsiques. \u2022Aprendre la t\u00e8cnica dels esports de neu. \u2022Aconseguir que tots els alumnes que viuen [&hellip;]<\/p>\n","protected":false},"author":1,"featured_media":0,"parent":3494,"menu_order":6,"comment_status":"closed","ping_status":"closed","template":"","meta":{"_bbp_topic_count":0,"_bbp_reply_count":0,"_bbp_total_topic_count":0,"_bbp_total_reply_count":0,"_bbp_voice_count":0,"_bbp_anonymous_reply_count":0,"_bbp_topic_count_hidden":0,"_bbp_reply_count_hidden":0,"_bbp_forum_subforum_count":0,"site-sidebar-layout":"default","site-content-layout":"","ast-site-content-layout":"default","site-content-style":"default","site-sidebar-style":"default","ast-global-header-display":"","ast-banner-title-visibility":"","ast-main-header-display":"","ast-hfb-above-header-display":"","ast-hfb-below-header-display":"","ast-hfb-mobile-header-display":"","site-post-title":"","ast-breadcrumbs-content":"","ast-featured-img":"","footer-sml-layout":"","theme-transparent-header-meta":"","adv-header-id-meta":"","stick-header-meta":"","header-above-stick-meta":"","header-main-stick-meta":"","header-below-stick-meta":"","astra-migrate-meta-layouts":"set","ast-page-background-enabled":"default","ast-page-background-meta":{"desktop":{"background-color":"var(--ast-global-color-4)","background-image":"","background-repeat":"repeat","background-position":"center center","background-size":"auto","background-attachment":"scroll","background-type":"","background-media":"","overlay-type":"","overlay-color":"","overlay-opacity":"","overlay-gradient":""},"tablet":{"background-color":"","background-image":"","background-repeat":"repeat","background-position":"center center","background-size":"auto","background-attachment":"scroll","background-type":"","background-media":"","overlay-type":"","overlay-color":"","overlay-opacity":"","overlay-gradient":""},"mobile":{"background-color":"","background-image":"","background-repeat":"repeat","background-position":"center center","background-size":"auto","background-attachment":"scroll","background-type":"","background-media":"","overlay-type":"","overlay-color":"","overlay-opacity":"","overlay-gradient":""}},"ast-content-background-meta":{"desktop":{"background-color":"var(--ast-global-color-5)","background-image":"","background-repeat":"repeat","background-position":"center center","background-size":"auto","background-attachment":"scroll","background-type":"","background-media":"","overlay-type":"","overlay-color":"","overlay-opacity":"","overlay-gradient":""},"tablet":{"background-color":"var(--ast-global-color-5)","background-image":"","background-repeat":"repeat","background-position":"center center","background-size":"auto","background-attachment":"scroll","background-type":"","background-media":"","overlay-type":"","overlay-color":"","overlay-opacity":"","overlay-gradient":""},"mobile":{"background-color":"var(--ast-global-color-5)","background-image":"","background-repeat":"repeat","background-position":"center center","background-size":"auto","background-attachment":"scroll","background-type":"","background-media":"","overlay-type":"","overlay-color":"","overlay-opacity":"","overlay-gradient":""}},"footnotes":""},"class_list":["post-510","page","type-page","status-publish","hentry"],"post_mailing_queue_ids":[],"_links":{"self":[{"href":"https:\/\/agora.xtec.cat\/ceipsantaeulalia-berga\/wp-json\/wp\/v2\/pages\/510","targetHints":{"allow":["GET"]}}],"collection":[{"href":"https:\/\/agora.xtec.cat\/ceipsantaeulalia-berga\/wp-json\/wp\/v2\/pages"}],"about":[{"href":"https:\/\/agora.xtec.cat\/ceipsantaeulalia-berga\/wp-json\/wp\/v2\/types\/page"}],"author":[{"embeddable":true,"href":"https:\/\/agora.xtec.cat\/ceipsantaeulalia-berga\/wp-json\/wp\/v2\/users\/1"}],"replies":[{"embeddable":true,"href":"https:\/\/agora.xtec.cat\/ceipsantaeulalia-berga\/wp-json\/wp\/v2\/comments?post=510"}],"version-history":[{"count":6,"href":"https:\/\/agora.xtec.cat\/ceipsantaeulalia-berga\/wp-json\/wp\/v2\/pages\/510\/revisions"}],"predecessor-version":[{"id":7644,"href":"https:\/\/agora.xtec.cat\/ceipsantaeulalia-berga\/wp-json\/wp\/v2\/pages\/510\/revisions\/7644"}],"up":[{"embeddable":true,"href":"https:\/\/agora.xtec.cat\/ceipsantaeulalia-berga\/wp-json\/wp\/v2\/pages\/3494"}],"wp:attachment":[{"href":"https:\/\/agora.xtec.cat\/ceipsantaeulalia-berga\/wp-json\/wp\/v2\/media?parent=510"}],"curies":[{"name":"wp","href":"https:\/\/api.w.org\/{rel}","templated":true}]}}