{"id":485,"date":"2015-09-15T14:19:39","date_gmt":"2015-09-15T13:19:39","guid":{"rendered":"http:\/\/agora.xtec.cat\/ceipsantaeulalia-berga\/?page_id=485"},"modified":"2026-04-08T12:26:30","modified_gmt":"2026-04-08T10:26:30","slug":"circular-informativa","status":"publish","type":"page","link":"https:\/\/agora.xtec.cat\/ceipsantaeulalia-berga\/documents\/circular-informativa\/","title":{"rendered":"Documents de centre"},"content":{"rendered":"<div style=\"text-align: center;\">\n<h2 style=\"margin: 8px 0px 4px;\"><span style=\"color: #ff6600;\">Curs 2025-2026<\/span><\/h2>\n<\/div>\n<p style=\"margin: 4px 0px 8px; text-align: center;\"><strong>Si vols descarregar-te la <span style=\"color: #ff6600;\">Circular Informativa<\/span> clica<\/strong> <a href=\"https:\/\/drive.google.com\/file\/d\/182tbctieh8jHHzzF0ZDvX0d0ciGUshpi\/view?usp=sharing\" target=\"_blank\" rel=\"noopener noreferrer\">aqu\u00ed<\/a><\/p>\n<p style=\"margin: 4px 0px 8px; text-align: center;\"><span style=\"color: #000000;\"><strong>Si vols descarregar-te el <span style=\"color: #ff6600;\">Projecte Educatiu de Centre (PEC)<\/span> clica <\/strong><\/span><a href=\"https:\/\/drive.google.com\/file\/d\/1DnnLh6DTYsSffDVadr9jiQvUR39oGlvD\/view?usp=sharing\" target=\"_blank\" rel=\"noopener noreferrer\">aqu\u00ed<\/a><\/p>\n<p style=\"margin: 4px 0px 8px; text-align: center;\"><strong>Si vols descarregar-te les <span style=\"color: #ff6600;\">Normes\u00a0d&#8217; Organitzaci\u00f3\u00a0i Funcionament de Centre (<span style=\"text-decoration: underline;\">NOFC)<\/span><\/span>\u00a0clica<\/strong>\u00a0<a href=\"https:\/\/drive.google.com\/file\/d\/1Ij1g3ZTUjGGzhp4fsCXumPRqFLSjFu5N\/view?usp=sharing\" target=\"_blank\" rel=\"noopener\">aqu\u00ed<\/a><\/p>\n<p style=\"margin: 4px 0px 8px; text-align: center;\"><strong>Si vols descarregar-te el <span style=\"color: #ff6600;\">Pla de Conviv\u00e8ncia de Centre<\/span> clica<\/strong>\u00a0<a href=\"https:\/\/drive.google.com\/file\/d\/1VT3cqbKN1P7cbNtPCrf3RTP3EQj7Jjh0\/view?usp=share_link\" target=\"_blank\" rel=\"noopener noreferrer\">aqu\u00ed<\/a><\/p>\n<p style=\"text-align: center;\"><strong>Si vols descarregar-te el <span style=\"color: #ff6600;\">Projecte Ling\u00fc\u00edstic de Centre\u00a0<span style=\"color: #000000;\">clica<span style=\"color: #00ccff;\">\u00a0<\/span><\/span><\/span><\/strong><span style=\"color: #00ccff;\"><a style=\"color: #00ccff;\" href=\"https:\/\/drive.google.com\/file\/d\/1ZBtP6H__fgV8VrqYNzaIiqG81OXCsR0u\/view?usp=sharing\" target=\"_blank\" rel=\"noopener noreferrer\">aqu\u00ed<\/a><\/span><\/p>\n<p style=\"text-align: center;\"><strong>Si vols descarregar-te el <span style=\"color: #ff6600;\">Pla d&#8217;Acollida <span style=\"color: #000000;\">clica<span style=\"color: #00ccff;\">\u00a0<\/span><\/span><\/span><\/strong><span style=\"color: #00ccff;\"><a style=\"color: #00ccff;\" href=\"https:\/\/drive.google.com\/file\/d\/1MEX8JmVFqa45vtA0vVRXRS3jv8DPHMrg\/view?usp=sharing\" target=\"_blank\" rel=\"noopener noreferrer\">aqu\u00ed<\/a><\/span><\/p>\n<p style=\"text-align: center;\"><strong>Si vols descarregar-te el <span style=\"color: #ff6600;\">Pla TAC de Centre\u00a0<span style=\"color: #000000;\">clica\u00a0<\/span><\/span><\/strong><a href=\"https:\/\/drive.google.com\/file\/d\/1mRv58HB46ZNpuqxgAgp0udQOZXjoA0wj\/view?usp=sharing\" target=\"_blank\" rel=\"noopener noreferrer\"><span style=\"color: #ff6600;\"><span style=\"color: #000000;\"><span style=\"color: #33cccc;\">aqu\u00ed<\/span><\/span><\/span><\/a><\/p>\n<p style=\"text-align: center;\"><strong>Si vols descarregar-te la <span style=\"color: #ff6600;\">Carta de Comprom\u00eds Educatiu <span style=\"color: #000000;\">clica\u00a0<\/span><\/span><\/strong><a href=\"https:\/\/drive.google.com\/file\/d\/1u9i9kLj4T5LZYlYxFrUUuBcKXwzfWHrz\/view?usp=sharing\" target=\"_blank\" rel=\"noopener noreferrer\"><span style=\"color: #ff6600;\"><span style=\"color: #000000;\"><span style=\"color: #33cccc;\">aqu\u00ed<\/span><\/span><\/span><\/a><\/p>\n<p style=\"text-align: center;\"><strong>Si vols descarregar-te la <span style=\"color: #ff6600;\">Pla de Funcionament del Menjador\u00a0<span style=\"color: #000000;\">clica\u00a0<\/span><\/span><\/strong><span style=\"color: #ff6600;\"><span style=\"color: #000000;\"><a href=\"https:\/\/drive.google.com\/file\/d\/1xTERyUyv1GB7syBmTLVy8pmSYNm2D-sQ\/view?usp=sharing\" target=\"_blank\" rel=\"noopener\"><span style=\"color: #00ffff;\">aqu\u00ed<\/span><\/a><\/span><\/span><\/p>\n","protected":false},"excerpt":{"rendered":"<p>Curs 2025-2026 Si vols descarregar-te la Circular Informativa clica aqu\u00ed Si vols descarregar-te el Projecte Educatiu de Centre (PEC) clica aqu\u00ed Si vols descarregar-te les Normes\u00a0d&#8217; Organitzaci\u00f3\u00a0i Funcionament de Centre (NOFC)\u00a0clica\u00a0aqu\u00ed Si vols descarregar-te el Pla de Conviv\u00e8ncia de Centre clica\u00a0aqu\u00ed Si vols descarregar-te el Projecte Ling\u00fc\u00edstic de Centre\u00a0clica\u00a0aqu\u00ed Si vols descarregar-te el Pla d&#8217;Acollida [&hellip;]<\/p>\n","protected":false},"author":1,"featured_media":0,"parent":7625,"menu_order":6,"comment_status":"closed","ping_status":"closed","template":"","meta":{"_bbp_topic_count":0,"_bbp_reply_count":0,"_bbp_total_topic_count":0,"_bbp_total_reply_count":0,"_bbp_voice_count":0,"_bbp_anonymous_reply_count":0,"_bbp_topic_count_hidden":0,"_bbp_reply_count_hidden":0,"_bbp_forum_subforum_count":0,"site-sidebar-layout":"default","site-content-layout":"","ast-site-content-layout":"default","site-content-style":"default","site-sidebar-style":"default","ast-global-header-display":"","ast-banner-title-visibility":"","ast-main-header-display":"","ast-hfb-above-header-display":"","ast-hfb-below-header-display":"","ast-hfb-mobile-header-display":"","site-post-title":"","ast-breadcrumbs-content":"","ast-featured-img":"","footer-sml-layout":"","theme-transparent-header-meta":"","adv-header-id-meta":"","stick-header-meta":"","header-above-stick-meta":"","header-main-stick-meta":"","header-below-stick-meta":"","astra-migrate-meta-layouts":"set","ast-page-background-enabled":"default","ast-page-background-meta":{"desktop":{"background-color":"var(--ast-global-color-4)","background-image":"","background-repeat":"repeat","background-position":"center center","background-size":"auto","background-attachment":"scroll","background-type":"","background-media":"","overlay-type":"","overlay-color":"","overlay-opacity":"","overlay-gradient":""},"tablet":{"background-color":"","background-image":"","background-repeat":"repeat","background-position":"center center","background-size":"auto","background-attachment":"scroll","background-type":"","background-media":"","overlay-type":"","overlay-color":"","overlay-opacity":"","overlay-gradient":""},"mobile":{"background-color":"","background-image":"","background-repeat":"repeat","background-position":"center center","background-size":"auto","background-attachment":"scroll","background-type":"","background-media":"","overlay-type":"","overlay-color":"","overlay-opacity":"","overlay-gradient":""}},"ast-content-background-meta":{"desktop":{"background-color":"var(--ast-global-color-5)","background-image":"","background-repeat":"repeat","background-position":"center center","background-size":"auto","background-attachment":"scroll","background-type":"","background-media":"","overlay-type":"","overlay-color":"","overlay-opacity":"","overlay-gradient":""},"tablet":{"background-color":"var(--ast-global-color-5)","background-image":"","background-repeat":"repeat","background-position":"center center","background-size":"auto","background-attachment":"scroll","background-type":"","background-media":"","overlay-type":"","overlay-color":"","overlay-opacity":"","overlay-gradient":""},"mobile":{"background-color":"var(--ast-global-color-5)","background-image":"","background-repeat":"repeat","background-position":"center center","background-size":"auto","background-attachment":"scroll","background-type":"","background-media":"","overlay-type":"","overlay-color":"","overlay-opacity":"","overlay-gradient":""}},"footnotes":""},"class_list":["post-485","page","type-page","status-publish","hentry"],"post_mailing_queue_ids":[],"_links":{"self":[{"href":"https:\/\/agora.xtec.cat\/ceipsantaeulalia-berga\/wp-json\/wp\/v2\/pages\/485","targetHints":{"allow":["GET"]}}],"collection":[{"href":"https:\/\/agora.xtec.cat\/ceipsantaeulalia-berga\/wp-json\/wp\/v2\/pages"}],"about":[{"href":"https:\/\/agora.xtec.cat\/ceipsantaeulalia-berga\/wp-json\/wp\/v2\/types\/page"}],"author":[{"embeddable":true,"href":"https:\/\/agora.xtec.cat\/ceipsantaeulalia-berga\/wp-json\/wp\/v2\/users\/1"}],"replies":[{"embeddable":true,"href":"https:\/\/agora.xtec.cat\/ceipsantaeulalia-berga\/wp-json\/wp\/v2\/comments?post=485"}],"version-history":[{"count":6,"href":"https:\/\/agora.xtec.cat\/ceipsantaeulalia-berga\/wp-json\/wp\/v2\/pages\/485\/revisions"}],"predecessor-version":[{"id":7950,"href":"https:\/\/agora.xtec.cat\/ceipsantaeulalia-berga\/wp-json\/wp\/v2\/pages\/485\/revisions\/7950"}],"up":[{"embeddable":true,"href":"https:\/\/agora.xtec.cat\/ceipsantaeulalia-berga\/wp-json\/wp\/v2\/pages\/7625"}],"wp:attachment":[{"href":"https:\/\/agora.xtec.cat\/ceipsantaeulalia-berga\/wp-json\/wp\/v2\/media?parent=485"}],"curies":[{"name":"wp","href":"https:\/\/api.w.org\/{rel}","templated":true}]}}