{"id":363,"date":"2015-04-16T09:23:24","date_gmt":"2015-04-16T08:23:24","guid":{"rendered":"http:\/\/agora.xtec.cat\/ceipsantaeulalia-berga\/?page_id=363"},"modified":"2025-09-15T16:48:53","modified_gmt":"2025-09-15T14:48:53","slug":"camins-escolars","status":"publish","type":"page","link":"https:\/\/agora.xtec.cat\/ceipsantaeulalia-berga\/serveis\/camins-escolars\/","title":{"rendered":"Camins escolars"},"content":{"rendered":"<p>L&#8217;ajuntament de Berga ofereix un servei de Camins escolars amb diversos itineraris.<\/p>\n<p>Per descarregar <strong>l&#8217;itinerari del recorregut<\/strong> que segueixen els camins escolars <a href=\"https:\/\/drive.google.com\/file\/d\/1YN6AQm9dIvpnk50yf0nyvh3QmZlPR6H9\/view?usp=sharing\" target=\"_blank\" rel=\"noopener\"><em><strong>cliqueu aqu\u00ed.<\/strong><\/em><\/a><\/p>\n<p>Per descarregar el <strong>formulari d&#8217;inscripci\u00f3<\/strong> <a href=\"https:\/\/drive.google.com\/file\/d\/1K105wKwkX9PhJGVqsK7q6LiCFMB1YqET\/view?usp=sharing\" target=\"_blank\" rel=\"noopener\"><em><strong>cliqueu aqu\u00ed.<\/strong><\/em><\/a><\/p>\n<p style=\"font-weight: 400;\"><b style=\"font-family: inherit; font-size: 1em;\"><br \/>\nQu\u00e8 s\u00f3n els camins escolars?<\/b><\/p>\n<p>\u00c9s un itinerari segur, escollit entre els recorreguts que fan la majoria dels alumnes del centre, i de tra\u00e7at senzill que permet el despla\u00e7ament a peu dels nens i les nenes. Per a fer el recorregut hi ha una persona adulta que \u00e9s la responsable del grup.<\/p>\n<p><b>A qui va dirigit?<\/b><\/p>\n<p>A l&#8217;alumnat des d&#8217;Infantil 5 fins a Prim\u00e0ria 4 de l\u2019Escola Sta. Eul\u00e0lia. S\u2019ofereix el servei a l\u2019hora d\u2019entrada i de sortida de l\u2019escola (a les 9h i a les 16.30h).<\/p>\n<p style=\"font-weight: 400;\"><strong><br \/>\n<\/strong><b>Com funciona?<\/b><\/p>\n<p>S\u2019ha marcat 1 itinerari per dins de Berga, amb el seu punt de sortida i les seves parades al llarg del recorregut. La persona responsable de l\u2019itinerari ser\u00e0 la que far\u00e0 tot el trajecte sencer des del punt de sortida fins a arribar a l\u2019escola i a la inversa.<\/p>\n<p>Els alumnes que vulguin fer \u00fas d\u2019aquest servei han de despla\u00e7ar-se fins a la parada que tinguin m\u00e9s a prop i all\u00e0 s\u2019esperaran fins que passi la persona responsable que els reculli. A l\u2019hora de la tornada d\u2019escola, el \u201cbus a peu\u201d deixar\u00e0 els alumnes a la parada corresponent, igual que haur\u00e0 fet al mat\u00ed \u00a0per a recollir-los.<\/p>\n<p>Per a fer \u00fas del servei, \u00e9s necessari tenir l\u2019autoritzaci\u00f3 signada pel pare, mare o responsable legal. Cal donar l\u2019autoritzaci\u00f3 a la persona responsable del trajecte.<\/p>\n<p>L\u2019organitzaci\u00f3 es reserva el dret de retirar l\u2019\u00fas d\u2019aquest servei a aquells alumnes que no tinguin un comportament adequat.<\/p>\n<p><b><i>En el cas que al llarg del curs s\u2019hagi de suspendre temporalment el servei per causes climatol\u00f2giques o altres causes de for\u00e7a major, es penjar\u00e0 la informaci\u00f3 al web de l\u2019Ajuntament de Berga (<\/i><\/b><a href=\"http:\/\/www.ajberga.cat\/\"><b><i>www.ajberga.cat<\/i><\/b><\/a><b><i>) \u00a0i al web de l\u2019escola.<\/i><\/b><\/p>\n<p><a href=\"http:\/\/agora.xtec.cat\/ceipsantaeulalia-berga\/wp-content\/uploads\/usu104\/2015\/04\/logoajuntament.png\"><img loading=\"lazy\" decoding=\"async\" class=\"alignnone size-full wp-image-600\" src=\"http:\/\/agora.xtec.cat\/ceipsantaeulalia-berga\/wp-content\/uploads\/usu104\/2015\/04\/logoajuntament.png\" alt=\"logoajuntament\" width=\"210\" height=\"92\" \/><\/a>\u00a0 \u00a0<a href=\"http:\/\/agora.xtec.cat\/ceipsantaeulalia-berga\/wp-content\/uploads\/usu104\/2015\/04\/logo-ampaceip.png\"><img loading=\"lazy\" decoding=\"async\" class=\"alignnone wp-image-601\" src=\"http:\/\/agora.xtec.cat\/ceipsantaeulalia-berga\/wp-content\/uploads\/usu104\/2015\/04\/logo-ampaceip.png\" alt=\"logo ampaceip\" width=\"104\" height=\"104\" \/><\/a><\/p>\n","protected":false},"excerpt":{"rendered":"<p>L&#8217;ajuntament de Berga ofereix un servei de Camins escolars amb diversos itineraris. Per descarregar l&#8217;itinerari del recorregut que segueixen els camins escolars cliqueu aqu\u00ed. Per descarregar el formulari d&#8217;inscripci\u00f3 cliqueu aqu\u00ed. Qu\u00e8 s\u00f3n els camins escolars? \u00c9s un itinerari segur, escollit entre els recorreguts que fan la majoria dels alumnes del centre, i de tra\u00e7at [&hellip;]<\/p>\n","protected":false},"author":1,"featured_media":0,"parent":66,"menu_order":4,"comment_status":"closed","ping_status":"closed","template":"page-templates\/side-menu.php","meta":{"_bbp_topic_count":0,"_bbp_reply_count":0,"_bbp_total_topic_count":0,"_bbp_total_reply_count":0,"_bbp_voice_count":0,"_bbp_anonymous_reply_count":0,"_bbp_topic_count_hidden":0,"_bbp_reply_count_hidden":0,"_bbp_forum_subforum_count":0,"site-sidebar-layout":"default","site-content-layout":"","ast-site-content-layout":"","site-content-style":"default","site-sidebar-style":"default","ast-global-header-display":"","ast-banner-title-visibility":"","ast-main-header-display":"","ast-hfb-above-header-display":"","ast-hfb-below-header-display":"","ast-hfb-mobile-header-display":"","site-post-title":"","ast-breadcrumbs-content":"","ast-featured-img":"","footer-sml-layout":"","theme-transparent-header-meta":"","adv-header-id-meta":"","stick-header-meta":"","header-above-stick-meta":"","header-main-stick-meta":"","header-below-stick-meta":"","astra-migrate-meta-layouts":"default","ast-page-background-enabled":"default","ast-page-background-meta":{"desktop":{"background-color":"var(--ast-global-color-4)","background-image":"","background-repeat":"repeat","background-position":"center center","background-size":"auto","background-attachment":"scroll","background-type":"","background-media":"","overlay-type":"","overlay-color":"","overlay-opacity":"","overlay-gradient":""},"tablet":{"background-color":"","background-image":"","background-repeat":"repeat","background-position":"center center","background-size":"auto","background-attachment":"scroll","background-type":"","background-media":"","overlay-type":"","overlay-color":"","overlay-opacity":"","overlay-gradient":""},"mobile":{"background-color":"","background-image":"","background-repeat":"repeat","background-position":"center center","background-size":"auto","background-attachment":"scroll","background-type":"","background-media":"","overlay-type":"","overlay-color":"","overlay-opacity":"","overlay-gradient":""}},"ast-content-background-meta":{"desktop":{"background-color":"var(--ast-global-color-5)","background-image":"","background-repeat":"repeat","background-position":"center center","background-size":"auto","background-attachment":"scroll","background-type":"","background-media":"","overlay-type":"","overlay-color":"","overlay-opacity":"","overlay-gradient":""},"tablet":{"background-color":"var(--ast-global-color-5)","background-image":"","background-repeat":"repeat","background-position":"center center","background-size":"auto","background-attachment":"scroll","background-type":"","background-media":"","overlay-type":"","overlay-color":"","overlay-opacity":"","overlay-gradient":""},"mobile":{"background-color":"var(--ast-global-color-5)","background-image":"","background-repeat":"repeat","background-position":"center center","background-size":"auto","background-attachment":"scroll","background-type":"","background-media":"","overlay-type":"","overlay-color":"","overlay-opacity":"","overlay-gradient":""}},"footnotes":""},"class_list":["post-363","page","type-page","status-publish","hentry"],"post_mailing_queue_ids":[],"_links":{"self":[{"href":"https:\/\/agora.xtec.cat\/ceipsantaeulalia-berga\/wp-json\/wp\/v2\/pages\/363","targetHints":{"allow":["GET"]}}],"collection":[{"href":"https:\/\/agora.xtec.cat\/ceipsantaeulalia-berga\/wp-json\/wp\/v2\/pages"}],"about":[{"href":"https:\/\/agora.xtec.cat\/ceipsantaeulalia-berga\/wp-json\/wp\/v2\/types\/page"}],"author":[{"embeddable":true,"href":"https:\/\/agora.xtec.cat\/ceipsantaeulalia-berga\/wp-json\/wp\/v2\/users\/1"}],"replies":[{"embeddable":true,"href":"https:\/\/agora.xtec.cat\/ceipsantaeulalia-berga\/wp-json\/wp\/v2\/comments?post=363"}],"version-history":[{"count":4,"href":"https:\/\/agora.xtec.cat\/ceipsantaeulalia-berga\/wp-json\/wp\/v2\/pages\/363\/revisions"}],"predecessor-version":[{"id":7398,"href":"https:\/\/agora.xtec.cat\/ceipsantaeulalia-berga\/wp-json\/wp\/v2\/pages\/363\/revisions\/7398"}],"up":[{"embeddable":true,"href":"https:\/\/agora.xtec.cat\/ceipsantaeulalia-berga\/wp-json\/wp\/v2\/pages\/66"}],"wp:attachment":[{"href":"https:\/\/agora.xtec.cat\/ceipsantaeulalia-berga\/wp-json\/wp\/v2\/media?parent=363"}],"curies":[{"name":"wp","href":"https:\/\/api.w.org\/{rel}","templated":true}]}}