{"id":28,"date":"2014-09-18T12:29:35","date_gmt":"2014-09-18T12:29:35","guid":{"rendered":"http:\/\/agora.xtec.cat\/ceipsantaeulalia-berga\/\/?page_id=28"},"modified":"2026-04-08T12:11:39","modified_gmt":"2026-04-08T10:11:39","slug":"consell-escolar","status":"publish","type":"page","link":"https:\/\/agora.xtec.cat\/ceipsantaeulalia-berga\/lescola\/consell-escolar\/","title":{"rendered":"Consell escolar"},"content":{"rendered":"<table style=\"border-color: #000000;\">\n<tbody>\n<tr>\n<td style=\"border-color: #000000; text-align: center; background-color: #e8e8e8;\">\n<h4 style=\"text-align: left;\"><span style=\"color: #000000;\"><strong>Atribucions<\/strong><\/span><\/h4>\n<\/td>\n<td style=\"border-color: #000000; text-align: center; background-color: #e8e8e8;\">\n<h4 style=\"text-align: left;\"><span style=\"color: #000000;\"><strong>\u00a0Composici\u00f3<\/strong><\/span><\/h4>\n<\/td>\n<\/tr>\n<tr>\n<td style=\"border-color: #000000; text-align: left; background-color: #f7f7f7;\">a) Aprovar el projecte educatiu i les modificacions corresponents per una majoria de tres\u00a0cinquenes parts dels membres.<\/p>\n<p style=\"text-align: left;\">b) Aprovar la programaci\u00f3 general anual del centre i avaluar-ne el desenvolupament i els\u00a0resultats.<\/p>\n<p style=\"text-align: left;\">c )Aprovar les propostes d&#8217;acords de corresponsabilitat, convenis i altres acords de\u00a0col\u00b7laboraci\u00f3 del centre amb entitats o institucions.<\/p>\n<p style=\"text-align: left;\">d) Aprovar les normes d&#8217;organitzaci\u00f3 i funcionament i les modificacions corresponents.<\/p>\n<p style=\"text-align: left;\">e) Aprovar la carta de comprom\u00eds educatiu.<\/p>\n<p style=\"text-align: left;\">f) Aprovar el pressupost del centre i el rendiment de comptes.<\/p>\n<p style=\"text-align: left;\">g) Intervenir en el procediment d&#8217;admissi\u00f3 d&#8217;alumnes.<\/p>\n<p style=\"text-align: left;\">h) Participar en el procediment de selecci\u00f3 i en la proposta de cessament del director o\u00a0directora.<\/p>\n<p style=\"text-align: left;\">i) Intervenir en la resoluci\u00f3 dels conflictes i, si escau, revisar les sancions als alumnes.<\/p>\n<p>j) Aprovar les directrius per a la programaci\u00f3 d&#8217;activitats escolars complement\u00e0ries i\u00a0d&#8217;activitats extraescolars, i avaluar-ne el desenvolupament.<\/p>\n<p>k) Participar en les an\u00e0lisis i les avaluacions del funcionament general del centre i con\u00e8ixer\u00a0l&#8217;evoluci\u00f3 del rendiment escolar.<\/p>\n<p>l) Aprovar els criteris de col\u00b7laboraci\u00f3 amb altres centres i amb l&#8217;entorn.<\/p>\n<p>m) Qualsevol altra que li sigui atribu\u00efda per les normes legals o reglament\u00e0ries.<\/td>\n<td style=\"border-color: #000000; text-align: left; background-color: #f7f7f7;\"><strong>&#8211; Representants de les fam\u00edlies:<\/strong><\/p>\n<ul>\n<li>Anna Pujol Reig<\/li>\n<li>Jordi Lemonche Ramos<\/li>\n<li>Viridiana Costa Gutierrez<\/li>\n<li>Ramon Clemente Guitart<\/li>\n<li>Aurora Canals Bover<\/li>\n<\/ul>\n<p><strong>&#8211; Representant de l&#8217;AFA:<\/strong><\/p>\n<ul>\n<li>Montserrat Ball\u00fas N\u00fa\u00f1ez<\/li>\n<\/ul>\n<p><strong>&#8211; Representants dels mestres:<\/strong><\/p>\n<ul>\n<li>Rosa Esc\u00e1nez i S\u00e1nchez<\/li>\n<li>M\u00f2nica S\u00e1nchez Miralles<\/li>\n<li>Judit Corral Domingo<\/li>\n<li>Judit Corominas Codina<\/li>\n<li>S\u00edlvia Casas Rego<\/li>\n<li>S\u00f2nia Cu\u00e9llar i Dolcet<\/li>\n<\/ul>\n<p><strong>&#8211; Representant de l&#8217;Ajuntament:<\/strong><\/p>\n<ul>\n<li>Rosa Rodr\u00edguez Mal\u00e9<\/li>\n<\/ul>\n<p><strong>&#8211; Representant del personal d&#8217;administraci\u00f3 i serveis (PAS):<\/strong><\/p>\n<ul>\n<li><\/li>\n<\/ul>\n<p><strong>&#8211; Representant del personal d&#8217;administraci\u00f3 educativa (PAE):<\/strong><\/p>\n<ul>\n<li>Alba Ramos del Rey<\/li>\n<\/ul>\n<p><strong>&#8211; Equip directiu:<\/strong><\/p>\n<ul>\n<li>Christian Garcia Valls (Director)<\/li>\n<li>Judit Busquets i S\u00e1nchez (Cap d&#8217;estudis)<\/li>\n<li>Laura Zumel Frechina (Secret\u00e0ria)<\/li>\n<\/ul>\n<\/td>\n<\/tr>\n<\/tbody>\n<\/table>\n","protected":false},"excerpt":{"rendered":"<p>Atribucions \u00a0Composici\u00f3 a) Aprovar el projecte educatiu i les modificacions corresponents per una majoria de tres\u00a0cinquenes parts dels membres. b) Aprovar la programaci\u00f3 general anual del centre i avaluar-ne el desenvolupament i els\u00a0resultats. c )Aprovar les propostes d&#8217;acords de corresponsabilitat, convenis i altres acords de\u00a0col\u00b7laboraci\u00f3 del centre amb entitats o institucions. d) Aprovar les normes [&hellip;]<\/p>\n","protected":false},"author":2,"featured_media":0,"parent":22,"menu_order":4,"comment_status":"closed","ping_status":"closed","template":"","meta":{"_bbp_topic_count":0,"_bbp_reply_count":0,"_bbp_total_topic_count":0,"_bbp_total_reply_count":0,"_bbp_voice_count":0,"_bbp_anonymous_reply_count":0,"_bbp_topic_count_hidden":0,"_bbp_reply_count_hidden":0,"_bbp_forum_subforum_count":0,"site-sidebar-layout":"default","site-content-layout":"","ast-site-content-layout":"default","site-content-style":"default","site-sidebar-style":"default","ast-global-header-display":"","ast-banner-title-visibility":"","ast-main-header-display":"","ast-hfb-above-header-display":"","ast-hfb-below-header-display":"","ast-hfb-mobile-header-display":"","site-post-title":"","ast-breadcrumbs-content":"","ast-featured-img":"","footer-sml-layout":"","theme-transparent-header-meta":"","adv-header-id-meta":"","stick-header-meta":"","header-above-stick-meta":"","header-main-stick-meta":"","header-below-stick-meta":"","astra-migrate-meta-layouts":"set","ast-page-background-enabled":"default","ast-page-background-meta":{"desktop":{"background-color":"var(--ast-global-color-4)","background-image":"","background-repeat":"repeat","background-position":"center center","background-size":"auto","background-attachment":"scroll","background-type":"","background-media":"","overlay-type":"","overlay-color":"","overlay-opacity":"","overlay-gradient":""},"tablet":{"background-color":"","background-image":"","background-repeat":"repeat","background-position":"center center","background-size":"auto","background-attachment":"scroll","background-type":"","background-media":"","overlay-type":"","overlay-color":"","overlay-opacity":"","overlay-gradient":""},"mobile":{"background-color":"","background-image":"","background-repeat":"repeat","background-position":"center center","background-size":"auto","background-attachment":"scroll","background-type":"","background-media":"","overlay-type":"","overlay-color":"","overlay-opacity":"","overlay-gradient":""}},"ast-content-background-meta":{"desktop":{"background-color":"var(--ast-global-color-5)","background-image":"","background-repeat":"repeat","background-position":"center center","background-size":"auto","background-attachment":"scroll","background-type":"","background-media":"","overlay-type":"","overlay-color":"","overlay-opacity":"","overlay-gradient":""},"tablet":{"background-color":"var(--ast-global-color-5)","background-image":"","background-repeat":"repeat","background-position":"center center","background-size":"auto","background-attachment":"scroll","background-type":"","background-media":"","overlay-type":"","overlay-color":"","overlay-opacity":"","overlay-gradient":""},"mobile":{"background-color":"var(--ast-global-color-5)","background-image":"","background-repeat":"repeat","background-position":"center center","background-size":"auto","background-attachment":"scroll","background-type":"","background-media":"","overlay-type":"","overlay-color":"","overlay-opacity":"","overlay-gradient":""}},"footnotes":""},"class_list":["post-28","page","type-page","status-publish","hentry"],"post_mailing_queue_ids":[],"_links":{"self":[{"href":"https:\/\/agora.xtec.cat\/ceipsantaeulalia-berga\/wp-json\/wp\/v2\/pages\/28","targetHints":{"allow":["GET"]}}],"collection":[{"href":"https:\/\/agora.xtec.cat\/ceipsantaeulalia-berga\/wp-json\/wp\/v2\/pages"}],"about":[{"href":"https:\/\/agora.xtec.cat\/ceipsantaeulalia-berga\/wp-json\/wp\/v2\/types\/page"}],"author":[{"embeddable":true,"href":"https:\/\/agora.xtec.cat\/ceipsantaeulalia-berga\/wp-json\/wp\/v2\/users\/2"}],"replies":[{"embeddable":true,"href":"https:\/\/agora.xtec.cat\/ceipsantaeulalia-berga\/wp-json\/wp\/v2\/comments?post=28"}],"version-history":[{"count":6,"href":"https:\/\/agora.xtec.cat\/ceipsantaeulalia-berga\/wp-json\/wp\/v2\/pages\/28\/revisions"}],"predecessor-version":[{"id":7948,"href":"https:\/\/agora.xtec.cat\/ceipsantaeulalia-berga\/wp-json\/wp\/v2\/pages\/28\/revisions\/7948"}],"up":[{"embeddable":true,"href":"https:\/\/agora.xtec.cat\/ceipsantaeulalia-berga\/wp-json\/wp\/v2\/pages\/22"}],"wp:attachment":[{"href":"https:\/\/agora.xtec.cat\/ceipsantaeulalia-berga\/wp-json\/wp\/v2\/media?parent=28"}],"curies":[{"name":"wp","href":"https:\/\/api.w.org\/{rel}","templated":true}]}}