{"id":1281,"date":"2016-03-11T11:24:12","date_gmt":"2016-03-11T10:24:12","guid":{"rendered":"http:\/\/agora.xtec.cat\/ceipsantaeulalia-berga\/?page_id=1281"},"modified":"2026-01-04T15:08:13","modified_gmt":"2026-01-04T14:08:13","slug":"salut","status":"publish","type":"page","link":"https:\/\/agora.xtec.cat\/ceipsantaeulalia-berga\/documents\/salut\/","title":{"rendered":"Salut i altres"},"content":{"rendered":"<h5 style=\"text-align: justify;\"><strong>Medicaments<\/strong><\/h5>\n<p style=\"text-align: justify;\">A l&#8217;escola i al menjador <strong>NO<\/strong>\u00a0s&#8217;administrar\u00e0 cap medicament. Per poder administrar-lo cal que vagi acompanyat del corresponent justificant i recepta m\u00e8dica i l&#8217;autoritzaci\u00f3 de les fam\u00edlies als mestres i personal del centre a administrar el\u00a0medicament.<\/p>\n<p style=\"text-align: justify;\"><em>Per descarregar l&#8217;autoritzaci\u00f3 cliqueu<\/em> <span style=\"color: #00ccff;\"><a style=\"color: #00ccff;\" href=\"https:\/\/drive.google.com\/file\/d\/1Gm9Al_rWRM9MlP2WLC0RS8xlzIzVoVkK\/view?usp=sharing\" target=\"_blank\" rel=\"noopener noreferrer\">aqu\u00ed<\/a>.<\/span><\/p>\n<p style=\"text-align: justify;\">Per descarregar l&#8217;autoritzaci\u00f3 per a l&#8217;administraci\u00f3 de paracetamol (nom\u00e9s s&#8217;administrar\u00e0 en cas que l&#8217;alumne superi els 38\u00ba i no s&#8217;aconsegueixi localitzar a la fam\u00edlia) cliqueu <span style=\"color: #008080;\"><a style=\"color: #008080;\" href=\"https:\/\/drive.google.com\/file\/d\/1Jp6ZQEwQZaOvdhEsLdB4rTaqQpboHBB8\/view?usp=sharing\" target=\"_blank\" rel=\"noopener noreferrer\"><span style=\"color: #33cccc;\">aqu\u00ed<\/span>.<\/a><\/span><\/p>\n<p style=\"text-align: justify;\">Es recorda a les fam\u00edlies la possibilitat d&#8217;administrar el medicament fora de l&#8217;horari lectiu, sempre i quan la dosi hor\u00e0ria ho permeti, o b\u00e9, que sigui el mateix pare\/mare\/tutor\/a legal de l&#8217;alumne\/a qui vingui al centre a administrar-ho al seu fill\/a.<\/p>\n<h5 style=\"text-align: justify;\"><strong>Al\u00b7l\u00e8rgies i intoler\u00e0ncies<\/strong><\/h5>\n<p style=\"text-align: justify;\">Si algun\/a alumne\/a presenta algun tipus d&#8217;intoler\u00e0ncia i\/o al\u00b7l\u00e8rgia \u00e9s responsabilitat de les fam\u00edlies comunicar-ho al centre, aix\u00ed com tamb\u00e9, entregar una c\u00f2pia del\u00a0justificant m\u00e8dic pertinent.<\/p>\n<p style=\"text-align: justify;\"><em>Per descarregar les autoritzacions pertinents cliqueu els seg\u00fcents enlla\u00e7os<\/em>:<\/p>\n<p style=\"text-align: justify;\"><span style=\"color: #008080;\"><a href=\"https:\/\/drive.google.com\/file\/d\/1xYzVFCxktdbqyRjeXHaf69ngqwcvnbM8\/view?usp=sharing\"><strong><span style=\"color: #33cccc;\">Aqu\u00ed<\/span><\/strong><\/a> <span style=\"color: #000000;\">(administraci\u00f3 medicaments)<\/span><\/span>.<\/p>\n<p style=\"text-align: justify;\"><strong><span style=\"color: #33cccc;\"><a style=\"color: #33cccc;\" href=\"https:\/\/drive.google.com\/file\/d\/1eOYgy5DxE_LcfxbyKHX0VwlhbzIqCkfD\/view?usp=sharing\">Aqu\u00ed<\/a><\/span><\/strong> (comunicat fam\u00edlia)<\/p>\n<p style=\"text-align: justify;\"><strong><span style=\"color: #33cccc;\"><a style=\"color: #33cccc;\" href=\"https:\/\/drive.google.com\/file\/d\/1vf10nj7raeWVJFaaX3sl948UDy9R7EKb\/view?usp=sharing\">Aqu\u00ed<\/a><\/span><\/strong> (informe m\u00e8dic)<\/p>\n<h5 style=\"text-align: justify;\"><strong>Tractaments pediculicides (polls)<\/strong><\/h5>\n<p style=\"text-align: justify;\">Cal que, des de casa, reviseu el cap dels vostres fills\/es peri\u00f2dicament. En cas que trobeu polls, cal avisar immediatament al centre i deixar el nen\/a a casa fent el tractament per tal d&#8217;evitar contagis.<\/p>\n<p style=\"text-align: justify;\">Quan\u00a0ja hi hagi el cap net d&#8217;infecci\u00f3, l&#8217;alumne\/a pot tornar al centre.<\/p>\n<p style=\"text-align: justify;\">Si, des de l&#8217;escola, detectem algun cas de polls, avisarem a la fam\u00edlia. En cas que no es porti a terme cap tractament per a la desinfecci\u00f3, l&#8217;alumne\/a no podr\u00e0 romandre a l&#8217;escola.<\/p>\n<h4><strong>AUTORITZACI\u00d3 SORTIDA MENORS<\/strong><\/h4>\n<p>Quan un\/a alumne\/a ha de sortir de l&#8217;escola acompanyat d&#8217;un\/a menor d&#8217;edat cal que ompli el seg\u00fcent document, el signi i el lliuri al tutor\/a. El trobareu clicant <a href=\"https:\/\/drive.google.com\/file\/d\/1OXpyDUbWUzDgI9K-DRlF6fzwmp_3SS-M\/view?usp=sharing\" target=\"_blank\" rel=\"noopener noreferrer\"><span style=\"color: #33cccc;\"><strong>aqu\u00ed<\/strong><\/span><\/a>.<\/p>\n","protected":false},"excerpt":{"rendered":"<p>Medicaments A l&#8217;escola i al menjador NO\u00a0s&#8217;administrar\u00e0 cap medicament. Per poder administrar-lo cal que vagi acompanyat del corresponent justificant i recepta m\u00e8dica i l&#8217;autoritzaci\u00f3 de les fam\u00edlies als mestres i personal del centre a administrar el\u00a0medicament. Per descarregar l&#8217;autoritzaci\u00f3 cliqueu aqu\u00ed. Per descarregar l&#8217;autoritzaci\u00f3 per a l&#8217;administraci\u00f3 de paracetamol (nom\u00e9s s&#8217;administrar\u00e0 en cas que l&#8217;alumne [&hellip;]<\/p>\n","protected":false},"author":1,"featured_media":0,"parent":7625,"menu_order":9,"comment_status":"closed","ping_status":"closed","template":"","meta":{"_bbp_topic_count":0,"_bbp_reply_count":0,"_bbp_total_topic_count":0,"_bbp_total_reply_count":0,"_bbp_voice_count":0,"_bbp_anonymous_reply_count":0,"_bbp_topic_count_hidden":0,"_bbp_reply_count_hidden":0,"_bbp_forum_subforum_count":0,"site-sidebar-layout":"default","site-content-layout":"","ast-site-content-layout":"default","site-content-style":"default","site-sidebar-style":"default","ast-global-header-display":"","ast-banner-title-visibility":"","ast-main-header-display":"","ast-hfb-above-header-display":"","ast-hfb-below-header-display":"","ast-hfb-mobile-header-display":"","site-post-title":"","ast-breadcrumbs-content":"","ast-featured-img":"","footer-sml-layout":"","theme-transparent-header-meta":"","adv-header-id-meta":"","stick-header-meta":"","header-above-stick-meta":"","header-main-stick-meta":"","header-below-stick-meta":"","astra-migrate-meta-layouts":"set","ast-page-background-enabled":"default","ast-page-background-meta":{"desktop":{"background-color":"var(--ast-global-color-4)","background-image":"","background-repeat":"repeat","background-position":"center center","background-size":"auto","background-attachment":"scroll","background-type":"","background-media":"","overlay-type":"","overlay-color":"","overlay-opacity":"","overlay-gradient":""},"tablet":{"background-color":"","background-image":"","background-repeat":"repeat","background-position":"center center","background-size":"auto","background-attachment":"scroll","background-type":"","background-media":"","overlay-type":"","overlay-color":"","overlay-opacity":"","overlay-gradient":""},"mobile":{"background-color":"","background-image":"","background-repeat":"repeat","background-position":"center center","background-size":"auto","background-attachment":"scroll","background-type":"","background-media":"","overlay-type":"","overlay-color":"","overlay-opacity":"","overlay-gradient":""}},"ast-content-background-meta":{"desktop":{"background-color":"var(--ast-global-color-5)","background-image":"","background-repeat":"repeat","background-position":"center center","background-size":"auto","background-attachment":"scroll","background-type":"","background-media":"","overlay-type":"","overlay-color":"","overlay-opacity":"","overlay-gradient":""},"tablet":{"background-color":"var(--ast-global-color-5)","background-image":"","background-repeat":"repeat","background-position":"center center","background-size":"auto","background-attachment":"scroll","background-type":"","background-media":"","overlay-type":"","overlay-color":"","overlay-opacity":"","overlay-gradient":""},"mobile":{"background-color":"var(--ast-global-color-5)","background-image":"","background-repeat":"repeat","background-position":"center center","background-size":"auto","background-attachment":"scroll","background-type":"","background-media":"","overlay-type":"","overlay-color":"","overlay-opacity":"","overlay-gradient":""}},"footnotes":""},"class_list":["post-1281","page","type-page","status-publish","hentry"],"post_mailing_queue_ids":[],"_links":{"self":[{"href":"https:\/\/agora.xtec.cat\/ceipsantaeulalia-berga\/wp-json\/wp\/v2\/pages\/1281","targetHints":{"allow":["GET"]}}],"collection":[{"href":"https:\/\/agora.xtec.cat\/ceipsantaeulalia-berga\/wp-json\/wp\/v2\/pages"}],"about":[{"href":"https:\/\/agora.xtec.cat\/ceipsantaeulalia-berga\/wp-json\/wp\/v2\/types\/page"}],"author":[{"embeddable":true,"href":"https:\/\/agora.xtec.cat\/ceipsantaeulalia-berga\/wp-json\/wp\/v2\/users\/1"}],"replies":[{"embeddable":true,"href":"https:\/\/agora.xtec.cat\/ceipsantaeulalia-berga\/wp-json\/wp\/v2\/comments?post=1281"}],"version-history":[{"count":4,"href":"https:\/\/agora.xtec.cat\/ceipsantaeulalia-berga\/wp-json\/wp\/v2\/pages\/1281\/revisions"}],"predecessor-version":[{"id":7629,"href":"https:\/\/agora.xtec.cat\/ceipsantaeulalia-berga\/wp-json\/wp\/v2\/pages\/1281\/revisions\/7629"}],"up":[{"embeddable":true,"href":"https:\/\/agora.xtec.cat\/ceipsantaeulalia-berga\/wp-json\/wp\/v2\/pages\/7625"}],"wp:attachment":[{"href":"https:\/\/agora.xtec.cat\/ceipsantaeulalia-berga\/wp-json\/wp\/v2\/media?parent=1281"}],"curies":[{"name":"wp","href":"https:\/\/api.w.org\/{rel}","templated":true}]}}