{"id":693,"date":"2025-09-08T19:00:20","date_gmt":"2025-09-08T17:00:20","guid":{"rendered":"http:\/\/agora.xtec.cat\/ceipsantacreudecalafell\/?page_id=693"},"modified":"2026-01-09T16:04:09","modified_gmt":"2026-01-09T15:04:09","slug":"servei-menjador-escolar","status":"publish","type":"page","link":"https:\/\/agora.xtec.cat\/ceipsantacreudecalafell\/lescola\/servei-menjador-escolar\/","title":{"rendered":"Servei Menjador Escolar"},"content":{"rendered":"<p>Voleu descobrir com es treballa al nostre Menjador escolar?<\/p>\n<p>Us fem arribar diferents documents informatius sobre el servei de menjador:<\/p>\n<p>Pla de funcionament del menjador: <a href=\"https:\/\/agora.xtec.cat\/ceipsantacreudecalafell\/wp-content\/uploads\/usu1567\/2025\/04\/Pla-de-funcionament-de-menjador-Santa-Creu-de-Calafell.pdf\">Pla de funcionament de menjador Santa Creu de Calafell<\/a><\/p>\n<p>CARTA PRESENTACI\u00d3 I INSCRIPCIONS: 195 &#8211; CARTA PRESENTACI\u00d3 INSCRIPCIONS NOVES CC BAIX PENEDES<\/p>\n<p>CARTA DE PREUS: Informaci\u00f3 sobre preus i funcionament de la gesti\u00f3 de pagaments. 195-CARTA_PREUS<\/p>\n<p>PROCEDIMENT INSCRIPCIONS WEB I SIGNATURA DIGITAL: Instruccions per fer la inscripci\u00f3 web. PROCEDIMENT INSCRIPCI\u00d3 I SIGNATURA DIGITAL_Servei de menjador<\/p>\n<p>Recordeu important:<\/p>\n<p>Totes les gestions i consultes es realitzaran mitjan\u00e7ant, trucades telef\u00f2niques, missatges (SMS, WhatsApp) o via e-mail.<\/p>\n<p><strong>Informaci\u00f3 de la coordinadora:<\/strong><\/p>\n<p><strong>Tel\u00e8fon: <\/strong>610 178 221<br \/>\n<strong>E-mail: <\/strong>menjador.santacreu195@gmail.com<\/p>\n<p><span style=\"color: #0000ff;\">MEN\u00daS DEL PRIMER TRIMESTRE:<\/span><\/p>\n<p><span style=\"font-family: inherit; font-size: 1em;\">Aqu\u00ed teniu la <\/span><strong style=\"font-family: inherit; font-size: 1em;\">Revista 7 i tria amb els men\u00fas del 1r Trimestre.\u00a0<\/strong><\/p>\n<p><a href=\"https:\/\/agora.xtec.cat\/ceipsantacreudecalafell\/wp-content\/uploads\/usu1567\/2024\/09\/REVISTA_QUADRIMESTRAL_BASE_ESCOLES_PDJ_B.pdf\">REVISTA_QUADRIMESTRAL_BASE_ESCOLES_PDJ_B<\/a><\/p>\n<p><span style=\"color: #0000ff;\">MEN\u00daS DEL SEGON TRIMESTRE:<\/span><\/p>\n<p><strong>Aqu\u00ed teniu la Revista 7 i tria amb els men\u00fas del 2n Trimestre.\u00a0<\/strong><\/p>\n<p><a href=\"https:\/\/agora.xtec.cat\/ceipsantacreudecalafell\/wp-content\/uploads\/usu1567\/2026\/01\/REVISTA_BASE_ESCOLES_PDJ_B_SEGON_TRIMESTRE.pdf\">REVISTA_BASE_ESCOLES_PDJ_B_SEGON_TRIMESTRE<\/a><\/p>\n<p><span style=\"color: #0000ff;\">MEN\u00daS DEL TERCER TRIMESTRE:<\/span><\/p>\n<p><strong>Aqu\u00ed teniu la Revista 7 i tria amb els men\u00fas del 3r Trimestre. (Per concretar)<\/strong><\/p>\n","protected":false},"excerpt":{"rendered":"<p>Voleu descobrir com es treballa al nostre Menjador escolar? Us fem arribar diferents documents informatius sobre el servei de menjador: Pla de funcionament del menjador: Pla de funcionament de menjador Santa Creu de Calafell CARTA PRESENTACI\u00d3 I INSCRIPCIONS: 195 &#8211; CARTA PRESENTACI\u00d3 INSCRIPCIONS NOVES CC BAIX PENEDES CARTA DE PREUS: Informaci\u00f3 sobre preus i funcionament [&hellip;]<\/p>\n","protected":false},"author":1,"featured_media":0,"parent":22,"menu_order":60,"comment_status":"closed","ping_status":"closed","template":"page-templates\/side-menu.php","meta":{"_bbp_topic_count":0,"_bbp_reply_count":0,"_bbp_total_topic_count":0,"_bbp_total_reply_count":0,"_bbp_voice_count":0,"_bbp_anonymous_reply_count":0,"_bbp_topic_count_hidden":0,"_bbp_reply_count_hidden":0,"_bbp_forum_subforum_count":0,"site-sidebar-layout":"default","site-content-layout":"","ast-site-content-layout":"","site-content-style":"default","site-sidebar-style":"default","ast-global-header-display":"","ast-banner-title-visibility":"","ast-main-header-display":"","ast-hfb-above-header-display":"","ast-hfb-below-header-display":"","ast-hfb-mobile-header-display":"","site-post-title":"","ast-breadcrumbs-content":"","ast-featured-img":"","footer-sml-layout":"","theme-transparent-header-meta":"","adv-header-id-meta":"","stick-header-meta":"","header-above-stick-meta":"","header-main-stick-meta":"","header-below-stick-meta":"","astra-migrate-meta-layouts":"default","ast-page-background-enabled":"default","ast-page-background-meta":{"desktop":{"background-color":"var(--ast-global-color-4)","background-image":"","background-repeat":"repeat","background-position":"center center","background-size":"auto","background-attachment":"scroll","background-type":"","background-media":"","overlay-type":"","overlay-color":"","overlay-opacity":"","overlay-gradient":""},"tablet":{"background-color":"","background-image":"","background-repeat":"repeat","background-position":"center center","background-size":"auto","background-attachment":"scroll","background-type":"","background-media":"","overlay-type":"","overlay-color":"","overlay-opacity":"","overlay-gradient":""},"mobile":{"background-color":"","background-image":"","background-repeat":"repeat","background-position":"center center","background-size":"auto","background-attachment":"scroll","background-type":"","background-media":"","overlay-type":"","overlay-color":"","overlay-opacity":"","overlay-gradient":""}},"ast-content-background-meta":{"desktop":{"background-color":"var(--ast-global-color-5)","background-image":"","background-repeat":"repeat","background-position":"center center","background-size":"auto","background-attachment":"scroll","background-type":"","background-media":"","overlay-type":"","overlay-color":"","overlay-opacity":"","overlay-gradient":""},"tablet":{"background-color":"var(--ast-global-color-5)","background-image":"","background-repeat":"repeat","background-position":"center center","background-size":"auto","background-attachment":"scroll","background-type":"","background-media":"","overlay-type":"","overlay-color":"","overlay-opacity":"","overlay-gradient":""},"mobile":{"background-color":"var(--ast-global-color-5)","background-image":"","background-repeat":"repeat","background-position":"center center","background-size":"auto","background-attachment":"scroll","background-type":"","background-media":"","overlay-type":"","overlay-color":"","overlay-opacity":"","overlay-gradient":""}},"footnotes":""},"class_list":["post-693","page","type-page","status-publish","hentry"],"post_mailing_queue_ids":[],"_links":{"self":[{"href":"https:\/\/agora.xtec.cat\/ceipsantacreudecalafell\/wp-json\/wp\/v2\/pages\/693","targetHints":{"allow":["GET"]}}],"collection":[{"href":"https:\/\/agora.xtec.cat\/ceipsantacreudecalafell\/wp-json\/wp\/v2\/pages"}],"about":[{"href":"https:\/\/agora.xtec.cat\/ceipsantacreudecalafell\/wp-json\/wp\/v2\/types\/page"}],"author":[{"embeddable":true,"href":"https:\/\/agora.xtec.cat\/ceipsantacreudecalafell\/wp-json\/wp\/v2\/users\/1"}],"replies":[{"embeddable":true,"href":"https:\/\/agora.xtec.cat\/ceipsantacreudecalafell\/wp-json\/wp\/v2\/comments?post=693"}],"version-history":[{"count":7,"href":"https:\/\/agora.xtec.cat\/ceipsantacreudecalafell\/wp-json\/wp\/v2\/pages\/693\/revisions"}],"predecessor-version":[{"id":4484,"href":"https:\/\/agora.xtec.cat\/ceipsantacreudecalafell\/wp-json\/wp\/v2\/pages\/693\/revisions\/4484"}],"up":[{"embeddable":true,"href":"https:\/\/agora.xtec.cat\/ceipsantacreudecalafell\/wp-json\/wp\/v2\/pages\/22"}],"wp:attachment":[{"href":"https:\/\/agora.xtec.cat\/ceipsantacreudecalafell\/wp-json\/wp\/v2\/media?parent=693"}],"curies":[{"name":"wp","href":"https:\/\/api.w.org\/{rel}","templated":true}]}}