{"id":504,"date":"2025-12-02T15:45:48","date_gmt":"2025-12-02T14:45:48","guid":{"rendered":"http:\/\/agora.xtec.cat\/ceipsantacreudecalafell\/?page_id=504"},"modified":"2026-04-23T15:58:33","modified_gmt":"2026-04-23T13:58:33","slug":"composicio-consell-escolar","status":"publish","type":"page","link":"https:\/\/agora.xtec.cat\/ceipsantacreudecalafell\/personal\/composicio-consell-escolar\/","title":{"rendered":"Consell escolar"},"content":{"rendered":"<table style=\"height: 748px; background-color: #8ecae6;\" border=\"0\" width=\"700\" cellspacing=\"0\" cellpadding=\"0\">\n<tbody>\n<tr>\n<td valign=\"top\"><b><span style=\"font-family: verdana,sans-serif; font-size: small;\">Presidenta (Directora)<\/span><\/b><\/td>\n<td valign=\"top\"><span style=\"font-family: verdana,sans-serif; font-size: small;\">M\u00edriam Abenia Chavarria<\/span><\/td>\n<\/tr>\n<tr>\n<td valign=\"top\"><b><span style=\"font-family: verdana,sans-serif; font-size: small;\">Cap d\u2019Estudis<\/span><\/b><\/td>\n<td valign=\"top\"><span style=\"font-family: verdana,sans-serif; font-size: small;\">Bego\u00f1a Gald\u00f3n Sanz<\/span><\/td>\n<\/tr>\n<tr>\n<td valign=\"top\"><b><span style=\"font-family: verdana,sans-serif; font-size: small;\">Secret\u00e0ria<\/span><\/b><\/td>\n<td valign=\"top\"><span style=\"font-weight: 400;\">V\u00edctor Paz Ram\u00edrez<\/span><\/td>\n<\/tr>\n<tr>\n<td valign=\"top\"><b><span style=\"font-family: verdana,sans-serif; font-size: small;\">Representant sector professors<\/span><\/b><\/td>\n<td valign=\"top\"><span style=\"font-weight: 400;\">N\u00faria Pi\u00f1ol<\/span><\/td>\n<\/tr>\n<tr>\n<td valign=\"top\"><b><span style=\"font-family: verdana,sans-serif; font-size: small;\">Representant sector professors<\/span><\/b><\/td>\n<td valign=\"top\"><span style=\"font-weight: 400;\">M Jos\u00e9 Llebaria<\/span><\/td>\n<\/tr>\n<tr>\n<td valign=\"top\"><b><span style=\"font-family: verdana,sans-serif; font-size: small;\">Representant sector professors<\/span><\/b><\/td>\n<td valign=\"top\"><span style=\"font-family: verdana,sans-serif; font-size: small;\"><span style=\"font-weight: 400;\">Miquel Oms<\/span><\/span><\/td>\n<\/tr>\n<tr>\n<td valign=\"top\"><b><span style=\"font-family: verdana,sans-serif; font-size: small;\">Representant sector professors<\/span><\/b><\/td>\n<td valign=\"top\">Esther Puerto<\/td>\n<\/tr>\n<tr>\n<td valign=\"top\"><b><span style=\"font-family: verdana,sans-serif; font-size: small;\">Representant sector professors<\/span><\/b><\/td>\n<td valign=\"top\"><span style=\"font-family: verdana,sans-serif; font-size: small;\">Judith Riambau<\/span><\/td>\n<\/tr>\n<tr>\n<td valign=\"top\"><b><span style=\"font-family: verdana,sans-serif; font-size: small;\">Representant sector professors<\/span><\/b><\/td>\n<td valign=\"top\"><span style=\"font-family: verdana,sans-serif; font-size: small;\">Lidia Vi\u00f1es<\/span><\/td>\n<\/tr>\n<tr>\n<td valign=\"top\"><b><span style=\"font-family: verdana,sans-serif; font-size: small;\">Representant sector pares d\u2019alumnes<\/span><\/b><\/td>\n<td><span style=\"font-family: verdana,sans-serif; font-size: small;\"><span style=\"font-weight: 400;\">Fran Fuentes<\/span><\/span><\/td>\n<\/tr>\n<tr>\n<td valign=\"top\"><b><span style=\"font-family: verdana,sans-serif; font-size: small;\">Representant sector pares d\u2019alumnes<\/span><\/b><\/td>\n<td><span style=\"font-weight: 400;\">Laura Bejarano<\/span><\/td>\n<\/tr>\n<tr>\n<td valign=\"top\"><b><span style=\"font-family: verdana,sans-serif; font-size: small;\">Representant sector pares d\u2019alumnes<\/span><\/b><\/td>\n<td><span style=\"font-weight: 400;\">M Dolors Triad\u00f3<\/span><\/td>\n<\/tr>\n<tr>\n<td valign=\"top\"><b><span style=\"font-family: verdana,sans-serif; font-size: small;\">Representant sector pares d\u2019alumnes<\/span><\/b><\/td>\n<td>Ester Lorente<\/td>\n<\/tr>\n<tr>\n<td valign=\"top\"><b><span style=\"font-family: verdana,sans-serif; font-size: small;\">Representant sector pares d\u2019alumnes<\/span><\/b><\/td>\n<td>Maria Benito<\/td>\n<\/tr>\n<tr>\n<td><b><span style=\"font-family: verdana,sans-serif; font-size: small;\">Representant sector PAE<\/span><\/b><\/td>\n<td>Paqui Ondina<\/td>\n<\/tr>\n<tr>\n<td valign=\"top\"><b><span style=\"font-family: verdana,sans-serif; font-size: small;\">Representant AFA<\/span><\/b><\/td>\n<td valign=\"top\"><span style=\"font-weight: 400;\">Bianca Bernal<\/span><\/td>\n<\/tr>\n<tr>\n<td valign=\"top\"><b><span style=\"font-family: verdana,sans-serif; font-size: small;\">Representant sector PAS<\/span><\/b><\/td>\n<td valign=\"top\"><span style=\"font-weight: 400;\">Susana Salinas<\/span><\/td>\n<\/tr>\n<tr>\n<td valign=\"top\"><b><span style=\"font-family: verdana,sans-serif; font-size: small;\">Representant Ajuntament<\/span><\/b><\/td>\n<td valign=\"top\"><span style=\"font-weight: 400;\">Manal El Cherradi (regidora d&#8217;educaci\u00f3) \/ Llu\u00efsa Rodr\u00edguez (t\u00e8cnica educaci\u00f3)<\/span><\/td>\n<\/tr>\n<\/tbody>\n<\/table>\n","protected":false},"excerpt":{"rendered":"<p>Presidenta (Directora) M\u00edriam Abenia Chavarria Cap d\u2019Estudis Bego\u00f1a Gald\u00f3n Sanz Secret\u00e0ria V\u00edctor Paz Ram\u00edrez Representant sector professors N\u00faria Pi\u00f1ol Representant sector professors M Jos\u00e9 Llebaria Representant sector professors Miquel Oms Representant sector professors Esther Puerto Representant sector professors Judith Riambau Representant sector professors Lidia Vi\u00f1es Representant sector pares d\u2019alumnes Fran Fuentes Representant sector pares d\u2019alumnes [&hellip;]<\/p>\n","protected":false},"author":1,"featured_media":0,"parent":527,"menu_order":10,"comment_status":"closed","ping_status":"closed","template":"","meta":{"_bbp_topic_count":0,"_bbp_reply_count":0,"_bbp_total_topic_count":0,"_bbp_total_reply_count":0,"_bbp_voice_count":0,"_bbp_anonymous_reply_count":0,"_bbp_topic_count_hidden":0,"_bbp_reply_count_hidden":0,"_bbp_forum_subforum_count":0,"site-sidebar-layout":"default","site-content-layout":"","ast-site-content-layout":"default","site-content-style":"default","site-sidebar-style":"default","ast-global-header-display":"","ast-banner-title-visibility":"","ast-main-header-display":"","ast-hfb-above-header-display":"","ast-hfb-below-header-display":"","ast-hfb-mobile-header-display":"","site-post-title":"","ast-breadcrumbs-content":"","ast-featured-img":"","footer-sml-layout":"","theme-transparent-header-meta":"default","adv-header-id-meta":"","stick-header-meta":"","header-above-stick-meta":"","header-main-stick-meta":"","header-below-stick-meta":"","astra-migrate-meta-layouts":"set","ast-page-background-enabled":"default","ast-page-background-meta":{"desktop":{"background-color":"var(--ast-global-color-4)","background-image":"","background-repeat":"repeat","background-position":"center center","background-size":"auto","background-attachment":"scroll","background-type":"","background-media":"","overlay-type":"","overlay-color":"","overlay-opacity":"","overlay-gradient":""},"tablet":{"background-color":"","background-image":"","background-repeat":"repeat","background-position":"center center","background-size":"auto","background-attachment":"scroll","background-type":"","background-media":"","overlay-type":"","overlay-color":"","overlay-opacity":"","overlay-gradient":""},"mobile":{"background-color":"","background-image":"","background-repeat":"repeat","background-position":"center center","background-size":"auto","background-attachment":"scroll","background-type":"","background-media":"","overlay-type":"","overlay-color":"","overlay-opacity":"","overlay-gradient":""}},"ast-content-background-meta":{"desktop":{"background-color":"var(--ast-global-color-5)","background-image":"","background-repeat":"repeat","background-position":"center center","background-size":"auto","background-attachment":"scroll","background-type":"","background-media":"","overlay-type":"","overlay-color":"","overlay-opacity":"","overlay-gradient":""},"tablet":{"background-color":"var(--ast-global-color-5)","background-image":"","background-repeat":"repeat","background-position":"center center","background-size":"auto","background-attachment":"scroll","background-type":"","background-media":"","overlay-type":"","overlay-color":"","overlay-opacity":"","overlay-gradient":""},"mobile":{"background-color":"var(--ast-global-color-5)","background-image":"","background-repeat":"repeat","background-position":"center center","background-size":"auto","background-attachment":"scroll","background-type":"","background-media":"","overlay-type":"","overlay-color":"","overlay-opacity":"","overlay-gradient":""}},"footnotes":""},"class_list":["post-504","page","type-page","status-publish","hentry"],"post_mailing_queue_ids":[],"_links":{"self":[{"href":"https:\/\/agora.xtec.cat\/ceipsantacreudecalafell\/wp-json\/wp\/v2\/pages\/504","targetHints":{"allow":["GET"]}}],"collection":[{"href":"https:\/\/agora.xtec.cat\/ceipsantacreudecalafell\/wp-json\/wp\/v2\/pages"}],"about":[{"href":"https:\/\/agora.xtec.cat\/ceipsantacreudecalafell\/wp-json\/wp\/v2\/types\/page"}],"author":[{"embeddable":true,"href":"https:\/\/agora.xtec.cat\/ceipsantacreudecalafell\/wp-json\/wp\/v2\/users\/1"}],"replies":[{"embeddable":true,"href":"https:\/\/agora.xtec.cat\/ceipsantacreudecalafell\/wp-json\/wp\/v2\/comments?post=504"}],"version-history":[{"count":4,"href":"https:\/\/agora.xtec.cat\/ceipsantacreudecalafell\/wp-json\/wp\/v2\/pages\/504\/revisions"}],"predecessor-version":[{"id":4471,"href":"https:\/\/agora.xtec.cat\/ceipsantacreudecalafell\/wp-json\/wp\/v2\/pages\/504\/revisions\/4471"}],"up":[{"embeddable":true,"href":"https:\/\/agora.xtec.cat\/ceipsantacreudecalafell\/wp-json\/wp\/v2\/pages\/527"}],"wp:attachment":[{"href":"https:\/\/agora.xtec.cat\/ceipsantacreudecalafell\/wp-json\/wp\/v2\/media?parent=504"}],"curies":[{"name":"wp","href":"https:\/\/api.w.org\/{rel}","templated":true}]}}