{"id":3721,"date":"2023-11-29T12:12:52","date_gmt":"2023-11-29T11:12:52","guid":{"rendered":"https:\/\/agora.xtec.cat\/ceipsantacreudecalafell\/?page_id=3721"},"modified":"2024-06-07T11:19:05","modified_gmt":"2024-06-07T09:19:05","slug":"projecte-radio-a-lescola","status":"publish","type":"page","link":"https:\/\/agora.xtec.cat\/ceipsantacreudecalafell\/projecte-educatiu\/projecte-radio-a-lescola\/","title":{"rendered":"Projecte R\u00e0dio a l&#8217;escola"},"content":{"rendered":"<p style=\"text-align: justify;\">Aquest curs hem engegat el <span style=\"color: #339966;\">Projecte de la R\u00e0dio amb els alumnes de 5\u00e8 i 6\u00e8<\/span>, <span style=\"color: #0000ff;\">us agradaria escoltar els podcats?<\/span><\/p>\n<p>Podcast 1 &#8211; <a href=\"https:\/\/drive.google.com\/file\/d\/1-rF_s_ZmnZZVV8nxb769xlCf9yZFkCxa\/view?usp=sharing\">Enlla\u00e7 <\/a><em>(L&#8217;\u00e0udio comen\u00e7a en el minut 2:21)<\/em><\/p>\n<p>Podcast 2:<\/p>\n<!--[if lt IE 9]><script>document.createElement('audio');<\/script><![endif]-->\n<audio class=\"wp-audio-shortcode\" id=\"audio-3721-1\" preload=\"none\" style=\"width: 100%;\" controls=\"controls\"><source type=\"audio\/mpeg\" src=\"https:\/\/agora.xtec.cat\/ceipsantacreudecalafell\/wp-content\/uploads\/usu1567\/2024\/04\/Alex-Ismael-Dylan-Souhaib.mp3?_=1\" \/><a href=\"https:\/\/agora.xtec.cat\/ceipsantacreudecalafell\/wp-content\/uploads\/usu1567\/2024\/04\/Alex-Ismael-Dylan-Souhaib.mp3\">https:\/\/agora.xtec.cat\/ceipsantacreudecalafell\/wp-content\/uploads\/usu1567\/2024\/04\/Alex-Ismael-Dylan-Souhaib.mp3<\/a><\/audio>\n<p>Podcast 3:<\/p>\n<audio class=\"wp-audio-shortcode\" id=\"audio-3721-2\" preload=\"none\" style=\"width: 100%;\" controls=\"controls\"><source type=\"audio\/mpeg\" src=\"https:\/\/agora.xtec.cat\/ceipsantacreudecalafell\/wp-content\/uploads\/usu1567\/2024\/05\/5e-Vera-Yassin-Baraa-Hiba.mp3?_=2\" \/><a href=\"https:\/\/agora.xtec.cat\/ceipsantacreudecalafell\/wp-content\/uploads\/usu1567\/2024\/05\/5e-Vera-Yassin-Baraa-Hiba.mp3\">https:\/\/agora.xtec.cat\/ceipsantacreudecalafell\/wp-content\/uploads\/usu1567\/2024\/05\/5e-Vera-Yassin-Baraa-Hiba.mp3<\/a><\/audio>\n<p>Podcast 4:<\/p>\n<audio class=\"wp-audio-shortcode\" id=\"audio-3721-3\" preload=\"none\" style=\"width: 100%;\" controls=\"controls\"><source type=\"audio\/mpeg\" src=\"https:\/\/agora.xtec.cat\/ceipsantacreudecalafell\/wp-content\/uploads\/usu1567\/2024\/05\/6e-Amjad-Zaid-Gisela-Karam-Gabriel.mp3?_=3\" \/><a href=\"https:\/\/agora.xtec.cat\/ceipsantacreudecalafell\/wp-content\/uploads\/usu1567\/2024\/05\/6e-Amjad-Zaid-Gisela-Karam-Gabriel.mp3\">https:\/\/agora.xtec.cat\/ceipsantacreudecalafell\/wp-content\/uploads\/usu1567\/2024\/05\/6e-Amjad-Zaid-Gisela-Karam-Gabriel.mp3<\/a><\/audio>\n<p>Podcast 5:<\/p>\n<audio class=\"wp-audio-shortcode\" id=\"audio-3721-4\" preload=\"none\" style=\"width: 100%;\" controls=\"controls\"><source type=\"audio\/mpeg\" src=\"https:\/\/agora.xtec.cat\/ceipsantacreudecalafell\/wp-content\/uploads\/usu1567\/2024\/05\/6e-Iria-Milana-Roman-Dylan-Eliel.mp3?_=4\" \/><a href=\"https:\/\/agora.xtec.cat\/ceipsantacreudecalafell\/wp-content\/uploads\/usu1567\/2024\/05\/6e-Iria-Milana-Roman-Dylan-Eliel.mp3\">https:\/\/agora.xtec.cat\/ceipsantacreudecalafell\/wp-content\/uploads\/usu1567\/2024\/05\/6e-Iria-Milana-Roman-Dylan-Eliel.mp3<\/a><\/audio>\n<p>Podcast 6:<\/p>\n<audio class=\"wp-audio-shortcode\" id=\"audio-3721-5\" preload=\"none\" style=\"width: 100%;\" controls=\"controls\"><source type=\"audio\/mpeg\" src=\"https:\/\/agora.xtec.cat\/ceipsantacreudecalafell\/wp-content\/uploads\/usu1567\/2024\/05\/6e-Angela-Noa-Mariam-Israe-Sabrin.mp3?_=5\" \/><a href=\"https:\/\/agora.xtec.cat\/ceipsantacreudecalafell\/wp-content\/uploads\/usu1567\/2024\/05\/6e-Angela-Noa-Mariam-Israe-Sabrin.mp3\">https:\/\/agora.xtec.cat\/ceipsantacreudecalafell\/wp-content\/uploads\/usu1567\/2024\/05\/6e-Angela-Noa-Mariam-Israe-Sabrin.mp3<\/a><\/audio>\n<p>Podcast 7:<\/p>\n<audio class=\"wp-audio-shortcode\" id=\"audio-3721-6\" preload=\"none\" style=\"width: 100%;\" controls=\"controls\"><source type=\"audio\/mpeg\" src=\"https:\/\/agora.xtec.cat\/ceipsantacreudecalafell\/wp-content\/uploads\/usu1567\/2024\/05\/5e-Gisela-Jony-Naia-Tarek.mp3?_=6\" \/><a href=\"https:\/\/agora.xtec.cat\/ceipsantacreudecalafell\/wp-content\/uploads\/usu1567\/2024\/05\/5e-Gisela-Jony-Naia-Tarek.mp3\">https:\/\/agora.xtec.cat\/ceipsantacreudecalafell\/wp-content\/uploads\/usu1567\/2024\/05\/5e-Gisela-Jony-Naia-Tarek.mp3<\/a><\/audio>\n<p>Podcast 8:<\/p>\n<audio class=\"wp-audio-shortcode\" id=\"audio-3721-7\" preload=\"none\" style=\"width: 100%;\" controls=\"controls\"><source type=\"audio\/mpeg\" src=\"https:\/\/agora.xtec.cat\/ceipsantacreudecalafell\/wp-content\/uploads\/usu1567\/2024\/06\/5e-Islam-Abrar-Badre.mp3?_=7\" \/><a href=\"https:\/\/agora.xtec.cat\/ceipsantacreudecalafell\/wp-content\/uploads\/usu1567\/2024\/06\/5e-Islam-Abrar-Badre.mp3\">https:\/\/agora.xtec.cat\/ceipsantacreudecalafell\/wp-content\/uploads\/usu1567\/2024\/06\/5e-Islam-Abrar-Badre.mp3<\/a><\/audio>\n<p>Podcast 9:<\/p>\n<audio class=\"wp-audio-shortcode\" id=\"audio-3721-8\" preload=\"none\" style=\"width: 100%;\" controls=\"controls\"><source type=\"audio\/mpeg\" src=\"https:\/\/agora.xtec.cat\/ceipsantacreudecalafell\/wp-content\/uploads\/usu1567\/2024\/06\/5e-Riuhan-Roxana.mp3?_=8\" \/><a href=\"https:\/\/agora.xtec.cat\/ceipsantacreudecalafell\/wp-content\/uploads\/usu1567\/2024\/06\/5e-Riuhan-Roxana.mp3\">https:\/\/agora.xtec.cat\/ceipsantacreudecalafell\/wp-content\/uploads\/usu1567\/2024\/06\/5e-Riuhan-Roxana.mp3<\/a><\/audio>\n<p>Podcast 10:<\/p>\n<audio class=\"wp-audio-shortcode\" id=\"audio-3721-9\" preload=\"none\" style=\"width: 100%;\" controls=\"controls\"><source type=\"audio\/mpeg\" src=\"https:\/\/agora.xtec.cat\/ceipsantacreudecalafell\/wp-content\/uploads\/usu1567\/2024\/06\/5e-Sophie-Carla-Laila.mp3?_=9\" \/><a href=\"https:\/\/agora.xtec.cat\/ceipsantacreudecalafell\/wp-content\/uploads\/usu1567\/2024\/06\/5e-Sophie-Carla-Laila.mp3\">https:\/\/agora.xtec.cat\/ceipsantacreudecalafell\/wp-content\/uploads\/usu1567\/2024\/06\/5e-Sophie-Carla-Laila.mp3<\/a><\/audio>\n<p>&nbsp;<\/p>\n<p><a href=\"https:\/\/agora.xtec.cat\/ceipsantacreudecalafell\/wp-content\/uploads\/usu1567\/2023\/11\/Logotip-Radio.jpg\"><img loading=\"lazy\" decoding=\"async\" class=\"alignnone wp-image-3730\" src=\"https:\/\/agora.xtec.cat\/ceipsantacreudecalafell\/wp-content\/uploads\/usu1567\/2023\/11\/Logotip-Radio.jpg\" alt=\"\" width=\"399\" height=\"399\" srcset=\"https:\/\/agora.xtec.cat\/ceipsantacreudecalafell\/wp-content\/uploads\/usu1567\/2023\/11\/Logotip-Radio.jpg 1500w, https:\/\/agora.xtec.cat\/ceipsantacreudecalafell\/wp-content\/uploads\/usu1567\/2023\/11\/Logotip-Radio-300x300.jpg 300w, https:\/\/agora.xtec.cat\/ceipsantacreudecalafell\/wp-content\/uploads\/usu1567\/2023\/11\/Logotip-Radio-1024x1024.jpg 1024w, https:\/\/agora.xtec.cat\/ceipsantacreudecalafell\/wp-content\/uploads\/usu1567\/2023\/11\/Logotip-Radio-150x150.jpg 150w, https:\/\/agora.xtec.cat\/ceipsantacreudecalafell\/wp-content\/uploads\/usu1567\/2023\/11\/Logotip-Radio-768x768.jpg 768w\" sizes=\"auto, (max-width: 399px) 100vw, 399px\" \/><\/a><\/p>\n","protected":false},"excerpt":{"rendered":"<p>Aquest curs hem engegat el Projecte de la R\u00e0dio amb els alumnes de 5\u00e8 i 6\u00e8, us agradaria escoltar els podcats? Podcast 1 &#8211; Enlla\u00e7 (L&#8217;\u00e0udio comen\u00e7a en el minut 2:21) Podcast 2: Podcast 3: Podcast 4: Podcast 5: Podcast 6: Podcast 7: Podcast 8: Podcast 9: Podcast 10: &nbsp;<\/p>\n","protected":false},"author":1,"featured_media":0,"parent":64,"menu_order":60,"comment_status":"closed","ping_status":"closed","template":"page-templates\/side-menu.php","meta":{"_bbp_topic_count":0,"_bbp_reply_count":0,"_bbp_total_topic_count":0,"_bbp_total_reply_count":0,"_bbp_voice_count":0,"_bbp_anonymous_reply_count":0,"_bbp_topic_count_hidden":0,"_bbp_reply_count_hidden":0,"_bbp_forum_subforum_count":0,"site-sidebar-layout":"default","site-content-layout":"","ast-site-content-layout":"","site-content-style":"default","site-sidebar-style":"default","ast-global-header-display":"","ast-banner-title-visibility":"","ast-main-header-display":"","ast-hfb-above-header-display":"","ast-hfb-below-header-display":"","ast-hfb-mobile-header-display":"","site-post-title":"","ast-breadcrumbs-content":"","ast-featured-img":"","footer-sml-layout":"","theme-transparent-header-meta":"","adv-header-id-meta":"","stick-header-meta":"","header-above-stick-meta":"","header-main-stick-meta":"","header-below-stick-meta":"","astra-migrate-meta-layouts":"default","ast-page-background-enabled":"default","ast-page-background-meta":{"desktop":{"background-color":"var(--ast-global-color-4)","background-image":"","background-repeat":"repeat","background-position":"center center","background-size":"auto","background-attachment":"scroll","background-type":"","background-media":"","overlay-type":"","overlay-color":"","overlay-opacity":"","overlay-gradient":""},"tablet":{"background-color":"","background-image":"","background-repeat":"repeat","background-position":"center center","background-size":"auto","background-attachment":"scroll","background-type":"","background-media":"","overlay-type":"","overlay-color":"","overlay-opacity":"","overlay-gradient":""},"mobile":{"background-color":"","background-image":"","background-repeat":"repeat","background-position":"center center","background-size":"auto","background-attachment":"scroll","background-type":"","background-media":"","overlay-type":"","overlay-color":"","overlay-opacity":"","overlay-gradient":""}},"ast-content-background-meta":{"desktop":{"background-color":"var(--ast-global-color-5)","background-image":"","background-repeat":"repeat","background-position":"center center","background-size":"auto","background-attachment":"scroll","background-type":"","background-media":"","overlay-type":"","overlay-color":"","overlay-opacity":"","overlay-gradient":""},"tablet":{"background-color":"var(--ast-global-color-5)","background-image":"","background-repeat":"repeat","background-position":"center center","background-size":"auto","background-attachment":"scroll","background-type":"","background-media":"","overlay-type":"","overlay-color":"","overlay-opacity":"","overlay-gradient":""},"mobile":{"background-color":"var(--ast-global-color-5)","background-image":"","background-repeat":"repeat","background-position":"center center","background-size":"auto","background-attachment":"scroll","background-type":"","background-media":"","overlay-type":"","overlay-color":"","overlay-opacity":"","overlay-gradient":""}},"footnotes":""},"class_list":["post-3721","page","type-page","status-publish","hentry"],"post_mailing_queue_ids":[],"_links":{"self":[{"href":"https:\/\/agora.xtec.cat\/ceipsantacreudecalafell\/wp-json\/wp\/v2\/pages\/3721","targetHints":{"allow":["GET"]}}],"collection":[{"href":"https:\/\/agora.xtec.cat\/ceipsantacreudecalafell\/wp-json\/wp\/v2\/pages"}],"about":[{"href":"https:\/\/agora.xtec.cat\/ceipsantacreudecalafell\/wp-json\/wp\/v2\/types\/page"}],"author":[{"embeddable":true,"href":"https:\/\/agora.xtec.cat\/ceipsantacreudecalafell\/wp-json\/wp\/v2\/users\/1"}],"replies":[{"embeddable":true,"href":"https:\/\/agora.xtec.cat\/ceipsantacreudecalafell\/wp-json\/wp\/v2\/comments?post=3721"}],"version-history":[{"count":6,"href":"https:\/\/agora.xtec.cat\/ceipsantacreudecalafell\/wp-json\/wp\/v2\/pages\/3721\/revisions"}],"predecessor-version":[{"id":4046,"href":"https:\/\/agora.xtec.cat\/ceipsantacreudecalafell\/wp-json\/wp\/v2\/pages\/3721\/revisions\/4046"}],"up":[{"embeddable":true,"href":"https:\/\/agora.xtec.cat\/ceipsantacreudecalafell\/wp-json\/wp\/v2\/pages\/64"}],"wp:attachment":[{"href":"https:\/\/agora.xtec.cat\/ceipsantacreudecalafell\/wp-json\/wp\/v2\/media?parent=3721"}],"curies":[{"name":"wp","href":"https:\/\/api.w.org\/{rel}","templated":true}]}}