{"id":73,"date":"2014-09-18T14:01:51","date_gmt":"2014-09-18T14:01:51","guid":{"rendered":"http:\/\/agora.xtec.cat\/ceipsanroma\/?page_id=73"},"modified":"2026-05-04T08:21:28","modified_gmt":"2026-05-04T06:21:28","slug":"menjador-escolar","status":"publish","type":"page","link":"https:\/\/agora.xtec.cat\/ceipsanroma\/serveis\/menjador-escolar\/","title":{"rendered":"Menjador escolar i acollida"},"content":{"rendered":"<div><strong>MENJADOR i ACOLLIDA<\/strong><\/div>\n<div>\u00a0<\/div>\n<div style=\"text-align: justify;\">Els serveis de menjador i acollida s\u00f3n gestionats \u00edntegrament per l&#8217;empresa M&#8217;penta.<\/div>\n<div>\u00a0<\/div>\n<div style=\"text-align: justify;\">L\u2019escola disposa de cuina pr\u00f2pia.<\/div>\n<div>\u00a0<\/div>\n<div class=\"gmail_default\">\n<p><b>INSCRIPCI\u00d3\u00a0<\/b><\/p>\n<h6>Benvolgudes fam\u00edlies,<\/h6>\n<p style=\"font-weight: 400;\">Us volem donar la benvinguda a aquest nou curs i comunicar-vos que el servei de\u00a0menjador\u00a0continuar\u00e0 gestionat pel mateix equip que ho feia fins ara. Ens presentem amb una imatge renovada, nou nom i noves propostes pedag\u00f2giques que reforcen el nostre comprom\u00eds amb l&#8217;educaci\u00f3 aliment\u00e0ria, el benestar i l&#8217;acompanyament dels infants durant l\u2019espai migdia.<\/p>\n<p style=\"font-weight: 400;\">Aquest canvi suposa una evoluci\u00f3 natural del nostre projecte, que mant\u00e9 l\u2019ess\u00e8ncia i la proximitat de sempre, per\u00f2 amb una mirada actualitzada i amb moltes ganes de continuar creixent amb vosaltres.<\/p>\n<p style=\"font-weight: 400;\">Estem molt il\u00b7lusionats\/des de poder continuar compartint aquest espai amb els vostres infants!<\/p>\n<p style=\"font-weight: 400;\">Una de les novetats d\u2019aquest curs, durant el mes de setembre, estar\u00e0 operativa una APP m\u00f2bil per fer-vos m\u00e9s pr\u00e0ctica la gesti\u00f3 di\u00e0ria del\u00a0menjador. Quan estigui disponible us enviarem un correu amb les instruccions per descarregar-la.<\/p>\n<p style=\"font-weight: 400;\">Mentrestant,\u00a0<strong>TOTES LES FAM\u00cdLIES<\/strong>\u00a0<strong>haureu de tornar a fer una nova alta\u00a0<\/strong>a la nova plataforma web<strong>\u00a0<\/strong><a href=\"http:\/\/www.areafamilies-mptmenjadors.cat\/\" data-saferedirecturl=\"https:\/\/www.google.com\/url?q=http:\/\/www.areafamilies-mptmenjadors.cat\/&amp;source=gmail&amp;ust=1757486373204000&amp;usg=AOvVaw0rNfKPa-UeLKnOaTWIg7k9\">www.areafamilies-mptmenjadors.cat<\/a>, per<strong>\u00a0<\/strong>poder realitzar les gestions amb mptmenjadors. All\u00e0 podreu fer la inscripci\u00f3 al\u00a0menjador, baixes, anul\u00b7laci\u00f3 de men\u00fas&#8230; i\u00a0 trobareu tota la informaci\u00f3 necess\u00e0ria sobre els serveis: preus, horaris, normatives, consultar els men\u00fas&#8230;<\/p>\n<p style=\"font-weight: 400;\">Us recomanem que encara que no tingueu la intenci\u00f3 de fer servir el servei inicialment, us doneu d\u2019alta perqu\u00e8 us servir\u00e0 per a tota l\u2019escolaritat.<\/p>\n<p style=\"font-weight: 400;\">Us fem arribar\u00a0<strong>les instruccions per accedir a la nova plataforma<\/strong>\u00a0amb qu\u00e8 gestionarem els nostres serveis.<\/p>\n<p style=\"font-weight: 400;\"><strong>INSTRUCCIONS PER DONAR-VOS D\u2019ALTA A LA PLATAFORMA<\/strong><\/p>\n<p style=\"font-weight: 400;\">Hi ha dues passes:<\/p>\n<ol style=\"font-weight: 400;\">\n<li><strong>Donar-vos d\u2019alta<\/strong>\u00a0(una vegada per fill\/a)<\/li>\n<li><strong>Contractar el servei<\/strong>\u00a0(Al finalitzar cada curs, s\u2019haur\u00e0 d\u2019actualitzar i renovar)<\/li>\n<\/ol>\n<p style=\"font-weight: 400;\"><strong>Donar-vos d\u2019alta:<\/strong><\/p>\n<ol>\n<li style=\"font-weight: 400;\">Entreu a\u00a0<a href=\"http:\/\/www.areafamilies-mptmenjadors.cat\/\" data-saferedirecturl=\"https:\/\/www.google.com\/url?q=http:\/\/www.areafamilies-mptmenjadors.cat\/&amp;source=gmail&amp;ust=1757486373204000&amp;usg=AOvVaw0rNfKPa-UeLKnOaTWIg7k9\">www.areafamilies-mptmenjadors.cat<\/a><\/li>\n<li style=\"font-weight: 400;\">A l&#8217;apartat ALTA NOVES FAM\u00cdLIES cliqueu SOL\u00b7LICITUD ALTA FAM\u00cdLIA<\/li>\n<li style=\"font-weight: 400;\">Introdu\u00efu les dades que us demana seguint tots els passos. Un cop feta la sol\u00b7licitud d\u2019alta, rebreu un correu amb el vostre usuari i contrasenya, que haureu d\u2019utilitzar per al pas dos (aquest correu pot trigar unes hores).<\/li>\n<\/ol>\n<p style=\"font-weight: 400;\"><strong>Contractar el servei:<\/strong><\/p>\n<ol>\n<li style=\"font-weight: 400;\">Entreu a\u00a0<a href=\"http:\/\/www.areafamilies-mptmenjadors.cat\/\" data-saferedirecturl=\"https:\/\/www.google.com\/url?q=http:\/\/www.areafamilies-mptmenjadors.cat\/&amp;source=gmail&amp;ust=1757486373204000&amp;usg=AOvVaw0rNfKPa-UeLKnOaTWIg7k9\">www.areafamilies-mptmenjadors.cat<\/a><\/li>\n<li style=\"font-weight: 400;\">A l&#8217;apartat FAM\u00cdLIES REGISTRADES entreu amb el nom d\u2019usuari del pas anterior i la contrasenya rebuda al vostre correu.<\/li>\n<li style=\"font-weight: 400;\">Un cop a dins, cliqueu al bot\u00f3 de menjador i contracteu el servei que necessiteu (altes i baixes del servei fix o sol\u00b7licitar dies espor\u00e0dics)<\/li>\n<\/ol>\n<p style=\"font-weight: 400;\">Tamb\u00e9 trobareu informaci\u00f3 i preus sobre el servei a l\u2019apartat \u201cInformaci\u00f3 general de\u00a0menjador\u201d<\/p>\n<p style=\"font-weight: 400;\">Per a qualsevol aclariment ens trobareu\u00a0<strong>de dilluns a dijous de 9:30h a 17h<\/strong>. i divendres\u00a0<strong>de 9:30h a 15h.<\/strong>\u00a0 al tel\u00e8fon 931936275 o al mail:\u00a0<a href=\"mailto:hola@mptmenjadors.cat\">hola@mptmenjadors.cat<\/a><\/p>\n<p style=\"font-weight: 400;\"><em>*de l&#8217;1 al 31 d\u2019agost romandrem tancats per vacances.<\/em><\/p>\n<p style=\"font-weight: 400;\">Moltes gr\u00e0cies i benvinguts al nou curs!!<\/p>\n<p><a href=\"https:\/\/agora.xtec.cat\/ceipsanroma\/wp-content\/uploads\/usu339\/2026\/03\/Diptic-menjador-Salvador-Sanroma_curs-25-26.pdf\">Normativa i funcionament del Servei de Menjador<\/a><\/p>\n<\/div>\n<p><strong>MEN\u00daS del mes:<\/strong><\/p>\n<p><a href=\"https:\/\/agora.xtec.cat\/ceipsanroma\/wp-content\/uploads\/usu339\/2026\/05\/Menu-MAIG-26_Salvador-Sanroma_MPT-menjadors.pdf\">Men\u00fa_MAIG\u00a0 SANROM\u00c0_mpt menjadors<\/a><\/p>\n<p><a href=\"https:\/\/agora.xtec.cat\/ceipsanroma\/wp-content\/uploads\/usu339\/2026\/05\/Menu-MAIG-26_LACTOSA-PLV_Salvador-Sanroma_MPT-menjadors.pdf\" rel=\"attachment wp-att-13458\">Men\u00fa_ LACTOSA PLV_MAIG_mpt menjadors<\/a><\/p>\n<p><a href=\"https:\/\/agora.xtec.cat\/ceipsanroma\/wp-content\/uploads\/usu339\/2026\/05\/Menu-MAIG-26_NO-PORC_Salvador-Sanroma_MPT-menjadors.pdf\" rel=\"attachment wp-att-13460\">Men\u00fa_NO PORC_MAIG _mpt menjadors<\/a><\/p>\n\n\n<p><\/p>\n","protected":false},"excerpt":{"rendered":"<p>MENJADOR i ACOLLIDA \u00a0 Els serveis de menjador i acollida s\u00f3n gestionats \u00edntegrament per l&#8217;empresa M&#8217;penta. \u00a0 L\u2019escola disposa de cuina pr\u00f2pia. \u00a0 INSCRIPCI\u00d3\u00a0 Benvolgudes fam\u00edlies, Us volem donar la benvinguda a aquest nou curs i comunicar-vos que el servei de\u00a0menjador\u00a0continuar\u00e0 gestionat pel mateix equip que ho feia fins ara. Ens presentem amb una imatge [&hellip;]<\/p>\n","protected":false},"author":2,"featured_media":0,"parent":66,"menu_order":30,"comment_status":"closed","ping_status":"closed","template":"","meta":{"_bbp_topic_count":0,"_bbp_reply_count":0,"_bbp_total_topic_count":0,"_bbp_total_reply_count":0,"_bbp_voice_count":0,"_bbp_anonymous_reply_count":0,"_bbp_topic_count_hidden":0,"_bbp_reply_count_hidden":0,"_bbp_forum_subforum_count":0,"site-sidebar-layout":"default","site-content-layout":"","ast-site-content-layout":"default","site-content-style":"default","site-sidebar-style":"default","ast-global-header-display":"","ast-banner-title-visibility":"","ast-main-header-display":"","ast-hfb-above-header-display":"","ast-hfb-below-header-display":"","ast-hfb-mobile-header-display":"","site-post-title":"","ast-breadcrumbs-content":"","ast-featured-img":"","footer-sml-layout":"","theme-transparent-header-meta":"","adv-header-id-meta":"","stick-header-meta":"","header-above-stick-meta":"","header-main-stick-meta":"","header-below-stick-meta":"","astra-migrate-meta-layouts":"set","ast-page-background-enabled":"default","ast-page-background-meta":{"desktop":{"background-color":"var(--ast-global-color-4)","background-image":"","background-repeat":"repeat","background-position":"center center","background-size":"auto","background-attachment":"scroll","background-type":"","background-media":"","overlay-type":"","overlay-color":"","overlay-opacity":"","overlay-gradient":""},"tablet":{"background-color":"","background-image":"","background-repeat":"repeat","background-position":"center center","background-size":"auto","background-attachment":"scroll","background-type":"","background-media":"","overlay-type":"","overlay-color":"","overlay-opacity":"","overlay-gradient":""},"mobile":{"background-color":"","background-image":"","background-repeat":"repeat","background-position":"center center","background-size":"auto","background-attachment":"scroll","background-type":"","background-media":"","overlay-type":"","overlay-color":"","overlay-opacity":"","overlay-gradient":""}},"ast-content-background-meta":{"desktop":{"background-color":"var(--ast-global-color-5)","background-image":"","background-repeat":"repeat","background-position":"center center","background-size":"auto","background-attachment":"scroll","background-type":"","background-media":"","overlay-type":"","overlay-color":"","overlay-opacity":"","overlay-gradient":""},"tablet":{"background-color":"var(--ast-global-color-5)","background-image":"","background-repeat":"repeat","background-position":"center center","background-size":"auto","background-attachment":"scroll","background-type":"","background-media":"","overlay-type":"","overlay-color":"","overlay-opacity":"","overlay-gradient":""},"mobile":{"background-color":"var(--ast-global-color-5)","background-image":"","background-repeat":"repeat","background-position":"center center","background-size":"auto","background-attachment":"scroll","background-type":"","background-media":"","overlay-type":"","overlay-color":"","overlay-opacity":"","overlay-gradient":""}},"footnotes":""},"class_list":["post-73","page","type-page","status-publish","hentry"],"post_mailing_queue_ids":[],"_links":{"self":[{"href":"https:\/\/agora.xtec.cat\/ceipsanroma\/wp-json\/wp\/v2\/pages\/73","targetHints":{"allow":["GET"]}}],"collection":[{"href":"https:\/\/agora.xtec.cat\/ceipsanroma\/wp-json\/wp\/v2\/pages"}],"about":[{"href":"https:\/\/agora.xtec.cat\/ceipsanroma\/wp-json\/wp\/v2\/types\/page"}],"author":[{"embeddable":true,"href":"https:\/\/agora.xtec.cat\/ceipsanroma\/wp-json\/wp\/v2\/users\/2"}],"replies":[{"embeddable":true,"href":"https:\/\/agora.xtec.cat\/ceipsanroma\/wp-json\/wp\/v2\/comments?post=73"}],"version-history":[{"count":6,"href":"https:\/\/agora.xtec.cat\/ceipsanroma\/wp-json\/wp\/v2\/pages\/73\/revisions"}],"predecessor-version":[{"id":14584,"href":"https:\/\/agora.xtec.cat\/ceipsanroma\/wp-json\/wp\/v2\/pages\/73\/revisions\/14584"}],"up":[{"embeddable":true,"href":"https:\/\/agora.xtec.cat\/ceipsanroma\/wp-json\/wp\/v2\/pages\/66"}],"wp:attachment":[{"href":"https:\/\/agora.xtec.cat\/ceipsanroma\/wp-json\/wp\/v2\/media?parent=73"}],"curies":[{"name":"wp","href":"https:\/\/api.w.org\/{rel}","templated":true}]}}