{"id":36,"date":"2014-09-18T12:33:11","date_gmt":"2014-09-18T12:33:11","guid":{"rendered":"http:\/\/agora.xtec.cat\/ceipsanroma\/?page_id=36"},"modified":"2026-02-26T16:03:40","modified_gmt":"2026-02-26T15:03:40","slug":"material-escolar","status":"publish","type":"page","link":"https:\/\/agora.xtec.cat\/ceipsanroma\/lescola\/material-escolar\/","title":{"rendered":"Material Pedag\u00f2gic 25-26"},"content":{"rendered":"<p>Benvolgudes fam\u00edlies,<\/p>\n<p>La quota de material pedag\u00f2gic inclou:<\/p>\n<ul>\n<li>tot el material fungible que utilitzem di\u00e0riament per treballar a l\u2019aula: llapis, goma, fulls, cartolines, regles, estoig, carpeta, plastilina, pintures, fang, vern\u00eds, paper embalar, etc&#8230;<\/li>\n<li>tot el material did\u00e0ctic: dossiers, material manipulatiu, material inform\u00e0tic, llibres de lectura, diccionaris, llibres de consulta, material laboratori, etc&#8230;<\/li>\n<\/ul>\n<p>Suposem que heu sentit a parlar dels vals escolars de la Generalitat de Catalunya, que us arribaran durant els mesos de juliol i agost, per a tot l&#8217;alumnat de prim\u00e0ria.<\/p>\n<p>Aquests vals, 2 de 30\u20ac, els haureu d<strong>&#8216;activar<\/strong> amb el CODI idalu i cedir-los a l&#8217;escola, a la web:\u00a0 \u00a0<a href=\"https:\/\/valescolar.cat\/\">https:\/\/valescolar.cat\/<\/a><\/p>\n<p>Us adjuntem informaci\u00f3 sobre el <strong>material\u00a0pedag\u00f2gic\u00a0i les plataformes<\/strong> que utilitzar\u00e0 el vostre fill\/a el curs vinent, 2025-2026:<\/p>\n<p><a href=\"https:\/\/drive.google.com\/file\/d\/1BqlbBLh_02uedbZpLFXy7jaiIcfsJJFu\/view?usp=sharing\">Material I3<\/a><\/p>\n<p><a href=\"https:\/\/drive.google.com\/file\/d\/1qrTemF9QSB8d2sWJCzO3mdQeiSJmIgH9\/view?usp=sharing\">Material I4<\/a><\/p>\n<p><a href=\"https:\/\/drive.google.com\/file\/d\/1v4157Aajxw4-QlKyxZCIh6LRXG8-o6j-\/view?usp=sharing\">Material I5<\/a><\/p>\n<p><a href=\"https:\/\/drive.google.com\/file\/d\/1gjCkaXKCtyXF_LjqwvwMOZm9clchF7Xo\/view?usp=sharing\">Material 1r<\/a><\/p>\n<p><a href=\"https:\/\/drive.google.com\/file\/d\/1gjCkaXKCtyXF_LjqwvwMOZm9clchF7Xo\/view?usp=sharing\">Material 2n<\/a><\/p>\n<p><a href=\"https:\/\/drive.google.com\/file\/d\/1gjCkaXKCtyXF_LjqwvwMOZm9clchF7Xo\/view?usp=sharing\">Material 3r<\/a><\/p>\n<p><a href=\"https:\/\/drive.google.com\/file\/d\/1gjCkaXKCtyXF_LjqwvwMOZm9clchF7Xo\/view?usp=sharing\">Material 4t<\/a><\/p>\n<p><a href=\"https:\/\/drive.google.com\/file\/d\/1gjCkaXKCtyXF_LjqwvwMOZm9clchF7Xo\/view?usp=sharing\">Material 5\u00e8<\/a><\/p>\n<p><a href=\"https:\/\/drive.google.com\/file\/d\/1gjCkaXKCtyXF_LjqwvwMOZm9clchF7Xo\/view?usp=drive_link\">Material 6\u00e8<\/a><\/p>\n","protected":false},"excerpt":{"rendered":"<p>Benvolgudes fam\u00edlies, La quota de material pedag\u00f2gic inclou: tot el material fungible que utilitzem di\u00e0riament per treballar a l\u2019aula: llapis, goma, fulls, cartolines, regles, estoig, carpeta, plastilina, pintures, fang, vern\u00eds, paper embalar, etc&#8230; tot el material did\u00e0ctic: dossiers, material manipulatiu, material inform\u00e0tic, llibres de lectura, diccionaris, llibres de consulta, material laboratori, etc&#8230; Suposem que heu [&hellip;]<\/p>\n","protected":false},"author":2,"featured_media":0,"parent":22,"menu_order":80,"comment_status":"closed","ping_status":"closed","template":"","meta":{"_bbp_topic_count":0,"_bbp_reply_count":0,"_bbp_total_topic_count":0,"_bbp_total_reply_count":0,"_bbp_voice_count":0,"_bbp_anonymous_reply_count":0,"_bbp_topic_count_hidden":0,"_bbp_reply_count_hidden":0,"_bbp_forum_subforum_count":0,"site-sidebar-layout":"default","site-content-layout":"","ast-site-content-layout":"default","site-content-style":"default","site-sidebar-style":"default","ast-global-header-display":"","ast-banner-title-visibility":"","ast-main-header-display":"","ast-hfb-above-header-display":"","ast-hfb-below-header-display":"","ast-hfb-mobile-header-display":"","site-post-title":"","ast-breadcrumbs-content":"","ast-featured-img":"","footer-sml-layout":"","theme-transparent-header-meta":"","adv-header-id-meta":"","stick-header-meta":"","header-above-stick-meta":"","header-main-stick-meta":"","header-below-stick-meta":"","astra-migrate-meta-layouts":"set","ast-page-background-enabled":"default","ast-page-background-meta":{"desktop":{"background-color":"var(--ast-global-color-4)","background-image":"","background-repeat":"repeat","background-position":"center center","background-size":"auto","background-attachment":"scroll","background-type":"","background-media":"","overlay-type":"","overlay-color":"","overlay-opacity":"","overlay-gradient":""},"tablet":{"background-color":"","background-image":"","background-repeat":"repeat","background-position":"center center","background-size":"auto","background-attachment":"scroll","background-type":"","background-media":"","overlay-type":"","overlay-color":"","overlay-opacity":"","overlay-gradient":""},"mobile":{"background-color":"","background-image":"","background-repeat":"repeat","background-position":"center center","background-size":"auto","background-attachment":"scroll","background-type":"","background-media":"","overlay-type":"","overlay-color":"","overlay-opacity":"","overlay-gradient":""}},"ast-content-background-meta":{"desktop":{"background-color":"var(--ast-global-color-5)","background-image":"","background-repeat":"repeat","background-position":"center center","background-size":"auto","background-attachment":"scroll","background-type":"","background-media":"","overlay-type":"","overlay-color":"","overlay-opacity":"","overlay-gradient":""},"tablet":{"background-color":"var(--ast-global-color-5)","background-image":"","background-repeat":"repeat","background-position":"center center","background-size":"auto","background-attachment":"scroll","background-type":"","background-media":"","overlay-type":"","overlay-color":"","overlay-opacity":"","overlay-gradient":""},"mobile":{"background-color":"var(--ast-global-color-5)","background-image":"","background-repeat":"repeat","background-position":"center center","background-size":"auto","background-attachment":"scroll","background-type":"","background-media":"","overlay-type":"","overlay-color":"","overlay-opacity":"","overlay-gradient":""}},"footnotes":""},"class_list":["post-36","page","type-page","status-publish","hentry"],"post_mailing_queue_ids":[],"_links":{"self":[{"href":"https:\/\/agora.xtec.cat\/ceipsanroma\/wp-json\/wp\/v2\/pages\/36","targetHints":{"allow":["GET"]}}],"collection":[{"href":"https:\/\/agora.xtec.cat\/ceipsanroma\/wp-json\/wp\/v2\/pages"}],"about":[{"href":"https:\/\/agora.xtec.cat\/ceipsanroma\/wp-json\/wp\/v2\/types\/page"}],"author":[{"embeddable":true,"href":"https:\/\/agora.xtec.cat\/ceipsanroma\/wp-json\/wp\/v2\/users\/2"}],"replies":[{"embeddable":true,"href":"https:\/\/agora.xtec.cat\/ceipsanroma\/wp-json\/wp\/v2\/comments?post=36"}],"version-history":[{"count":6,"href":"https:\/\/agora.xtec.cat\/ceipsanroma\/wp-json\/wp\/v2\/pages\/36\/revisions"}],"predecessor-version":[{"id":14057,"href":"https:\/\/agora.xtec.cat\/ceipsanroma\/wp-json\/wp\/v2\/pages\/36\/revisions\/14057"}],"up":[{"embeddable":true,"href":"https:\/\/agora.xtec.cat\/ceipsanroma\/wp-json\/wp\/v2\/pages\/22"}],"wp:attachment":[{"href":"https:\/\/agora.xtec.cat\/ceipsanroma\/wp-json\/wp\/v2\/media?parent=36"}],"curies":[{"name":"wp","href":"https:\/\/api.w.org\/{rel}","templated":true}]}}