{"id":28,"date":"2014-09-18T12:29:35","date_gmt":"2014-09-18T12:29:35","guid":{"rendered":"http:\/\/agora.xtec.cat\/ceipsanroma\/?page_id=28"},"modified":"2025-03-28T11:36:50","modified_gmt":"2025-03-28T10:36:50","slug":"consell-escolar","status":"publish","type":"page","link":"https:\/\/agora.xtec.cat\/ceipsanroma\/lescola\/consell-escolar\/","title":{"rendered":"Consell escolar"},"content":{"rendered":"<p>\u00c9s l\u2019\u00f2rgan de participaci\u00f3 de la comunitat escolar en el govern dels centres i l\u2019\u00f2rgan de programaci\u00f3, seguiment i avaluaci\u00f3 general de les seves activitats. El presideix la directora del centre que actua com a presidenta. La secret\u00e0ria actua amb veu per\u00f2 sense vot.<\/p>\n<p>Els membres representants dels diferents sectors de la comunitat educativa s\u00f3n renovats dins els terminis establerts per la normativa reguladora .<\/p>\n<p>Les reunions ordin\u00e0ries es celebren com a m\u00ednim una vegada al trimestre i les extraordin\u00e0ries les vegades que siguin necess\u00e0ries per raons d\u2019urg\u00e8ncia. A m\u00e9s, preceptivament, es fa una reuni\u00f3 a l\u2019inici i a final del curs.<\/p>\n<h4>Composici\u00f3 del Consell Escolar<\/h4>\n<h5>Equip Directiu:<\/h5>\n<p>Gabriela Huguet Esteras (Directora)<\/p>\n<p>Virginia Garc\u00eda S\u00e1nchez (Cap d&#8217;Estudis)<\/p>\n<p>Marta Llistuella Arag\u00f3 (Secret\u00e0ria)<\/p>\n<h5>Sector professorat:<\/h5>\n<p>Cristina Garcia Casilda<\/p>\n<p>Martha Garcia Vives<\/p>\n<p>Carme Bra\u00f1as Navarro<\/p>\n<p>Oscar Venegas Mariscal<\/p>\n<p>S\u00f2nia Le\u00f3n Pou<\/p>\n<p>Neus Palmero Barroso<\/p>\n<h5>Sector mares\/pares:<\/h5>\n<p>Alexandra Barn\u00e9s <span style=\"background-color: #ffffff;\">Soler<\/span><\/p>\n<p>Daniel Guirado Salvans<\/p>\n<p>Cristina P\u00e9rez Mir<\/p>\n<p>Ericka Rueda Fern\u00e1ndez<\/p>\n<p>Fina Araque Gimeno<\/p>\n<h5>AFA:<\/h5>\n<p>Noelia Reverte <span style=\"background-color: #ffffff;\">Frias<\/span><\/p>\n<h5>Ajuntament:<\/h5>\n<p>Regidor: M\u00f2nica L\u00f3pez Bonet<\/p>\n<h5>PAS<\/h5>\n<p>Olga Torres L\u00f3pez<\/p>\n<h4>Comissions del Consell Escolar<\/h4>\n<p>Comissi\u00f3 Econ\u00f2mica<\/p>\n<table>\n<tbody>\n<tr>\n<td>Sra. Gabriela Huguet Esteras<\/td>\n<td>Presidenta (directora del centre)<\/td>\n<\/tr>\n<tr>\n<td>Sra. Marta Llistuella Arag\u00f3<\/td>\n<td>Secret\u00e0ria (secret\u00e0ria del centre)<\/td>\n<\/tr>\n<tr>\n<td>Sra. Carme bra\u00f1as Navarro<\/td>\n<td>Representant professorat<\/td>\n<\/tr>\n<tr>\n<td>Sra. S\u00f2nia Le\u00f3n Pou<\/td>\n<td>Representant professorat<\/td>\n<\/tr>\n<tr>\n<td>Sra. Alexandra Barn\u00e9s Soler<\/td>\n<td>Representant fam\u00edlies<\/td>\n<\/tr>\n<tr>\n<td>Sra. Ericka Rueda Fern\u00e1ndez<\/td>\n<td>Representant fam\u00edlies<\/td>\n<\/tr>\n<tr>\n<td><span style=\"background-color: #f9f9f9;\">Sra. Noelia Reverte Frias<\/span><\/td>\n<td><span style=\"background-color: #f9f9f9;\">Representant AFA<\/span><\/td>\n<\/tr>\n<tr>\n<td><span style=\"background-color: #f9f9f9;\">Sra. M\u00f3nica L\u00f3pez Bonet<\/span><\/td>\n<td><span style=\"background-color: #f9f9f9;\">Representant Ajuntament<\/span><\/td>\n<\/tr>\n<\/tbody>\n<\/table>\n<p>Comissi\u00f3\u00a0 Conviv\u00e8ncia &#8211; Coeducaci\u00f3<\/p>\n<table>\n<tbody>\n<tr>\n<td>Sra. Gabriela Huguet Esteras<\/td>\n<td>Presidenta (directora del centre)<\/td>\n<\/tr>\n<tr>\n<td>Sra. Virginia Garcia S\u00e1nchez<\/td>\n<td>Cap d&#8217;estudis del centre<\/td>\n<\/tr>\n<tr>\n<td><span style=\"background-color: #f9f9f9;\">Sra. Marta Llistuella Arag\u00f3<\/span><\/td>\n<td><span style=\"background-color: #f9f9f9;\">Secret\u00e0ria (secret\u00e0ria del centre)<\/span><\/td>\n<\/tr>\n<tr>\n<td><span style=\"background-color: #ffffff;\">Sra. Cristina Garcia Casilda<\/span><\/td>\n<td><span style=\"background-color: #ffffff;\">Representant professorat<\/span><\/td>\n<\/tr>\n<tr>\n<td><span style=\"background-color: #f9f9f9;\">Sra. Martha Garcia Vives<\/span><\/td>\n<td><span style=\"background-color: #f9f9f9;\">Representant professorat<\/span><\/td>\n<\/tr>\n<tr>\n<td>Sra. Neus Palmero Barrosos<\/td>\n<td>Representant professorat<\/td>\n<\/tr>\n<tr>\n<td>Sr. Oscar Venegas Mariscal<\/td>\n<td>Representant professorat<\/td>\n<\/tr>\n<tr>\n<td>Sra. Fina Araque Gimeno<\/td>\n<td><span style=\"background-color: #ffffff;\">Representant fam\u00edlies<\/span><\/td>\n<\/tr>\n<tr>\n<td><span style=\"background-color: #f9f9f9;\">Sr. Daniel Guirado Salvans<\/span><\/td>\n<td><span style=\"background-color: #ffffff;\">Representant fam\u00edlies<\/span><\/td>\n<\/tr>\n<tr>\n<td><span style=\"background-color: #ffffff;\">Sra. Cristina P\u00e9rez Mir<\/span><\/td>\n<td><span style=\"background-color: #ffffff;\">Representant fam\u00edlies<\/span><\/td>\n<\/tr>\n<tr>\n<td>Sra. Olga Torres L\u00f3pez<\/td>\n<td>Representant PAS<\/td>\n<\/tr>\n<\/tbody>\n<\/table>\n","protected":false},"excerpt":{"rendered":"<p>\u00c9s l\u2019\u00f2rgan de participaci\u00f3 de la comunitat escolar en el govern dels centres i l\u2019\u00f2rgan de programaci\u00f3, seguiment i avaluaci\u00f3 general de les seves activitats. El presideix la directora del centre que actua com a presidenta. La secret\u00e0ria actua amb veu per\u00f2 sense vot. Els membres representants dels diferents sectors de la comunitat educativa s\u00f3n [&hellip;]<\/p>\n","protected":false},"author":2,"featured_media":0,"parent":22,"menu_order":30,"comment_status":"closed","ping_status":"closed","template":"page-templates\/side-menu.php","meta":{"_bbp_topic_count":0,"_bbp_reply_count":0,"_bbp_total_topic_count":0,"_bbp_total_reply_count":0,"_bbp_voice_count":0,"_bbp_anonymous_reply_count":0,"_bbp_topic_count_hidden":0,"_bbp_reply_count_hidden":0,"_bbp_forum_subforum_count":0,"site-sidebar-layout":"default","site-content-layout":"","ast-site-content-layout":"","site-content-style":"default","site-sidebar-style":"default","ast-global-header-display":"","ast-banner-title-visibility":"","ast-main-header-display":"","ast-hfb-above-header-display":"","ast-hfb-below-header-display":"","ast-hfb-mobile-header-display":"","site-post-title":"","ast-breadcrumbs-content":"","ast-featured-img":"","footer-sml-layout":"","theme-transparent-header-meta":"","adv-header-id-meta":"","stick-header-meta":"","header-above-stick-meta":"","header-main-stick-meta":"","header-below-stick-meta":"","astra-migrate-meta-layouts":"default","ast-page-background-enabled":"default","ast-page-background-meta":{"desktop":{"background-color":"var(--ast-global-color-4)","background-image":"","background-repeat":"repeat","background-position":"center center","background-size":"auto","background-attachment":"scroll","background-type":"","background-media":"","overlay-type":"","overlay-color":"","overlay-opacity":"","overlay-gradient":""},"tablet":{"background-color":"","background-image":"","background-repeat":"repeat","background-position":"center center","background-size":"auto","background-attachment":"scroll","background-type":"","background-media":"","overlay-type":"","overlay-color":"","overlay-opacity":"","overlay-gradient":""},"mobile":{"background-color":"","background-image":"","background-repeat":"repeat","background-position":"center center","background-size":"auto","background-attachment":"scroll","background-type":"","background-media":"","overlay-type":"","overlay-color":"","overlay-opacity":"","overlay-gradient":""}},"ast-content-background-meta":{"desktop":{"background-color":"var(--ast-global-color-5)","background-image":"","background-repeat":"repeat","background-position":"center center","background-size":"auto","background-attachment":"scroll","background-type":"","background-media":"","overlay-type":"","overlay-color":"","overlay-opacity":"","overlay-gradient":""},"tablet":{"background-color":"var(--ast-global-color-5)","background-image":"","background-repeat":"repeat","background-position":"center center","background-size":"auto","background-attachment":"scroll","background-type":"","background-media":"","overlay-type":"","overlay-color":"","overlay-opacity":"","overlay-gradient":""},"mobile":{"background-color":"var(--ast-global-color-5)","background-image":"","background-repeat":"repeat","background-position":"center center","background-size":"auto","background-attachment":"scroll","background-type":"","background-media":"","overlay-type":"","overlay-color":"","overlay-opacity":"","overlay-gradient":""}},"footnotes":""},"class_list":["post-28","page","type-page","status-publish","hentry"],"post_mailing_queue_ids":[],"_links":{"self":[{"href":"https:\/\/agora.xtec.cat\/ceipsanroma\/wp-json\/wp\/v2\/pages\/28","targetHints":{"allow":["GET"]}}],"collection":[{"href":"https:\/\/agora.xtec.cat\/ceipsanroma\/wp-json\/wp\/v2\/pages"}],"about":[{"href":"https:\/\/agora.xtec.cat\/ceipsanroma\/wp-json\/wp\/v2\/types\/page"}],"author":[{"embeddable":true,"href":"https:\/\/agora.xtec.cat\/ceipsanroma\/wp-json\/wp\/v2\/users\/2"}],"replies":[{"embeddable":true,"href":"https:\/\/agora.xtec.cat\/ceipsanroma\/wp-json\/wp\/v2\/comments?post=28"}],"version-history":[{"count":6,"href":"https:\/\/agora.xtec.cat\/ceipsanroma\/wp-json\/wp\/v2\/pages\/28\/revisions"}],"predecessor-version":[{"id":8330,"href":"https:\/\/agora.xtec.cat\/ceipsanroma\/wp-json\/wp\/v2\/pages\/28\/revisions\/8330"}],"up":[{"embeddable":true,"href":"https:\/\/agora.xtec.cat\/ceipsanroma\/wp-json\/wp\/v2\/pages\/22"}],"wp:attachment":[{"href":"https:\/\/agora.xtec.cat\/ceipsanroma\/wp-json\/wp\/v2\/media?parent=28"}],"curies":[{"name":"wp","href":"https:\/\/api.w.org\/{rel}","templated":true}]}}