{"id":26,"date":"2014-09-18T12:24:32","date_gmt":"2014-09-18T12:24:32","guid":{"rendered":"http:\/\/agora.xtec.cat\/ceipsanroma\/?page_id=26"},"modified":"2024-02-26T10:30:03","modified_gmt":"2024-02-26T09:30:03","slug":"historia","status":"publish","type":"page","link":"https:\/\/agora.xtec.cat\/ceipsanroma\/lescola\/historia\/","title":{"rendered":"Hist\u00f2ria"},"content":{"rendered":"<p>Antigament l\u2019escola p\u00fablica de Llinars era un \u00fanic edifici situat en el carrer Frederic Mar\u00e8s. Degut al creixement de la poblaci\u00f3, aquest edifici va esdevenir insuficient. El batlle Sr. Salvador Sanrom\u00e0 es va preocupar d\u2019adquirir uns terrenys i promoure la construcci\u00f3 d\u2019un nou edifici. Des d\u2019aleshores l\u2019escola qued\u00e0 repartida en dos edificis, que distaven uns 400 metres aproximadament. El resultat, una escola de 3 l\u00ednies, separada en dos edificis, amb la conseq\u00fcent dificultat de coordinaci\u00f3. En l\u2019edifici del centre, el Dami\u00e0 Mateu, hi havia els alumnes petits, i en el Salvador Sanrom\u00e0 els alumnes m\u00e9s grans.<\/p>\n<p>El curs 85-86\u00a0 van comen\u00e7ar els tr\u00e0mits per la separaci\u00f3 en dues escoles. El curs 1986-87 va comen\u00e7ar a funcionar l\u2019escola Salvador Sanrom\u00e0 com a escola de nova creaci\u00f3 de dues l\u00ednies, una catalana i una castellana. El fet de tenir aquestes dues l\u00ednies en les dues lleng\u00fces marca molt l\u2019inici de l\u2019escola, abra\u00e7ant un p\u00fablic molt concret de la poblaci\u00f3, b\u00e0sicament immigrant.<\/p>\n<p>El curs 2004-2005 s\u2019inicien obres de remodelaci\u00f3 i ampliaci\u00f3 de l\u2019edifici que duraran m\u00e9s de dos anys. En aquestes obres es construeix un edifici nou per l\u2019educaci\u00f3 infantil i un gimn\u00e0s\/auditori.<\/p>\n<p>L\u2019any 2008, en reconeixement a la nostra tasca per la llengua, v\u00e0rem rebre el PREMI BALDIRI REIXAC.<\/p>\n<p>El curs 2008-09 inaugurarem l\u2019adquisici\u00f3 de l\u2019escultura que tenim a l\u2019entrada de l\u2019escola que simbolitza la nostra ess\u00e8ncia, \u00e9s l\u2019escultura de l\u2019escultor QUIM CAMPS.<\/p>\n<pre><em>(Extret del Projecte Educatiu de Centre)<\/em><\/pre>\n","protected":false},"excerpt":{"rendered":"<p>Antigament l\u2019escola p\u00fablica de Llinars era un \u00fanic edifici situat en el carrer Frederic Mar\u00e8s. Degut al creixement de la poblaci\u00f3, aquest edifici va esdevenir insuficient. El batlle Sr. Salvador Sanrom\u00e0 es va preocupar d\u2019adquirir uns terrenys i promoure la construcci\u00f3 d\u2019un nou edifici. Des d\u2019aleshores l\u2019escola qued\u00e0 repartida en dos edificis, que distaven uns [&hellip;]<\/p>\n","protected":false},"author":2,"featured_media":0,"parent":22,"menu_order":20,"comment_status":"closed","ping_status":"closed","template":"page-templates\/side-menu.php","meta":{"_bbp_topic_count":0,"_bbp_reply_count":0,"_bbp_total_topic_count":0,"_bbp_total_reply_count":0,"_bbp_voice_count":0,"_bbp_anonymous_reply_count":0,"_bbp_topic_count_hidden":0,"_bbp_reply_count_hidden":0,"_bbp_forum_subforum_count":0,"site-sidebar-layout":"default","site-content-layout":"","ast-site-content-layout":"","site-content-style":"default","site-sidebar-style":"default","ast-global-header-display":"","ast-banner-title-visibility":"","ast-main-header-display":"","ast-hfb-above-header-display":"","ast-hfb-below-header-display":"","ast-hfb-mobile-header-display":"","site-post-title":"","ast-breadcrumbs-content":"","ast-featured-img":"","footer-sml-layout":"","theme-transparent-header-meta":"","adv-header-id-meta":"","stick-header-meta":"","header-above-stick-meta":"","header-main-stick-meta":"","header-below-stick-meta":"","astra-migrate-meta-layouts":"default","ast-page-background-enabled":"default","ast-page-background-meta":{"desktop":{"background-color":"var(--ast-global-color-4)","background-image":"","background-repeat":"repeat","background-position":"center center","background-size":"auto","background-attachment":"scroll","background-type":"","background-media":"","overlay-type":"","overlay-color":"","overlay-opacity":"","overlay-gradient":""},"tablet":{"background-color":"","background-image":"","background-repeat":"repeat","background-position":"center center","background-size":"auto","background-attachment":"scroll","background-type":"","background-media":"","overlay-type":"","overlay-color":"","overlay-opacity":"","overlay-gradient":""},"mobile":{"background-color":"","background-image":"","background-repeat":"repeat","background-position":"center center","background-size":"auto","background-attachment":"scroll","background-type":"","background-media":"","overlay-type":"","overlay-color":"","overlay-opacity":"","overlay-gradient":""}},"ast-content-background-meta":{"desktop":{"background-color":"var(--ast-global-color-5)","background-image":"","background-repeat":"repeat","background-position":"center center","background-size":"auto","background-attachment":"scroll","background-type":"","background-media":"","overlay-type":"","overlay-color":"","overlay-opacity":"","overlay-gradient":""},"tablet":{"background-color":"var(--ast-global-color-5)","background-image":"","background-repeat":"repeat","background-position":"center center","background-size":"auto","background-attachment":"scroll","background-type":"","background-media":"","overlay-type":"","overlay-color":"","overlay-opacity":"","overlay-gradient":""},"mobile":{"background-color":"var(--ast-global-color-5)","background-image":"","background-repeat":"repeat","background-position":"center center","background-size":"auto","background-attachment":"scroll","background-type":"","background-media":"","overlay-type":"","overlay-color":"","overlay-opacity":"","overlay-gradient":""}},"footnotes":""},"class_list":["post-26","page","type-page","status-publish","hentry"],"post_mailing_queue_ids":[],"_links":{"self":[{"href":"https:\/\/agora.xtec.cat\/ceipsanroma\/wp-json\/wp\/v2\/pages\/26","targetHints":{"allow":["GET"]}}],"collection":[{"href":"https:\/\/agora.xtec.cat\/ceipsanroma\/wp-json\/wp\/v2\/pages"}],"about":[{"href":"https:\/\/agora.xtec.cat\/ceipsanroma\/wp-json\/wp\/v2\/types\/page"}],"author":[{"embeddable":true,"href":"https:\/\/agora.xtec.cat\/ceipsanroma\/wp-json\/wp\/v2\/users\/2"}],"replies":[{"embeddable":true,"href":"https:\/\/agora.xtec.cat\/ceipsanroma\/wp-json\/wp\/v2\/comments?post=26"}],"version-history":[{"count":5,"href":"https:\/\/agora.xtec.cat\/ceipsanroma\/wp-json\/wp\/v2\/pages\/26\/revisions"}],"predecessor-version":[{"id":7003,"href":"https:\/\/agora.xtec.cat\/ceipsanroma\/wp-json\/wp\/v2\/pages\/26\/revisions\/7003"}],"up":[{"embeddable":true,"href":"https:\/\/agora.xtec.cat\/ceipsanroma\/wp-json\/wp\/v2\/pages\/22"}],"wp:attachment":[{"href":"https:\/\/agora.xtec.cat\/ceipsanroma\/wp-json\/wp\/v2\/media?parent=26"}],"curies":[{"name":"wp","href":"https:\/\/api.w.org\/{rel}","templated":true}]}}