{"id":2536,"date":"2020-01-27T11:46:02","date_gmt":"2020-01-27T10:46:02","guid":{"rendered":"https:\/\/agora.xtec.cat\/ceipsanroma\/?page_id=2536"},"modified":"2025-07-04T18:02:44","modified_gmt":"2025-07-04T16:02:44","slug":"qui-som","status":"publish","type":"page","link":"https:\/\/agora.xtec.cat\/ceipsanroma\/lescola\/qui-som\/","title":{"rendered":"Qui som"},"content":{"rendered":"<p><strong>L&#8217;Equip Directiu<\/strong> est\u00e0 format per:<\/p>\n<p>DIRECTORA: Gabriela Huguet Esteras<\/p>\n<p>CAP D&#8217;ESTUDIS: Virginia Garc\u00eda S\u00e1nchez<\/p>\n<p>SECRETARIA: Marta Llistuella Arag\u00f3<\/p>\n<p><strong>El Consell de Direcci\u00f3<\/strong> est\u00e0 format per:<\/p>\n<p>L&#8217;Equip Directiu<\/p>\n<p>Coordinadora d&#8217;Educaci\u00f3 Infantil: Neus Palmero Barroso<\/p>\n<p>Coordinadora de Primer Cicle:<span style=\"font-family: inherit; font-size: 1em;\"> M\u00f2nica L\u00f3pez Bonet<\/span><\/p>\n<p>Coordinador de Segon Cicle: Daniel L\u00f3pez Albiach<\/p>\n<p>Coordinador de Tercer Cicle: \u00d2scar Venegas Mariscal<\/p>\n<p>&nbsp;<\/p>\n<div id=\"tooltip-tag-p0A65q95\"><\/div>\n<p>&nbsp;<\/p>\n<div id=\"widget-p0A65q95\">\n<div class=\"tts-previous tts-btn widget-icon\"><\/div>\n<div class=\"tts-play tts-btn widget-icon\"><\/div>\n<div class=\"tts-pause tts-btn widget-icon\"><\/div>\n<div class=\"tts-stop tts-btn widget-icon\"><\/div>\n<div class=\"tts-next tts-btn widget-icon\"><\/div>\n<\/div>\n<p>&nbsp;<\/p>\n<p><!--a=1--><\/p>\n<p><!----comment node----><\/p>\n<div id=\"tooltip-tag-p0A65q95\"><\/div>\n<p>&nbsp;<\/p>\n<div id=\"widget-p0A65q95\">\n<div class=\"tts-previous tts-btn widget-icon\"><\/div>\n<div class=\"tts-play tts-btn widget-icon\"><\/div>\n<div class=\"tts-pause tts-btn widget-icon\"><\/div>\n<div class=\"tts-stop tts-btn widget-icon\"><\/div>\n<div class=\"tts-next tts-btn widget-icon\"><\/div>\n<\/div>\n<p>&nbsp;<\/p>\n<p><!--a=1--><\/p>\n","protected":false},"excerpt":{"rendered":"<p>L&#8217;Equip Directiu est\u00e0 format per: DIRECTORA: Gabriela Huguet Esteras CAP D&#8217;ESTUDIS: Virginia Garc\u00eda S\u00e1nchez SECRETARIA: Marta Llistuella Arag\u00f3 El Consell de Direcci\u00f3 est\u00e0 format per: L&#8217;Equip Directiu Coordinadora d&#8217;Educaci\u00f3 Infantil: Neus Palmero Barroso Coordinadora de Primer Cicle: M\u00f2nica L\u00f3pez Bonet Coordinador de Segon Cicle: Daniel L\u00f3pez Albiach Coordinador de Tercer Cicle: \u00d2scar Venegas Mariscal &nbsp; [&hellip;]<\/p>\n","protected":false},"author":1,"featured_media":0,"parent":22,"menu_order":0,"comment_status":"closed","ping_status":"closed","template":"page-templates\/side-menu.php","meta":{"_bbp_topic_count":0,"_bbp_reply_count":0,"_bbp_total_topic_count":0,"_bbp_total_reply_count":0,"_bbp_voice_count":0,"_bbp_anonymous_reply_count":0,"_bbp_topic_count_hidden":0,"_bbp_reply_count_hidden":0,"_bbp_forum_subforum_count":0,"site-sidebar-layout":"default","site-content-layout":"","ast-site-content-layout":"","site-content-style":"default","site-sidebar-style":"default","ast-global-header-display":"","ast-banner-title-visibility":"","ast-main-header-display":"","ast-hfb-above-header-display":"","ast-hfb-below-header-display":"","ast-hfb-mobile-header-display":"","site-post-title":"","ast-breadcrumbs-content":"","ast-featured-img":"","footer-sml-layout":"","theme-transparent-header-meta":"","adv-header-id-meta":"","stick-header-meta":"","header-above-stick-meta":"","header-main-stick-meta":"","header-below-stick-meta":"","astra-migrate-meta-layouts":"default","ast-page-background-enabled":"default","ast-page-background-meta":{"desktop":{"background-color":"var(--ast-global-color-4)","background-image":"","background-repeat":"repeat","background-position":"center center","background-size":"auto","background-attachment":"scroll","background-type":"","background-media":"","overlay-type":"","overlay-color":"","overlay-opacity":"","overlay-gradient":""},"tablet":{"background-color":"","background-image":"","background-repeat":"repeat","background-position":"center center","background-size":"auto","background-attachment":"scroll","background-type":"","background-media":"","overlay-type":"","overlay-color":"","overlay-opacity":"","overlay-gradient":""},"mobile":{"background-color":"","background-image":"","background-repeat":"repeat","background-position":"center center","background-size":"auto","background-attachment":"scroll","background-type":"","background-media":"","overlay-type":"","overlay-color":"","overlay-opacity":"","overlay-gradient":""}},"ast-content-background-meta":{"desktop":{"background-color":"var(--ast-global-color-5)","background-image":"","background-repeat":"repeat","background-position":"center center","background-size":"auto","background-attachment":"scroll","background-type":"","background-media":"","overlay-type":"","overlay-color":"","overlay-opacity":"","overlay-gradient":""},"tablet":{"background-color":"var(--ast-global-color-5)","background-image":"","background-repeat":"repeat","background-position":"center center","background-size":"auto","background-attachment":"scroll","background-type":"","background-media":"","overlay-type":"","overlay-color":"","overlay-opacity":"","overlay-gradient":""},"mobile":{"background-color":"var(--ast-global-color-5)","background-image":"","background-repeat":"repeat","background-position":"center center","background-size":"auto","background-attachment":"scroll","background-type":"","background-media":"","overlay-type":"","overlay-color":"","overlay-opacity":"","overlay-gradient":""}},"footnotes":""},"class_list":["post-2536","page","type-page","status-publish","hentry"],"post_mailing_queue_ids":[],"_links":{"self":[{"href":"https:\/\/agora.xtec.cat\/ceipsanroma\/wp-json\/wp\/v2\/pages\/2536","targetHints":{"allow":["GET"]}}],"collection":[{"href":"https:\/\/agora.xtec.cat\/ceipsanroma\/wp-json\/wp\/v2\/pages"}],"about":[{"href":"https:\/\/agora.xtec.cat\/ceipsanroma\/wp-json\/wp\/v2\/types\/page"}],"author":[{"embeddable":true,"href":"https:\/\/agora.xtec.cat\/ceipsanroma\/wp-json\/wp\/v2\/users\/1"}],"replies":[{"embeddable":true,"href":"https:\/\/agora.xtec.cat\/ceipsanroma\/wp-json\/wp\/v2\/comments?post=2536"}],"version-history":[{"count":7,"href":"https:\/\/agora.xtec.cat\/ceipsanroma\/wp-json\/wp\/v2\/pages\/2536\/revisions"}],"predecessor-version":[{"id":8624,"href":"https:\/\/agora.xtec.cat\/ceipsanroma\/wp-json\/wp\/v2\/pages\/2536\/revisions\/8624"}],"up":[{"embeddable":true,"href":"https:\/\/agora.xtec.cat\/ceipsanroma\/wp-json\/wp\/v2\/pages\/22"}],"wp:attachment":[{"href":"https:\/\/agora.xtec.cat\/ceipsanroma\/wp-json\/wp\/v2\/media?parent=2536"}],"curies":[{"name":"wp","href":"https:\/\/api.w.org\/{rel}","templated":true}]}}