{"id":14267,"date":"2026-04-09T10:00:18","date_gmt":"2026-04-09T08:00:18","guid":{"rendered":"https:\/\/agora.xtec.cat\/ceipsanroma\/?page_id=14267"},"modified":"2026-04-15T08:08:01","modified_gmt":"2026-04-15T06:08:01","slug":"ajuts","status":"publish","type":"page","link":"https:\/\/agora.xtec.cat\/ceipsanroma\/secretaria\/ajuts\/","title":{"rendered":"Ajuts"},"content":{"rendered":"\n<h1 class=\"wp-block-heading\" id=\"title0\">Convocat\u00f2ria d&#8217;ajuts de menjador escolar per al curs 2025-26<\/h1>\n\n\n\n<p>Dilluns, 16 de juny de 2025<\/p>\n\n\n\n<p>El termini per presentar les sol\u00b7licituds finalitza el 4&nbsp;de juliol.<\/p>\n\n\n\n<p><strong>Qui pot sol\u00b7licitar l\u2019ajut?<\/strong><br>Pots sol\u00b7licitar l\u2019ajut si ets el pare, mare, tutor\/a legal o la persona encarregada de la guarda i protecci\u00f3 d\u2019infants o adolescents escolaritzats en centres educatius sufragats amb fons p\u00fablics de Catalunya en qualsevol dels cursos de segon i tercer dels ensenyaments de primer cicle d\u2019infantil, en aquelles escoles de titularitat de la Generalitat on s\u2019hagi implementat, i qualsevol dels cursos d\u2019ensenyaments de segon cicle d\u2019educaci\u00f3 infantil i d\u2019ensenyaments obligatoris.&nbsp;<br><br>Les sol\u00b7licituds s&#8217;hauran de recollir i&nbsp;presentar de manera presencial a l&#8217;OAC de l&#8217;Ajuntament<br>Pla\u00e7a de la Vila, 1<br>De dilluns a divendres de 8 a 14 h<br>Tf. 93 841 27 50<\/p>\n\n\n\n<p>Tamb\u00e9 hi ha l&#8217;opci\u00f3 de presentar-la telem\u00e0ticament. En aquest cas s&#8217;ha d&#8217;imprimir la&nbsp;sol\u00b7licitud&nbsp;d&#8217;ajut individual de menjador&nbsp;i un cop emplenada&nbsp;i signada correctament, escanejar-la i adjuntar-la mitjan\u00e7ant una inst\u00e0ncia general que trobareu en aquest&nbsp;<a href=\"https:\/\/llinarsdelvalles.eadministracio.cat\/?x=mucEXZeWdMulYjQNesel47FGYmbcU-cA9q8SM46g7LGewxN-*NTN*hBPWxUbzO2WfGgL0VGUSe0Tc44n-4NPWUbaXLWQEnpRY-jdbEToWKsLDoPmGd0hbPhlBmmVokFMRwOfL7LB6TePaOvB11HLzXiCepP3C8Hof04OU7YswPVUBZ0p3gwW*SPFychP7IAfPanrQrLCnl86epS*jjzZag\" target=\"_blank\" rel=\"noreferrer noopener\">enlla\u00e7.<\/a><\/p>\n\n\n\n<p class=\"has-large-font-size\"><strong>Convocat\u00f2ria d&#8217;ajuts per al casal d&#8217;estiu municipal per al curs 2025-26<\/strong><\/p>\n\n\n\n<figure class=\"wp-block-image alignleft size-large is-resized\" id=\"https:\/\/agora.xtec.cat\/ceipsanroma\/wp-content\/uploads\/usu339\/2026\/03\/Full-informatiu-beques-Casal-dEstiu-2026.pdf\"><a href=\"https:\/\/agora.xtec.cat\/ceipsanroma\/wp-content\/uploads\/usu339\/2026\/03\/Full-informatiu-beques-Casal-dEstiu-2026.pdf\"><img loading=\"lazy\" decoding=\"async\" width=\"1024\" height=\"1024\" src=\"https:\/\/agora.xtec.cat\/ceipsanroma\/wp-content\/uploads\/usu339\/2026\/03\/Ajuts-Casal-dEstiu-1024x1024.jpg\" alt=\"\" class=\"wp-image-14288\" style=\"width:448px;height:auto\" srcset=\"https:\/\/agora.xtec.cat\/ceipsanroma\/wp-content\/uploads\/usu339\/2026\/03\/Ajuts-Casal-dEstiu-1024x1024.jpg 1024w, https:\/\/agora.xtec.cat\/ceipsanroma\/wp-content\/uploads\/usu339\/2026\/03\/Ajuts-Casal-dEstiu-300x300.jpg 300w, https:\/\/agora.xtec.cat\/ceipsanroma\/wp-content\/uploads\/usu339\/2026\/03\/Ajuts-Casal-dEstiu-150x150.jpg 150w, https:\/\/agora.xtec.cat\/ceipsanroma\/wp-content\/uploads\/usu339\/2026\/03\/Ajuts-Casal-dEstiu-768x768.jpg 768w, https:\/\/agora.xtec.cat\/ceipsanroma\/wp-content\/uploads\/usu339\/2026\/03\/Ajuts-Casal-dEstiu.jpg 1080w\" sizes=\"auto, (max-width: 1024px) 100vw, 1024px\" \/><\/a><\/figure>\n\n\n\n<p><img decoding=\"async\" alt=\"\ud83d\udea8\" src=\"https:\/\/fonts.gstatic.com\/s\/e\/notoemoji\/17.0\/1f6a8\/32.png\">&nbsp;MODIFICACI\u00d3 EN LES DATES DE SOL\u00b7LICITUD D&#8217;AJUT AL CASAL D&#8217;ESTIU!<\/p>\n\n\n\n<p><img decoding=\"async\" alt=\"\ud83d\udc49\" src=\"https:\/\/fonts.gstatic.com\/s\/e\/notoemoji\/17.0\/1f449\/32.png\">&nbsp;La convocat\u00f2ria d&#8217;ajuts econ\u00f2mics per a la inscripci\u00f3 del Casal d&#8217;Estiu Municipal 2026 s&#8217;obre del 14 al 27 d&#8217;abril<\/p>\n\n\n\n<p><img decoding=\"async\" alt=\"\u270d\" src=\"https:\/\/fonts.gstatic.com\/s\/e\/notoemoji\/17.0\/270d\/32.png\">\ufe0f Les sol\u00b7licituds es poden tramitar presencialment a l&#8217;OAC de la Pla\u00e7a de la Vila o a trav\u00e9s de la seu electr\u00f2nica<\/p>\n\n\n\n<p><img decoding=\"async\" alt=\"\ud83d\uddd3\" src=\"https:\/\/fonts.gstatic.com\/s\/e\/notoemoji\/17.0\/1f5d3\/32.png\">\ufe0f De dilluns a divendres de 8 a 14h i dilluns i dimecres de 16h a 19h<\/p>\n\n\n\n<p><img decoding=\"async\" alt=\"\ud83e\udd1d\" src=\"https:\/\/fonts.gstatic.com\/s\/e\/notoemoji\/17.0\/1f91d\/32.png\"><img decoding=\"async\" alt=\"\ud83c\udffb\" src=\"https:\/\/fonts.gstatic.com\/s\/e\/notoemoji\/17.0\/1f3fb\/32.png\">Assessorament presencial per a tramitar l&#8217;ajut els dies 13, 20 i 27 d&#8217;abril a l&#8217;OAC de 16h 18h<\/p>\n\n\n\n<p><img decoding=\"async\" alt=\"\u2705\" src=\"https:\/\/fonts.gstatic.com\/s\/e\/notoemoji\/17.0\/2705\/32.png\">&nbsp;Les persones interessades hauran d&#8217;aportar la preinscripci\u00f3 al Casal d&#8217;Estiu, el termini del qual va del 7 al 21 d&#8217;abril<\/p>\n\n\n\n<p><img decoding=\"async\" alt=\"\u260e\" src=\"https:\/\/fonts.gstatic.com\/s\/e\/notoemoji\/17.0\/260e\/32.png\">\ufe0f Per m\u00e9s informaci\u00f3, podeu trucar a les \u00e0rees de Serveis Socials i Joventut: 93.841.27.50<\/p>\n","protected":false},"excerpt":{"rendered":"<p>Convocat\u00f2ria d&#8217;ajuts de menjador escolar per al curs 2025-26 Dilluns, 16 de juny de 2025 El termini per presentar les sol\u00b7licituds finalitza el 4&nbsp;de juliol. Qui pot sol\u00b7licitar l\u2019ajut?Pots sol\u00b7licitar l\u2019ajut si ets el pare, mare, tutor\/a legal o la persona encarregada de la guarda i protecci\u00f3 d\u2019infants o adolescents escolaritzats en centres educatius sufragats [&hellip;]<\/p>\n","protected":false},"author":1,"featured_media":0,"parent":14261,"menu_order":0,"comment_status":"closed","ping_status":"close","template":"","meta":{"_bbp_topic_count":0,"_bbp_reply_count":0,"_bbp_total_topic_count":0,"_bbp_total_reply_count":0,"_bbp_voice_count":0,"_bbp_anonymous_reply_count":0,"_bbp_topic_count_hidden":0,"_bbp_reply_count_hidden":0,"_bbp_forum_subforum_count":0,"site-sidebar-layout":"default","site-content-layout":"","ast-site-content-layout":"default","site-content-style":"default","site-sidebar-style":"default","ast-global-header-display":"","ast-banner-title-visibility":"","ast-main-header-display":"","ast-hfb-above-header-display":"","ast-hfb-below-header-display":"","ast-hfb-mobile-header-display":"","site-post-title":"","ast-breadcrumbs-content":"","ast-featured-img":"","footer-sml-layout":"","theme-transparent-header-meta":"","adv-header-id-meta":"","stick-header-meta":"","header-above-stick-meta":"","header-main-stick-meta":"","header-below-stick-meta":"","astra-migrate-meta-layouts":"set","ast-page-background-enabled":"default","ast-page-background-meta":{"desktop":{"background-color":"var(--ast-global-color-4)","background-image":"","background-repeat":"repeat","background-position":"center center","background-size":"auto","background-attachment":"scroll","background-type":"","background-media":"","overlay-type":"","overlay-color":"","overlay-opacity":"","overlay-gradient":""},"tablet":{"background-color":"","background-image":"","background-repeat":"repeat","background-position":"center center","background-size":"auto","background-attachment":"scroll","background-type":"","background-media":"","overlay-type":"","overlay-color":"","overlay-opacity":"","overlay-gradient":""},"mobile":{"background-color":"","background-image":"","background-repeat":"repeat","background-position":"center center","background-size":"auto","background-attachment":"scroll","background-type":"","background-media":"","overlay-type":"","overlay-color":"","overlay-opacity":"","overlay-gradient":""}},"ast-content-background-meta":{"desktop":{"background-color":"var(--ast-global-color-5)","background-image":"","background-repeat":"repeat","background-position":"center center","background-size":"auto","background-attachment":"scroll","background-type":"","background-media":"","overlay-type":"","overlay-color":"","overlay-opacity":"","overlay-gradient":""},"tablet":{"background-color":"var(--ast-global-color-5)","background-image":"","background-repeat":"repeat","background-position":"center center","background-size":"auto","background-attachment":"scroll","background-type":"","background-media":"","overlay-type":"","overlay-color":"","overlay-opacity":"","overlay-gradient":""},"mobile":{"background-color":"var(--ast-global-color-5)","background-image":"","background-repeat":"repeat","background-position":"center center","background-size":"auto","background-attachment":"scroll","background-type":"","background-media":"","overlay-type":"","overlay-color":"","overlay-opacity":"","overlay-gradient":""}},"footnotes":""},"class_list":["post-14267","page","type-page","status-publish","hentry"],"post_mailing_queue_ids":[],"_links":{"self":[{"href":"https:\/\/agora.xtec.cat\/ceipsanroma\/wp-json\/wp\/v2\/pages\/14267","targetHints":{"allow":["GET"]}}],"collection":[{"href":"https:\/\/agora.xtec.cat\/ceipsanroma\/wp-json\/wp\/v2\/pages"}],"about":[{"href":"https:\/\/agora.xtec.cat\/ceipsanroma\/wp-json\/wp\/v2\/types\/page"}],"author":[{"embeddable":true,"href":"https:\/\/agora.xtec.cat\/ceipsanroma\/wp-json\/wp\/v2\/users\/1"}],"replies":[{"embeddable":true,"href":"https:\/\/agora.xtec.cat\/ceipsanroma\/wp-json\/wp\/v2\/comments?post=14267"}],"version-history":[{"count":5,"href":"https:\/\/agora.xtec.cat\/ceipsanroma\/wp-json\/wp\/v2\/pages\/14267\/revisions"}],"predecessor-version":[{"id":14461,"href":"https:\/\/agora.xtec.cat\/ceipsanroma\/wp-json\/wp\/v2\/pages\/14267\/revisions\/14461"}],"up":[{"embeddable":true,"href":"https:\/\/agora.xtec.cat\/ceipsanroma\/wp-json\/wp\/v2\/pages\/14261"}],"wp:attachment":[{"href":"https:\/\/agora.xtec.cat\/ceipsanroma\/wp-json\/wp\/v2\/media?parent=14267"}],"curies":[{"name":"wp","href":"https:\/\/api.w.org\/{rel}","templated":true}]}}