{"id":14265,"date":"2026-04-09T09:58:04","date_gmt":"2026-04-09T07:58:04","guid":{"rendered":"https:\/\/agora.xtec.cat\/ceipsanroma\/?page_id=14265"},"modified":"2026-04-09T11:24:18","modified_gmt":"2026-04-09T09:24:18","slug":"documents-secretaria","status":"publish","type":"page","link":"https:\/\/agora.xtec.cat\/ceipsanroma\/secretaria\/documents-secretaria\/","title":{"rendered":"Documents secretaria"},"content":{"rendered":"\n<figure class=\"wp-block-image size-full\"><a href=\"https:\/\/agora.xtec.cat\/ceipsanroma\/wp-content\/uploads\/usu339\/2026\/03\/seccio-web-en-construccio.png\"><img loading=\"lazy\" decoding=\"async\" width=\"940\" height=\"627\" src=\"https:\/\/agora.xtec.cat\/ceipsanroma\/wp-content\/uploads\/usu339\/2026\/03\/seccio-web-en-construccio.png\" alt=\"\" class=\"wp-image-14264\" srcset=\"https:\/\/agora.xtec.cat\/ceipsanroma\/wp-content\/uploads\/usu339\/2026\/03\/seccio-web-en-construccio.png 940w, https:\/\/agora.xtec.cat\/ceipsanroma\/wp-content\/uploads\/usu339\/2026\/03\/seccio-web-en-construccio-300x200.png 300w, https:\/\/agora.xtec.cat\/ceipsanroma\/wp-content\/uploads\/usu339\/2026\/03\/seccio-web-en-construccio-768x512.png 768w\" sizes=\"auto, (max-width: 940px) 100vw, 940px\" \/><\/a><\/figure>\n\n\n\n<p><em>Clica sobre el document que vulguis consultar.<\/em><\/p>\n\n\n\n<p>Full dades familiars<\/p>\n\n\n\n<p>Circular al\u00b7l\u00e8rgies<\/p>\n\n\n\n<p>Autoritzaci\u00f3 relativa als alumnes menors de 14 anys: \u00fas d\u2019imatges, publicaci\u00f3 de dades de car\u00e0cter personal i de material que elaboren.<\/p>\n\n\n\n<p>Autoritzaci\u00f3 recollida i tel\u00e8fons Prim\u00e0ria<\/p>\n\n\n\n<p>Autoritzaci\u00f3 recursos digitals menors 14<\/p>\n\n\n\n<p>Autoritzaci\u00f3 recollida i tel\u00e8fons Ed. Infantil<\/p>\n\n\n\n<p>Autoritzaci\u00f3 administraci\u00f3 de paracetamol<\/p>\n\n\n\n<p>Autoritzaci\u00f3 per marxar sols a casa\u00a0<\/p>\n\n\n\n<p>Autoritzaci\u00f3 subministrament medicaments<\/p>\n\n\n\n<p><\/p>\n","protected":false},"excerpt":{"rendered":"<p>Clica sobre el document que vulguis consultar. Full dades familiars Circular al\u00b7l\u00e8rgies Autoritzaci\u00f3 relativa als alumnes menors de 14 anys: \u00fas d\u2019imatges, publicaci\u00f3 de dades de car\u00e0cter personal i de material que elaboren. Autoritzaci\u00f3 recollida i tel\u00e8fons Prim\u00e0ria Autoritzaci\u00f3 recursos digitals menors 14 Autoritzaci\u00f3 recollida i tel\u00e8fons Ed. Infantil Autoritzaci\u00f3 administraci\u00f3 de paracetamol Autoritzaci\u00f3 per [&hellip;]<\/p>\n","protected":false},"author":1,"featured_media":0,"parent":14261,"menu_order":0,"comment_status":"closed","ping_status":"close","template":"","meta":{"_bbp_topic_count":0,"_bbp_reply_count":0,"_bbp_total_topic_count":0,"_bbp_total_reply_count":0,"_bbp_voice_count":0,"_bbp_anonymous_reply_count":0,"_bbp_topic_count_hidden":0,"_bbp_reply_count_hidden":0,"_bbp_forum_subforum_count":0,"site-sidebar-layout":"default","site-content-layout":"","ast-site-content-layout":"default","site-content-style":"default","site-sidebar-style":"default","ast-global-header-display":"","ast-banner-title-visibility":"","ast-main-header-display":"","ast-hfb-above-header-display":"","ast-hfb-below-header-display":"","ast-hfb-mobile-header-display":"","site-post-title":"","ast-breadcrumbs-content":"","ast-featured-img":"disabled","footer-sml-layout":"","theme-transparent-header-meta":"","adv-header-id-meta":"","stick-header-meta":"","header-above-stick-meta":"","header-main-stick-meta":"","header-below-stick-meta":"","astra-migrate-meta-layouts":"set","ast-page-background-enabled":"default","ast-page-background-meta":{"desktop":{"background-color":"var(--ast-global-color-4)","background-image":"","background-repeat":"repeat","background-position":"center center","background-size":"auto","background-attachment":"scroll","background-type":"","background-media":"","overlay-type":"","overlay-color":"","overlay-opacity":"","overlay-gradient":""},"tablet":{"background-color":"","background-image":"","background-repeat":"repeat","background-position":"center center","background-size":"auto","background-attachment":"scroll","background-type":"","background-media":"","overlay-type":"","overlay-color":"","overlay-opacity":"","overlay-gradient":""},"mobile":{"background-color":"","background-image":"","background-repeat":"repeat","background-position":"center center","background-size":"auto","background-attachment":"scroll","background-type":"","background-media":"","overlay-type":"","overlay-color":"","overlay-opacity":"","overlay-gradient":""}},"ast-content-background-meta":{"desktop":{"background-color":"var(--ast-global-color-5)","background-image":"","background-repeat":"repeat","background-position":"center center","background-size":"auto","background-attachment":"scroll","background-type":"","background-media":"","overlay-type":"","overlay-color":"","overlay-opacity":"","overlay-gradient":""},"tablet":{"background-color":"var(--ast-global-color-5)","background-image":"","background-repeat":"repeat","background-position":"center center","background-size":"auto","background-attachment":"scroll","background-type":"","background-media":"","overlay-type":"","overlay-color":"","overlay-opacity":"","overlay-gradient":""},"mobile":{"background-color":"var(--ast-global-color-5)","background-image":"","background-repeat":"repeat","background-position":"center center","background-size":"auto","background-attachment":"scroll","background-type":"","background-media":"","overlay-type":"","overlay-color":"","overlay-opacity":"","overlay-gradient":""}},"footnotes":""},"class_list":["post-14265","page","type-page","status-publish","hentry"],"post_mailing_queue_ids":[],"_links":{"self":[{"href":"https:\/\/agora.xtec.cat\/ceipsanroma\/wp-json\/wp\/v2\/pages\/14265","targetHints":{"allow":["GET"]}}],"collection":[{"href":"https:\/\/agora.xtec.cat\/ceipsanroma\/wp-json\/wp\/v2\/pages"}],"about":[{"href":"https:\/\/agora.xtec.cat\/ceipsanroma\/wp-json\/wp\/v2\/types\/page"}],"author":[{"embeddable":true,"href":"https:\/\/agora.xtec.cat\/ceipsanroma\/wp-json\/wp\/v2\/users\/1"}],"replies":[{"embeddable":true,"href":"https:\/\/agora.xtec.cat\/ceipsanroma\/wp-json\/wp\/v2\/comments?post=14265"}],"version-history":[{"count":2,"href":"https:\/\/agora.xtec.cat\/ceipsanroma\/wp-json\/wp\/v2\/pages\/14265\/revisions"}],"predecessor-version":[{"id":14331,"href":"https:\/\/agora.xtec.cat\/ceipsanroma\/wp-json\/wp\/v2\/pages\/14265\/revisions\/14331"}],"up":[{"embeddable":true,"href":"https:\/\/agora.xtec.cat\/ceipsanroma\/wp-json\/wp\/v2\/pages\/14261"}],"wp:attachment":[{"href":"https:\/\/agora.xtec.cat\/ceipsanroma\/wp-json\/wp\/v2\/media?parent=14265"}],"curies":[{"name":"wp","href":"https:\/\/api.w.org\/{rel}","templated":true}]}}