{"id":82,"date":"2014-09-18T14:10:51","date_gmt":"2014-09-18T13:10:51","guid":{"rendered":"http:\/\/agora.xtec.cat\/ceipsalvatella\/?page_id=82"},"modified":"2026-04-15T13:46:24","modified_gmt":"2026-04-15T11:46:24","slug":"casal-destiu","status":"publish","type":"page","link":"https:\/\/agora.xtec.cat\/ceipsalvatella\/serveis\/casal-destiu\/","title":{"rendered":"Col\u00f2nies escolars 2025-2026"},"content":{"rendered":"<p>Les col\u00f2nies s\u00f3n una de les experi\u00e8ncies m\u00e9s esperades del curs! Uns dies plens d\u2019aventures, conviv\u00e8ncia i aprenentatge en un entorn natural, on els infants desenvolupen autonomia, creen vincles i viuen moments inoblidables amb els seus companys i companyes.<\/p>\n<p>Cada estada est\u00e0 adaptada a l\u2019edat de l\u2019alumnat i combina activitats l\u00fadiques, educatives i esportives en entorns privilegiats.<\/p>\n<h4>\ud83c\udf31 I3 a 2n \u2013 Granja escola<\/h4>\n<p>\ud83d\udcc5 18 i 19 de maig de 2026<br \/>\n\ud83d\udccd <em>El Castell de Fluvi\u00e0<\/em> (Sant Esteve de Palautordera)<\/p>\n<p>Els m\u00e9s petits gaudiran d\u2019una primera experi\u00e8ncia fora de casa en un entorn natural, amb activitats de granja que fomenten el respecte pels animals i la natura.<\/p>\n<h4>\u26bd 3r, 4t i 5\u00e8 \u2013 Fem esport XV<\/h4>\n<p>\ud83d\udcc5 Del 6 al 8 de maig de 2026<br \/>\n\ud83d\udccd <em>Mas Bad\u00f3<\/em> (Sant Quirze Safaja)<\/p>\n<p>Una estada activa i din\u00e0mica on l\u2019esport, el treball en equip i la diversi\u00f3 s\u00f3n els protagonistes.<\/p>\n<h4>\ud83c\udf0a 6\u00e8 \u2013 Escola n\u00e0utica esportiva XV<\/h4>\n<p>\ud83d\udcc5 Del 26 al 29 de maig de 2026<br \/>\n\ud83d\udccd <em>Casa de col\u00f2nies Albatros<\/em> (Costa Brava)<\/p>\n<p>Els alumnes de 6\u00e8 viuran una experi\u00e8ncia \u00fanica amb activitats n\u00e0utiques, conviv\u00e8ncia i moments especials per acomiadar l\u2019etapa de prim\u00e0ria.<\/p>\n<p>&nbsp;<\/p>\n<p><strong>\u00a0Les col\u00f2nies s\u00f3n molt m\u00e9s que una sortida: s\u00f3n una oportunitat per cr\u00e9ixer, compartir i crear records que duraran per sempre.<\/strong><\/p>\n<p><img loading=\"lazy\" decoding=\"async\" class=\"alignnone size-full wp-image-1695\" src=\"https:\/\/agora.xtec.cat\/ceipsalvatella\/wp-content\/uploads\/usu1979\/2026\/04\/colonies-2026-2.jpg\" alt=\"\" width=\"1414\" height=\"2000\" srcset=\"https:\/\/agora.xtec.cat\/ceipsalvatella\/wp-content\/uploads\/usu1979\/2026\/04\/colonies-2026-2.jpg 1414w, https:\/\/agora.xtec.cat\/ceipsalvatella\/wp-content\/uploads\/usu1979\/2026\/04\/colonies-2026-2-212x300.jpg 212w, https:\/\/agora.xtec.cat\/ceipsalvatella\/wp-content\/uploads\/usu1979\/2026\/04\/colonies-2026-2-724x1024.jpg 724w, https:\/\/agora.xtec.cat\/ceipsalvatella\/wp-content\/uploads\/usu1979\/2026\/04\/colonies-2026-2-768x1086.jpg 768w, https:\/\/agora.xtec.cat\/ceipsalvatella\/wp-content\/uploads\/usu1979\/2026\/04\/colonies-2026-2-1086x1536.jpg 1086w\" sizes=\"auto, (max-width: 1414px) 100vw, 1414px\" \/><\/p>\n<p>&nbsp;<\/p>\n<p>&nbsp;<\/p>\n<p>&nbsp;<\/p>\n","protected":false},"excerpt":{"rendered":"<p>Les col\u00f2nies s\u00f3n una de les experi\u00e8ncies m\u00e9s esperades del curs! Uns dies plens d\u2019aventures, conviv\u00e8ncia i aprenentatge en un entorn natural, on els infants desenvolupen autonomia, creen vincles i viuen moments inoblidables amb els seus companys i companyes. Cada estada est\u00e0 adaptada a l\u2019edat de l\u2019alumnat i combina activitats l\u00fadiques, educatives i esportives en [&hellip;]<\/p>\n","protected":false},"author":1,"featured_media":0,"parent":66,"menu_order":50,"comment_status":"closed","ping_status":"closed","template":"","meta":{"_bbp_topic_count":0,"_bbp_reply_count":0,"_bbp_total_topic_count":0,"_bbp_total_reply_count":0,"_bbp_voice_count":0,"_bbp_anonymous_reply_count":0,"_bbp_topic_count_hidden":0,"_bbp_reply_count_hidden":0,"_bbp_forum_subforum_count":0,"site-sidebar-layout":"default","site-content-layout":"","ast-site-content-layout":"default","site-content-style":"default","site-sidebar-style":"default","ast-global-header-display":"","ast-banner-title-visibility":"","ast-main-header-display":"","ast-hfb-above-header-display":"","ast-hfb-below-header-display":"","ast-hfb-mobile-header-display":"","site-post-title":"","ast-breadcrumbs-content":"","ast-featured-img":"","footer-sml-layout":"","theme-transparent-header-meta":"default","adv-header-id-meta":"","stick-header-meta":"","header-above-stick-meta":"","header-main-stick-meta":"","header-below-stick-meta":"","astra-migrate-meta-layouts":"set","ast-page-background-enabled":"default","ast-page-background-meta":{"desktop":{"background-color":"var(--ast-global-color-4)","background-image":"","background-repeat":"repeat","background-position":"center center","background-size":"auto","background-attachment":"scroll","background-type":"","background-media":"","overlay-type":"","overlay-color":"","overlay-opacity":"","overlay-gradient":""},"tablet":{"background-color":"","background-image":"","background-repeat":"repeat","background-position":"center center","background-size":"auto","background-attachment":"scroll","background-type":"","background-media":"","overlay-type":"","overlay-color":"","overlay-opacity":"","overlay-gradient":""},"mobile":{"background-color":"","background-image":"","background-repeat":"repeat","background-position":"center center","background-size":"auto","background-attachment":"scroll","background-type":"","background-media":"","overlay-type":"","overlay-color":"","overlay-opacity":"","overlay-gradient":""}},"ast-content-background-meta":{"desktop":{"background-color":"var(--ast-global-color-5)","background-image":"","background-repeat":"repeat","background-position":"center center","background-size":"auto","background-attachment":"scroll","background-type":"","background-media":"","overlay-type":"","overlay-color":"","overlay-opacity":"","overlay-gradient":""},"tablet":{"background-color":"var(--ast-global-color-5)","background-image":"","background-repeat":"repeat","background-position":"center center","background-size":"auto","background-attachment":"scroll","background-type":"","background-media":"","overlay-type":"","overlay-color":"","overlay-opacity":"","overlay-gradient":""},"mobile":{"background-color":"var(--ast-global-color-5)","background-image":"","background-repeat":"repeat","background-position":"center center","background-size":"auto","background-attachment":"scroll","background-type":"","background-media":"","overlay-type":"","overlay-color":"","overlay-opacity":"","overlay-gradient":""}},"footnotes":""},"class_list":["post-82","page","type-page","status-publish","hentry"],"post_mailing_queue_ids":[],"_links":{"self":[{"href":"https:\/\/agora.xtec.cat\/ceipsalvatella\/wp-json\/wp\/v2\/pages\/82","targetHints":{"allow":["GET"]}}],"collection":[{"href":"https:\/\/agora.xtec.cat\/ceipsalvatella\/wp-json\/wp\/v2\/pages"}],"about":[{"href":"https:\/\/agora.xtec.cat\/ceipsalvatella\/wp-json\/wp\/v2\/types\/page"}],"author":[{"embeddable":true,"href":"https:\/\/agora.xtec.cat\/ceipsalvatella\/wp-json\/wp\/v2\/users\/1"}],"replies":[{"embeddable":true,"href":"https:\/\/agora.xtec.cat\/ceipsalvatella\/wp-json\/wp\/v2\/comments?post=82"}],"version-history":[{"count":7,"href":"https:\/\/agora.xtec.cat\/ceipsalvatella\/wp-json\/wp\/v2\/pages\/82\/revisions"}],"predecessor-version":[{"id":1696,"href":"https:\/\/agora.xtec.cat\/ceipsalvatella\/wp-json\/wp\/v2\/pages\/82\/revisions\/1696"}],"up":[{"embeddable":true,"href":"https:\/\/agora.xtec.cat\/ceipsalvatella\/wp-json\/wp\/v2\/pages\/66"}],"wp:attachment":[{"href":"https:\/\/agora.xtec.cat\/ceipsalvatella\/wp-json\/wp\/v2\/media?parent=82"}],"curies":[{"name":"wp","href":"https:\/\/api.w.org\/{rel}","templated":true}]}}