{"id":77,"date":"2014-09-18T14:05:08","date_gmt":"2014-09-18T13:05:08","guid":{"rendered":"http:\/\/agora.xtec.cat\/ceipsalvatella\/?page_id=77"},"modified":"2020-04-03T13:24:00","modified_gmt":"2020-04-03T11:24:00","slug":"acollida","status":"publish","type":"page","link":"https:\/\/agora.xtec.cat\/ceipsalvatella\/atencio-a-la-diversitat\/acollida\/","title":{"rendered":"Aula Acollida"},"content":{"rendered":"<p>L\u2019aula d\u2019acollida \u00e9s l\u2019espai on l\u2019alumnat nouvingut assisteix una part del seu horari escolar per tal que vagi adquirint una major compet\u00e8ncia ling\u00fc\u00edstica a fi de poder seguir el curr\u00edculum amb tota normalitat.<\/p>\n<p>El Departament d\u2019Educaci\u00f3 va posar en funcionament les aules d\u2019acollida el curs 2004-2005. El mateix any 2004 es va crear, dins del Departament d&#8217;Educaci\u00f3 de la Generalitat de Catalunya, la Subdirecci\u00f3 General de Lleng\u00fces i Entorn amb la finalitat de promoure la igualtat d&#8217;oportunitats i la cohesi\u00f3 social, a m\u00e9s, de consolidar la llengua catalana com a eix vertebrador d&#8217;un projecte educatiu pluriling\u00fce i intercultural. En el cas de la nostra escola, ens mostrem actius en aquest \u00e0mbit des del curs 2019-2020.<\/p>\n<p>Aquesta aula permet que aquests alumnes se sentin atesos d\u2019una manera m\u00e9s propera. Els alumnes nouvinguts combinen la jornada escolar entre l\u2019Aula d\u2019Acollida i l\u2019Aula Ordin\u00e0ria per tal que es puguin integrar amb la resta de companys de la seva classe.<\/p>\n<p>L\u2019aula d\u2019acollida del centre t\u00e9 com a principi b\u00e0sic garantir l\u2019aprenentatge de la llengua, l\u2019acc\u00e9s al curr\u00edculum com\u00fa i el proc\u00e9s de socialitzaci\u00f3 d\u2019aquest alumnat.<\/p>\n<p>La metodologia de l\u2019aula t\u00e9 en compte:<\/p>\n<ul>\n<li><strong>Organitzaci\u00f3 dels aprenentatges de manera globalitzada.<\/strong><\/li>\n<li><strong>Exist\u00e8ncia d\u2019activitats funcionals.<\/strong><\/li>\n<li><strong>Treball cooperatiu.<\/strong><\/li>\n<li><strong>Establiment de relacions personals positives.<\/strong><\/li>\n<\/ul>\n","protected":false},"excerpt":{"rendered":"<p>L\u2019aula d\u2019acollida \u00e9s l\u2019espai on l\u2019alumnat nouvingut assisteix una part del seu horari escolar per tal que vagi adquirint una major compet\u00e8ncia ling\u00fc\u00edstica a fi de poder seguir el curr\u00edculum amb tota normalitat. El Departament d\u2019Educaci\u00f3 va posar en funcionament les aules d\u2019acollida el curs 2004-2005. El mateix any 2004 es va crear, dins del [&hellip;]<\/p>\n","protected":false},"author":1,"featured_media":0,"parent":611,"menu_order":20,"comment_status":"closed","ping_status":"closed","template":"page-templates\/side-menu.php","meta":{"_bbp_topic_count":0,"_bbp_reply_count":0,"_bbp_total_topic_count":0,"_bbp_total_reply_count":0,"_bbp_voice_count":0,"_bbp_anonymous_reply_count":0,"_bbp_topic_count_hidden":0,"_bbp_reply_count_hidden":0,"_bbp_forum_subforum_count":0,"site-sidebar-layout":"default","site-content-layout":"","ast-site-content-layout":"","site-content-style":"default","site-sidebar-style":"default","ast-global-header-display":"","ast-banner-title-visibility":"","ast-main-header-display":"","ast-hfb-above-header-display":"","ast-hfb-below-header-display":"","ast-hfb-mobile-header-display":"","site-post-title":"","ast-breadcrumbs-content":"","ast-featured-img":"","footer-sml-layout":"","theme-transparent-header-meta":"","adv-header-id-meta":"","stick-header-meta":"","header-above-stick-meta":"","header-main-stick-meta":"","header-below-stick-meta":"","astra-migrate-meta-layouts":"default","ast-page-background-enabled":"default","ast-page-background-meta":{"desktop":{"background-color":"var(--ast-global-color-4)","background-image":"","background-repeat":"repeat","background-position":"center center","background-size":"auto","background-attachment":"scroll","background-type":"","background-media":"","overlay-type":"","overlay-color":"","overlay-opacity":"","overlay-gradient":""},"tablet":{"background-color":"","background-image":"","background-repeat":"repeat","background-position":"center center","background-size":"auto","background-attachment":"scroll","background-type":"","background-media":"","overlay-type":"","overlay-color":"","overlay-opacity":"","overlay-gradient":""},"mobile":{"background-color":"","background-image":"","background-repeat":"repeat","background-position":"center center","background-size":"auto","background-attachment":"scroll","background-type":"","background-media":"","overlay-type":"","overlay-color":"","overlay-opacity":"","overlay-gradient":""}},"ast-content-background-meta":{"desktop":{"background-color":"var(--ast-global-color-5)","background-image":"","background-repeat":"repeat","background-position":"center center","background-size":"auto","background-attachment":"scroll","background-type":"","background-media":"","overlay-type":"","overlay-color":"","overlay-opacity":"","overlay-gradient":""},"tablet":{"background-color":"var(--ast-global-color-5)","background-image":"","background-repeat":"repeat","background-position":"center center","background-size":"auto","background-attachment":"scroll","background-type":"","background-media":"","overlay-type":"","overlay-color":"","overlay-opacity":"","overlay-gradient":""},"mobile":{"background-color":"var(--ast-global-color-5)","background-image":"","background-repeat":"repeat","background-position":"center center","background-size":"auto","background-attachment":"scroll","background-type":"","background-media":"","overlay-type":"","overlay-color":"","overlay-opacity":"","overlay-gradient":""}},"footnotes":""},"class_list":["post-77","page","type-page","status-publish","hentry"],"post_mailing_queue_ids":[],"_links":{"self":[{"href":"https:\/\/agora.xtec.cat\/ceipsalvatella\/wp-json\/wp\/v2\/pages\/77","targetHints":{"allow":["GET"]}}],"collection":[{"href":"https:\/\/agora.xtec.cat\/ceipsalvatella\/wp-json\/wp\/v2\/pages"}],"about":[{"href":"https:\/\/agora.xtec.cat\/ceipsalvatella\/wp-json\/wp\/v2\/types\/page"}],"author":[{"embeddable":true,"href":"https:\/\/agora.xtec.cat\/ceipsalvatella\/wp-json\/wp\/v2\/users\/1"}],"replies":[{"embeddable":true,"href":"https:\/\/agora.xtec.cat\/ceipsalvatella\/wp-json\/wp\/v2\/comments?post=77"}],"version-history":[{"count":3,"href":"https:\/\/agora.xtec.cat\/ceipsalvatella\/wp-json\/wp\/v2\/pages\/77\/revisions"}],"predecessor-version":[{"id":610,"href":"https:\/\/agora.xtec.cat\/ceipsalvatella\/wp-json\/wp\/v2\/pages\/77\/revisions\/610"}],"up":[{"embeddable":true,"href":"https:\/\/agora.xtec.cat\/ceipsalvatella\/wp-json\/wp\/v2\/pages\/611"}],"wp:attachment":[{"href":"https:\/\/agora.xtec.cat\/ceipsalvatella\/wp-json\/wp\/v2\/media?parent=77"}],"curies":[{"name":"wp","href":"https:\/\/api.w.org\/{rel}","templated":true}]}}