{"id":566,"date":"2020-04-01T21:27:02","date_gmt":"2020-04-01T19:27:02","guid":{"rendered":"https:\/\/agora.xtec.cat\/ceipsalvatella\/?page_id=566"},"modified":"2020-04-02T14:03:54","modified_gmt":"2020-04-02T12:03:54","slug":"trets-didentitat","status":"publish","type":"page","link":"https:\/\/agora.xtec.cat\/ceipsalvatella\/lescola\/trets-didentitat\/","title":{"rendered":"Trets d&#8217;identitat"},"content":{"rendered":"<p><strong><em>Els tres edificis al fons<\/em><\/strong>, com a elements inalterables del pas del temps, record de la infantesa de moltes generacions i de les diferents etapes all\u00e0 viscudes.<\/p>\n<p><strong><em>Les figures en primer pla<\/em><\/strong>, conviv\u00e8ncia d&#8217;alumnes, docents, fam\u00edlies \u00a0i personal de l&#8217;escola, en un entorn d&#8217;aprenentatge vivencial i ple d&#8217;il\u00b7lusions.<\/p>\n<p><strong><em>La terra a la base<\/em><\/strong>, representativa\u00a0d&#8217;una escola viva, en constant evoluci\u00f3 al igual que el m\u00f3n.<\/p>\n<p><strong><em>Les figures que s&#8217;aproximen<\/em>\u00a0a l&#8217;escola<\/strong>, per aconseguir una educaci\u00f3 de qualitat per a tothom, independentment de les condicions personals, de g\u00e8nere, d\u2019origen social o de les capacitats de les persones que l\u2019hagin de rebre, esdevenint una escola inclusiva.<\/p>\n","protected":false},"excerpt":{"rendered":"<p>Els tres edificis al fons, com a elements inalterables del pas del temps, record de la infantesa de moltes generacions i de les diferents etapes all\u00e0 viscudes. Les figures en primer pla, conviv\u00e8ncia d&#8217;alumnes, docents, fam\u00edlies \u00a0i personal de l&#8217;escola, en un entorn d&#8217;aprenentatge vivencial i ple d&#8217;il\u00b7lusions. La terra a la base, representativa\u00a0d&#8217;una escola [&hellip;]<\/p>\n","protected":false},"author":1,"featured_media":0,"parent":22,"menu_order":40,"comment_status":"closed","ping_status":"closed","template":"page-templates\/side-menu.php","meta":{"_bbp_topic_count":0,"_bbp_reply_count":0,"_bbp_total_topic_count":0,"_bbp_total_reply_count":0,"_bbp_voice_count":0,"_bbp_anonymous_reply_count":0,"_bbp_topic_count_hidden":0,"_bbp_reply_count_hidden":0,"_bbp_forum_subforum_count":0,"site-sidebar-layout":"default","site-content-layout":"","ast-site-content-layout":"","site-content-style":"default","site-sidebar-style":"default","ast-global-header-display":"","ast-banner-title-visibility":"","ast-main-header-display":"","ast-hfb-above-header-display":"","ast-hfb-below-header-display":"","ast-hfb-mobile-header-display":"","site-post-title":"","ast-breadcrumbs-content":"","ast-featured-img":"","footer-sml-layout":"","theme-transparent-header-meta":"","adv-header-id-meta":"","stick-header-meta":"","header-above-stick-meta":"","header-main-stick-meta":"","header-below-stick-meta":"","astra-migrate-meta-layouts":"default","ast-page-background-enabled":"default","ast-page-background-meta":{"desktop":{"background-color":"var(--ast-global-color-4)","background-image":"","background-repeat":"repeat","background-position":"center center","background-size":"auto","background-attachment":"scroll","background-type":"","background-media":"","overlay-type":"","overlay-color":"","overlay-opacity":"","overlay-gradient":""},"tablet":{"background-color":"","background-image":"","background-repeat":"repeat","background-position":"center center","background-size":"auto","background-attachment":"scroll","background-type":"","background-media":"","overlay-type":"","overlay-color":"","overlay-opacity":"","overlay-gradient":""},"mobile":{"background-color":"","background-image":"","background-repeat":"repeat","background-position":"center center","background-size":"auto","background-attachment":"scroll","background-type":"","background-media":"","overlay-type":"","overlay-color":"","overlay-opacity":"","overlay-gradient":""}},"ast-content-background-meta":{"desktop":{"background-color":"var(--ast-global-color-5)","background-image":"","background-repeat":"repeat","background-position":"center center","background-size":"auto","background-attachment":"scroll","background-type":"","background-media":"","overlay-type":"","overlay-color":"","overlay-opacity":"","overlay-gradient":""},"tablet":{"background-color":"var(--ast-global-color-5)","background-image":"","background-repeat":"repeat","background-position":"center center","background-size":"auto","background-attachment":"scroll","background-type":"","background-media":"","overlay-type":"","overlay-color":"","overlay-opacity":"","overlay-gradient":""},"mobile":{"background-color":"var(--ast-global-color-5)","background-image":"","background-repeat":"repeat","background-position":"center center","background-size":"auto","background-attachment":"scroll","background-type":"","background-media":"","overlay-type":"","overlay-color":"","overlay-opacity":"","overlay-gradient":""}},"footnotes":""},"class_list":["post-566","page","type-page","status-publish","hentry"],"post_mailing_queue_ids":[],"_links":{"self":[{"href":"https:\/\/agora.xtec.cat\/ceipsalvatella\/wp-json\/wp\/v2\/pages\/566","targetHints":{"allow":["GET"]}}],"collection":[{"href":"https:\/\/agora.xtec.cat\/ceipsalvatella\/wp-json\/wp\/v2\/pages"}],"about":[{"href":"https:\/\/agora.xtec.cat\/ceipsalvatella\/wp-json\/wp\/v2\/types\/page"}],"author":[{"embeddable":true,"href":"https:\/\/agora.xtec.cat\/ceipsalvatella\/wp-json\/wp\/v2\/users\/1"}],"replies":[{"embeddable":true,"href":"https:\/\/agora.xtec.cat\/ceipsalvatella\/wp-json\/wp\/v2\/comments?post=566"}],"version-history":[{"count":3,"href":"https:\/\/agora.xtec.cat\/ceipsalvatella\/wp-json\/wp\/v2\/pages\/566\/revisions"}],"predecessor-version":[{"id":585,"href":"https:\/\/agora.xtec.cat\/ceipsalvatella\/wp-json\/wp\/v2\/pages\/566\/revisions\/585"}],"up":[{"embeddable":true,"href":"https:\/\/agora.xtec.cat\/ceipsalvatella\/wp-json\/wp\/v2\/pages\/22"}],"wp:attachment":[{"href":"https:\/\/agora.xtec.cat\/ceipsalvatella\/wp-json\/wp\/v2\/media?parent=566"}],"curies":[{"name":"wp","href":"https:\/\/api.w.org\/{rel}","templated":true}]}}