{"id":38,"date":"2014-09-18T12:34:08","date_gmt":"2014-09-18T11:34:08","guid":{"rendered":"http:\/\/agora.xtec.cat\/ceipsalvatella\/?page_id=38"},"modified":"2026-03-25T13:14:56","modified_gmt":"2026-03-25T12:14:56","slug":"salut","status":"publish","type":"page","link":"https:\/\/agora.xtec.cat\/ceipsalvatella\/lescola\/salut\/","title":{"rendered":"AFA"},"content":{"rendered":"<div>\n<p data-start=\"89\" data-end=\"141\"><strong data-start=\"89\" data-end=\"141\">Qu\u00e8 \u00e9s l\u2019Associaci\u00f3 de Fam\u00edlies d\u2019Alumnes (AFA)?<\/strong><\/p>\n<p data-start=\"143\" data-end=\"366\">L\u2019AFA \u00e9s l\u2019entitat que agrupa les fam\u00edlies de l\u2019alumnat del centre educatiu. T\u00e9 com a objectiu principal fomentar la participaci\u00f3 activa de les fam\u00edlies en la vida escolar i contribuir a la millora de la qualitat educativa.<\/p>\n<p data-start=\"368\" data-end=\"403\">Entre les seves funcions destaquen:<\/p>\n<ul data-start=\"405\" data-end=\"945\">\n<li data-section-id=\"b4m3im\" data-start=\"405\" data-end=\"484\">Afavorir la comunicaci\u00f3 i la coordinaci\u00f3 entre les fam\u00edlies i l\u2019equip docent.<\/li>\n<li data-section-id=\"e1c5nl\" data-start=\"485\" data-end=\"572\">Representar les fam\u00edlies davant de les administracions p\u00fabliques i altres organismes.<\/li>\n<li data-section-id=\"1nfd9q0\" data-start=\"573\" data-end=\"651\">Promoure la participaci\u00f3 i el comprom\u00eds de les fam\u00edlies en l\u2019\u00e0mbit educatiu.<\/li>\n<li data-section-id=\"1sg7amc\" data-start=\"652\" data-end=\"706\">Organitzar activitats extraescolars per a l\u2019alumnat.<\/li>\n<li data-section-id=\"1drtj14\" data-start=\"707\" data-end=\"945\">Impulsar activitats formatives (xerrades, escola de fam\u00edlies, cursos) i socioculturals (festes, concerts, suport a la biblioteca, etc.) que contribueixin al desenvolupament integral dels infants i fomentin la relaci\u00f3 entre les fam\u00edlies.<\/li>\n<\/ul>\n<p data-start=\"947\" data-end=\"1138\">La participaci\u00f3 de les fam\u00edlies a l\u2019AFA \u00e9s molt important per enriquir l\u2019experi\u00e8ncia educativa dels nostres infants. Tot i que no \u00e9s obligatori formar-ne part, s\u00ed que \u00e9s altament recomanable.<\/p>\n<p data-start=\"1140\" data-end=\"1471\">Les fam\u00edlies associades contribueixen amb una quota anual i adquireixen la condici\u00f3 de s\u00f2cies. Aix\u00f2 els permet participar en la presa de decisions i formar part dels \u00f2rgans de govern de l\u2019associaci\u00f3. Els recursos econ\u00f2mics es destinen \u00edntegrament a benefici de tot l\u2019alumnat del centre: activitats, materials i projectes educatius.<\/p>\n<p>Per con\u00e8ixer m\u00e9s les AFA&#8217;s de prim\u00e0ria:<\/p>\n<p><a href=\"http:\/\/ampasalvatella.blogspot.com\/\" target=\"_blank\" rel=\"noopener noreferrer\">Web AFA<\/a><\/p>\n<div><\/div>\n<div><i>Benvolgudes fam\u00edlies,<\/i><\/div>\n<div><i>\u00a0<\/i><\/div>\n<div><i>El passat 21 de desembre, l&#8217;AFA ens van fer uns regals del Ti\u00f3 per a cada classe i ens ho van portar a les aules. Eren uns jocs de taula que ja vam poder gaudir llavors i que segur que podrem jugar tot el curs. Ens va agradar molt\u00edssim.<\/i><\/div>\n<div><i>Moltes gr\u00e0cies pels regals AFA.!!!!!<\/i><\/div>\n<div><i>\u00a0<\/i><\/div>\n<div><i>Escola Jaume Salvatella<\/i><\/div>\n<\/div>\n<div>\n<div id='gallery-1' class='gallery galleryid-38 gallery-columns-3 gallery-size-thumbnail'><figure class='gallery-item'>\n\t\t\t<div class='gallery-icon landscape'>\n\t\t\t\t<a href='https:\/\/agora.xtec.cat\/ceipsalvatella\/lescola\/salut\/attachment\/1640092688881-3\/'><img loading=\"lazy\" decoding=\"async\" width=\"150\" height=\"150\" src=\"https:\/\/agora.xtec.cat\/ceipsalvatella\/wp-content\/uploads\/usu1979\/2022\/01\/1640092688881-2-150x150.jpg\" class=\"attachment-thumbnail size-thumbnail\" alt=\"\" \/><\/a>\n\t\t\t<\/div><\/figure><figure class='gallery-item'>\n\t\t\t<div class='gallery-icon landscape'>\n\t\t\t\t<a href='https:\/\/agora.xtec.cat\/ceipsalvatella\/lescola\/salut\/attachment\/1640092688909-3\/'><img loading=\"lazy\" decoding=\"async\" width=\"150\" height=\"150\" src=\"https:\/\/agora.xtec.cat\/ceipsalvatella\/wp-content\/uploads\/usu1979\/2022\/01\/1640092688909-2-150x150.jpg\" class=\"attachment-thumbnail size-thumbnail\" alt=\"\" \/><\/a>\n\t\t\t<\/div><\/figure><figure class='gallery-item'>\n\t\t\t<div class='gallery-icon landscape'>\n\t\t\t\t<a href='https:\/\/agora.xtec.cat\/ceipsalvatella\/lescola\/salut\/attachment\/1640092688938-3\/'><img loading=\"lazy\" decoding=\"async\" width=\"150\" height=\"150\" src=\"https:\/\/agora.xtec.cat\/ceipsalvatella\/wp-content\/uploads\/usu1979\/2022\/01\/1640092688938-2-150x150.jpg\" class=\"attachment-thumbnail size-thumbnail\" alt=\"\" \/><\/a>\n\t\t\t<\/div><\/figure><figure class='gallery-item'>\n\t\t\t<div class='gallery-icon landscape'>\n\t\t\t\t<a href='https:\/\/agora.xtec.cat\/ceipsalvatella\/lescola\/salut\/attachment\/1640092688965-3\/'><img loading=\"lazy\" decoding=\"async\" width=\"150\" height=\"150\" src=\"https:\/\/agora.xtec.cat\/ceipsalvatella\/wp-content\/uploads\/usu1979\/2022\/01\/1640092688965-2-150x150.jpg\" class=\"attachment-thumbnail size-thumbnail\" alt=\"\" \/><\/a>\n\t\t\t<\/div><\/figure><figure class='gallery-item'>\n\t\t\t<div class='gallery-icon landscape'>\n\t\t\t\t<a href='https:\/\/agora.xtec.cat\/ceipsalvatella\/lescola\/salut\/attachment\/1640092688994-3\/'><img loading=\"lazy\" decoding=\"async\" width=\"150\" height=\"150\" src=\"https:\/\/agora.xtec.cat\/ceipsalvatella\/wp-content\/uploads\/usu1979\/2022\/01\/1640092688994-2-150x150.jpg\" class=\"attachment-thumbnail size-thumbnail\" alt=\"\" \/><\/a>\n\t\t\t<\/div><\/figure><figure class='gallery-item'>\n\t\t\t<div class='gallery-icon landscape'>\n\t\t\t\t<a href='https:\/\/agora.xtec.cat\/ceipsalvatella\/lescola\/salut\/attachment\/1640092689023-3\/'><img loading=\"lazy\" decoding=\"async\" width=\"150\" height=\"150\" src=\"https:\/\/agora.xtec.cat\/ceipsalvatella\/wp-content\/uploads\/usu1979\/2022\/01\/1640092689023-2-150x150.jpg\" class=\"attachment-thumbnail size-thumbnail\" alt=\"\" \/><\/a>\n\t\t\t<\/div><\/figure>\n\t\t<\/div>\n\n<\/div>\n<p>&nbsp;<\/p>\n<p>&nbsp;<\/p>\n<p>&nbsp;<\/p>\n<p>&nbsp;<\/p>\n<p>&nbsp;<\/p>\n<p>&nbsp;<\/p>\n<p>&nbsp;<\/p>\n","protected":false},"excerpt":{"rendered":"<p>Qu\u00e8 \u00e9s l\u2019Associaci\u00f3 de Fam\u00edlies d\u2019Alumnes (AFA)? L\u2019AFA \u00e9s l\u2019entitat que agrupa les fam\u00edlies de l\u2019alumnat del centre educatiu. T\u00e9 com a objectiu principal fomentar la participaci\u00f3 activa de les fam\u00edlies en la vida escolar i contribuir a la millora de la qualitat educativa. Entre les seves funcions destaquen: Afavorir la comunicaci\u00f3 i la coordinaci\u00f3 [&hellip;]<\/p>\n","protected":false},"author":1,"featured_media":0,"parent":22,"menu_order":80,"comment_status":"closed","ping_status":"closed","template":"","meta":{"_bbp_topic_count":0,"_bbp_reply_count":0,"_bbp_total_topic_count":0,"_bbp_total_reply_count":0,"_bbp_voice_count":0,"_bbp_anonymous_reply_count":0,"_bbp_topic_count_hidden":0,"_bbp_reply_count_hidden":0,"_bbp_forum_subforum_count":0,"site-sidebar-layout":"default","site-content-layout":"","ast-site-content-layout":"default","site-content-style":"default","site-sidebar-style":"default","ast-global-header-display":"","ast-banner-title-visibility":"","ast-main-header-display":"","ast-hfb-above-header-display":"","ast-hfb-below-header-display":"","ast-hfb-mobile-header-display":"","site-post-title":"","ast-breadcrumbs-content":"","ast-featured-img":"","footer-sml-layout":"","theme-transparent-header-meta":"default","adv-header-id-meta":"","stick-header-meta":"","header-above-stick-meta":"","header-main-stick-meta":"","header-below-stick-meta":"","astra-migrate-meta-layouts":"set","ast-page-background-enabled":"default","ast-page-background-meta":{"desktop":{"background-color":"var(--ast-global-color-4)","background-image":"","background-repeat":"repeat","background-position":"center center","background-size":"auto","background-attachment":"scroll","background-type":"","background-media":"","overlay-type":"","overlay-color":"","overlay-opacity":"","overlay-gradient":""},"tablet":{"background-color":"","background-image":"","background-repeat":"repeat","background-position":"center center","background-size":"auto","background-attachment":"scroll","background-type":"","background-media":"","overlay-type":"","overlay-color":"","overlay-opacity":"","overlay-gradient":""},"mobile":{"background-color":"","background-image":"","background-repeat":"repeat","background-position":"center center","background-size":"auto","background-attachment":"scroll","background-type":"","background-media":"","overlay-type":"","overlay-color":"","overlay-opacity":"","overlay-gradient":""}},"ast-content-background-meta":{"desktop":{"background-color":"var(--ast-global-color-5)","background-image":"","background-repeat":"repeat","background-position":"center center","background-size":"auto","background-attachment":"scroll","background-type":"","background-media":"","overlay-type":"","overlay-color":"","overlay-opacity":"","overlay-gradient":""},"tablet":{"background-color":"var(--ast-global-color-5)","background-image":"","background-repeat":"repeat","background-position":"center center","background-size":"auto","background-attachment":"scroll","background-type":"","background-media":"","overlay-type":"","overlay-color":"","overlay-opacity":"","overlay-gradient":""},"mobile":{"background-color":"var(--ast-global-color-5)","background-image":"","background-repeat":"repeat","background-position":"center center","background-size":"auto","background-attachment":"scroll","background-type":"","background-media":"","overlay-type":"","overlay-color":"","overlay-opacity":"","overlay-gradient":""}},"footnotes":""},"class_list":["post-38","page","type-page","status-publish","hentry"],"post_mailing_queue_ids":[],"_links":{"self":[{"href":"https:\/\/agora.xtec.cat\/ceipsalvatella\/wp-json\/wp\/v2\/pages\/38","targetHints":{"allow":["GET"]}}],"collection":[{"href":"https:\/\/agora.xtec.cat\/ceipsalvatella\/wp-json\/wp\/v2\/pages"}],"about":[{"href":"https:\/\/agora.xtec.cat\/ceipsalvatella\/wp-json\/wp\/v2\/types\/page"}],"author":[{"embeddable":true,"href":"https:\/\/agora.xtec.cat\/ceipsalvatella\/wp-json\/wp\/v2\/users\/1"}],"replies":[{"embeddable":true,"href":"https:\/\/agora.xtec.cat\/ceipsalvatella\/wp-json\/wp\/v2\/comments?post=38"}],"version-history":[{"count":4,"href":"https:\/\/agora.xtec.cat\/ceipsalvatella\/wp-json\/wp\/v2\/pages\/38\/revisions"}],"predecessor-version":[{"id":1664,"href":"https:\/\/agora.xtec.cat\/ceipsalvatella\/wp-json\/wp\/v2\/pages\/38\/revisions\/1664"}],"up":[{"embeddable":true,"href":"https:\/\/agora.xtec.cat\/ceipsalvatella\/wp-json\/wp\/v2\/pages\/22"}],"wp:attachment":[{"href":"https:\/\/agora.xtec.cat\/ceipsalvatella\/wp-json\/wp\/v2\/media?parent=38"}],"curies":[{"name":"wp","href":"https:\/\/api.w.org\/{rel}","templated":true}]}}