{"id":34,"date":"2014-09-18T12:32:18","date_gmt":"2014-09-18T11:32:18","guid":{"rendered":"http:\/\/agora.xtec.cat\/ceipsalvatella\/?page_id=34"},"modified":"2026-03-25T13:16:24","modified_gmt":"2026-03-25T12:16:24","slug":"oferta-educativa","status":"publish","type":"page","link":"https:\/\/agora.xtec.cat\/ceipsalvatella\/projecte-educatiu\/oferta-educativa\/","title":{"rendered":"Oferta educativa"},"content":{"rendered":"<h3>Oferta educativa<\/h3>\n<p>A l\u2019Escola Jaume Salvatella entenem l\u2019educaci\u00f3 com una experi\u00e8ncia que va molt m\u00e9s enll\u00e0 de l\u2019aula. El nostre projecte educatiu defineix qui som, com ensenyem i qu\u00e8 volem per al nostre alumnat: una formaci\u00f3 integral, inclusiva i adaptada als reptes del present i del futur.<\/p>\n<p>A trav\u00e9s del nostre enfocament pedag\u00f2gic, fomentem:<\/p>\n<ul>\n<li>Un aprenentatge actiu i significatiu<\/li>\n<li>El treball cooperatiu i la conviv\u00e8ncia<\/li>\n<li>El respecte per la diversitat i l\u2019entorn<\/li>\n<li>El desenvolupament del pensament cr\u00edtic i l\u2019autonomia<\/li>\n<\/ul>\n<p>Som una escola <strong>inclusiva, laica i oberta<\/strong>, on cada infant pot cr\u00e9ixer al seu ritme, desenvolupant les seves capacitats en un entorn segur i motivador .<\/p>\n<h4><strong>Qu\u00e8 hi trobar\u00e0s en aquesta secci\u00f3?<\/strong><\/h4>\n<p>Aqu\u00ed pots consultar els documents que recullen l\u2019ess\u00e8ncia i l\u2019organitzaci\u00f3 del nostre centre:<\/p>\n<ul>\n<li><strong>Projecte Educatiu de Centre (PEC)<\/strong><br \/>\n\u00c9s el document principal que defineix la nostra identitat, valors, objectius i metodologia. Explica com acompanyem l\u2019alumnat en el seu aprenentatge i com organitzem la vida del centre.<\/li>\n<li><strong>Projecte Ling\u00fc\u00edstic de Centre (PLC)<\/strong><br \/>\nRecull com treballem les lleng\u00fces a l\u2019escola, amb el catal\u00e0 com a llengua vehicular, tot promovent tamb\u00e9 l\u2019aprenentatge d\u2019altres lleng\u00fces i la riquesa cultural.<\/li>\n<\/ul>\n<p>Aquests documents s\u00f3n la base del nostre dia a dia i reflecteixen el comprom\u00eds de tota la comunitat educativa amb una educaci\u00f3 de qualitat.<\/p>\n<p><a href=\"https:\/\/agora.xtec.cat\/ceipsalvatella\/wp-content\/uploads\/usu1979\/2024\/01\/PEC_versio-1.0.pdf\">Projecte Educatiu de Centre<\/a><\/p>\n<p><a href=\"https:\/\/docs.google.com\/viewer?a=v&amp;pid=sites&amp;srcid=eHRlYy5jYXR8Y2lwLWphdW1lLXNhbHZhdGVsbGF8Z3g6MzgwYmQ1YWFjNDc5Nzk3ZQ\" target=\"_blank\" rel=\"noopener noreferrer\">Projecte Ling\u00fc\u00edstic de Centre<\/a><\/p>\n<p>&nbsp;<\/p>\n","protected":false},"excerpt":{"rendered":"<p>Oferta educativa A l\u2019Escola Jaume Salvatella entenem l\u2019educaci\u00f3 com una experi\u00e8ncia que va molt m\u00e9s enll\u00e0 de l\u2019aula. El nostre projecte educatiu defineix qui som, com ensenyem i qu\u00e8 volem per al nostre alumnat: una formaci\u00f3 integral, inclusiva i adaptada als reptes del present i del futur. A trav\u00e9s del nostre enfocament pedag\u00f2gic, fomentem: Un [&hellip;]<\/p>\n","protected":false},"author":1,"featured_media":0,"parent":64,"menu_order":20,"comment_status":"closed","ping_status":"closed","template":"","meta":{"_bbp_topic_count":0,"_bbp_reply_count":0,"_bbp_total_topic_count":0,"_bbp_total_reply_count":0,"_bbp_voice_count":0,"_bbp_anonymous_reply_count":0,"_bbp_topic_count_hidden":0,"_bbp_reply_count_hidden":0,"_bbp_forum_subforum_count":0,"site-sidebar-layout":"default","site-content-layout":"","ast-site-content-layout":"default","site-content-style":"default","site-sidebar-style":"default","ast-global-header-display":"","ast-banner-title-visibility":"","ast-main-header-display":"","ast-hfb-above-header-display":"","ast-hfb-below-header-display":"","ast-hfb-mobile-header-display":"","site-post-title":"","ast-breadcrumbs-content":"","ast-featured-img":"","footer-sml-layout":"","theme-transparent-header-meta":"default","adv-header-id-meta":"","stick-header-meta":"","header-above-stick-meta":"","header-main-stick-meta":"","header-below-stick-meta":"","astra-migrate-meta-layouts":"set","ast-page-background-enabled":"default","ast-page-background-meta":{"desktop":{"background-color":"var(--ast-global-color-4)","background-image":"","background-repeat":"repeat","background-position":"center center","background-size":"auto","background-attachment":"scroll","background-type":"","background-media":"","overlay-type":"","overlay-color":"","overlay-opacity":"","overlay-gradient":""},"tablet":{"background-color":"","background-image":"","background-repeat":"repeat","background-position":"center center","background-size":"auto","background-attachment":"scroll","background-type":"","background-media":"","overlay-type":"","overlay-color":"","overlay-opacity":"","overlay-gradient":""},"mobile":{"background-color":"","background-image":"","background-repeat":"repeat","background-position":"center center","background-size":"auto","background-attachment":"scroll","background-type":"","background-media":"","overlay-type":"","overlay-color":"","overlay-opacity":"","overlay-gradient":""}},"ast-content-background-meta":{"desktop":{"background-color":"var(--ast-global-color-5)","background-image":"","background-repeat":"repeat","background-position":"center center","background-size":"auto","background-attachment":"scroll","background-type":"","background-media":"","overlay-type":"","overlay-color":"","overlay-opacity":"","overlay-gradient":""},"tablet":{"background-color":"var(--ast-global-color-5)","background-image":"","background-repeat":"repeat","background-position":"center center","background-size":"auto","background-attachment":"scroll","background-type":"","background-media":"","overlay-type":"","overlay-color":"","overlay-opacity":"","overlay-gradient":""},"mobile":{"background-color":"var(--ast-global-color-5)","background-image":"","background-repeat":"repeat","background-position":"center center","background-size":"auto","background-attachment":"scroll","background-type":"","background-media":"","overlay-type":"","overlay-color":"","overlay-opacity":"","overlay-gradient":""}},"footnotes":""},"class_list":["post-34","page","type-page","status-publish","hentry"],"post_mailing_queue_ids":[],"_links":{"self":[{"href":"https:\/\/agora.xtec.cat\/ceipsalvatella\/wp-json\/wp\/v2\/pages\/34","targetHints":{"allow":["GET"]}}],"collection":[{"href":"https:\/\/agora.xtec.cat\/ceipsalvatella\/wp-json\/wp\/v2\/pages"}],"about":[{"href":"https:\/\/agora.xtec.cat\/ceipsalvatella\/wp-json\/wp\/v2\/types\/page"}],"author":[{"embeddable":true,"href":"https:\/\/agora.xtec.cat\/ceipsalvatella\/wp-json\/wp\/v2\/users\/1"}],"replies":[{"embeddable":true,"href":"https:\/\/agora.xtec.cat\/ceipsalvatella\/wp-json\/wp\/v2\/comments?post=34"}],"version-history":[{"count":6,"href":"https:\/\/agora.xtec.cat\/ceipsalvatella\/wp-json\/wp\/v2\/pages\/34\/revisions"}],"predecessor-version":[{"id":1665,"href":"https:\/\/agora.xtec.cat\/ceipsalvatella\/wp-json\/wp\/v2\/pages\/34\/revisions\/1665"}],"up":[{"embeddable":true,"href":"https:\/\/agora.xtec.cat\/ceipsalvatella\/wp-json\/wp\/v2\/pages\/64"}],"wp:attachment":[{"href":"https:\/\/agora.xtec.cat\/ceipsalvatella\/wp-json\/wp\/v2\/media?parent=34"}],"curies":[{"name":"wp","href":"https:\/\/api.w.org\/{rel}","templated":true}]}}