{"id":30,"date":"2014-09-18T12:30:23","date_gmt":"2014-09-18T11:30:23","guid":{"rendered":"http:\/\/agora.xtec.cat\/ceipsalvatella\/?page_id=30"},"modified":"2026-03-25T13:07:59","modified_gmt":"2026-03-25T12:07:59","slug":"instal%c2%b7lacions","status":"publish","type":"page","link":"https:\/\/agora.xtec.cat\/ceipsalvatella\/lescola\/instal%c2%b7lacions\/","title":{"rendered":"Instal\u00b7lacions"},"content":{"rendered":"<p>L&#8217;escola est\u00e0 formada per tres edificis (edifici central, educaci\u00f3 infantil i cicle inicial). Els tres edificis comparteixen l&#8217;acc\u00e9s al recinte a trav\u00e9s de quatre grans zones d&#8217;esbarjo (pista central i lateral, sorral central i de parvulari), el que conforma 9.000 m\u00b2 esdevenint l&#8217;escola m\u00e9s gran de Santa Coloma de Gramenet.<\/p>\n<p>Les instal\u00b7lacions que trobem als diferents edificis s\u00f3n:<\/p>\n<table style=\"width: 100.416%; height: 787px;\" cellspacing=\"0\" cellpadding=\"4\">\n<colgroup>\n<col width=\"332\" \/>\n<col width=\"143\" \/>\n<col width=\"142\" \/><\/colgroup>\n<tbody>\n<tr valign=\"top\">\n<td bgcolor=\"#7da647\">\n<p align=\"center\"><span style=\"font-family: Calibri, sans-serif;\"><span style=\"font-size: medium;\"><b>EDIFICI CENTRAL<\/b><\/span><\/span><\/p>\n<\/td>\n<td bgcolor=\"#7da647\">\n<p align=\"center\"><span style=\"font-family: Calibri, sans-serif;\"><span style=\"font-size: medium;\"><b>EDUCACI\u00d3 INFANTIL<\/b><\/span><\/span><\/p>\n<\/td>\n<td bgcolor=\"#7da647\">\n<p align=\"center\"><span style=\"font-family: Calibri, sans-serif;\"><span style=\"font-size: medium;\"><b>CICLE INICIAL<\/b><\/span><\/span><\/p>\n<\/td>\n<\/tr>\n<tr valign=\"top\">\n<td>\n<p align=\"justify\"><span style=\"font-family: Calibri, sans-serif;\"><span style=\"font-size: medium;\"><i><b>Planta baixa\u00a0\u00a0\u00a0\u00a0\u00a0\u00a0\u00a0\u00a0\u00a0\u00a0\u00a0\u00a0\u00a0\u00a0\u00a0\u00a0\u00a0\u00a0\u00a0\u00a0\u00a0\u00a0\u00a0\u00a0\u00a0\u00a0\u00a0\u00a0\u00a0\u00a0\u00a0\u00a0\u00a0\u00a0\u00a0\u00a0\u00a0\u00a0\u00a0\u00a0\u00a0\u00a0\u00a0\u00a0\u00a0\u00a0\u00a0\u00a0\u00a0\u00a0\u00a0\u00a0\u00a0\u00a0\u00a0\u00a0\u00a0\u00a0\u00a0\u00a0\u00a0<\/b><\/i><\/span><\/span><span style=\"font-family: Calibri, sans-serif;\"><span style=\"font-size: medium;\"><i><b>\u00a0<\/b><\/i><\/span><\/span><\/p>\n<ul>\n<li>Administraci\u00f3 i secretaria<\/li>\n<li>Consergeria<\/li>\n<li>Menjador<\/li>\n<li>Cuina<\/li>\n<li>Biblioteca \/ AFA<\/li>\n<li>Gimn\u00e0s i magatzem EF<\/li>\n<li>Vestuaris<\/li>\n<li>Sala de reunions<\/li>\n<li>Sala polivalent<\/li>\n<li>Sala del personal de menjador<\/li>\n<li>Lavabos<\/li>\n<\/ul>\n<div align=\"justify\"><span style=\"font-family: Calibri, sans-serif;\"><span style=\"font-size: medium;\"><i><b>Primera planta<\/b><\/i><\/span><\/span><\/div>\n<ul>\n<li>Direcci\u00f3<\/li>\n<li>Aula EAP (Equip d&#8217;Assessorament i Orientaci\u00f3 Psicopedag\u00f2gica)<\/li>\n<li>Aula SIEI (Suport Intensiu per a l&#8217;Escolaritzaci\u00f3 Inclusiva)<\/li>\n<li>4 aules (2n i 3r)<\/li>\n<li>3 sales de comunitats<\/li>\n<li>Aula digital<\/li>\n<li>Sala de mestres<\/li>\n<li>Lavabos<\/li>\n<\/ul>\n<div align=\"justify\"><span style=\"font-family: Calibri, sans-serif;\"><span style=\"font-size: medium;\"><i><b>Segona planta<\/b><\/i><\/span><\/span><\/div>\n<ul>\n<li>6 aules (4t, 5\u00e8, 6\u00e8)<\/li>\n<li>Aula d&#8217;angl\u00e8s<\/li>\n<li>Aula de m\u00fasica<\/li>\n<li>Laboratori<\/li>\n<li>Aula d&#8217;Acollida<\/li>\n<li>Aula d&#8217;arts<\/li>\n<li>2 Lavabos<\/li>\n<\/ul>\n<\/td>\n<td>\n<p align=\"justify\"><span style=\"font-family: Calibri, sans-serif;\"><span style=\"font-size: medium;\"><i><b>Planta baixa<\/b><\/i><\/span><\/span><\/p>\n<ul>\n<li>Menjador<\/li>\n<li>2 aules (I3)<\/li>\n<li>Sala polivalent<\/li>\n<\/ul>\n<p align=\"justify\"><span style=\"font-family: Calibri, sans-serif;\"><span style=\"font-size: medium;\"><i><b>Primera planta<\/b><\/i><\/span><\/span><\/p>\n<ul>\n<li>2 aules (I4)<\/li>\n<li>Psicomotricitat<\/li>\n<li>Aula de joc simb\u00f2lic<\/li>\n<li>Lavabos<\/li>\n<\/ul>\n<\/td>\n<td>\n<p align=\"justify\"><span style=\"font-family: Calibri, sans-serif;\"><span style=\"font-size: medium;\"><i><b>Planta baixa<\/b><\/i><\/span><\/span><\/p>\n<ul>\n<li>2 aules (I5)<\/li>\n<li>Aula SIEI<\/li>\n<li>Lavabos<\/li>\n<\/ul>\n<p align=\"justify\"><span style=\"font-family: Calibri, sans-serif;\"><span style=\"font-size: medium;\"><i><b>Primera planta<\/b><\/i><\/span><\/span><\/p>\n<ul>\n<li>2 aules (1r)<\/li>\n<li>Aula de joc simb\u00f2lic<\/li>\n<li>Aula polivalent<\/li>\n<li>Lavabos<\/li>\n<\/ul>\n<\/td>\n<\/tr>\n<\/tbody>\n<\/table>\n","protected":false},"excerpt":{"rendered":"<p>L&#8217;escola est\u00e0 formada per tres edificis (edifici central, educaci\u00f3 infantil i cicle inicial). Els tres edificis comparteixen l&#8217;acc\u00e9s al recinte a trav\u00e9s de quatre grans zones d&#8217;esbarjo (pista central i lateral, sorral central i de parvulari), el que conforma 9.000 m\u00b2 esdevenint l&#8217;escola m\u00e9s gran de Santa Coloma de Gramenet. Les instal\u00b7lacions que trobem als [&hellip;]<\/p>\n","protected":false},"author":1,"featured_media":0,"parent":22,"menu_order":50,"comment_status":"closed","ping_status":"closed","template":"","meta":{"_bbp_topic_count":0,"_bbp_reply_count":0,"_bbp_total_topic_count":0,"_bbp_total_reply_count":0,"_bbp_voice_count":0,"_bbp_anonymous_reply_count":0,"_bbp_topic_count_hidden":0,"_bbp_reply_count_hidden":0,"_bbp_forum_subforum_count":0,"site-sidebar-layout":"default","site-content-layout":"","ast-site-content-layout":"default","site-content-style":"default","site-sidebar-style":"default","ast-global-header-display":"","ast-banner-title-visibility":"","ast-main-header-display":"","ast-hfb-above-header-display":"","ast-hfb-below-header-display":"","ast-hfb-mobile-header-display":"","site-post-title":"","ast-breadcrumbs-content":"","ast-featured-img":"","footer-sml-layout":"","theme-transparent-header-meta":"default","adv-header-id-meta":"","stick-header-meta":"","header-above-stick-meta":"","header-main-stick-meta":"","header-below-stick-meta":"","astra-migrate-meta-layouts":"set","ast-page-background-enabled":"default","ast-page-background-meta":{"desktop":{"background-color":"var(--ast-global-color-4)","background-image":"","background-repeat":"repeat","background-position":"center center","background-size":"auto","background-attachment":"scroll","background-type":"","background-media":"","overlay-type":"","overlay-color":"","overlay-opacity":"","overlay-gradient":""},"tablet":{"background-color":"","background-image":"","background-repeat":"repeat","background-position":"center center","background-size":"auto","background-attachment":"scroll","background-type":"","background-media":"","overlay-type":"","overlay-color":"","overlay-opacity":"","overlay-gradient":""},"mobile":{"background-color":"","background-image":"","background-repeat":"repeat","background-position":"center center","background-size":"auto","background-attachment":"scroll","background-type":"","background-media":"","overlay-type":"","overlay-color":"","overlay-opacity":"","overlay-gradient":""}},"ast-content-background-meta":{"desktop":{"background-color":"var(--ast-global-color-5)","background-image":"","background-repeat":"repeat","background-position":"center center","background-size":"auto","background-attachment":"scroll","background-type":"","background-media":"","overlay-type":"","overlay-color":"","overlay-opacity":"","overlay-gradient":""},"tablet":{"background-color":"var(--ast-global-color-5)","background-image":"","background-repeat":"repeat","background-position":"center center","background-size":"auto","background-attachment":"scroll","background-type":"","background-media":"","overlay-type":"","overlay-color":"","overlay-opacity":"","overlay-gradient":""},"mobile":{"background-color":"var(--ast-global-color-5)","background-image":"","background-repeat":"repeat","background-position":"center center","background-size":"auto","background-attachment":"scroll","background-type":"","background-media":"","overlay-type":"","overlay-color":"","overlay-opacity":"","overlay-gradient":""}},"footnotes":""},"class_list":["post-30","page","type-page","status-publish","hentry"],"post_mailing_queue_ids":[],"_links":{"self":[{"href":"https:\/\/agora.xtec.cat\/ceipsalvatella\/wp-json\/wp\/v2\/pages\/30","targetHints":{"allow":["GET"]}}],"collection":[{"href":"https:\/\/agora.xtec.cat\/ceipsalvatella\/wp-json\/wp\/v2\/pages"}],"about":[{"href":"https:\/\/agora.xtec.cat\/ceipsalvatella\/wp-json\/wp\/v2\/types\/page"}],"author":[{"embeddable":true,"href":"https:\/\/agora.xtec.cat\/ceipsalvatella\/wp-json\/wp\/v2\/users\/1"}],"replies":[{"embeddable":true,"href":"https:\/\/agora.xtec.cat\/ceipsalvatella\/wp-json\/wp\/v2\/comments?post=30"}],"version-history":[{"count":6,"href":"https:\/\/agora.xtec.cat\/ceipsalvatella\/wp-json\/wp\/v2\/pages\/30\/revisions"}],"predecessor-version":[{"id":1662,"href":"https:\/\/agora.xtec.cat\/ceipsalvatella\/wp-json\/wp\/v2\/pages\/30\/revisions\/1662"}],"up":[{"embeddable":true,"href":"https:\/\/agora.xtec.cat\/ceipsalvatella\/wp-json\/wp\/v2\/pages\/22"}],"wp:attachment":[{"href":"https:\/\/agora.xtec.cat\/ceipsalvatella\/wp-json\/wp\/v2\/media?parent=30"}],"curies":[{"name":"wp","href":"https:\/\/api.w.org\/{rel}","templated":true}]}}