{"id":28,"date":"2014-09-18T12:29:35","date_gmt":"2014-09-18T11:29:35","guid":{"rendered":"http:\/\/agora.xtec.cat\/ceipsalvatella\/?page_id=28"},"modified":"2026-04-16T12:27:23","modified_gmt":"2026-04-16T10:27:23","slug":"consell-escolar","status":"publish","type":"page","link":"https:\/\/agora.xtec.cat\/ceipsalvatella\/organitzacio\/consell-escolar\/","title":{"rendered":"Consell Escolar"},"content":{"rendered":"<p style=\"text-align: justify;\"><strong>Qu\u00e8 \u00e9s el Consell Escolar del Centre?<\/strong><\/p>\n<p style=\"text-align: justify;\">El Consell Escolar \u00e9s l\u2019\u00f2rgan de participaci\u00f3 i govern del centre educatiu. \u00c9s un espai clau on tota la comunitat educativa est\u00e0 representada i pot prendre part en les decisions importants del centre.<\/p>\n<p style=\"text-align: justify;\" data-start=\"414\" data-end=\"447\">Est\u00e0 format per representants de:<\/p>\n<ul style=\"text-align: justify; list-style-type: circle;\" data-start=\"448\" data-end=\"587\">\n<li data-section-id=\"w90aj6\" data-start=\"448\" data-end=\"466\">\n<p data-start=\"450\" data-end=\"466\">L\u2019equip docent<\/p>\n<\/li>\n<li data-section-id=\"5m4vmz\" data-start=\"467\" data-end=\"508\">\n<p data-start=\"469\" data-end=\"508\">El personal d\u2019administraci\u00f3 i serveis<\/p>\n<\/li>\n<li data-section-id=\"2s4xd2\" data-start=\"509\" data-end=\"525\">\n<p data-start=\"511\" data-end=\"525\">Les fam\u00edlies<\/p>\n<\/li>\n<li data-section-id=\"pjqw9v\" data-start=\"526\" data-end=\"570\">\n<p data-start=\"528\" data-end=\"570\">L\u2019Associaci\u00f3 de Fam\u00edlies d\u2019Alumnes (AFA)<\/p>\n<\/li>\n<li data-section-id=\"pjqw9v\" data-start=\"526\" data-end=\"570\">\n<p data-start=\"528\" data-end=\"570\"><span style=\"font-size: 15px;\">L\u2019Ajuntament<\/span><\/p>\n<\/li>\n<\/ul>\n<p style=\"text-align: justify;\" data-start=\"573\" data-end=\"587\"><strong>Quines s\u00f3n les seves funcions principals?<\/strong><\/p>\n<p style=\"text-align: justify;\" data-start=\"696\" data-end=\"796\">El Consell Escolar t\u00e9 un paper fonamental en la vida del centre. Entre les seves funcions destaquen:<\/p>\n<ul style=\"text-align: justify;\">\n<li style=\"list-style-type: none;\">\n<ul style=\"list-style-type: circle;\" data-start=\"798\" data-end=\"1284\">\n<li data-section-id=\"1m393o5\" data-start=\"798\" data-end=\"879\">\n<p data-start=\"800\" data-end=\"879\">Participar en l\u2019aprovaci\u00f3 i revisi\u00f3 del Projecte Educatiu de Centre (PEC)<\/p>\n<\/li>\n<li data-section-id=\"1a1fpt5\" data-start=\"880\" data-end=\"959\">\n<p data-start=\"882\" data-end=\"959\">Aprovar la Programaci\u00f3 General Anual (PGA) i les normes de funcionament<\/p>\n<\/li>\n<li data-section-id=\"jc03a5\" data-start=\"960\" data-end=\"1019\">\n<p data-start=\"962\" data-end=\"1019\">Supervisar i validar la gesti\u00f3 econ\u00f2mica del centre<\/p>\n<\/li>\n<li data-section-id=\"wfs113\" data-start=\"1020\" data-end=\"1108\">\n<p data-start=\"1022\" data-end=\"1108\">Intervenir en la resoluci\u00f3 de conflictes i revisar, si cal, les sancions a l\u2019alumnat<\/p>\n<\/li>\n<li data-section-id=\"1ln2m9a\" data-start=\"1109\" data-end=\"1218\">\n<p data-start=\"1111\" data-end=\"1218\">Aprovar les l\u00ednies d\u2019actuaci\u00f3 de les activitats complement\u00e0ries i extraescolars i fer-ne el seguiment<\/p>\n<\/li>\n<li data-section-id=\"lco5fr\" data-start=\"1219\" data-end=\"1284\">\n<p data-start=\"1221\" data-end=\"1284\">Participar en el proc\u00e9s de selecci\u00f3 de la direcci\u00f3 del centre<\/p>\n<\/li>\n<\/ul>\n<\/li>\n<\/ul>\n<p style=\"text-align: justify;\" data-start=\"1221\" data-end=\"1284\"><strong>Membres del Consell Escolar <\/strong><strong data-start=\"1329\" data-end=\"1347\">(curs 2025-2026)<\/strong><\/p>\n<table style=\"width: 100%; height: 485px;\" width=\"643\">\n<tbody>\n<tr style=\"height: 23px;\">\n<td style=\"height: 23px; text-align: center;\" colspan=\"2\" width=\"633\">CONSELL ESCOLAR DE CENTRE<\/td>\n<\/tr>\n<tr style=\"height: 23px;\">\n<td style=\"height: 23px;\" width=\"274\">PRESIDENT<\/td>\n<td style=\"height: 23px;\" width=\"351\">Joan Garcia Cabrera<\/td>\n<\/tr>\n<tr style=\"height: 23px;\">\n<td style=\"height: 23px;\" width=\"274\">CAP D&#8217;ESTUDIS<\/td>\n<td style=\"height: 23px;\" width=\"351\">Eva Maria S\u00e1nchez Bau<\/td>\n<\/tr>\n<tr style=\"height: 23px;\">\n<td style=\"height: 23px;\" width=\"274\">SECRET\u00c0RIA<\/td>\n<td style=\"height: 23px;\" width=\"351\">Ra\u00fcl Mart\u00edn C\u00e1ceres<\/td>\n<\/tr>\n<tr style=\"height: 286px;\">\n<td style=\"height: 159px;\" width=\"274\">PROFESSORAT<\/td>\n<td style=\"height: 159px;\" width=\"351\">\n<p data-pm-slice=\"1 1 []\">A\u00efda Bernades Ru\u00edz<br \/>\nJosefa Sanchez L\u00f3pez<br \/>\nJudit L\u00f3pez Torrente<br \/>\nJudith Palmero Mi\u00f1ana<br \/>\nLaura Car\u00f3n Llebot<br \/>\nNerea Sanchis Cara\u00f1ana<\/p>\n<\/td>\n<\/tr>\n<tr style=\"height: 286px;\">\n<td style=\"height: 166px;\" width=\"274\">REPRESENTANTS DE LES FAM\u00cdLIES<\/td>\n<td style=\"height: 166px;\" width=\"351\">\n<p data-pm-slice=\"1 1 []\">Eva Villegas Navajas (AMPA)<br \/>\nKatiuska Almenares Romero<br \/>\nM\u00f3nica Lanuza Cintas<br \/>\nMontse Segura L\u00f3pez<br \/>\nPilar Rodr\u00edguez Torralba<br \/>\nSof\u00eda Jimenez Garc\u00eda<\/p>\n<\/td>\n<\/tr>\n<tr style=\"height: 23px;\">\n<td style=\"height: 23px;\" width=\"274\">REPRESENTANT DEL PAE<\/td>\n<td style=\"height: 23px;\" width=\"351\">Olga G\u00e1mez Prado<\/td>\n<\/tr>\n<tr style=\"height: 23px;\">\n<td style=\"height: 23px;\" width=\"274\">REPRESENTANT DEL PAS<\/td>\n<td style=\"height: 23px;\" width=\"351\">Maria Comajuncosa Sanjuan<\/td>\n<\/tr>\n<tr style=\"height: 46px;\">\n<td style=\"height: 22px;\">REPRESENTANT DE L&#8217;AJUNTAMENT<\/td>\n<td style=\"height: 22px;\">M. Dolores Andrade Tineo<\/td>\n<\/tr>\n<\/tbody>\n<\/table>\n","protected":false},"excerpt":{"rendered":"<p>Qu\u00e8 \u00e9s el Consell Escolar del Centre? El Consell Escolar \u00e9s l\u2019\u00f2rgan de participaci\u00f3 i govern del centre educatiu. \u00c9s un espai clau on tota la comunitat educativa est\u00e0 representada i pot prendre part en les decisions importants del centre. Est\u00e0 format per representants de: L\u2019equip docent El personal d\u2019administraci\u00f3 i serveis Les fam\u00edlies L\u2019Associaci\u00f3 [&hellip;]<\/p>\n","protected":false},"author":1,"featured_media":0,"parent":549,"menu_order":20,"comment_status":"closed","ping_status":"closed","template":"","meta":{"_bbp_topic_count":0,"_bbp_reply_count":0,"_bbp_total_topic_count":0,"_bbp_total_reply_count":0,"_bbp_voice_count":0,"_bbp_anonymous_reply_count":0,"_bbp_topic_count_hidden":0,"_bbp_reply_count_hidden":0,"_bbp_forum_subforum_count":0,"site-sidebar-layout":"default","site-content-layout":"","ast-site-content-layout":"default","site-content-style":"default","site-sidebar-style":"default","ast-global-header-display":"","ast-banner-title-visibility":"","ast-main-header-display":"","ast-hfb-above-header-display":"","ast-hfb-below-header-display":"","ast-hfb-mobile-header-display":"","site-post-title":"","ast-breadcrumbs-content":"","ast-featured-img":"","footer-sml-layout":"","theme-transparent-header-meta":"default","adv-header-id-meta":"","stick-header-meta":"","header-above-stick-meta":"","header-main-stick-meta":"","header-below-stick-meta":"","astra-migrate-meta-layouts":"set","ast-page-background-enabled":"default","ast-page-background-meta":{"desktop":{"background-color":"var(--ast-global-color-4)","background-image":"","background-repeat":"repeat","background-position":"center center","background-size":"auto","background-attachment":"scroll","background-type":"","background-media":"","overlay-type":"","overlay-color":"","overlay-opacity":"","overlay-gradient":""},"tablet":{"background-color":"","background-image":"","background-repeat":"repeat","background-position":"center center","background-size":"auto","background-attachment":"scroll","background-type":"","background-media":"","overlay-type":"","overlay-color":"","overlay-opacity":"","overlay-gradient":""},"mobile":{"background-color":"","background-image":"","background-repeat":"repeat","background-position":"center center","background-size":"auto","background-attachment":"scroll","background-type":"","background-media":"","overlay-type":"","overlay-color":"","overlay-opacity":"","overlay-gradient":""}},"ast-content-background-meta":{"desktop":{"background-color":"var(--ast-global-color-5)","background-image":"","background-repeat":"repeat","background-position":"center center","background-size":"auto","background-attachment":"scroll","background-type":"","background-media":"","overlay-type":"","overlay-color":"","overlay-opacity":"","overlay-gradient":""},"tablet":{"background-color":"var(--ast-global-color-5)","background-image":"","background-repeat":"repeat","background-position":"center center","background-size":"auto","background-attachment":"scroll","background-type":"","background-media":"","overlay-type":"","overlay-color":"","overlay-opacity":"","overlay-gradient":""},"mobile":{"background-color":"var(--ast-global-color-5)","background-image":"","background-repeat":"repeat","background-position":"center center","background-size":"auto","background-attachment":"scroll","background-type":"","background-media":"","overlay-type":"","overlay-color":"","overlay-opacity":"","overlay-gradient":""}},"footnotes":""},"class_list":["post-28","page","type-page","status-publish","hentry"],"post_mailing_queue_ids":[],"_links":{"self":[{"href":"https:\/\/agora.xtec.cat\/ceipsalvatella\/wp-json\/wp\/v2\/pages\/28","targetHints":{"allow":["GET"]}}],"collection":[{"href":"https:\/\/agora.xtec.cat\/ceipsalvatella\/wp-json\/wp\/v2\/pages"}],"about":[{"href":"https:\/\/agora.xtec.cat\/ceipsalvatella\/wp-json\/wp\/v2\/types\/page"}],"author":[{"embeddable":true,"href":"https:\/\/agora.xtec.cat\/ceipsalvatella\/wp-json\/wp\/v2\/users\/1"}],"replies":[{"embeddable":true,"href":"https:\/\/agora.xtec.cat\/ceipsalvatella\/wp-json\/wp\/v2\/comments?post=28"}],"version-history":[{"count":5,"href":"https:\/\/agora.xtec.cat\/ceipsalvatella\/wp-json\/wp\/v2\/pages\/28\/revisions"}],"predecessor-version":[{"id":1713,"href":"https:\/\/agora.xtec.cat\/ceipsalvatella\/wp-json\/wp\/v2\/pages\/28\/revisions\/1713"}],"up":[{"embeddable":true,"href":"https:\/\/agora.xtec.cat\/ceipsalvatella\/wp-json\/wp\/v2\/pages\/549"}],"wp:attachment":[{"href":"https:\/\/agora.xtec.cat\/ceipsalvatella\/wp-json\/wp\/v2\/media?parent=28"}],"curies":[{"name":"wp","href":"https:\/\/api.w.org\/{rel}","templated":true}]}}