{"id":26,"date":"2014-09-18T12:24:32","date_gmt":"2014-09-18T11:24:32","guid":{"rendered":"http:\/\/agora.xtec.cat\/ceipsalvatella\/?page_id=26"},"modified":"2026-03-18T13:16:42","modified_gmt":"2026-03-18T12:16:42","slug":"historia","status":"publish","type":"page","link":"https:\/\/agora.xtec.cat\/ceipsalvatella\/lescola\/historia\/","title":{"rendered":"Hist\u00f2ria"},"content":{"rendered":"<p data-start=\"299\" data-end=\"635\">L\u2019escola Jaume Salvatella va ser fundada l\u2019any 1978, en un context d\u2019alt creixement demogr\u00e0fic a Santa Coloma de Gramenet, amb la voluntat de donar resposta a les necessitats educatives del barri. Des dels seus inicis, el centre ha esdevingut un referent educatiu i social, estretament vinculat a la realitat i a l\u2019evoluci\u00f3 de l\u2019entorn.<\/p>\n<p data-start=\"637\" data-end=\"1070\">Al llarg dels anys, l\u2019escola ha crescut i s\u2019ha adaptat als canvis educatius i socials, mantenint sempre el comprom\u00eds amb una educaci\u00f3 de qualitat, inclusiva i arrelada al territori. Aquest fort vincle amb la comunitat es reflecteix en la participaci\u00f3 activa de les fam\u00edlies i en el fet que molts antics alumnes han escollit el centre per a l\u2019educaci\u00f3 dels seus fills i filles, refor\u00e7ant aix\u00ed el sentiment de continu\u00eftat i pertinen\u00e7a.<\/p>\n<p data-start=\"1072\" data-end=\"1264\">El nom del centre ret homenatge a Jaume Salvatella i Creus, mestre de la localitat, figura que simbolitza els valors educatius i el comprom\u00eds amb l\u2019ensenyament que defineixen la nostra escola.<\/p>\n","protected":false},"excerpt":{"rendered":"<p>L\u2019escola Jaume Salvatella va ser fundada l\u2019any 1978, en un context d\u2019alt creixement demogr\u00e0fic a Santa Coloma de Gramenet, amb la voluntat de donar resposta a les necessitats educatives del barri. Des dels seus inicis, el centre ha esdevingut un referent educatiu i social, estretament vinculat a la realitat i a l\u2019evoluci\u00f3 de l\u2019entorn. Al [&hellip;]<\/p>\n","protected":false},"author":1,"featured_media":0,"parent":22,"menu_order":30,"comment_status":"closed","ping_status":"closed","template":"","meta":{"_bbp_topic_count":0,"_bbp_reply_count":0,"_bbp_total_topic_count":0,"_bbp_total_reply_count":0,"_bbp_voice_count":0,"_bbp_anonymous_reply_count":0,"_bbp_topic_count_hidden":0,"_bbp_reply_count_hidden":0,"_bbp_forum_subforum_count":0,"site-sidebar-layout":"default","site-content-layout":"","ast-site-content-layout":"default","site-content-style":"default","site-sidebar-style":"default","ast-global-header-display":"","ast-banner-title-visibility":"","ast-main-header-display":"","ast-hfb-above-header-display":"","ast-hfb-below-header-display":"","ast-hfb-mobile-header-display":"","site-post-title":"","ast-breadcrumbs-content":"","ast-featured-img":"","footer-sml-layout":"","theme-transparent-header-meta":"default","adv-header-id-meta":"","stick-header-meta":"","header-above-stick-meta":"","header-main-stick-meta":"","header-below-stick-meta":"","astra-migrate-meta-layouts":"set","ast-page-background-enabled":"default","ast-page-background-meta":{"desktop":{"background-color":"var(--ast-global-color-4)","background-image":"","background-repeat":"repeat","background-position":"center center","background-size":"auto","background-attachment":"scroll","background-type":"","background-media":"","overlay-type":"","overlay-color":"","overlay-opacity":"","overlay-gradient":""},"tablet":{"background-color":"","background-image":"","background-repeat":"repeat","background-position":"center center","background-size":"auto","background-attachment":"scroll","background-type":"","background-media":"","overlay-type":"","overlay-color":"","overlay-opacity":"","overlay-gradient":""},"mobile":{"background-color":"","background-image":"","background-repeat":"repeat","background-position":"center center","background-size":"auto","background-attachment":"scroll","background-type":"","background-media":"","overlay-type":"","overlay-color":"","overlay-opacity":"","overlay-gradient":""}},"ast-content-background-meta":{"desktop":{"background-color":"var(--ast-global-color-5)","background-image":"","background-repeat":"repeat","background-position":"center center","background-size":"auto","background-attachment":"scroll","background-type":"","background-media":"","overlay-type":"","overlay-color":"","overlay-opacity":"","overlay-gradient":""},"tablet":{"background-color":"var(--ast-global-color-5)","background-image":"","background-repeat":"repeat","background-position":"center center","background-size":"auto","background-attachment":"scroll","background-type":"","background-media":"","overlay-type":"","overlay-color":"","overlay-opacity":"","overlay-gradient":""},"mobile":{"background-color":"var(--ast-global-color-5)","background-image":"","background-repeat":"repeat","background-position":"center center","background-size":"auto","background-attachment":"scroll","background-type":"","background-media":"","overlay-type":"","overlay-color":"","overlay-opacity":"","overlay-gradient":""}},"footnotes":""},"class_list":["post-26","page","type-page","status-publish","hentry"],"post_mailing_queue_ids":[],"_links":{"self":[{"href":"https:\/\/agora.xtec.cat\/ceipsalvatella\/wp-json\/wp\/v2\/pages\/26","targetHints":{"allow":["GET"]}}],"collection":[{"href":"https:\/\/agora.xtec.cat\/ceipsalvatella\/wp-json\/wp\/v2\/pages"}],"about":[{"href":"https:\/\/agora.xtec.cat\/ceipsalvatella\/wp-json\/wp\/v2\/types\/page"}],"author":[{"embeddable":true,"href":"https:\/\/agora.xtec.cat\/ceipsalvatella\/wp-json\/wp\/v2\/users\/1"}],"replies":[{"embeddable":true,"href":"https:\/\/agora.xtec.cat\/ceipsalvatella\/wp-json\/wp\/v2\/comments?post=26"}],"version-history":[{"count":3,"href":"https:\/\/agora.xtec.cat\/ceipsalvatella\/wp-json\/wp\/v2\/pages\/26\/revisions"}],"predecessor-version":[{"id":1634,"href":"https:\/\/agora.xtec.cat\/ceipsalvatella\/wp-json\/wp\/v2\/pages\/26\/revisions\/1634"}],"up":[{"embeddable":true,"href":"https:\/\/agora.xtec.cat\/ceipsalvatella\/wp-json\/wp\/v2\/pages\/22"}],"wp:attachment":[{"href":"https:\/\/agora.xtec.cat\/ceipsalvatella\/wp-json\/wp\/v2\/media?parent=26"}],"curies":[{"name":"wp","href":"https:\/\/api.w.org\/{rel}","templated":true}]}}