{"id":24,"date":"2014-09-18T12:23:15","date_gmt":"2014-09-18T11:23:15","guid":{"rendered":"http:\/\/agora.xtec.cat\/ceipsalvatella\/?page_id=24"},"modified":"2024-09-09T12:22:21","modified_gmt":"2024-09-09T10:22:21","slug":"on-som","status":"publish","type":"page","link":"https:\/\/agora.xtec.cat\/ceipsalvatella\/lescola\/on-som\/","title":{"rendered":"On som"},"content":{"rendered":"<p>La nostra escola es troba a l&#8217;avinguda Francesc Maci\u00e0 n\u00ba 124, al barri del\u00a0Singuerl\u00edn que pertany al districte III de Santa Coloma de Gramenet.<\/p>\n<p>El centre est\u00e0 for\u00e7a ben comunicat amb transport p\u00fablic: metro (L9, Singuerl\u00edn i Can Zam) i autobusos (B14, B15, B20, B27, B30, B80, B81).<\/p>\n<p>El nostre tel\u00e8fon \u00e9s\u00a0<strong>934 682 920<\/strong><\/p>\n<p>La nostra adre\u00e7a de correu \u00e9s<strong> escola<span class=\"\">@jsalvatella<\/span>.cat<\/strong><\/p>\n<p>&nbsp;<\/p>\n<p>Per contactar per temes d&#8217;<span style=\"text-decoration: underline;\">acollida<\/span> de mat\u00ed o tarda o pel servei de <span style=\"text-decoration: underline;\">menjador<\/span> disposem de:<\/p>\n<p>Tel\u00e8fon i whatsapp <strong>602 54 10 14<\/strong><\/p>\n<p>correu electr\u00f2nica <strong>serveis@jsalvatella.cat<\/strong><\/p>\n","protected":false},"excerpt":{"rendered":"<p>La nostra escola es troba a l&#8217;avinguda Francesc Maci\u00e0 n\u00ba 124, al barri del\u00a0Singuerl\u00edn que pertany al districte III de Santa Coloma de Gramenet. El centre est\u00e0 for\u00e7a ben comunicat amb transport p\u00fablic: metro (L9, Singuerl\u00edn i Can Zam) i autobusos (B14, B15, B20, B27, B30, B80, B81). El nostre tel\u00e8fon \u00e9s\u00a0934 682 920 La [&hellip;]<\/p>\n","protected":false},"author":1,"featured_media":0,"parent":22,"menu_order":20,"comment_status":"closed","ping_status":"closed","template":"page-templates\/side-menu.php","meta":{"_bbp_topic_count":0,"_bbp_reply_count":0,"_bbp_total_topic_count":0,"_bbp_total_reply_count":0,"_bbp_voice_count":0,"_bbp_anonymous_reply_count":0,"_bbp_topic_count_hidden":0,"_bbp_reply_count_hidden":0,"_bbp_forum_subforum_count":0,"site-sidebar-layout":"default","site-content-layout":"","ast-site-content-layout":"","site-content-style":"default","site-sidebar-style":"default","ast-global-header-display":"","ast-banner-title-visibility":"","ast-main-header-display":"","ast-hfb-above-header-display":"","ast-hfb-below-header-display":"","ast-hfb-mobile-header-display":"","site-post-title":"","ast-breadcrumbs-content":"","ast-featured-img":"","footer-sml-layout":"","theme-transparent-header-meta":"","adv-header-id-meta":"","stick-header-meta":"","header-above-stick-meta":"","header-main-stick-meta":"","header-below-stick-meta":"","astra-migrate-meta-layouts":"default","ast-page-background-enabled":"default","ast-page-background-meta":{"desktop":{"background-color":"var(--ast-global-color-4)","background-image":"","background-repeat":"repeat","background-position":"center center","background-size":"auto","background-attachment":"scroll","background-type":"","background-media":"","overlay-type":"","overlay-color":"","overlay-opacity":"","overlay-gradient":""},"tablet":{"background-color":"","background-image":"","background-repeat":"repeat","background-position":"center center","background-size":"auto","background-attachment":"scroll","background-type":"","background-media":"","overlay-type":"","overlay-color":"","overlay-opacity":"","overlay-gradient":""},"mobile":{"background-color":"","background-image":"","background-repeat":"repeat","background-position":"center center","background-size":"auto","background-attachment":"scroll","background-type":"","background-media":"","overlay-type":"","overlay-color":"","overlay-opacity":"","overlay-gradient":""}},"ast-content-background-meta":{"desktop":{"background-color":"var(--ast-global-color-5)","background-image":"","background-repeat":"repeat","background-position":"center center","background-size":"auto","background-attachment":"scroll","background-type":"","background-media":"","overlay-type":"","overlay-color":"","overlay-opacity":"","overlay-gradient":""},"tablet":{"background-color":"var(--ast-global-color-5)","background-image":"","background-repeat":"repeat","background-position":"center center","background-size":"auto","background-attachment":"scroll","background-type":"","background-media":"","overlay-type":"","overlay-color":"","overlay-opacity":"","overlay-gradient":""},"mobile":{"background-color":"var(--ast-global-color-5)","background-image":"","background-repeat":"repeat","background-position":"center center","background-size":"auto","background-attachment":"scroll","background-type":"","background-media":"","overlay-type":"","overlay-color":"","overlay-opacity":"","overlay-gradient":""}},"footnotes":""},"class_list":["post-24","page","type-page","status-publish","hentry"],"post_mailing_queue_ids":[],"_links":{"self":[{"href":"https:\/\/agora.xtec.cat\/ceipsalvatella\/wp-json\/wp\/v2\/pages\/24","targetHints":{"allow":["GET"]}}],"collection":[{"href":"https:\/\/agora.xtec.cat\/ceipsalvatella\/wp-json\/wp\/v2\/pages"}],"about":[{"href":"https:\/\/agora.xtec.cat\/ceipsalvatella\/wp-json\/wp\/v2\/types\/page"}],"author":[{"embeddable":true,"href":"https:\/\/agora.xtec.cat\/ceipsalvatella\/wp-json\/wp\/v2\/users\/1"}],"replies":[{"embeddable":true,"href":"https:\/\/agora.xtec.cat\/ceipsalvatella\/wp-json\/wp\/v2\/comments?post=24"}],"version-history":[{"count":6,"href":"https:\/\/agora.xtec.cat\/ceipsalvatella\/wp-json\/wp\/v2\/pages\/24\/revisions"}],"predecessor-version":[{"id":1511,"href":"https:\/\/agora.xtec.cat\/ceipsalvatella\/wp-json\/wp\/v2\/pages\/24\/revisions\/1511"}],"up":[{"embeddable":true,"href":"https:\/\/agora.xtec.cat\/ceipsalvatella\/wp-json\/wp\/v2\/pages\/22"}],"wp:attachment":[{"href":"https:\/\/agora.xtec.cat\/ceipsalvatella\/wp-json\/wp\/v2\/media?parent=24"}],"curies":[{"name":"wp","href":"https:\/\/api.w.org\/{rel}","templated":true}]}}