{"id":698,"date":"2018-11-09T16:23:49","date_gmt":"2018-11-09T15:23:49","guid":{"rendered":"http:\/\/agora.xtec.cat\/ceipsalvadorvinyals\/?page_id=698"},"modified":"2018-11-10T19:28:21","modified_gmt":"2018-11-10T18:28:21","slug":"oferta-educativa-2","status":"publish","type":"page","link":"https:\/\/agora.xtec.cat\/ceipsalvadorvinyals\/lescola\/oferta-educativa-2\/","title":{"rendered":"Oferta educativa"},"content":{"rendered":"<p>&#8211; Afavorir l&#8217;<strong>educaci\u00f3 integral<\/strong> de l&#8217;alumnat i el desenvolupament individual.<br \/>\n&#8211; Aconseguir que l&#8217;educaci\u00f3 sigui un factor que ajudi a <strong>superar desigualtats<\/strong>.<br \/>\n&#8211; Facilitar el desenvolupament d&#8217;aprenentatges conceptuals, procedimentals, i actitudinals que possibilitin la <strong>comprensi\u00f3 global<\/strong> en totes les \u00e0rees del curr\u00edculum.<br \/>\n&#8211; Capacitar als alumnes per obtenir i tractar la informaci\u00f3 de manera <strong>aut\u00f2noma<\/strong> mitjan\u00e7ant l&#8217;<strong>\u00fas de les noves tecnologies<\/strong>.<br \/>\n&#8211; Fomentar actituds d&#8217;acceptaci\u00f3 dels altres i de <strong>conviv\u00e8ncia<\/strong> dins del pluralisme (\u00e8tnic, econ\u00f2mic, social i cultural) i els valors personals des de la reflexi\u00f3 i el coneixement cr\u00edtic i els valors democr\u00e0tics.<br \/>\n&#8211; Garantir l\u00b4\u00fas del <strong>catal\u00e0 com a llengua vehicular<\/strong> de l&#8217;escola i el coneixement de la cultura catalana.<br \/>\n&#8211; Potenciar el desenvolupament de <strong>compet\u00e8ncies comunicatives pluriling\u00fces<\/strong>.<\/p>\n<p>&#8211; Potenciar un model de gesti\u00f3 de l&#8217;<strong>escola efica\u00e7, participatiu, comunitari i democr\u00e0tic<\/strong> entenent el consens com a m\u00e8tode de pressa de decisions afavorint la participaci\u00f3 de les fam\u00edlies a les diferents din\u00e0miques de l&#8217;escola.<\/p>\n","protected":false},"excerpt":{"rendered":"<p>&#8211; Afavorir l&#8217;educaci\u00f3 integral de l&#8217;alumnat i el desenvolupament individual. &#8211; Aconseguir que l&#8217;educaci\u00f3 sigui un factor que ajudi a superar desigualtats. &#8211; Facilitar el desenvolupament d&#8217;aprenentatges conceptuals, procedimentals, i actitudinals que possibilitin la comprensi\u00f3 global en totes les \u00e0rees del curr\u00edculum. &#8211; Capacitar als alumnes per obtenir i tractar la informaci\u00f3 de manera aut\u00f2noma [&hellip;]<\/p>\n","protected":false},"author":1,"featured_media":0,"parent":22,"menu_order":20,"comment_status":"closed","ping_status":"closed","template":"page-templates\/side-menu.php","meta":{"_bbp_topic_count":0,"_bbp_reply_count":0,"_bbp_total_topic_count":0,"_bbp_total_reply_count":0,"_bbp_voice_count":0,"_bbp_anonymous_reply_count":0,"_bbp_topic_count_hidden":0,"_bbp_reply_count_hidden":0,"_bbp_forum_subforum_count":0,"site-sidebar-layout":"default","site-content-layout":"","ast-site-content-layout":"","site-content-style":"default","site-sidebar-style":"default","ast-global-header-display":"","ast-banner-title-visibility":"","ast-main-header-display":"","ast-hfb-above-header-display":"","ast-hfb-below-header-display":"","ast-hfb-mobile-header-display":"","site-post-title":"","ast-breadcrumbs-content":"","ast-featured-img":"","footer-sml-layout":"","theme-transparent-header-meta":"","adv-header-id-meta":"","stick-header-meta":"","header-above-stick-meta":"","header-main-stick-meta":"","header-below-stick-meta":"","astra-migrate-meta-layouts":"default","ast-page-background-enabled":"default","ast-page-background-meta":{"desktop":{"background-color":"var(--ast-global-color-4)","background-image":"","background-repeat":"repeat","background-position":"center center","background-size":"auto","background-attachment":"scroll","background-type":"","background-media":"","overlay-type":"","overlay-color":"","overlay-opacity":"","overlay-gradient":""},"tablet":{"background-color":"","background-image":"","background-repeat":"repeat","background-position":"center center","background-size":"auto","background-attachment":"scroll","background-type":"","background-media":"","overlay-type":"","overlay-color":"","overlay-opacity":"","overlay-gradient":""},"mobile":{"background-color":"","background-image":"","background-repeat":"repeat","background-position":"center center","background-size":"auto","background-attachment":"scroll","background-type":"","background-media":"","overlay-type":"","overlay-color":"","overlay-opacity":"","overlay-gradient":""}},"ast-content-background-meta":{"desktop":{"background-color":"var(--ast-global-color-5)","background-image":"","background-repeat":"repeat","background-position":"center center","background-size":"auto","background-attachment":"scroll","background-type":"","background-media":"","overlay-type":"","overlay-color":"","overlay-opacity":"","overlay-gradient":""},"tablet":{"background-color":"var(--ast-global-color-5)","background-image":"","background-repeat":"repeat","background-position":"center center","background-size":"auto","background-attachment":"scroll","background-type":"","background-media":"","overlay-type":"","overlay-color":"","overlay-opacity":"","overlay-gradient":""},"mobile":{"background-color":"var(--ast-global-color-5)","background-image":"","background-repeat":"repeat","background-position":"center center","background-size":"auto","background-attachment":"scroll","background-type":"","background-media":"","overlay-type":"","overlay-color":"","overlay-opacity":"","overlay-gradient":""}},"footnotes":""},"class_list":["post-698","page","type-page","status-publish","hentry"],"post_mailing_queue_ids":[],"_links":{"self":[{"href":"https:\/\/agora.xtec.cat\/ceipsalvadorvinyals\/wp-json\/wp\/v2\/pages\/698","targetHints":{"allow":["GET"]}}],"collection":[{"href":"https:\/\/agora.xtec.cat\/ceipsalvadorvinyals\/wp-json\/wp\/v2\/pages"}],"about":[{"href":"https:\/\/agora.xtec.cat\/ceipsalvadorvinyals\/wp-json\/wp\/v2\/types\/page"}],"author":[{"embeddable":true,"href":"https:\/\/agora.xtec.cat\/ceipsalvadorvinyals\/wp-json\/wp\/v2\/users\/1"}],"replies":[{"embeddable":true,"href":"https:\/\/agora.xtec.cat\/ceipsalvadorvinyals\/wp-json\/wp\/v2\/comments?post=698"}],"version-history":[{"count":1,"href":"https:\/\/agora.xtec.cat\/ceipsalvadorvinyals\/wp-json\/wp\/v2\/pages\/698\/revisions"}],"predecessor-version":[{"id":701,"href":"https:\/\/agora.xtec.cat\/ceipsalvadorvinyals\/wp-json\/wp\/v2\/pages\/698\/revisions\/701"}],"up":[{"embeddable":true,"href":"https:\/\/agora.xtec.cat\/ceipsalvadorvinyals\/wp-json\/wp\/v2\/pages\/22"}],"wp:attachment":[{"href":"https:\/\/agora.xtec.cat\/ceipsalvadorvinyals\/wp-json\/wp\/v2\/media?parent=698"}],"curies":[{"name":"wp","href":"https:\/\/api.w.org\/{rel}","templated":true}]}}