{"id":32,"date":"2014-09-18T12:31:33","date_gmt":"2014-09-18T11:31:33","guid":{"rendered":"http:\/\/agora.xtec.cat\/ceipsalvadorvinyals\/?page_id=32"},"modified":"2025-09-04T09:23:46","modified_gmt":"2025-09-04T07:23:46","slug":"calendari-del-curs","status":"publish","type":"page","link":"https:\/\/agora.xtec.cat\/ceipsalvadorvinyals\/lescola\/calendari-del-curs\/","title":{"rendered":"Calendari del curs"},"content":{"rendered":"<h4><strong>Inici de curs:<\/strong><\/h4>\n<p>8 de setembre de 2025<\/p>\n<h4><strong>Vacances:<\/strong><\/h4>\n<p><strong>Nadal:<\/strong> Del 20 de desembre de 2025 al 7 de gener de 2026\u00a0 (ambd\u00f3s inclosos)<\/p>\n<p><strong>Setmana Santa<\/strong>: Del 28 de mar\u00e7 al 6 d&#8217;abril de 2026 (ambd\u00f3s inclosos)<\/p>\n<p><strong>Vacances d&#8217;estiu<\/strong>: A partir del 20 de juny de 2026<\/p>\n<h4><strong>Dies festius i dies de lliure disposici\u00f3:<\/strong><\/h4>\n<p>11 de setembre de 2025<\/p>\n<p>10 d&#8217;octubre de 2025<\/p>\n<p>3 de novembre de 2025<\/p>\n<p>5\u00a0 i 8 de desembre de 2025<\/p>\n<p>16 de febrer de 2026<\/p>\n<p>30 d&#8217;abril de 2026<\/p>\n<p>1 de maig de 2026<\/p>\n<p>25 de maig de 2026<\/p>\n<h4><strong>Jornada intensiva:<\/strong><\/h4>\n<p>19 de desembre de 2025<\/p>\n<p>Del 8 al 19 de juny de 2026 (ambd\u00f3s inclosos)<\/p>\n<p>L\u2019<b>horari lectiu<\/b> del centre \u00e9s igual per Educaci\u00f3 Infantil i Educaci\u00f3 Prim\u00e0ria:<\/p>\n<p><strong>De setembre a maig:<\/strong> de\u00a09 a 13 i de 15 a 17h<\/p>\n<p><strong>A partir del 9 de juny<\/strong>: Jornada intensiva de 9 a 13h<\/p>\n<div><\/div>\n","protected":false},"excerpt":{"rendered":"<p>Inici de curs: 8 de setembre de 2025 Vacances: Nadal: Del 20 de desembre de 2025 al 7 de gener de 2026\u00a0 (ambd\u00f3s inclosos) Setmana Santa: Del 28 de mar\u00e7 al 6 d&#8217;abril de 2026 (ambd\u00f3s inclosos) Vacances d&#8217;estiu: A partir del 20 de juny de 2026 Dies festius i dies de lliure disposici\u00f3: 11 [&hellip;]<\/p>\n","protected":false},"author":1,"featured_media":0,"parent":22,"menu_order":50,"comment_status":"closed","ping_status":"closed","template":"","meta":{"_bbp_topic_count":0,"_bbp_reply_count":0,"_bbp_total_topic_count":0,"_bbp_total_reply_count":0,"_bbp_voice_count":0,"_bbp_anonymous_reply_count":0,"_bbp_topic_count_hidden":0,"_bbp_reply_count_hidden":0,"_bbp_forum_subforum_count":0,"site-sidebar-layout":"default","site-content-layout":"","ast-site-content-layout":"default","site-content-style":"default","site-sidebar-style":"default","ast-global-header-display":"","ast-banner-title-visibility":"","ast-main-header-display":"","ast-hfb-above-header-display":"","ast-hfb-below-header-display":"","ast-hfb-mobile-header-display":"","site-post-title":"","ast-breadcrumbs-content":"","ast-featured-img":"","footer-sml-layout":"","theme-transparent-header-meta":"","adv-header-id-meta":"","stick-header-meta":"","header-above-stick-meta":"","header-main-stick-meta":"","header-below-stick-meta":"","astra-migrate-meta-layouts":"set","ast-page-background-enabled":"default","ast-page-background-meta":{"desktop":{"background-color":"var(--ast-global-color-4)","background-image":"","background-repeat":"repeat","background-position":"center center","background-size":"auto","background-attachment":"scroll","background-type":"","background-media":"","overlay-type":"","overlay-color":"","overlay-opacity":"","overlay-gradient":""},"tablet":{"background-color":"","background-image":"","background-repeat":"repeat","background-position":"center center","background-size":"auto","background-attachment":"scroll","background-type":"","background-media":"","overlay-type":"","overlay-color":"","overlay-opacity":"","overlay-gradient":""},"mobile":{"background-color":"","background-image":"","background-repeat":"repeat","background-position":"center center","background-size":"auto","background-attachment":"scroll","background-type":"","background-media":"","overlay-type":"","overlay-color":"","overlay-opacity":"","overlay-gradient":""}},"ast-content-background-meta":{"desktop":{"background-color":"var(--ast-global-color-5)","background-image":"","background-repeat":"repeat","background-position":"center center","background-size":"auto","background-attachment":"scroll","background-type":"","background-media":"","overlay-type":"","overlay-color":"","overlay-opacity":"","overlay-gradient":""},"tablet":{"background-color":"var(--ast-global-color-5)","background-image":"","background-repeat":"repeat","background-position":"center center","background-size":"auto","background-attachment":"scroll","background-type":"","background-media":"","overlay-type":"","overlay-color":"","overlay-opacity":"","overlay-gradient":""},"mobile":{"background-color":"var(--ast-global-color-5)","background-image":"","background-repeat":"repeat","background-position":"center center","background-size":"auto","background-attachment":"scroll","background-type":"","background-media":"","overlay-type":"","overlay-color":"","overlay-opacity":"","overlay-gradient":""}},"footnotes":""},"class_list":["post-32","page","type-page","status-publish","hentry"],"post_mailing_queue_ids":[],"_links":{"self":[{"href":"https:\/\/agora.xtec.cat\/ceipsalvadorvinyals\/wp-json\/wp\/v2\/pages\/32","targetHints":{"allow":["GET"]}}],"collection":[{"href":"https:\/\/agora.xtec.cat\/ceipsalvadorvinyals\/wp-json\/wp\/v2\/pages"}],"about":[{"href":"https:\/\/agora.xtec.cat\/ceipsalvadorvinyals\/wp-json\/wp\/v2\/types\/page"}],"author":[{"embeddable":true,"href":"https:\/\/agora.xtec.cat\/ceipsalvadorvinyals\/wp-json\/wp\/v2\/users\/1"}],"replies":[{"embeddable":true,"href":"https:\/\/agora.xtec.cat\/ceipsalvadorvinyals\/wp-json\/wp\/v2\/comments?post=32"}],"version-history":[{"count":5,"href":"https:\/\/agora.xtec.cat\/ceipsalvadorvinyals\/wp-json\/wp\/v2\/pages\/32\/revisions"}],"predecessor-version":[{"id":25511,"href":"https:\/\/agora.xtec.cat\/ceipsalvadorvinyals\/wp-json\/wp\/v2\/pages\/32\/revisions\/25511"}],"up":[{"embeddable":true,"href":"https:\/\/agora.xtec.cat\/ceipsalvadorvinyals\/wp-json\/wp\/v2\/pages\/22"}],"wp:attachment":[{"href":"https:\/\/agora.xtec.cat\/ceipsalvadorvinyals\/wp-json\/wp\/v2\/media?parent=32"}],"curies":[{"name":"wp","href":"https:\/\/api.w.org\/{rel}","templated":true}]}}