{"id":26,"date":"2014-09-18T12:24:32","date_gmt":"2014-09-18T11:24:32","guid":{"rendered":"http:\/\/agora.xtec.cat\/ceipsalvadorvinyals\/?page_id=26"},"modified":"2025-09-02T14:16:40","modified_gmt":"2025-09-02T12:16:40","slug":"historia","status":"publish","type":"page","link":"https:\/\/agora.xtec.cat\/ceipsalvadorvinyals\/lescola\/historia\/","title":{"rendered":"Equip"},"content":{"rendered":"\n<p><span style=\"color: #008080;\"><strong>EQUIP DOCENT 2024-25<\/strong><\/span><\/p>\n\n\n\n<figure class=\"wp-block-table alignleft\"><table><tbody><tr><td><\/td><td><strong style=\"font-size: 16px; color: #ff9900;\">Tutories<\/strong><\/td><\/tr><tr><td><strong>I3<\/strong><\/td><td>Mireia<\/td><\/tr><tr><td><strong>I4<\/strong><\/td><td>Nat\u00e0lia<\/td><\/tr><tr><td><strong>I5<\/strong><\/td><td>Arantxa<\/td><\/tr><tr><td><strong>1r<\/strong><\/td><td>J\u00e9sica (Marta)<\/td><\/tr><tr><td><strong>2n<\/strong><\/td><td>Montse<\/td><\/tr><tr><td><strong>3r<\/strong><\/td><td>Esther A<\/td><\/tr><tr><td><strong>4t<\/strong><\/td><td>Marina<\/td><\/tr><tr><td><strong>5\u00e8<\/strong><\/td><td>Imma<\/td><\/tr><tr><td><strong>6\u00e8<\/strong><\/td><td>Paula<\/td><\/tr><\/tbody><\/table><\/figure>\n\n\n\n<figure class=\"wp-block-table alignleft\"><table><tbody><tr><td class=\"has-text-align-left\" data-align=\"left\" rowspan=\"11\">\n<p style=\"text-align: center;\"><span style=\"color: #ff9900;\"><strong style=\"font-size: 16px;\">Especialitats<\/strong><\/span><\/p>\n<p style=\"text-align: center;\"><span style=\"color: #ff9900;\"><strong style=\"font-size: 16px;\"> i<\/strong><\/span><\/p>\n<p style=\"text-align: center;\"><span style=\"color: #ff9900;\"><strong style=\"font-size: 16px;\"> refor\u00e7os<\/strong><\/span><\/p>\n<p style=\"text-align: center;\"><strong style=\"font-size: 16px;\">&nbsp;<\/strong><\/p>\n<\/td><td><strong>Angl\u00e8s<\/strong><\/td><td>Carolina<\/td><\/tr><tr><td class=\"has-text-align-left\" data-align=\"left\"><strong>M\u00fasica<\/strong><\/td><td>Marc<\/td><\/tr><tr><td class=\"has-text-align-left\" data-align=\"left\"><strong>Educaci\u00f3 f\u00edsica<\/strong><\/td><td>Esther P<\/td><\/tr><tr><td class=\"has-text-align-left\" data-align=\"left\"><strong>Educaci\u00f3 Especial<\/strong><\/td><td>M.Carme<\/td><\/tr><tr><td class=\"has-text-align-left\" data-align=\"left\"><strong>Refor\u00e7 Ed. Infantil<\/strong><\/td><td>Ana<\/td><\/tr><tr><td class=\"has-text-align-left\" data-align=\"left\"><strong>TEEI<\/strong><\/td><td>N\u00faria G<\/td><\/tr><tr><td class=\"has-text-align-left\" data-align=\"left\"><strong>Religi\u00f3<\/strong><\/td><td>Margarita<\/td><\/tr><tr><td class=\"has-text-align-left\" data-align=\"left\" rowspan=\"3\"><strong>Refor\u00e7 Ed.prim\u00e0ria<\/strong><\/td><td rowspan=\"3\">Raquel<br>Xavi<br>M.Carme<\/td><\/tr><tr><td class=\"has-text-align-left\" data-align=\"left\"><strong>Vetlladora<\/strong><\/td><td><\/td><\/tr><\/tbody><\/table><\/figure>\n\n\n\n<figure class=\"wp-block-table alignleft\"><table><tbody><tr><td rowspan=\"8\">\n<p style=\"text-align: center;\"><span style=\"color: #ff9900;\"><strong style=\"font-size: 16px;\">C\u00e0rrecs <\/strong><\/span><\/p>\n<p style=\"text-align: center;\"><span style=\"color: #ff9900;\"><strong style=\"font-size: 16px;\">i <\/strong><\/span><\/p>\n<p style=\"text-align: center;\"><span style=\"color: #ff9900;\"><strong style=\"font-size: 16px;\">responsabilitats<\/strong><\/span><\/p>\n<\/td><td rowspan=\"3\"><strong>Equip directiu<\/strong><\/td><td><strong>Directora<\/strong><\/td><td>Rosanna Miquel<\/td><\/tr><tr><td><strong>Cap d&#8217;estudis<\/strong><\/td><td>N\u00faria Clotet<\/td><\/tr><tr><td><strong>Secret\u00e0ria<\/strong><\/td><td>Merc\u00e8 Purull<\/td><\/tr><tr><td rowspan=\"5\"><strong>Coordinacions<\/strong><\/td><td><strong>Ed. Infantil i cicle inicial<\/strong><\/td><td>Montse<\/td><\/tr><tr><td><strong>Cicle mitj\u00e0 i superior<\/strong><\/td><td>Marina<\/td><\/tr><tr><td><strong>Cultura Digital<\/strong><\/td><td>Xavi<\/td><\/tr><tr><td><strong>Riscos Laborals<\/strong><\/td><td>Esther A<\/td><\/tr><tr><td><strong>LIC<\/strong><\/td><td>Imma<\/td><\/tr><\/tbody><\/table><\/figure>\n\n\n\n<figure class=\"wp-block-table alignleft\"><table><tbody><tr><td rowspan=\"6\">\n<p style=\"text-align: center;\"><span style=\"color: #ff9900;\"><strong>Personal <\/strong><\/span><\/p>\n<p style=\"text-align: center;\"><span style=\"color: #ff9900;\"><strong>no <\/strong><\/span><\/p>\n<p style=\"text-align: center;\"><span style=\"color: #ff9900;\"><strong>docent<\/strong><\/span><\/p>\n<\/td><td><strong>Administratiu<\/strong><\/td><td>Carles<\/td><\/tr><tr><td><strong>INS<\/strong><\/td><td>Marta<\/td><\/tr><tr><td><strong>Oficial de serveis<\/strong><\/td><td>Lluc<\/td><\/tr><tr><td><strong>Coordinadora de menjador<\/strong><\/td><td>Dora<\/td><\/tr><tr><td><strong>Cuinera<\/strong><\/td><td>Conchi<\/td><\/tr><tr><td><strong>Personal de neteja<\/strong><\/td><td>Leo i Mariam<\/td><\/tr><\/tbody><\/table><\/figure>\n","protected":false},"excerpt":{"rendered":"<p>EQUIP DOCENT 2024-25 Tutories I3 Mireia I4 Nat\u00e0lia I5 Arantxa 1r J\u00e9sica (Marta) 2n Montse 3r Esther A 4t Marina 5\u00e8 Imma 6\u00e8 Paula Especialitats i refor\u00e7os &nbsp; Angl\u00e8s Carolina M\u00fasica Marc Educaci\u00f3 f\u00edsica Esther P Educaci\u00f3 Especial M.Carme Refor\u00e7 Ed. Infantil Ana TEEI N\u00faria G Religi\u00f3 Margarita Refor\u00e7 Ed.prim\u00e0ria RaquelXaviM.Carme Vetlladora C\u00e0rrecs i responsabilitats [&hellip;]<\/p>\n","protected":false},"author":1,"featured_media":0,"parent":22,"menu_order":50,"comment_status":"closed","ping_status":"closed","template":"","meta":{"_bbp_topic_count":0,"_bbp_reply_count":0,"_bbp_total_topic_count":0,"_bbp_total_reply_count":0,"_bbp_voice_count":0,"_bbp_anonymous_reply_count":0,"_bbp_topic_count_hidden":0,"_bbp_reply_count_hidden":0,"_bbp_forum_subforum_count":0,"site-sidebar-layout":"default","site-content-layout":"","ast-site-content-layout":"default","site-content-style":"default","site-sidebar-style":"default","ast-global-header-display":"","ast-banner-title-visibility":"","ast-main-header-display":"","ast-hfb-above-header-display":"","ast-hfb-below-header-display":"","ast-hfb-mobile-header-display":"","site-post-title":"","ast-breadcrumbs-content":"","ast-featured-img":"","footer-sml-layout":"","theme-transparent-header-meta":"","adv-header-id-meta":"","stick-header-meta":"","header-above-stick-meta":"","header-main-stick-meta":"","header-below-stick-meta":"","astra-migrate-meta-layouts":"set","ast-page-background-enabled":"default","ast-page-background-meta":{"desktop":{"background-color":"var(--ast-global-color-4)","background-image":"","background-repeat":"repeat","background-position":"center center","background-size":"auto","background-attachment":"scroll","background-type":"","background-media":"","overlay-type":"","overlay-color":"","overlay-opacity":"","overlay-gradient":""},"tablet":{"background-color":"","background-image":"","background-repeat":"repeat","background-position":"center center","background-size":"auto","background-attachment":"scroll","background-type":"","background-media":"","overlay-type":"","overlay-color":"","overlay-opacity":"","overlay-gradient":""},"mobile":{"background-color":"","background-image":"","background-repeat":"repeat","background-position":"center center","background-size":"auto","background-attachment":"scroll","background-type":"","background-media":"","overlay-type":"","overlay-color":"","overlay-opacity":"","overlay-gradient":""}},"ast-content-background-meta":{"desktop":{"background-color":"var(--ast-global-color-5)","background-image":"","background-repeat":"repeat","background-position":"center center","background-size":"auto","background-attachment":"scroll","background-type":"","background-media":"","overlay-type":"","overlay-color":"","overlay-opacity":"","overlay-gradient":""},"tablet":{"background-color":"var(--ast-global-color-5)","background-image":"","background-repeat":"repeat","background-position":"center center","background-size":"auto","background-attachment":"scroll","background-type":"","background-media":"","overlay-type":"","overlay-color":"","overlay-opacity":"","overlay-gradient":""},"mobile":{"background-color":"var(--ast-global-color-5)","background-image":"","background-repeat":"repeat","background-position":"center center","background-size":"auto","background-attachment":"scroll","background-type":"","background-media":"","overlay-type":"","overlay-color":"","overlay-opacity":"","overlay-gradient":""}},"footnotes":""},"class_list":["post-26","page","type-page","status-publish","hentry"],"post_mailing_queue_ids":[],"_links":{"self":[{"href":"https:\/\/agora.xtec.cat\/ceipsalvadorvinyals\/wp-json\/wp\/v2\/pages\/26","targetHints":{"allow":["GET"]}}],"collection":[{"href":"https:\/\/agora.xtec.cat\/ceipsalvadorvinyals\/wp-json\/wp\/v2\/pages"}],"about":[{"href":"https:\/\/agora.xtec.cat\/ceipsalvadorvinyals\/wp-json\/wp\/v2\/types\/page"}],"author":[{"embeddable":true,"href":"https:\/\/agora.xtec.cat\/ceipsalvadorvinyals\/wp-json\/wp\/v2\/users\/1"}],"replies":[{"embeddable":true,"href":"https:\/\/agora.xtec.cat\/ceipsalvadorvinyals\/wp-json\/wp\/v2\/comments?post=26"}],"version-history":[{"count":6,"href":"https:\/\/agora.xtec.cat\/ceipsalvadorvinyals\/wp-json\/wp\/v2\/pages\/26\/revisions"}],"predecessor-version":[{"id":25509,"href":"https:\/\/agora.xtec.cat\/ceipsalvadorvinyals\/wp-json\/wp\/v2\/pages\/26\/revisions\/25509"}],"up":[{"embeddable":true,"href":"https:\/\/agora.xtec.cat\/ceipsalvadorvinyals\/wp-json\/wp\/v2\/pages\/22"}],"wp:attachment":[{"href":"https:\/\/agora.xtec.cat\/ceipsalvadorvinyals\/wp-json\/wp\/v2\/media?parent=26"}],"curies":[{"name":"wp","href":"https:\/\/api.w.org\/{rel}","templated":true}]}}