{"id":20719,"date":"2023-12-01T10:20:13","date_gmt":"2023-12-01T09:20:13","guid":{"rendered":"https:\/\/agora.xtec.cat\/ceipsalvadorvinyals\/?page_id=20719"},"modified":"2024-11-21T18:25:08","modified_gmt":"2024-11-21T17:25:08","slug":"erasmus","status":"publish","type":"page","link":"https:\/\/agora.xtec.cat\/ceipsalvadorvinyals\/erasmus\/","title":{"rendered":"Projectes"},"content":{"rendered":"<p><a href=\"https:\/\/projectes.xtec.cat\/cete\/\" target=\"_blank\" rel=\"noopener\"><img loading=\"lazy\" decoding=\"async\" class=\"alignnone wp-image-21589\" src=\"https:\/\/agora.xtec.cat\/ceipsalvadorvinyals\/wp-content\/uploads\/usu1905\/2024\/03\/logo-cofunded-Erasmus.jpg\" alt=\"\" width=\"252\" height=\"60\" srcset=\"https:\/\/agora.xtec.cat\/ceipsalvadorvinyals\/wp-content\/uploads\/usu1905\/2024\/03\/logo-cofunded-Erasmus.jpg 591w, https:\/\/agora.xtec.cat\/ceipsalvadorvinyals\/wp-content\/uploads\/usu1905\/2024\/03\/logo-cofunded-Erasmus-300x72.jpg 300w\" sizes=\"auto, (max-width: 252px) 100vw, 252px\" \/><\/a><a href=\"https:\/\/projectes.xtec.cat\/recerca-educativa\/\" target=\"_blank\" rel=\"noopener\"><img loading=\"lazy\" decoding=\"async\" class=\"alignnone wp-image-21105\" src=\"https:\/\/agora.xtec.cat\/ceipsalvadorvinyals\/wp-content\/uploads\/usu1905\/2024\/01\/Erasmus-1.jpg\" alt=\"\" width=\"317\" height=\"71\" \/> <\/a><a href=\"https:\/\/agora.xtec.cat\/ceipsalvadorvinyals\/wp-content\/uploads\/usu1905\/2024\/03\/CETEfonsblanc2-300x257-1.png\"><img loading=\"lazy\" decoding=\"async\" class=\"alignnone wp-image-21594\" src=\"https:\/\/agora.xtec.cat\/ceipsalvadorvinyals\/wp-content\/uploads\/usu1905\/2024\/03\/CETEfonsblanc2-300x257-1.png\" alt=\"\" width=\"98\" height=\"84\" \/><\/a><\/p>\n<p>L&#8217;escola participa del Projecte Erasmus+, el Consorci Europeu per a la Transformaci\u00f3 Educativa CETE+ 2023.<\/p>\n<p>CETE+ \u00e9s l\u2019acr\u00f2nim del Consorci Europeu per a la Transformaci\u00f3 Educativa. Aquest \u00e9s el nom que rep l\u2019acreditaci\u00f3 Erasmus+ KA120 del Departament d\u2019Educaci\u00f3 de Catalunya en l\u2019\u00e0mbit d\u2019Educaci\u00f3 Escolar. S\u2019implementa a trav\u00e9s de projectes KA121 que es convoquen anualment.<\/p>\n<p><a href=\"https:\/\/agora.xtec.cat\/ceipsalvadorvinyals\/wp-content\/uploads\/usu1905\/2024\/11\/Logo-RecercAULA-color-amb-text-5-1-4-scaled.jpg\"><img loading=\"lazy\" decoding=\"async\" class=\"alignnone wp-image-22998\" src=\"https:\/\/agora.xtec.cat\/ceipsalvadorvinyals\/wp-content\/uploads\/usu1905\/2024\/11\/Logo-RecercAULA-color-amb-text-5-1-4-scaled.jpg\" alt=\"\" width=\"358\" height=\"101\" srcset=\"https:\/\/agora.xtec.cat\/ceipsalvadorvinyals\/wp-content\/uploads\/usu1905\/2024\/11\/Logo-RecercAULA-color-amb-text-5-1-4-scaled.jpg 2560w, https:\/\/agora.xtec.cat\/ceipsalvadorvinyals\/wp-content\/uploads\/usu1905\/2024\/11\/Logo-RecercAULA-color-amb-text-5-1-4-300x85.jpg 300w, https:\/\/agora.xtec.cat\/ceipsalvadorvinyals\/wp-content\/uploads\/usu1905\/2024\/11\/Logo-RecercAULA-color-amb-text-5-1-4-1024x289.jpg 1024w, https:\/\/agora.xtec.cat\/ceipsalvadorvinyals\/wp-content\/uploads\/usu1905\/2024\/11\/Logo-RecercAULA-color-amb-text-5-1-4-768x216.jpg 768w, https:\/\/agora.xtec.cat\/ceipsalvadorvinyals\/wp-content\/uploads\/usu1905\/2024\/11\/Logo-RecercAULA-color-amb-text-5-1-4-1536x433.jpg 1536w, https:\/\/agora.xtec.cat\/ceipsalvadorvinyals\/wp-content\/uploads\/usu1905\/2024\/11\/Logo-RecercAULA-color-amb-text-5-1-4-2048x577.jpg 2048w\" sizes=\"auto, (max-width: 358px) 100vw, 358px\" \/><\/a>\u00a0 \u00a0 \u00a0 \u00a0<a href=\"https:\/\/www.uab.cat\/web\/accio-social-\/programes-socioeducatius\/primaria-croma-2-0-1345769966975.html\" target=\"_blank\" rel=\"noopener\"><img loading=\"lazy\" decoding=\"async\" class=\"alignnone wp-image-21110\" src=\"https:\/\/agora.xtec.cat\/ceipsalvadorvinyals\/wp-content\/uploads\/usu1905\/2024\/01\/croma.jpg\" alt=\"\" width=\"251\" height=\"68\" srcset=\"https:\/\/agora.xtec.cat\/ceipsalvadorvinyals\/wp-content\/uploads\/usu1905\/2024\/01\/croma.jpg 644w, https:\/\/agora.xtec.cat\/ceipsalvadorvinyals\/wp-content\/uploads\/usu1905\/2024\/01\/croma-300x82.jpg 300w\" sizes=\"auto, (max-width: 251px) 100vw, 251px\" \/><\/a> <a href=\"https:\/\/lecxit.cat\/\" target=\"_blank\" rel=\"noopener\">\u00a0 \u00a0 \u00a0 \u00a0<img loading=\"lazy\" decoding=\"async\" class=\"alignnone wp-image-21107\" src=\"https:\/\/agora.xtec.cat\/ceipsalvadorvinyals\/wp-content\/uploads\/usu1905\/2024\/01\/lecxit.png\" alt=\"\" width=\"240\" height=\"60\" srcset=\"https:\/\/agora.xtec.cat\/ceipsalvadorvinyals\/wp-content\/uploads\/usu1905\/2024\/01\/lecxit.png 448w, https:\/\/agora.xtec.cat\/ceipsalvadorvinyals\/wp-content\/uploads\/usu1905\/2024\/01\/lecxit-300x75.png 300w\" sizes=\"auto, (max-width: 240px) 100vw, 240px\" \/><\/a><a href=\"https:\/\/codeclub.cat\/\" target=\"_blank\" rel=\"noopener\">\u00a0 \u00a0 <img loading=\"lazy\" decoding=\"async\" class=\"alignnone  wp-image-23032\" src=\"https:\/\/agora.xtec.cat\/ceipsalvadorvinyals\/wp-content\/uploads\/usu1905\/2024\/11\/code-club.jpg\" alt=\"\" width=\"208\" height=\"96\" srcset=\"https:\/\/agora.xtec.cat\/ceipsalvadorvinyals\/wp-content\/uploads\/usu1905\/2024\/11\/code-club.jpg 352w, https:\/\/agora.xtec.cat\/ceipsalvadorvinyals\/wp-content\/uploads\/usu1905\/2024\/11\/code-club-300x138.jpg 300w\" sizes=\"auto, (max-width: 208px) 100vw, 208px\" \/>\u00a0\u00a0\u00a0<\/a><\/p>\n","protected":false},"excerpt":{"rendered":"<p>L&#8217;escola participa del Projecte Erasmus+, el Consorci Europeu per a la Transformaci\u00f3 Educativa CETE+ 2023. CETE+ \u00e9s l\u2019acr\u00f2nim del Consorci Europeu per a la Transformaci\u00f3 Educativa. Aquest \u00e9s el nom que rep l\u2019acreditaci\u00f3 Erasmus+ KA120 del Departament d\u2019Educaci\u00f3 de Catalunya en l\u2019\u00e0mbit d\u2019Educaci\u00f3 Escolar. S\u2019implementa a trav\u00e9s de projectes KA121 que es convoquen anualment. \u00a0 [&hellip;]<\/p>\n","protected":false},"author":1,"featured_media":0,"parent":0,"menu_order":0,"comment_status":"closed","ping_status":"closed","template":"","meta":{"_bbp_topic_count":0,"_bbp_reply_count":0,"_bbp_total_topic_count":0,"_bbp_total_reply_count":0,"_bbp_voice_count":0,"_bbp_anonymous_reply_count":0,"_bbp_topic_count_hidden":0,"_bbp_reply_count_hidden":0,"_bbp_forum_subforum_count":0,"site-sidebar-layout":"default","site-content-layout":"","ast-site-content-layout":"","site-content-style":"default","site-sidebar-style":"default","ast-global-header-display":"","ast-banner-title-visibility":"","ast-main-header-display":"","ast-hfb-above-header-display":"","ast-hfb-below-header-display":"","ast-hfb-mobile-header-display":"","site-post-title":"","ast-breadcrumbs-content":"","ast-featured-img":"","footer-sml-layout":"","theme-transparent-header-meta":"","adv-header-id-meta":"","stick-header-meta":"","header-above-stick-meta":"","header-main-stick-meta":"","header-below-stick-meta":"","astra-migrate-meta-layouts":"default","ast-page-background-enabled":"default","ast-page-background-meta":{"desktop":{"background-color":"var(--ast-global-color-4)","background-image":"","background-repeat":"repeat","background-position":"center center","background-size":"auto","background-attachment":"scroll","background-type":"","background-media":"","overlay-type":"","overlay-color":"","overlay-opacity":"","overlay-gradient":""},"tablet":{"background-color":"","background-image":"","background-repeat":"repeat","background-position":"center center","background-size":"auto","background-attachment":"scroll","background-type":"","background-media":"","overlay-type":"","overlay-color":"","overlay-opacity":"","overlay-gradient":""},"mobile":{"background-color":"","background-image":"","background-repeat":"repeat","background-position":"center center","background-size":"auto","background-attachment":"scroll","background-type":"","background-media":"","overlay-type":"","overlay-color":"","overlay-opacity":"","overlay-gradient":""}},"ast-content-background-meta":{"desktop":{"background-color":"var(--ast-global-color-5)","background-image":"","background-repeat":"repeat","background-position":"center center","background-size":"auto","background-attachment":"scroll","background-type":"","background-media":"","overlay-type":"","overlay-color":"","overlay-opacity":"","overlay-gradient":""},"tablet":{"background-color":"var(--ast-global-color-5)","background-image":"","background-repeat":"repeat","background-position":"center center","background-size":"auto","background-attachment":"scroll","background-type":"","background-media":"","overlay-type":"","overlay-color":"","overlay-opacity":"","overlay-gradient":""},"mobile":{"background-color":"var(--ast-global-color-5)","background-image":"","background-repeat":"repeat","background-position":"center center","background-size":"auto","background-attachment":"scroll","background-type":"","background-media":"","overlay-type":"","overlay-color":"","overlay-opacity":"","overlay-gradient":""}},"footnotes":""},"class_list":["post-20719","page","type-page","status-publish","hentry"],"post_mailing_queue_ids":[],"_links":{"self":[{"href":"https:\/\/agora.xtec.cat\/ceipsalvadorvinyals\/wp-json\/wp\/v2\/pages\/20719","targetHints":{"allow":["GET"]}}],"collection":[{"href":"https:\/\/agora.xtec.cat\/ceipsalvadorvinyals\/wp-json\/wp\/v2\/pages"}],"about":[{"href":"https:\/\/agora.xtec.cat\/ceipsalvadorvinyals\/wp-json\/wp\/v2\/types\/page"}],"author":[{"embeddable":true,"href":"https:\/\/agora.xtec.cat\/ceipsalvadorvinyals\/wp-json\/wp\/v2\/users\/1"}],"replies":[{"embeddable":true,"href":"https:\/\/agora.xtec.cat\/ceipsalvadorvinyals\/wp-json\/wp\/v2\/comments?post=20719"}],"version-history":[{"count":6,"href":"https:\/\/agora.xtec.cat\/ceipsalvadorvinyals\/wp-json\/wp\/v2\/pages\/20719\/revisions"}],"predecessor-version":[{"id":23033,"href":"https:\/\/agora.xtec.cat\/ceipsalvadorvinyals\/wp-json\/wp\/v2\/pages\/20719\/revisions\/23033"}],"wp:attachment":[{"href":"https:\/\/agora.xtec.cat\/ceipsalvadorvinyals\/wp-json\/wp\/v2\/media?parent=20719"}],"curies":[{"name":"wp","href":"https:\/\/api.w.org\/{rel}","templated":true}]}}