{"id":1502,"date":"2018-12-22T11:26:35","date_gmt":"2018-12-22T10:26:35","guid":{"rendered":"http:\/\/agora.xtec.cat\/ceipsalvadorvinyals\/?page_id=1502"},"modified":"2020-04-20T17:15:07","modified_gmt":"2020-04-20T15:15:07","slug":"enllacos-educatius","status":"publish","type":"page","link":"https:\/\/agora.xtec.cat\/ceipsalvadorvinyals\/enllacos-educatius\/","title":{"rendered":"Enlla\u00e7os educatius"},"content":{"rendered":"<p><strong>Aqu\u00ed teniu unes quantes p\u00e0gines web on podeu trobar jocs per anar repassant les taules de multiplicar, sumes i restes a partir de 3r!<\/strong><\/p>\n<p><a href=\"https:\/\/www.tablasdemultiplicar.com\/contrarreloj\/\" target=\"_blank\" rel=\"noopener noreferrer\"><img loading=\"lazy\" decoding=\"async\" class=\"alignnone wp-image-3840\" src=\"https:\/\/agora.xtec.cat\/ceipsalvadorvinyals\/wp-content\/uploads\/usu1905\/2020\/01\/Prueba-contrareloj.png\" alt=\"\" width=\"188\" height=\"102\" srcset=\"https:\/\/agora.xtec.cat\/ceipsalvadorvinyals\/wp-content\/uploads\/usu1905\/2020\/01\/Prueba-contrareloj.png 747w, https:\/\/agora.xtec.cat\/ceipsalvadorvinyals\/wp-content\/uploads\/usu1905\/2020\/01\/Prueba-contrareloj-300x163.png 300w\" sizes=\"auto, (max-width: 188px) 100vw, 188px\" \/>\u00a0\u00a0 <\/a><a href=\"https:\/\/www.tablasdemultiplicar.com\/juegos\/\" target=\"_blank\" rel=\"noopener noreferrer\"><img loading=\"lazy\" decoding=\"async\" class=\"alignnone wp-image-3841\" src=\"https:\/\/agora.xtec.cat\/ceipsalvadorvinyals\/wp-content\/uploads\/usu1905\/2020\/01\/Juegos-tablas-de-multiplicar.png\" alt=\"\" width=\"156\" height=\"109\" srcset=\"https:\/\/agora.xtec.cat\/ceipsalvadorvinyals\/wp-content\/uploads\/usu1905\/2020\/01\/Juegos-tablas-de-multiplicar.png 649w, https:\/\/agora.xtec.cat\/ceipsalvadorvinyals\/wp-content\/uploads\/usu1905\/2020\/01\/Juegos-tablas-de-multiplicar-300x210.png 300w\" sizes=\"auto, (max-width: 156px) 100vw, 156px\" \/><\/a><a href=\"https:\/\/www.tablasdemultiplicar.com\/contrarreloj\/\" target=\"_blank\" rel=\"noopener noreferrer\"> \u00a0\u00a0\u00a0\u00a0 <\/a><a href=\"https:\/\/www.mundoprimaria.com\/recursos-educativos\/tablas-de-multiplicar\" target=\"_blank\" rel=\"noopener noreferrer\"><img loading=\"lazy\" decoding=\"async\" class=\"alignnone wp-image-3842\" src=\"https:\/\/agora.xtec.cat\/ceipsalvadorvinyals\/wp-content\/uploads\/usu1905\/2020\/01\/Qu\u00e9-tabla..png\" alt=\"\" width=\"139\" height=\"122\" srcset=\"https:\/\/agora.xtec.cat\/ceipsalvadorvinyals\/wp-content\/uploads\/usu1905\/2020\/01\/Qu\u00e9-tabla..png 533w, https:\/\/agora.xtec.cat\/ceipsalvadorvinyals\/wp-content\/uploads\/usu1905\/2020\/01\/Qu\u00e9-tabla.-300x263.png 300w\" sizes=\"auto, (max-width: 139px) 100vw, 139px\" \/><\/a><\/p>\n<p><strong>Aqu\u00ed uns enlla\u00e7os per practicar la llengua!<\/strong><\/p>\n<p><a href=\"https:\/\/clic.xtec.cat\/projects\/100paraules\/jclic.js\/index.html\"><img loading=\"lazy\" decoding=\"async\" class=\"alignnone size-full wp-image-5198\" src=\"https:\/\/agora.xtec.cat\/ceipsalvadorvinyals\/wp-content\/uploads\/usu1905\/2020\/03\/100-paraules.png\" alt=\"\" width=\"139\" height=\"117\" \/> <\/a> \u00a0\u00a0 \u00a0<a href=\"http:\/\/www.edu365.cat\/eso\/catala\/vincles\/index.html\"><img loading=\"lazy\" decoding=\"async\" class=\"alignnone wp-image-5974\" src=\"https:\/\/agora.xtec.cat\/ceipsalvadorvinyals\/wp-content\/uploads\/usu1905\/2020\/04\/vincles-515x300-1.png\" alt=\"\" width=\"204\" height=\"119\" srcset=\"https:\/\/agora.xtec.cat\/ceipsalvadorvinyals\/wp-content\/uploads\/usu1905\/2020\/04\/vincles-515x300-1.png 515w, https:\/\/agora.xtec.cat\/ceipsalvadorvinyals\/wp-content\/uploads\/usu1905\/2020\/04\/vincles-515x300-1-300x175.png 300w\" sizes=\"auto, (max-width: 204px) 100vw, 204px\" \/>\u00a0\u00a0\u00a0\u00a0<\/a><\/p>\n<p><a href=\"http:\/\/www.edu365.cat\/eso\/catala\/mudsmots\/index.html\"><img loading=\"lazy\" decoding=\"async\" class=\"alignnone wp-image-5988\" src=\"https:\/\/agora.xtec.cat\/ceipsalvadorvinyals\/wp-content\/uploads\/usu1905\/2020\/04\/mud-de-mots.png\" alt=\"\" width=\"131\" height=\"135\" srcset=\"https:\/\/agora.xtec.cat\/ceipsalvadorvinyals\/wp-content\/uploads\/usu1905\/2020\/04\/mud-de-mots.png 373w, https:\/\/agora.xtec.cat\/ceipsalvadorvinyals\/wp-content\/uploads\/usu1905\/2020\/04\/mud-de-mots-291x300.png 291w\" sizes=\"auto, (max-width: 131px) 100vw, 131px\" \/> \u00a0\u00a0\u00a0\u00a0\u00a0\u00a0<\/a><a href=\"https:\/\/clic.xtec.cat\/projects\/accions\/jclic.js\/index.html\"><img loading=\"lazy\" decoding=\"async\" class=\"alignnone wp-image-5989\" src=\"https:\/\/agora.xtec.cat\/ceipsalvadorvinyals\/wp-content\/uploads\/usu1905\/2020\/04\/accions.png\" alt=\"\" width=\"191\" height=\"122\" srcset=\"https:\/\/agora.xtec.cat\/ceipsalvadorvinyals\/wp-content\/uploads\/usu1905\/2020\/04\/accions.png 548w, https:\/\/agora.xtec.cat\/ceipsalvadorvinyals\/wp-content\/uploads\/usu1905\/2020\/04\/accions-300x192.png 300w\" sizes=\"auto, (max-width: 191px) 100vw, 191px\" \/><\/a><a href=\"https:\/\/clic.xtec.cat\/projects\/dictat\/jclic.js\/index.html\"><img loading=\"lazy\" decoding=\"async\" class=\"alignleft wp-image-6012\" src=\"https:\/\/agora.xtec.cat\/ceipsalvadorvinyals\/wp-content\/uploads\/usu1905\/2020\/04\/dictat-de-paraules.png\" alt=\"\" width=\"160\" height=\"104\" srcset=\"https:\/\/agora.xtec.cat\/ceipsalvadorvinyals\/wp-content\/uploads\/usu1905\/2020\/04\/dictat-de-paraules.png 773w, https:\/\/agora.xtec.cat\/ceipsalvadorvinyals\/wp-content\/uploads\/usu1905\/2020\/04\/dictat-de-paraules-300x194.png 300w, https:\/\/agora.xtec.cat\/ceipsalvadorvinyals\/wp-content\/uploads\/usu1905\/2020\/04\/dictat-de-paraules-768x498.png 768w\" sizes=\"auto, (max-width: 160px) 100vw, 160px\" \/><\/a><\/p>\n<p>&nbsp;<\/p>\n<p><strong>ALTRES ENLLA\u00c7OS INTERESSANTS!!!!<\/strong><\/p>\n<p><a href=\"https:\/\/www.youtube.com\/channel\/UCL8sBEynZi_u7m-Bx-pmLzA\" target=\"_blank\" rel=\"noopener noreferrer\">\u00a0<img loading=\"lazy\" decoding=\"async\" class=\"alignnone wp-image-1503\" src=\"https:\/\/agora.xtec.cat\/ceipsalvadorvinyals\/wp-content\/uploads\/usu1905\/2018\/12\/youtube.png\" alt=\"\" width=\"124\" height=\"124\" srcset=\"https:\/\/agora.xtec.cat\/ceipsalvadorvinyals\/wp-content\/uploads\/usu1905\/2018\/12\/youtube.png 1200w, https:\/\/agora.xtec.cat\/ceipsalvadorvinyals\/wp-content\/uploads\/usu1905\/2018\/12\/youtube-150x150.png 150w, https:\/\/agora.xtec.cat\/ceipsalvadorvinyals\/wp-content\/uploads\/usu1905\/2018\/12\/youtube-300x300.png 300w, https:\/\/agora.xtec.cat\/ceipsalvadorvinyals\/wp-content\/uploads\/usu1905\/2018\/12\/youtube-768x768.png 768w, https:\/\/agora.xtec.cat\/ceipsalvadorvinyals\/wp-content\/uploads\/usu1905\/2018\/12\/youtube-1024x1024.png 1024w\" sizes=\"auto, (max-width: 124px) 100vw, 124px\" \/><\/a><a href=\"http:\/\/www.edu365.cat\/\" target=\"_blank\" rel=\"noopener noreferrer\">\u00a0<\/a><a href=\"https:\/\/www.ccma.cat\/tv3\/super3\/infok\/\" target=\"_blank\" rel=\"noopener noreferrer\">\u00a0\u00a0\u00a0\u00a0\u00a0 <img loading=\"lazy\" decoding=\"async\" class=\"alignnone wp-image-1510\" src=\"https:\/\/agora.xtec.cat\/ceipsalvadorvinyals\/wp-content\/uploads\/usu1905\/2018\/12\/Logotip_Info_K.jpg\" alt=\"\" width=\"179\" height=\"101\" srcset=\"https:\/\/agora.xtec.cat\/ceipsalvadorvinyals\/wp-content\/uploads\/usu1905\/2018\/12\/Logotip_Info_K.jpg 326w, https:\/\/agora.xtec.cat\/ceipsalvadorvinyals\/wp-content\/uploads\/usu1905\/2018\/12\/Logotip_Info_K-300x169.jpg 300w\" sizes=\"auto, (max-width: 179px) 100vw, 179px\" \/><\/a><\/p>\n<p>&nbsp;<\/p>\n<p>&nbsp;<\/p>\n<p>&nbsp;<\/p>\n","protected":false},"excerpt":{"rendered":"<p>Aqu\u00ed teniu unes quantes p\u00e0gines web on podeu trobar jocs per anar repassant les taules de multiplicar, sumes i restes a partir de 3r! \u00a0\u00a0 \u00a0\u00a0\u00a0\u00a0 Aqu\u00ed uns enlla\u00e7os per practicar la llengua! \u00a0\u00a0 \u00a0\u00a0\u00a0\u00a0\u00a0 \u00a0\u00a0\u00a0\u00a0\u00a0\u00a0 &nbsp; ALTRES ENLLA\u00c7OS INTERESSANTS!!!! \u00a0\u00a0\u00a0\u00a0\u00a0\u00a0\u00a0 &nbsp; &nbsp; &nbsp;<\/p>\n","protected":false},"author":1,"featured_media":0,"parent":0,"menu_order":0,"comment_status":"closed","ping_status":"closed","template":"page-templates\/side-menu.php","meta":{"_bbp_topic_count":0,"_bbp_reply_count":0,"_bbp_total_topic_count":0,"_bbp_total_reply_count":0,"_bbp_voice_count":0,"_bbp_anonymous_reply_count":0,"_bbp_topic_count_hidden":0,"_bbp_reply_count_hidden":0,"_bbp_forum_subforum_count":0,"site-sidebar-layout":"default","site-content-layout":"","ast-site-content-layout":"","site-content-style":"default","site-sidebar-style":"default","ast-global-header-display":"","ast-banner-title-visibility":"","ast-main-header-display":"","ast-hfb-above-header-display":"","ast-hfb-below-header-display":"","ast-hfb-mobile-header-display":"","site-post-title":"","ast-breadcrumbs-content":"","ast-featured-img":"","footer-sml-layout":"","theme-transparent-header-meta":"","adv-header-id-meta":"","stick-header-meta":"","header-above-stick-meta":"","header-main-stick-meta":"","header-below-stick-meta":"","astra-migrate-meta-layouts":"default","ast-page-background-enabled":"default","ast-page-background-meta":{"desktop":{"background-color":"var(--ast-global-color-4)","background-image":"","background-repeat":"repeat","background-position":"center center","background-size":"auto","background-attachment":"scroll","background-type":"","background-media":"","overlay-type":"","overlay-color":"","overlay-opacity":"","overlay-gradient":""},"tablet":{"background-color":"","background-image":"","background-repeat":"repeat","background-position":"center center","background-size":"auto","background-attachment":"scroll","background-type":"","background-media":"","overlay-type":"","overlay-color":"","overlay-opacity":"","overlay-gradient":""},"mobile":{"background-color":"","background-image":"","background-repeat":"repeat","background-position":"center center","background-size":"auto","background-attachment":"scroll","background-type":"","background-media":"","overlay-type":"","overlay-color":"","overlay-opacity":"","overlay-gradient":""}},"ast-content-background-meta":{"desktop":{"background-color":"var(--ast-global-color-5)","background-image":"","background-repeat":"repeat","background-position":"center center","background-size":"auto","background-attachment":"scroll","background-type":"","background-media":"","overlay-type":"","overlay-color":"","overlay-opacity":"","overlay-gradient":""},"tablet":{"background-color":"var(--ast-global-color-5)","background-image":"","background-repeat":"repeat","background-position":"center center","background-size":"auto","background-attachment":"scroll","background-type":"","background-media":"","overlay-type":"","overlay-color":"","overlay-opacity":"","overlay-gradient":""},"mobile":{"background-color":"var(--ast-global-color-5)","background-image":"","background-repeat":"repeat","background-position":"center center","background-size":"auto","background-attachment":"scroll","background-type":"","background-media":"","overlay-type":"","overlay-color":"","overlay-opacity":"","overlay-gradient":""}},"footnotes":""},"class_list":["post-1502","page","type-page","status-publish","hentry"],"post_mailing_queue_ids":[],"_links":{"self":[{"href":"https:\/\/agora.xtec.cat\/ceipsalvadorvinyals\/wp-json\/wp\/v2\/pages\/1502","targetHints":{"allow":["GET"]}}],"collection":[{"href":"https:\/\/agora.xtec.cat\/ceipsalvadorvinyals\/wp-json\/wp\/v2\/pages"}],"about":[{"href":"https:\/\/agora.xtec.cat\/ceipsalvadorvinyals\/wp-json\/wp\/v2\/types\/page"}],"author":[{"embeddable":true,"href":"https:\/\/agora.xtec.cat\/ceipsalvadorvinyals\/wp-json\/wp\/v2\/users\/1"}],"replies":[{"embeddable":true,"href":"https:\/\/agora.xtec.cat\/ceipsalvadorvinyals\/wp-json\/wp\/v2\/comments?post=1502"}],"version-history":[{"count":3,"href":"https:\/\/agora.xtec.cat\/ceipsalvadorvinyals\/wp-json\/wp\/v2\/pages\/1502\/revisions"}],"predecessor-version":[{"id":6014,"href":"https:\/\/agora.xtec.cat\/ceipsalvadorvinyals\/wp-json\/wp\/v2\/pages\/1502\/revisions\/6014"}],"wp:attachment":[{"href":"https:\/\/agora.xtec.cat\/ceipsalvadorvinyals\/wp-json\/wp\/v2\/media?parent=1502"}],"curies":[{"name":"wp","href":"https:\/\/api.w.org\/{rel}","templated":true}]}}