{"id":9624,"date":"2025-10-27T16:16:15","date_gmt":"2025-10-27T15:16:15","guid":{"rendered":"https:\/\/agora.xtec.cat\/ceipsalvadorninot\/?page_id=9624"},"modified":"2025-10-27T16:23:51","modified_gmt":"2025-10-27T15:23:51","slug":"butlleti-de-la-comunitat-educativa","status":"publish","type":"page","link":"https:\/\/agora.xtec.cat\/ceipsalvadorninot\/butlleti-de-la-comunitat-educativa\/","title":{"rendered":"Butllet\u00ed de la comunitat educativa"},"content":{"rendered":"<ul>\n<li>N\u00famero 1: <a href=\"https:\/\/objenv.gencat.cat\/v4\/public\/estadisticas\/lee\/gencat_educacio\/2061\/528928\/4f3a71da4abe3c61c3857b8e8f131c86\/\">Inici de curs 2025-2026<\/a>. Setembre de 2025<\/li>\n<li>N\u00famero 2: <a href=\"https:\/\/objenv.gencat.cat\/v4\/public\/estadisticas\/lee\/gencat_educacio\/2095\/528928\/c5ed37d83bf650bcbebdd674e6bcb771\/\">Recursos per a l&#8217;atenci\u00f3 inclusiva<\/a>. Setembre de 2025<\/li>\n<li>N\u00famero 3: <a href=\"https:\/\/objenv.gencat.cat\/v4\/public\/estadisticas\/lee\/gencat_educacio\/2158\/528928\/112b26bc8d184b5dd8d90c116a867f9f\/\">Cuidem la salut mental de l&#8217;alumnat<\/a>. Octubre de 2025<\/li>\n<li>N\u00famero 4: <a href=\"https:\/\/objenv.gencat.cat\/v4\/public\/estadisticas\/lee\/gencat_educacio\/2281\/527536\/6a0867932c2fd773a2eaef15a45da7c3\/\">La lectura: h\u00e0bit, afici\u00f3 i recurs d&#8217;inclusi\u00f3<\/a>. Octubre de 2025<\/li>\n<\/ul>\n","protected":false},"excerpt":{"rendered":"<p>N\u00famero 1: Inici de curs 2025-2026. Setembre de 2025 N\u00famero 2: Recursos per a l&#8217;atenci\u00f3 inclusiva. Setembre de 2025 N\u00famero [&hellip;]<\/p>\n","protected":false},"author":1,"featured_media":0,"parent":0,"menu_order":0,"comment_status":"closed","ping_status":"closed","template":"","meta":{"_bbp_topic_count":0,"_bbp_reply_count":0,"_bbp_total_topic_count":0,"_bbp_total_reply_count":0,"_bbp_voice_count":0,"_bbp_anonymous_reply_count":0,"_bbp_topic_count_hidden":0,"_bbp_reply_count_hidden":0,"_bbp_forum_subforum_count":0,"site-sidebar-layout":"default","site-content-layout":"","ast-site-content-layout":"default","site-content-style":"default","site-sidebar-style":"default","ast-global-header-display":"","ast-banner-title-visibility":"","ast-main-header-display":"","ast-hfb-above-header-display":"","ast-hfb-below-header-display":"","ast-hfb-mobile-header-display":"","site-post-title":"","ast-breadcrumbs-content":"","ast-featured-img":"","footer-sml-layout":"","theme-transparent-header-meta":"default","adv-header-id-meta":"","stick-header-meta":"","header-above-stick-meta":"","header-main-stick-meta":"","header-below-stick-meta":"","astra-migrate-meta-layouts":"set","ast-page-background-enabled":"default","ast-page-background-meta":{"desktop":{"background-color":"var(--ast-global-color-4)","background-image":"","background-repeat":"repeat","background-position":"center center","background-size":"auto","background-attachment":"scroll","background-type":"","background-media":"","overlay-type":"","overlay-color":"","overlay-opacity":"","overlay-gradient":""},"tablet":{"background-color":"","background-image":"","background-repeat":"repeat","background-position":"center center","background-size":"auto","background-attachment":"scroll","background-type":"","background-media":"","overlay-type":"","overlay-color":"","overlay-opacity":"","overlay-gradient":""},"mobile":{"background-color":"","background-image":"","background-repeat":"repeat","background-position":"center center","background-size":"auto","background-attachment":"scroll","background-type":"","background-media":"","overlay-type":"","overlay-color":"","overlay-opacity":"","overlay-gradient":""}},"ast-content-background-meta":{"desktop":{"background-color":"var(--ast-global-color-5)","background-image":"","background-repeat":"repeat","background-position":"center center","background-size":"auto","background-attachment":"scroll","background-type":"","background-media":"","overlay-type":"","overlay-color":"","overlay-opacity":"","overlay-gradient":""},"tablet":{"background-color":"var(--ast-global-color-5)","background-image":"","background-repeat":"repeat","background-position":"center center","background-size":"auto","background-attachment":"scroll","background-type":"","background-media":"","overlay-type":"","overlay-color":"","overlay-opacity":"","overlay-gradient":""},"mobile":{"background-color":"var(--ast-global-color-5)","background-image":"","background-repeat":"repeat","background-position":"center center","background-size":"auto","background-attachment":"scroll","background-type":"","background-media":"","overlay-type":"","overlay-color":"","overlay-opacity":"","overlay-gradient":""}},"footnotes":""},"class_list":["post-9624","page","type-page","status-publish","hentry"],"post_mailing_queue_ids":[],"_links":{"self":[{"href":"https:\/\/agora.xtec.cat\/ceipsalvadorninot\/wp-json\/wp\/v2\/pages\/9624","targetHints":{"allow":["GET"]}}],"collection":[{"href":"https:\/\/agora.xtec.cat\/ceipsalvadorninot\/wp-json\/wp\/v2\/pages"}],"about":[{"href":"https:\/\/agora.xtec.cat\/ceipsalvadorninot\/wp-json\/wp\/v2\/types\/page"}],"author":[{"embeddable":true,"href":"https:\/\/agora.xtec.cat\/ceipsalvadorninot\/wp-json\/wp\/v2\/users\/1"}],"replies":[{"embeddable":true,"href":"https:\/\/agora.xtec.cat\/ceipsalvadorninot\/wp-json\/wp\/v2\/comments?post=9624"}],"version-history":[{"count":2,"href":"https:\/\/agora.xtec.cat\/ceipsalvadorninot\/wp-json\/wp\/v2\/pages\/9624\/revisions"}],"predecessor-version":[{"id":9629,"href":"https:\/\/agora.xtec.cat\/ceipsalvadorninot\/wp-json\/wp\/v2\/pages\/9624\/revisions\/9629"}],"wp:attachment":[{"href":"https:\/\/agora.xtec.cat\/ceipsalvadorninot\/wp-json\/wp\/v2\/media?parent=9624"}],"curies":[{"name":"wp","href":"https:\/\/api.w.org\/{rel}","templated":true}]}}