{"id":73,"date":"2014-09-18T14:01:51","date_gmt":"2014-09-18T13:01:51","guid":{"rendered":"http:\/\/agora.xtec.cat\/ceipsalvadorninot\/?page_id=73"},"modified":"2026-05-05T11:55:51","modified_gmt":"2026-05-05T09:55:51","slug":"menjador-escolar","status":"publish","type":"page","link":"https:\/\/agora.xtec.cat\/ceipsalvadorninot\/serveis\/menjador-escolar\/","title":{"rendered":"Menjador escolar"},"content":{"rendered":"<p>L&#8217;escola disposa de menjador escolar gestionat per l&#8217;empresa <span style=\"color: #ff6600;\"><strong>Servei d&#8217;\u00c0pats<\/strong><\/span> i pel <strong>Consell Comarcal de la Conca de Barber\u00e0<\/strong>.<\/p>\n<p><a href=\"https:\/\/agora.xtec.cat\/ceipsalvadorninot\/wp-content\/uploads\/usu1097\/2023\/10\/unnamed-2-scaled.jpg\"><img loading=\"lazy\" decoding=\"async\" class=\"wp-image-7704 size-medium alignleft\" src=\"https:\/\/agora.xtec.cat\/ceipsalvadorninot\/wp-content\/uploads\/usu1097\/2023\/10\/unnamed-2-225x300.jpg\" alt=\"\" width=\"225\" height=\"300\" srcset=\"https:\/\/agora.xtec.cat\/ceipsalvadorninot\/wp-content\/uploads\/usu1097\/2023\/10\/unnamed-2-225x300.jpg 225w, https:\/\/agora.xtec.cat\/ceipsalvadorninot\/wp-content\/uploads\/usu1097\/2023\/10\/unnamed-2-768x1024.jpg 768w, https:\/\/agora.xtec.cat\/ceipsalvadorninot\/wp-content\/uploads\/usu1097\/2023\/10\/unnamed-2-1152x1536.jpg 1152w, https:\/\/agora.xtec.cat\/ceipsalvadorninot\/wp-content\/uploads\/usu1097\/2023\/10\/unnamed-2-1536x2048.jpg 1536w, https:\/\/agora.xtec.cat\/ceipsalvadorninot\/wp-content\/uploads\/usu1097\/2023\/10\/unnamed-2-scaled.jpg 1920w\" sizes=\"auto, (max-width: 225px) 100vw, 225px\" \/><\/a><\/p>\n<p>&nbsp;<\/p>\n<p><a href=\"https:\/\/agora.xtec.cat\/ceipsalvadorninot\/wp-content\/uploads\/usu1097\/2023\/10\/unnamed-scaled.jpg\"><img loading=\"lazy\" decoding=\"async\" class=\"alignnone wp-image-7706 size-medium\" src=\"https:\/\/agora.xtec.cat\/ceipsalvadorninot\/wp-content\/uploads\/usu1097\/2023\/10\/unnamed-300x225.jpg\" alt=\"\" width=\"300\" height=\"225\" srcset=\"https:\/\/agora.xtec.cat\/ceipsalvadorninot\/wp-content\/uploads\/usu1097\/2023\/10\/unnamed-300x225.jpg 300w, https:\/\/agora.xtec.cat\/ceipsalvadorninot\/wp-content\/uploads\/usu1097\/2023\/10\/unnamed-1024x768.jpg 1024w, https:\/\/agora.xtec.cat\/ceipsalvadorninot\/wp-content\/uploads\/usu1097\/2023\/10\/unnamed-768x576.jpg 768w, https:\/\/agora.xtec.cat\/ceipsalvadorninot\/wp-content\/uploads\/usu1097\/2023\/10\/unnamed-1536x1152.jpg 1536w, https:\/\/agora.xtec.cat\/ceipsalvadorninot\/wp-content\/uploads\/usu1097\/2023\/10\/unnamed-2048x1536.jpg 2048w, https:\/\/agora.xtec.cat\/ceipsalvadorninot\/wp-content\/uploads\/usu1097\/2023\/10\/unnamed-200x150.jpg 200w\" sizes=\"auto, (max-width: 300px) 100vw, 300px\" \/><\/a><\/p>\n<p>&nbsp;<\/p>\n<p>Els men\u00fas s\u00f3n elaborats per la dietista de l\u2019empresa, sempre seguint la normativa d\u2019alimentaci\u00f3 saludable marcada per la Generalitat de Catalunya.<\/p>\n<p>En cas que el vostre fill o filla presenti\u00a0alguna al\u00b7l\u00e8rgia, intoler\u00e0ncia i\/o necessitat especifica que requereixi d\u2019un <span class=\"il\">men\u00fa<\/span> especial, <strong>caldr\u00e0 aportar l&#8217;informe m\u00e8dic corresponent<\/strong>. Amb aquest document, la dietista elabora el <span class=\"il\">men\u00fa <\/span>adaptat. Es pot informar a la mateixa fitxa d\u2019inscripci\u00f3 amb l\u2019informe m\u00e8dic pertinent o a la responsable del menjador.<\/p>\n<p>Pel que fa a mat\u00e8ria prima, s&#8217;utilitzen productes de qualitat i proximitat. Els men\u00fas s\u2019elaboren di\u00e0riament a la cuina de <em>Concactiva<\/em> i es transporten al centre amb un vehicle homologat i que compleix la normativa sanit\u00e0ria vigent.<\/p>\n<ul>\n<li><b><span style=\"text-decoration: underline;\">Pel que fa al funcionament del servei i el dia a dia<\/span>:<\/b><\/li>\n<\/ul>\n<p>Per utilitzar el servei de menjador, tots els usuaris han d\u2019accedir a l\u2019APP de l\u2019empresa i seguir els passos indicats al manual. Si en el moment de descarregar-se l\u2019APP fos necessari suport, podeu contactar al tel\u00e8fon: 670 81 73 96.<\/p>\n<p>El codi per fer l\u2019alta \u00e9s: 43059.<\/p>\n<ul>\n<li><b><span style=\"text-decoration: underline;\">Organitzaci\u00f3 del dia a dia<\/span>:<\/b>\n<ul>\n<li><span role=\"presentation\"><b>Usuaris fixos:<\/b><br \/>\nUn cop tramitada la inscripci\u00f3, nom\u00e9s caldr\u00e0 avisar a l\u2019APP i a la responsable del centre <strong>abans de les 9:30h del mat\u00ed<\/strong> en cas de no assistir al menjador, per tal de justificar la falta.<\/span><\/li>\n<li><span role=\"presentation\"><b>Usuaris espor\u00e0dics:<\/b><br \/>\nCaldr\u00e0 avisar el dia abans a trav\u00e9s de l\u2019APP i a la responsable del centre.<\/span><\/li>\n<\/ul>\n<\/li>\n<\/ul>\n<ul>\n<li><span style=\"text-decoration: underline;\"><b>Preus per al curs escolar<\/b><\/span>:\n<ul>\n<li><span role=\"presentation\">Usuaris fixos: 7,54 \u20ac per dia<\/span><\/li>\n<li><span role=\"presentation\">Usuaris espor\u00e0dics: 8,29 \u20ac per dia<\/span><\/li>\n<\/ul>\n<\/li>\n<\/ul>\n<ul>\n<li><span style=\"text-decoration: underline;\"><b>Tel\u00e8fon de contacte de la persona responsable del servei<\/b><\/span>:\n<ul>\n<li><span role=\"presentation\">Podeu contactar-hi via WhatsApp<b> <\/b>o<b> <\/b>trucada, en horari de<b> <\/b>9:00h a 9:30h<b>. <\/b><\/span><\/li>\n<li><span style=\"font-size: 16px;\">Tel\u00e8fon: 671 18 35 05 (Merc\u00e8 \u00c1lvaro).<\/span><\/li>\n<\/ul>\n<\/li>\n<\/ul>\n<ul>\n<li><span style=\"text-decoration: underline;\"><b>Altres informacions<\/b><\/span>:\n<ul>\n<li><span style=\"font-size: 16px;\">A l\u2019 APP tamb\u00e9 trobareu mensualment:<\/span>\n<ul>\n<li><span role=\"presentation\">Planificaci\u00f3 de les activitats mensuals.<\/span><\/li>\n<li><span role=\"presentation\">Fullet\u00f3 (PDF amb imatges de les activitats que s\u2019han dut a terme el mes anterior).<\/span><\/li>\n<li><span role=\"presentation\">Men\u00fas mensuals.<\/span><\/li>\n<\/ul>\n<\/li>\n<\/ul>\n<\/li>\n<\/ul>\n<p>Les monitores del menjador atenen els nens\/es des de les 13h del migdia fins les 15h de la tarda.<\/p>\n<ul>\n<li><span style=\"text-decoration: underline;\"><strong>Documents que s&#8217;adjunten<\/strong><\/span>:\n<ul>\n<li><a href=\"https:\/\/agora.xtec.cat\/ceipsalvadorninot\/wp-content\/uploads\/usu1097\/2025\/09\/nota-informativa-nou-decret.pdf\">Nota informativa nou Decret<\/a><\/li>\n<li><a href=\"https:\/\/agora.xtec.cat\/ceipsalvadorninot\/wp-content\/uploads\/usu1097\/2025\/09\/Manual-IARA-Alimentart-CAT.pdf\">Manual Guia APP (dades per fer la inscripci\u00f3)<\/a><\/li>\n<li><a href=\"https:\/\/agora.xtec.cat\/ceipsalvadorninot\/wp-content\/uploads\/usu1097\/2026\/05\/Menu-mes-maig.pdf\">Men\u00fa mes maig<\/a><\/li>\n<\/ul>\n<\/li>\n<\/ul>\n<ul>\n<li style=\"list-style-type: none;\">\n<ul>\n<li style=\"list-style-type: none;\"><\/li>\n<\/ul>\n<\/li>\n<\/ul>\n<p>&nbsp;<\/p>\n<p>&nbsp;<\/p>\n","protected":false},"excerpt":{"rendered":"<p>L&#8217;escola disposa de menjador escolar gestionat per l&#8217;empresa Servei d&#8217;\u00c0pats i pel Consell Comarcal de la Conca de Barber\u00e0. &nbsp; [&hellip;]<\/p>\n","protected":false},"author":1,"featured_media":0,"parent":66,"menu_order":30,"comment_status":"closed","ping_status":"closed","template":"","meta":{"_bbp_topic_count":0,"_bbp_reply_count":0,"_bbp_total_topic_count":0,"_bbp_total_reply_count":0,"_bbp_voice_count":0,"_bbp_anonymous_reply_count":0,"_bbp_topic_count_hidden":0,"_bbp_reply_count_hidden":0,"_bbp_forum_subforum_count":0,"site-sidebar-layout":"default","site-content-layout":"","ast-site-content-layout":"default","site-content-style":"default","site-sidebar-style":"default","ast-global-header-display":"","ast-banner-title-visibility":"","ast-main-header-display":"","ast-hfb-above-header-display":"","ast-hfb-below-header-display":"","ast-hfb-mobile-header-display":"","site-post-title":"","ast-breadcrumbs-content":"","ast-featured-img":"","footer-sml-layout":"","theme-transparent-header-meta":"default","adv-header-id-meta":"","stick-header-meta":"","header-above-stick-meta":"","header-main-stick-meta":"","header-below-stick-meta":"","astra-migrate-meta-layouts":"set","ast-page-background-enabled":"default","ast-page-background-meta":{"desktop":{"background-color":"var(--ast-global-color-4)","background-image":"","background-repeat":"repeat","background-position":"center center","background-size":"auto","background-attachment":"scroll","background-type":"","background-media":"","overlay-type":"","overlay-color":"","overlay-opacity":"","overlay-gradient":""},"tablet":{"background-color":"","background-image":"","background-repeat":"repeat","background-position":"center center","background-size":"auto","background-attachment":"scroll","background-type":"","background-media":"","overlay-type":"","overlay-color":"","overlay-opacity":"","overlay-gradient":""},"mobile":{"background-color":"","background-image":"","background-repeat":"repeat","background-position":"center center","background-size":"auto","background-attachment":"scroll","background-type":"","background-media":"","overlay-type":"","overlay-color":"","overlay-opacity":"","overlay-gradient":""}},"ast-content-background-meta":{"desktop":{"background-color":"var(--ast-global-color-5)","background-image":"","background-repeat":"repeat","background-position":"center center","background-size":"auto","background-attachment":"scroll","background-type":"","background-media":"","overlay-type":"","overlay-color":"","overlay-opacity":"","overlay-gradient":""},"tablet":{"background-color":"var(--ast-global-color-5)","background-image":"","background-repeat":"repeat","background-position":"center center","background-size":"auto","background-attachment":"scroll","background-type":"","background-media":"","overlay-type":"","overlay-color":"","overlay-opacity":"","overlay-gradient":""},"mobile":{"background-color":"var(--ast-global-color-5)","background-image":"","background-repeat":"repeat","background-position":"center center","background-size":"auto","background-attachment":"scroll","background-type":"","background-media":"","overlay-type":"","overlay-color":"","overlay-opacity":"","overlay-gradient":""}},"footnotes":""},"class_list":["post-73","page","type-page","status-publish","hentry"],"post_mailing_queue_ids":[],"_links":{"self":[{"href":"https:\/\/agora.xtec.cat\/ceipsalvadorninot\/wp-json\/wp\/v2\/pages\/73","targetHints":{"allow":["GET"]}}],"collection":[{"href":"https:\/\/agora.xtec.cat\/ceipsalvadorninot\/wp-json\/wp\/v2\/pages"}],"about":[{"href":"https:\/\/agora.xtec.cat\/ceipsalvadorninot\/wp-json\/wp\/v2\/types\/page"}],"author":[{"embeddable":true,"href":"https:\/\/agora.xtec.cat\/ceipsalvadorninot\/wp-json\/wp\/v2\/users\/1"}],"replies":[{"embeddable":true,"href":"https:\/\/agora.xtec.cat\/ceipsalvadorninot\/wp-json\/wp\/v2\/comments?post=73"}],"version-history":[{"count":7,"href":"https:\/\/agora.xtec.cat\/ceipsalvadorninot\/wp-json\/wp\/v2\/pages\/73\/revisions"}],"predecessor-version":[{"id":10018,"href":"https:\/\/agora.xtec.cat\/ceipsalvadorninot\/wp-json\/wp\/v2\/pages\/73\/revisions\/10018"}],"up":[{"embeddable":true,"href":"https:\/\/agora.xtec.cat\/ceipsalvadorninot\/wp-json\/wp\/v2\/pages\/66"}],"wp:attachment":[{"href":"https:\/\/agora.xtec.cat\/ceipsalvadorninot\/wp-json\/wp\/v2\/media?parent=73"}],"curies":[{"name":"wp","href":"https:\/\/api.w.org\/{rel}","templated":true}]}}