{"id":64,"date":"2014-09-18T12:39:08","date_gmt":"2014-09-18T11:39:08","guid":{"rendered":"http:\/\/agora.xtec.cat\/ceipsalvadorninot\/?page_id=64"},"modified":"2025-03-05T19:53:34","modified_gmt":"2025-03-05T18:53:34","slug":"projecte-educatiu","status":"publish","type":"page","link":"https:\/\/agora.xtec.cat\/ceipsalvadorninot\/projecte-educatiu\/","title":{"rendered":"Documents de centre"},"content":{"rendered":"<p>En aquesta secci\u00f3 trobareu els diferents <strong>documents de centre<\/strong>.<\/p>\n<ul>\n<li><strong><span style=\"text-decoration: underline;\"><a href=\"https:\/\/www.calameo.com\/read\/0065313305aaeb8cc7c01\">Projecte Educatiu de Centre<\/a><\/span> (PEC)<\/strong><\/li>\n<li><a href=\"https:\/\/www.calameo.com\/read\/006531330d1196e6e5e11\"><strong><span style=\"text-decoration: underline;\">Projecte de Conviv\u00e8ncia<\/span><\/strong><\/a> <strong>(PdC)<\/strong><\/li>\n<li><strong><a href=\"https:\/\/www.calameo.com\/read\/006531330c747908f2dcf\"><span style=\"text-decoration: underline;\">Normes d&#8217;Organitzaci\u00f3 i Funcionament de Centre<\/span><\/a>\u00a0(NOFC)<\/strong><span style=\"font-size: 16px;\">\u00a0<\/span><\/li>\n<\/ul>\n<ul>\n<li style=\"list-style-type: none;\">\n<ul>\n<li>Les <strong>Normes d\u2019Organitzaci\u00f3 i Funcionament del Centre<\/strong> determinen l\u2019estructura organitzativa pr\u00f2pia del centre. Aquest document ha estat revisat i actualitzat el juny de 2024. Fam\u00edlies i educadors\/es, tenen tamb\u00e9 disponible un <strong>extracte de les NOFC<\/strong> per tal de facilitar la lectura d\u2019aquest document.<\/li>\n<\/ul>\n<\/li>\n<\/ul>\n<ul>\n<li><strong><span style=\"text-decoration: underline;\">Projecte Ling\u00fc\u00edstic<\/span> (PL)<\/strong>\n<ul>\n<li>El <strong>Projecte Ling\u00fc\u00edstic<\/strong> de la nostra escola queda recollit dins del Projecte Educatiu de Centre (PEC).<\/li>\n<\/ul>\n<\/li>\n<\/ul>\n<ul>\n<li><strong><span style=\"text-decoration: underline;\">Programaci\u00f3 General Anual<\/span> (PGA)<\/strong>\n<ul>\n<li>La <strong>Programaci\u00f3 General Anual<\/strong> ha estat aprovada per la directora de l\u2019escola, amb la consulta pr\u00e8via al claustre de mestres i al consell escolar del centre, el dia <strong>7 d\u2019octubre de 2024<\/strong>. Aquest document est\u00e0 disponible per a la comunitat educativa, per\u00f2 no est\u00e0 publicat al web del centre at\u00e8s que cont\u00e9 dades personals.<\/li>\n<\/ul>\n<\/li>\n<\/ul>\n<ul>\n<li><strong><span style=\"text-decoration: underline;\">Mem\u00f2ria Anual<\/span> (MA)<\/strong>\n<ul>\n<li>En data <strong>27 de juny de 2024<\/strong>, s\u2019ha dut a terme un retiment de comptes pel que fa a la valoraci\u00f3 de l\u2019assoliment dels objectius previstos en la PGA i les propostes de millora que queden recollides a la MA, tant al claustre de mestres com tamb\u00e9 en sessi\u00f3 al Consell Escolar.<\/li>\n<\/ul>\n<\/li>\n<\/ul>\n<ul>\n<li><strong><span style=\"text-decoration: underline;\">Estrat\u00e8gia Digital de Centre<\/span> (EDC)<\/strong>\n<ul>\n<li><strong>Cultural Digital<\/strong>\n<ul>\n<li><strong>Centre<\/strong><\/li>\n<li><strong><a href=\"https:\/\/agora.xtec.cat\/ceipsalvadorninot\/wp-content\/uploads\/usu1097\/2025\/02\/Pla-dAcollida-Digital-Families.pdf\">Fam\u00edlies<\/a><\/strong><\/li>\n<\/ul>\n<\/li>\n<li><strong>Estrat\u00e8gia Digital<\/strong><\/li>\n<\/ul>\n<\/li>\n<\/ul>\n<p>&nbsp;<\/p>\n","protected":false},"excerpt":{"rendered":"<p>En aquesta secci\u00f3 trobareu els diferents documents de centre. Projecte Educatiu de Centre (PEC) Projecte de Conviv\u00e8ncia (PdC) Normes d&#8217;Organitzaci\u00f3 [&hellip;]<\/p>\n","protected":false},"author":1,"featured_media":0,"parent":0,"menu_order":0,"comment_status":"closed","ping_status":"closed","template":"","meta":{"_bbp_topic_count":0,"_bbp_reply_count":0,"_bbp_total_topic_count":0,"_bbp_total_reply_count":0,"_bbp_voice_count":0,"_bbp_anonymous_reply_count":0,"_bbp_topic_count_hidden":0,"_bbp_reply_count_hidden":0,"_bbp_forum_subforum_count":0,"site-sidebar-layout":"default","site-content-layout":"","ast-site-content-layout":"default","site-content-style":"default","site-sidebar-style":"default","ast-global-header-display":"","ast-banner-title-visibility":"","ast-main-header-display":"","ast-hfb-above-header-display":"","ast-hfb-below-header-display":"","ast-hfb-mobile-header-display":"","site-post-title":"","ast-breadcrumbs-content":"","ast-featured-img":"","footer-sml-layout":"","theme-transparent-header-meta":"default","adv-header-id-meta":"","stick-header-meta":"","header-above-stick-meta":"","header-main-stick-meta":"","header-below-stick-meta":"","astra-migrate-meta-layouts":"set","ast-page-background-enabled":"default","ast-page-background-meta":{"desktop":{"background-color":"var(--ast-global-color-4)","background-image":"","background-repeat":"repeat","background-position":"center center","background-size":"auto","background-attachment":"scroll","background-type":"","background-media":"","overlay-type":"","overlay-color":"","overlay-opacity":"","overlay-gradient":""},"tablet":{"background-color":"","background-image":"","background-repeat":"repeat","background-position":"center center","background-size":"auto","background-attachment":"scroll","background-type":"","background-media":"","overlay-type":"","overlay-color":"","overlay-opacity":"","overlay-gradient":""},"mobile":{"background-color":"","background-image":"","background-repeat":"repeat","background-position":"center center","background-size":"auto","background-attachment":"scroll","background-type":"","background-media":"","overlay-type":"","overlay-color":"","overlay-opacity":"","overlay-gradient":""}},"ast-content-background-meta":{"desktop":{"background-color":"var(--ast-global-color-5)","background-image":"","background-repeat":"repeat","background-position":"center center","background-size":"auto","background-attachment":"scroll","background-type":"","background-media":"","overlay-type":"","overlay-color":"","overlay-opacity":"","overlay-gradient":""},"tablet":{"background-color":"var(--ast-global-color-5)","background-image":"","background-repeat":"repeat","background-position":"center center","background-size":"auto","background-attachment":"scroll","background-type":"","background-media":"","overlay-type":"","overlay-color":"","overlay-opacity":"","overlay-gradient":""},"mobile":{"background-color":"var(--ast-global-color-5)","background-image":"","background-repeat":"repeat","background-position":"center center","background-size":"auto","background-attachment":"scroll","background-type":"","background-media":"","overlay-type":"","overlay-color":"","overlay-opacity":"","overlay-gradient":""}},"footnotes":""},"class_list":["post-64","page","type-page","status-publish","hentry"],"post_mailing_queue_ids":[],"_links":{"self":[{"href":"https:\/\/agora.xtec.cat\/ceipsalvadorninot\/wp-json\/wp\/v2\/pages\/64","targetHints":{"allow":["GET"]}}],"collection":[{"href":"https:\/\/agora.xtec.cat\/ceipsalvadorninot\/wp-json\/wp\/v2\/pages"}],"about":[{"href":"https:\/\/agora.xtec.cat\/ceipsalvadorninot\/wp-json\/wp\/v2\/types\/page"}],"author":[{"embeddable":true,"href":"https:\/\/agora.xtec.cat\/ceipsalvadorninot\/wp-json\/wp\/v2\/users\/1"}],"replies":[{"embeddable":true,"href":"https:\/\/agora.xtec.cat\/ceipsalvadorninot\/wp-json\/wp\/v2\/comments?post=64"}],"version-history":[{"count":6,"href":"https:\/\/agora.xtec.cat\/ceipsalvadorninot\/wp-json\/wp\/v2\/pages\/64\/revisions"}],"predecessor-version":[{"id":9128,"href":"https:\/\/agora.xtec.cat\/ceipsalvadorninot\/wp-json\/wp\/v2\/pages\/64\/revisions\/9128"}],"wp:attachment":[{"href":"https:\/\/agora.xtec.cat\/ceipsalvadorninot\/wp-json\/wp\/v2\/media?parent=64"}],"curies":[{"name":"wp","href":"https:\/\/api.w.org\/{rel}","templated":true}]}}