{"id":24,"date":"2014-09-18T12:23:15","date_gmt":"2014-09-18T11:23:15","guid":{"rendered":"http:\/\/agora.xtec.cat\/ceipsalvadorninot\/?page_id=24"},"modified":"2025-08-30T16:51:36","modified_gmt":"2025-08-30T14:51:36","slug":"on-som","status":"publish","type":"page","link":"https:\/\/agora.xtec.cat\/ceipsalvadorninot\/lescola\/on-som\/","title":{"rendered":"On som"},"content":{"rendered":"<h1 class=\"entry-header \"><\/h1>\n<div class=\"entry-content clear\">\n<p><a href=\"https:\/\/agora.xtec.cat\/ceipsalvadorninot\/wp-content\/uploads\/usu1097\/2025\/03\/logo-escola.png\"><img loading=\"lazy\" decoding=\"async\" class=\"size-full wp-image-9241 aligncenter\" src=\"https:\/\/agora.xtec.cat\/ceipsalvadorninot\/wp-content\/uploads\/usu1097\/2025\/03\/logo-escola.png\" sizes=\"auto, (max-width: 435px) 100vw, 435px\" srcset=\"https:\/\/agora.xtec.cat\/ceipsalvadorninot\/wp-content\/uploads\/usu1097\/2025\/03\/logo-escola.png 435w, https:\/\/agora.xtec.cat\/ceipsalvadorninot\/wp-content\/uploads\/usu1097\/2025\/03\/logo-escola-300x182.png 300w\" alt=\"\" width=\"435\" height=\"264\" \/><\/a><\/p>\n<p><strong>Tel\u00e8fon<\/strong><br \/>\n977 89 01 08<\/p>\n<p>&nbsp;<\/p>\n<p><strong>Adre\u00e7a<\/strong><br \/>\nCarrer Targa, 38,<br \/>\n43424 Sarral, Tarragona<\/p>\n<p>&nbsp;<\/p>\n<p><strong>Adreces electr\u00f2niques<\/strong><br \/>\n<a href=\"e3003069@xtec.cat\">e3003069@xtec.cat<\/a><br \/>\n<a href=\"escola@escolasalvadorninot.cat\">escola@escolasalvadorninot.cat<\/a> (prioritat)<\/p>\n<p>&nbsp;<\/p>\n<p><strong>Correus electronics de les aules (<span style=\"text-decoration: underline;\">\u00fanicament<\/span> per a descarregar les fotografies)<\/strong><\/p>\n<ul>\n<li>Classe d\u2019I3+I4: infantil3@escolasalvadorninot.cat<\/li>\n<li>Classe d&#8217;I5: infantil5@escolasalvadorninot.cat<\/li>\n<li>Classe de 1r PRI: primercurs@escolasalvadorninot.cat<\/li>\n<li>Classe de 2n PRI: segoncurs@escolasalvadorninot.cat<\/li>\n<li>Classe de 3r PRI: tercercurs@escolasalvadorninot.cat<\/li>\n<li>Classe de 4t PRI: quartcurs@escolasalvadorninot.cat<\/li>\n<li>Classe de 5\u00e8 PRI: cinquecurs@escolasalvadorninot.cat<\/li>\n<li>Classe de 6\u00e8 PRI: sisecurs@escolasalvadorninot.cat<\/li>\n<\/ul>\n<\/div>\n","protected":false},"excerpt":{"rendered":"<p>Tel\u00e8fon 977 89 01 08 &nbsp; Adre\u00e7a Carrer Targa, 38, 43424 Sarral, Tarragona &nbsp; Adreces electr\u00f2niques e3003069@xtec.cat escola@escolasalvadorninot.cat (prioritat) &nbsp; [&hellip;]<\/p>\n","protected":false},"author":1,"featured_media":0,"parent":22,"menu_order":10,"comment_status":"closed","ping_status":"closed","template":"","meta":{"_bbp_topic_count":0,"_bbp_reply_count":0,"_bbp_total_topic_count":0,"_bbp_total_reply_count":0,"_bbp_voice_count":0,"_bbp_anonymous_reply_count":0,"_bbp_topic_count_hidden":0,"_bbp_reply_count_hidden":0,"_bbp_forum_subforum_count":0,"site-sidebar-layout":"default","site-content-layout":"","ast-site-content-layout":"default","site-content-style":"default","site-sidebar-style":"default","ast-global-header-display":"","ast-banner-title-visibility":"","ast-main-header-display":"","ast-hfb-above-header-display":"","ast-hfb-below-header-display":"","ast-hfb-mobile-header-display":"","site-post-title":"","ast-breadcrumbs-content":"","ast-featured-img":"","footer-sml-layout":"","theme-transparent-header-meta":"default","adv-header-id-meta":"","stick-header-meta":"","header-above-stick-meta":"","header-main-stick-meta":"","header-below-stick-meta":"","astra-migrate-meta-layouts":"set","ast-page-background-enabled":"default","ast-page-background-meta":{"desktop":{"background-color":"var(--ast-global-color-4)","background-image":"","background-repeat":"repeat","background-position":"center center","background-size":"auto","background-attachment":"scroll","background-type":"","background-media":"","overlay-type":"","overlay-color":"","overlay-opacity":"","overlay-gradient":""},"tablet":{"background-color":"","background-image":"","background-repeat":"repeat","background-position":"center center","background-size":"auto","background-attachment":"scroll","background-type":"","background-media":"","overlay-type":"","overlay-color":"","overlay-opacity":"","overlay-gradient":""},"mobile":{"background-color":"","background-image":"","background-repeat":"repeat","background-position":"center center","background-size":"auto","background-attachment":"scroll","background-type":"","background-media":"","overlay-type":"","overlay-color":"","overlay-opacity":"","overlay-gradient":""}},"ast-content-background-meta":{"desktop":{"background-color":"var(--ast-global-color-5)","background-image":"","background-repeat":"repeat","background-position":"center center","background-size":"auto","background-attachment":"scroll","background-type":"","background-media":"","overlay-type":"","overlay-color":"","overlay-opacity":"","overlay-gradient":""},"tablet":{"background-color":"var(--ast-global-color-5)","background-image":"","background-repeat":"repeat","background-position":"center center","background-size":"auto","background-attachment":"scroll","background-type":"","background-media":"","overlay-type":"","overlay-color":"","overlay-opacity":"","overlay-gradient":""},"mobile":{"background-color":"var(--ast-global-color-5)","background-image":"","background-repeat":"repeat","background-position":"center center","background-size":"auto","background-attachment":"scroll","background-type":"","background-media":"","overlay-type":"","overlay-color":"","overlay-opacity":"","overlay-gradient":""}},"footnotes":""},"class_list":["post-24","page","type-page","status-publish","hentry"],"post_mailing_queue_ids":[],"_links":{"self":[{"href":"https:\/\/agora.xtec.cat\/ceipsalvadorninot\/wp-json\/wp\/v2\/pages\/24","targetHints":{"allow":["GET"]}}],"collection":[{"href":"https:\/\/agora.xtec.cat\/ceipsalvadorninot\/wp-json\/wp\/v2\/pages"}],"about":[{"href":"https:\/\/agora.xtec.cat\/ceipsalvadorninot\/wp-json\/wp\/v2\/types\/page"}],"author":[{"embeddable":true,"href":"https:\/\/agora.xtec.cat\/ceipsalvadorninot\/wp-json\/wp\/v2\/users\/1"}],"replies":[{"embeddable":true,"href":"https:\/\/agora.xtec.cat\/ceipsalvadorninot\/wp-json\/wp\/v2\/comments?post=24"}],"version-history":[{"count":7,"href":"https:\/\/agora.xtec.cat\/ceipsalvadorninot\/wp-json\/wp\/v2\/pages\/24\/revisions"}],"predecessor-version":[{"id":9499,"href":"https:\/\/agora.xtec.cat\/ceipsalvadorninot\/wp-json\/wp\/v2\/pages\/24\/revisions\/9499"}],"up":[{"embeddable":true,"href":"https:\/\/agora.xtec.cat\/ceipsalvadorninot\/wp-json\/wp\/v2\/pages\/22"}],"wp:attachment":[{"href":"https:\/\/agora.xtec.cat\/ceipsalvadorninot\/wp-json\/wp\/v2\/media?parent=24"}],"curies":[{"name":"wp","href":"https:\/\/api.w.org\/{rel}","templated":true}]}}