{"id":9769,"date":"2020-05-11T13:55:17","date_gmt":"2020-05-11T11:55:17","guid":{"rendered":"https:\/\/agora.xtec.cat\/ceipsalvadordali\/?page_id=9769"},"modified":"2025-02-07T17:49:10","modified_gmt":"2025-02-07T16:49:10","slug":"preinscripcions-presencials-amb-cita-previa","status":"publish","type":"page","link":"https:\/\/agora.xtec.cat\/ceipsalvadordali\/secretaria\/preinscripcio-i-matricula\/preinscripcions-presencials-amb-cita-previa\/","title":{"rendered":"Preinscripcions presencials amb cita pr\u00e8via"},"content":{"rendered":"<p style=\"text-align: left;\"><span style=\"font-weight: 400;\">(<em>En cas de no haver-ho pogut fer de manera telem\u00e0tica<\/em>)<\/span><\/p>\n<p><span style=\"font-weight: 400;\">Del\u00a0<\/span><b>dimecres 12 al dimecres 26 de mar\u00e7<\/b><span style=\"font-weight: 400;\">\u00a0del 2025<\/span><\/p>\n<p><span style=\"font-weight: 400;\">Caldr\u00e0 demanar\u00a0<\/span><b>cita pr\u00e8via<\/b><span style=\"font-weight: 400;\">.\u00a0<\/span><\/p>\n<ul>\n<li style=\"list-style-type: none;\">\n<ul>\n<li><span style=\"font-weight: 400;\">Tel\u00e8fon: <\/span><b>972 501 191<\/b><span style=\"font-weight: 400;\"> del 12 mar\u00e7 26 de mar\u00e7 de 9:30 a 13h<\/span><\/li>\n<\/ul>\n<\/li>\n<\/ul>\n<p>Cal portar<\/p>\n<ul>\n<li style=\"list-style-type: none;\">\n<ul>\n<li><span style=\"font-weight: 400;\">S<\/span><b>ol\u00b7licitud<\/b><span style=\"font-weight: 400;\">\u00a0 emplenada des de casa.\u00a0<\/span><\/li>\n<li><span style=\"font-weight: 400;\">Original i fotoc\u00f2pia de la <\/span><b>seg\u00fcent documentaci\u00f3: <\/b>\n<ul>\n<li style=\"list-style-type: none;\">\n<ul>\n<li><em>Llibre de fam\u00edlia.<\/em><\/li>\n<li><em>DNI o NIE Pare o Mare (en cas que el domicili habitual que s&#8217;al\u00b7lega no<br \/>\ncoincideix amb el del DNI o NIE certificat o volant municipal de conviv\u00e8ncia de l&#8217;alumne o<br \/>\nalumna, on ha de constar que conviu amb la persona sol\u00b7licitant)\u00a0<\/em><\/li>\n<li><em>TSI (Targeta sanit\u00e0ria) de l\u2019alumne\/a<br \/>\n<strong>Documentaci\u00f3 si s\u2019escau:<\/strong><\/em><\/li>\n<li><em>T\u00edtol de fam\u00edlia nombrosa o monoparental vigent .<\/em><\/li>\n<li><em>Certificat o de la targeta acreditativa de la discapacitat de la persona que n&#8217;al\u00b7lega la condici\u00f3 em\u00e8s pel Departament de Treball, Afers Socials i Fam\u00edlies<\/em><\/li>\n<li><em>Acreditaci\u00f3 de ser beneficiari o benefici\u00e0ria de la prestaci\u00f3 econ\u00f2mica de la renda garantida de ciutadania.<\/em><\/li>\n<\/ul>\n<\/li>\n<\/ul>\n<\/li>\n<\/ul>\n<\/li>\n<\/ul>\n<p><span style=\"font-weight: 400;\">Podeu trobar tota la informaci\u00f3 relacionada amb la preinscripci\u00f3 i matriculaci\u00f3 a la <\/span><b>Web de la Generalitat de Catalunya<\/b><span style=\"font-weight: 400;\">: <\/span><a href=\"https:\/\/preinscripcio.gencat.cat\/ca\/inici\/index.html\"><span style=\"font-weight: 400;\">PREINSCRIPCI\u00d3<\/span><\/a><\/p>\n<p style=\"text-align: left;\">\n","protected":false},"excerpt":{"rendered":"<p>(En cas de no haver-ho pogut fer de manera telem\u00e0tica)<br \/>\nDel\u00a0dimecres 12 al dimecres 26 de mar\u00e7\u00a0del 2025<br \/>\nCaldr\u00e0 demanar\u00a0cita pr\u00e8via.\u00a0<\/p>\n<ul>\n<li style=\"list-style-type: none;\">\n<ul>\n<li>Tel\u00e8fon: 972 501 191 del 12 mar\u00e7 26 de mar\u00e7 de 9:30 a 13h<\/li>\n<\/ul>\n<\/li>\n<\/ul>\n<p>Cal portar<\/p>\n<ul>\n<li style=\"list-style-type: none;\">\n<ul>\n<li>Sol\u00b7licitud\u00a0 emplenada des de casa.\u00a0<\/li>\n<li>Original i fotoc\u00f2pia de la&hellip;  <a href=\"https:\/\/agora.xtec.cat\/ceipsalvadordali\/secretaria\/preinscripcio-i-matricula\/preinscripcions-presencials-amb-cita-previa\/\" title=\"Read Preinscripcions presencials amb cita pr\u00e8via\">Llegeix m\u00e9s\u00bb<\/a><br \/>\n","protected":false},"author":3,"featured_media":0,"parent":9676,"menu_order":0,"comment_status":"closed","ping_status":"closed","template":"","meta":{"_bbp_topic_count":0,"_bbp_reply_count":0,"_bbp_total_topic_count":0,"_bbp_total_reply_count":0,"_bbp_voice_count":0,"_bbp_anonymous_reply_count":0,"_bbp_topic_count_hidden":0,"_bbp_reply_count_hidden":0,"_bbp_forum_subforum_count":0,"footnotes":""},"class_list":["post-9769","page","type-page","status-publish","hentry"],"post_mailing_queue_ids":[],"_links":{"self":[{"href":"https:\/\/agora.xtec.cat\/ceipsalvadordali\/wp-json\/wp\/v2\/pages\/9769","targetHints":{"allow":["GET"]}}],"collection":[{"href":"https:\/\/agora.xtec.cat\/ceipsalvadordali\/wp-json\/wp\/v2\/pages"}],"about":[{"href":"https:\/\/agora.xtec.cat\/ceipsalvadordali\/wp-json\/wp\/v2\/types\/page"}],"author":[{"embeddable":true,"href":"https:\/\/agora.xtec.cat\/ceipsalvadordali\/wp-json\/wp\/v2\/users\/3"}],"replies":[{"embeddable":true,"href":"https:\/\/agora.xtec.cat\/ceipsalvadordali\/wp-json\/wp\/v2\/comments?post=9769"}],"version-history":[{"count":5,"href":"https:\/\/agora.xtec.cat\/ceipsalvadordali\/wp-json\/wp\/v2\/pages\/9769\/revisions"}],"predecessor-version":[{"id":11073,"href":"https:\/\/agora.xtec.cat\/ceipsalvadordali\/wp-json\/wp\/v2\/pages\/9769\/revisions\/11073"}],"up":[{"embeddable":true,"href":"https:\/\/agora.xtec.cat\/ceipsalvadordali\/wp-json\/wp\/v2\/pages\/9676"}],"wp:attachment":[{"href":"https:\/\/agora.xtec.cat\/ceipsalvadordali\/wp-json\/wp\/v2\/media?parent=9769"}],"curies":[{"name":"wp","href":"https:\/\/api.w.org\/{rel}","templated":true}]}}