{"id":9766,"date":"2020-05-11T13:47:55","date_gmt":"2020-05-11T11:47:55","guid":{"rendered":"https:\/\/agora.xtec.cat\/ceipsalvadordali\/?page_id=9766"},"modified":"2025-02-07T17:40:39","modified_gmt":"2025-02-07T16:40:39","slug":"preinscripcions-en-suport-informatic","status":"publish","type":"page","link":"https:\/\/agora.xtec.cat\/ceipsalvadordali\/secretaria\/preinscripcio-i-matricula\/preinscripcions-en-suport-informatic\/","title":{"rendered":"Preinscripcions en suport inform\u00e0tic"},"content":{"rendered":"<p style=\"text-align: left;\"><span style=\"font-weight: 400;\">Del\u00a0<\/span><b>dimecres 12 al\u00a0 dimecres 26 de mar\u00e7<\/b><span style=\"font-weight: 400;\"> del 2025\u00a0<\/span><\/p>\n<h3>Documentaci\u00f3 que cal presentar:<\/h3>\n<p><strong>Documentaci\u00f3 obligat\u00f2ria:<\/strong><\/p>\n<ul>\n<li><em>C\u00f2pia escanejada o fotografiada del llibre de fam\u00edlia.<\/em><em style=\"font-family: inherit; font-size: 1em;\">\u00a0<\/em><\/li>\n<li><em style=\"font-family: inherit; font-size: 1em;\">C\u00f2pia escanejada o fotografiada del DNI o NIE Pare o Mare (en cas que el domicili habitual que s\u2019al\u00b7lega no coincideix amb el del DNI o NIE, certificat o volant municipal de conviv\u00e8ncia de l\u2019alumne\/a on ha de constar que conviu amb la persona sol\u00b7licitant)<\/em><\/li>\n<li><em style=\"font-family: inherit; font-size: 1em;\">C\u00f2pia escanejada o fotografiada del TSI (Targeta Sanit\u00e0ria) de l\u2019alumne\/a<\/em><\/li>\n<\/ul>\n<p><strong>Documentaci\u00f3 si s\u2019escau:<\/strong><\/p>\n<ul>\n<li><em>C\u00f2pia escanejada o fotografiada del t\u00edtol de fam\u00edlia nombrosa o monoparental vigent.<\/em><\/li>\n<li><em>C\u00f2pia escanejada o fotografiada del certificat o de la targeta acreditativa de la discapacitat de la persona que n\u2019al\u00b7lega la condici\u00f3 em\u00e8s pel Departament de Treball, Afers Socials i Fam\u00edlies<\/em><\/li>\n<li><em>C\u00f2pia escanejada o fotografiada de l\u2019acreditaci\u00f3 de ser beneficiari o benefici\u00e0ria de la prestaci\u00f3 econ\u00f2mica de la renda garantida de<\/em><br \/>\n<em>ciutadania.<\/em><\/li>\n<\/ul>\n<p><b><span style=\"font-weight: 400;\">La\u00a0<\/span>sol\u00b7licitud<span style=\"font-weight: 400;\">\u00a0s\u2019haur\u00e0 d\u2019omplir a trav\u00e9s d\u2019una <a href=\"https:\/\/aplicacions.gestioeducativa.gencat.cat\/pls\/apex\/f?p=20160079072543618:CAT_AL_SI\"><strong><span style=\"color: #ff0000;\">aplicaci\u00f3<\/span><\/strong><\/a>, fer una c\u00f2pia del resguard i, juntament amb la <\/span>documentaci\u00f3<span style=\"font-weight: 400;\"> (escanejada o fotografiada), enviar-la a la seg\u00fcent adre\u00e7a electr\u00f2nica: <\/span>b7001103@xtec.cat\u00a0<\/b><\/p>\n<p><span style=\"font-weight: 400;\">Enlla\u00e7 a la <\/span><a href=\"https:\/\/aplicacions.gestioeducativa.gencat.cat\/pls\/apex\/f?p=20160079072543618:CAT_AL_SI\"><b>sol\u00b7licitud telem\u00e0tica<\/b><\/a><\/p>\n<p><span style=\"font-weight: 400;\">El centre contestar\u00e0 aquest correu\u00a0<\/span><b>justificant la recepci\u00f3<\/b><span style=\"font-weight: 400;\">\u00a0de la sol\u00b7licitud. En el moment de validar aquesta documentaci\u00f3, si es presenta algun dubte es podr\u00e0 demanar el document original.<\/span><\/p>\n<p><span style=\"font-weight: 400;\">Podeu trobar tota la informaci\u00f3 relacionada amb la preinscripci\u00f3 i matriculaci\u00f3 a la\u00a0 <\/span><b>Web de la Generalitat de Catalunya<\/b><span style=\"font-weight: 400;\">: <\/span><a href=\"https:\/\/preinscripcio.gencat.cat\/ca\/inici\/index.html\"><span style=\"font-weight: 400;\">PREINSCRIPCI\u00d3<\/span><\/a><\/p>\n<p>&nbsp;<\/p>\n<h4><\/h4>\n","protected":false},"excerpt":{"rendered":"<p>Del\u00a0dimecres 12 al\u00a0 dimecres 26 de mar\u00e7 del 2025\u00a0<br \/>\nDocumentaci\u00f3 que cal presentar:<br \/>\nDocumentaci\u00f3 obligat\u00f2ria:<\/p>\n<ul>\n<li>C\u00f2pia escanejada o fotografiada del llibre de fam\u00edlia.\u00a0<\/li>\n<li>C\u00f2pia escanejada o fotografiada del DNI o NIE Pare o Mare (en cas que el domicili habitual que s\u2019al\u00b7lega no coincideix amb el del DNI o&hellip;  <a href=\"https:\/\/agora.xtec.cat\/ceipsalvadordali\/secretaria\/preinscripcio-i-matricula\/preinscripcions-en-suport-informatic\/\" title=\"Read Preinscripcions en suport inform\u00e0tic\">Llegeix m\u00e9s\u00bb<\/a><br \/>\n","protected":false},"author":3,"featured_media":0,"parent":9676,"menu_order":0,"comment_status":"closed","ping_status":"closed","template":"","meta":{"_bbp_topic_count":0,"_bbp_reply_count":0,"_bbp_total_topic_count":0,"_bbp_total_reply_count":0,"_bbp_voice_count":0,"_bbp_anonymous_reply_count":0,"_bbp_topic_count_hidden":0,"_bbp_reply_count_hidden":0,"_bbp_forum_subforum_count":0,"footnotes":""},"class_list":["post-9766","page","type-page","status-publish","hentry"],"post_mailing_queue_ids":[],"_links":{"self":[{"href":"https:\/\/agora.xtec.cat\/ceipsalvadordali\/wp-json\/wp\/v2\/pages\/9766","targetHints":{"allow":["GET"]}}],"collection":[{"href":"https:\/\/agora.xtec.cat\/ceipsalvadordali\/wp-json\/wp\/v2\/pages"}],"about":[{"href":"https:\/\/agora.xtec.cat\/ceipsalvadordali\/wp-json\/wp\/v2\/types\/page"}],"author":[{"embeddable":true,"href":"https:\/\/agora.xtec.cat\/ceipsalvadordali\/wp-json\/wp\/v2\/users\/3"}],"replies":[{"embeddable":true,"href":"https:\/\/agora.xtec.cat\/ceipsalvadordali\/wp-json\/wp\/v2\/comments?post=9766"}],"version-history":[{"count":5,"href":"https:\/\/agora.xtec.cat\/ceipsalvadordali\/wp-json\/wp\/v2\/pages\/9766\/revisions"}],"predecessor-version":[{"id":11067,"href":"https:\/\/agora.xtec.cat\/ceipsalvadordali\/wp-json\/wp\/v2\/pages\/9766\/revisions\/11067"}],"up":[{"embeddable":true,"href":"https:\/\/agora.xtec.cat\/ceipsalvadordali\/wp-json\/wp\/v2\/pages\/9676"}],"wp:attachment":[{"href":"https:\/\/agora.xtec.cat\/ceipsalvadordali\/wp-json\/wp\/v2\/media?parent=9766"}],"curies":[{"name":"wp","href":"https:\/\/api.w.org\/{rel}","templated":true}]}}