{"id":9678,"date":"2020-05-08T16:06:07","date_gmt":"2020-05-08T14:06:07","guid":{"rendered":"https:\/\/agora.xtec.cat\/ceipsalvadordali\/?page_id=9678"},"modified":"2025-08-04T12:08:24","modified_gmt":"2025-08-04T10:08:24","slug":"beques-i-ajuts","status":"publish","type":"page","link":"https:\/\/agora.xtec.cat\/ceipsalvadordali\/secretaria\/beques-i-ajuts\/","title":{"rendered":"Beques i ajuts"},"content":{"rendered":"<h1 id=\"pageTitle\" class=\"ms-core-pageTitle\"><span id=\"DeltaPlaceHolderPageTitleInTitleArea\">Ajuts per a alumnes amb necessitat espec\u00edfica de suport educatiu<\/span><\/h1>\n<h4 id=\"h20\">Descripci\u00f3 i modalitats<\/h4>\n<p>Ajuts individualitzats convocats pel \u200bMinisteri d\u2019Educaci\u00f3, Formaci\u00f3 Professional i Esports per a\u00a0<strong>alumnes amb necessitat espec\u00edfica de suport educatiu.<\/strong><\/p>\n<p>Modalitats dels ajuts:<\/p>\n<ul>\n<li>Ajuts i subsidis per a alumnes amb necessitat espec\u00edfica de suport educatiu derivada de<strong>\u00a0discapacitat o trastorn greu de conducta o trastorn de la comunicaci\u00f3 i el llenguatge o trastorn de l&#8217;espectre autista<\/strong>.<\/li>\n<li>Ajuts i subsidi per a programes complementaris a alumnes amb necessitat espec\u00edfica de suport educatiu associada a\u00a0<strong>altes capacitats.\u200b\u200b\u200b\u200b<\/strong><\/li>\n<\/ul>\n<h4 id=\"h21\">Sol\u00b7licitud i termini\u200b<\/h4>\n<p>Tot el proc\u00e9s de sol\u00b7licitud de la beca es fa a trav\u00e9s de la seu electr\u00f2nica del Ministeri d\u2019Educaci\u00f3, Formaci\u00f3 Professional i Esports. Al web del Departament d&#8217;Educaci\u00f3 est\u00e0 tota la informaci\u00f3 per a les fam\u00edlies i els alumnes:\u00a0<a title=\"Ves al Tr\u00e0mit\" href=\"https:\/\/web.gencat.cat\/ca\/tramits\/tramits-temes\/Ajuts-per-a-alumnes-amb-necessitat-especifica-de-suport-educatiu?category=7449fd1c-a82c-11e3-a972-000c29052e2c\" target=\"_blank\" rel=\"noopener\"><strong>Ajuts per a alumnes amb necessita\u200b\u200b\u200bt espec\u00edfica de suport educatiu<\/strong><\/a><\/p>\n<p><span data-olk-copy-source=\"MessageBody\">A difer\u00e8ncia de les convocat\u00f2ries anteriors, la\u00a0<strong>sol\u00b7licitud no s\u2019ha de lliurar al centre educatiu<\/strong>. La sol\u00b7licitud es considera presentada en emplenar el formulari en l\u00ednia i obtenir el resguard de presentaci\u00f3.<\/span>\u200b<\/p>\n<p><strong>\u200bTermini per presentar la sol\u00b7licitud:\u00a0del\u00a030 d&#8217;abril fins a l&#8217;11\u00a0de setembre de\u00a02025<\/strong><\/p>\n<p>&nbsp;<\/p>\n","protected":false},"excerpt":{"rendered":"<p>Ajuts per a alumnes amb necessitat espec\u00edfica de suport educatiu<br \/>\nDescripci\u00f3 i modalitats<br \/>\nAjuts individualitzats convocats pel \u200bMinisteri d\u2019Educaci\u00f3, Formaci\u00f3 Professional i Esports per a\u00a0alumnes amb necessitat espec\u00edfica de suport educatiu.<br \/>\nModalitats dels ajuts:<\/p>\n<ul>\n<li>Ajuts i subsidis per a alumnes amb necessitat espec\u00edfica de suport educatiu derivada de\u00a0discapacitat o&hellip;  <a href=\"https:\/\/agora.xtec.cat\/ceipsalvadordali\/secretaria\/beques-i-ajuts\/\" title=\"Read Beques i ajuts\">Llegeix m\u00e9s\u00bb<\/a><br \/>\n","protected":false},"author":3,"featured_media":0,"parent":9673,"menu_order":32,"comment_status":"closed","ping_status":"closed","template":"","meta":{"_bbp_topic_count":0,"_bbp_reply_count":0,"_bbp_total_topic_count":0,"_bbp_total_reply_count":0,"_bbp_voice_count":0,"_bbp_anonymous_reply_count":0,"_bbp_topic_count_hidden":0,"_bbp_reply_count_hidden":0,"_bbp_forum_subforum_count":0,"footnotes":""},"class_list":["post-9678","page","type-page","status-publish","hentry"],"post_mailing_queue_ids":[],"_links":{"self":[{"href":"https:\/\/agora.xtec.cat\/ceipsalvadordali\/wp-json\/wp\/v2\/pages\/9678","targetHints":{"allow":["GET"]}}],"collection":[{"href":"https:\/\/agora.xtec.cat\/ceipsalvadordali\/wp-json\/wp\/v2\/pages"}],"about":[{"href":"https:\/\/agora.xtec.cat\/ceipsalvadordali\/wp-json\/wp\/v2\/types\/page"}],"author":[{"embeddable":true,"href":"https:\/\/agora.xtec.cat\/ceipsalvadordali\/wp-json\/wp\/v2\/users\/3"}],"replies":[{"embeddable":true,"href":"https:\/\/agora.xtec.cat\/ceipsalvadordali\/wp-json\/wp\/v2\/comments?post=9678"}],"version-history":[{"count":5,"href":"https:\/\/agora.xtec.cat\/ceipsalvadordali\/wp-json\/wp\/v2\/pages\/9678\/revisions"}],"predecessor-version":[{"id":11307,"href":"https:\/\/agora.xtec.cat\/ceipsalvadordali\/wp-json\/wp\/v2\/pages\/9678\/revisions\/11307"}],"up":[{"embeddable":true,"href":"https:\/\/agora.xtec.cat\/ceipsalvadordali\/wp-json\/wp\/v2\/pages\/9673"}],"wp:attachment":[{"href":"https:\/\/agora.xtec.cat\/ceipsalvadordali\/wp-json\/wp\/v2\/media?parent=9678"}],"curies":[{"name":"wp","href":"https:\/\/api.w.org\/{rel}","templated":true}]}}