{"id":9652,"date":"2020-11-08T15:32:54","date_gmt":"2020-11-08T14:32:54","guid":{"rendered":"https:\/\/agora.xtec.cat\/ceipsalvadordali\/?page_id=9652"},"modified":"2026-04-14T12:37:26","modified_gmt":"2026-04-14T10:37:26","slug":"organitzacio-del-centre","status":"publish","type":"page","link":"https:\/\/agora.xtec.cat\/ceipsalvadordali\/lescola-2\/organitzacio-del-centre\/","title":{"rendered":"L&#8217;equip del centre 25\/26"},"content":{"rendered":"<p>&nbsp;<\/p>\n<table style=\"height: 1756px; width: 101.174%;\">\n<tbody>\n<tr style=\"height: 72px;\">\n<td style=\"height: 72px; width: 98.7767%;\" colspan=\"2\">\n<h4 style=\"text-align: center;\"><strong>MESTRES i PROFESSIONALS DE L&#8217;ESCOLA SALVADOR DAL\u00cd <\/strong><\/h4>\n<h4 style=\"text-align: center;\"><strong>CURS 2025-2026<\/strong><\/h4>\n<\/td>\n<\/tr>\n<tr style=\"height: 32px;\">\n<td style=\"height: 32px; width: 98.7767%;\" colspan=\"2\"><strong>EQUIP DIRECTIU<\/strong><\/td>\n<\/tr>\n<tr style=\"height: 31px;\">\n<td style=\"height: 31px; width: 50.7645%;\">SANDRA LODEIRO SOLER<\/td>\n<td style=\"height: 31px; width: 48.0122%;\">DIRECTORA<\/td>\n<\/tr>\n<tr style=\"height: 31px;\">\n<td style=\"height: 31px; width: 50.7645%;\">L\u00cdDIA SURROCA ARBOIX<\/td>\n<td style=\"height: 31px; width: 48.0122%;\">CAP D&#8217;ESTUDIS<\/td>\n<\/tr>\n<tr style=\"height: 31px;\">\n<td style=\"height: 31px; width: 50.7645%;\">EVA FORMIGA ALBERCA<\/td>\n<td style=\"height: 31px; width: 48.0122%;\">SECRET\u00c0RIA<\/td>\n<\/tr>\n<tr style=\"height: 33px;\">\n<td style=\"width: 50.7645%; height: 33px;\"><\/td>\n<td style=\"width: 48.0122%; height: 33px;\"><\/td>\n<\/tr>\n<tr style=\"height: 32px;\">\n<td style=\"height: 32px; width: 98.7767%;\" colspan=\"2\"><strong>EDUCACI\u00d3 INFANTIL<\/strong><\/td>\n<\/tr>\n<tr style=\"height: 31px;\">\n<td style=\"height: 35px; width: 50.7645%;\">MARTA CARB\u00d3 MADRI\u00c0<\/td>\n<td style=\"height: 35px; width: 48.0122%;\">TUTORA DE I3A\u00a0 \u00a0 \u00a0 \u00a0 \u00a0 \u00a0 \u00a0 \u00a0\u00a0 \u00a0\u00a0<a href=\"mailto:pans@escoladali.eu\">pans@escoladali.eu<\/a><\/td>\n<\/tr>\n<tr style=\"height: 31px;\">\n<td style=\"height: 31px; width: 50.7645%;\">MEI VILA FIGUERES<\/td>\n<td style=\"height: 31px; width: 48.0122%;\">TUTORA DE I3B\/ COORDINADORA COCOBE\u00a0 \u00a0 \u00a0 \u00a0 \u00a0 \u00a0 \u00a0 \u00a0<a href=\"mailto:cupula@escoladali.eu\">cupula@escoladali.eu<\/a><a href=\"mailto:elefants@escoladali.eu\">\u00a0<\/a><\/td>\n<\/tr>\n<tr style=\"height: 31px;\">\n<td style=\"height: 32px; width: 50.7645%;\">IRENE PAL\u00c8S HUIX<\/td>\n<td style=\"height: 32px; width: 48.0122%;\">TUTORA DE I4A\u00a0 \u00a0 \u00a0 \u00a0 \u00a0 \u00a0 \u00a0 \u00a0 \u00a0 \u00a0<a href=\"mailto:formigues@escoladali.eu\">formigues@escoladali.eu<\/a><\/td>\n<\/tr>\n<tr style=\"height: 31px;\">\n<td style=\"height: 31px; width: 50.7645%;\"><span style=\"background-color: #ffffff;\">CRISTINA FONTDECABA PARADA<\/span><\/td>\n<td style=\"height: 31px; width: 48.0122%;\">TUTORA DE I4B\u00a0 \u00a0 \u00a0 \u00a0 \u00a0 \u00a0 \u00a0 \u00a0 \u00a0 \u00a0<a href=\"mailto:elefants@escoladali.eu\">elefants@escoladali.eu<\/a><\/td>\n<\/tr>\n<tr style=\"height: 31px;\">\n<td style=\"height: 31px; width: 50.7645%;\">JANINA COLLELLDEVALL COLLELLDEVALL<\/td>\n<td style=\"height: 31px; width: 48.0122%;\">TUTORA DE I5A\u00a0 \u00a0 \u00a0 \u00a0 \u00a0 \u00a0 \u00a0 \u00a0 \u00a0 \u00a0<a href=\"mailto:parcbosc@escoladali.eu\">parcbosc@escoladali.eu<\/a><\/td>\n<\/tr>\n<tr style=\"height: 31px;\">\n<td style=\"height: 31px; width: 50.7645%;\">SUSANNA AULINAS FONT<\/td>\n<td style=\"height: 31px; width: 48.0122%;\">TUTORA DE I5B\u00a0 \u00a0 \u00a0 \u00a0 \u00a0 \u00a0 \u00a0\u00a0 \u00a0 \u00a0\u00a0<a href=\"mailto:teatrejardi@escoladali.eu\">teatrejardi@escoladali.eu<\/a><\/td>\n<\/tr>\n<tr style=\"height: 31px;\">\n<td style=\"height: 31px; width: 50.7645%;\">DOLORS MONTG\u00c9 MARC\u00c9<\/td>\n<td style=\"height: 31px; width: 48.0122%;\">MESTRA SUPORT ED. INFANTIL\/COORDINADOR ED. INFANTIL<\/td>\n<\/tr>\n<tr style=\"height: 32px;\">\n<td style=\"width: 50.7645%; height: 32px;\">CRISTINA SANSALVAD\u00d3 CARBON\u00c9S<\/td>\n<td style=\"width: 48.0122%; height: 32px;\">MESTRA SUPORT ED. INFANTIL<\/td>\n<\/tr>\n<tr style=\"height: 31px;\">\n<td style=\"height: 31px; width: 50.7645%;\">\u00cdNGRID SERRANO \u00c1LVAREZ<\/td>\n<td style=\"height: 31px; width: 48.0122%;\">TEI (T\u00c8CNICA D&#8217;EDUCACI\u00d3 INFANTIL)<\/td>\n<\/tr>\n<tr style=\"height: 31px;\">\n<td style=\"height: 31px; width: 50.7645%;\"><\/td>\n<td style=\"height: 31px; width: 48.0122%;\"><\/td>\n<\/tr>\n<tr style=\"height: 32px;\">\n<td style=\"height: 32px; width: 98.7767%;\" colspan=\"2\"><strong>EDUCACI\u00d3 PRIM\u00c0RIA<\/strong><\/td>\n<\/tr>\n<tr style=\"height: 17px;\">\n<td style=\"height: 17px; width: 50.7645%;\">ESTHER VALLVERD\u00da GUASCH<\/td>\n<td style=\"height: 17px; width: 48.0122%;\">TUTORA DE 1rA\/COORDINADORA CICLE INICIAL\u00a0 \u00a0 \u00a0 \u00a0 \u00a0 \u00a0 \u00a0 \u00a0<a href=\"mailto:rellotgestous@escoladali.eu\">rellotgestous@escoladali.eu\u00a0<\/a><\/td>\n<\/tr>\n<tr style=\"height: 31px;\">\n<td style=\"height: 31px; width: 50.7645%;\">ANDREA PRIETO MU\u00d1OZ<\/td>\n<td style=\"height: 31px; width: 48.0122%;\">TUTORA DE 1rB\u00a0 \u00a0 \u00a0 \u00a0 \u00a0 <a href=\"mailto:calaixos@escoladali.eu\">\u00a0 \u00a0 \u00a0 calaixos@escoladali.eu<\/a><\/td>\n<\/tr>\n<tr style=\"height: 31px;\">\n<td style=\"height: 32px; width: 50.7645%;\">DOLORS GENOVER SALA<\/td>\n<td style=\"height: 32px; width: 48.0122%; text-align: left;\">TUTOR DE 2nA\u00a0 \u00a0 \u00a0 \u00a0 \u00a0 \u00a0 \u00a0 \u00a0 \u00a0 <a href=\"mailto:ajuntament@escoladali.eu\">ajuntament@escoladali.eu\u00a0<\/a><\/td>\n<\/tr>\n<tr style=\"height: 31px;\">\n<td style=\"height: 31px; width: 50.7645%;\">MARINA P\u00c9REZ MORATA<\/td>\n<td style=\"height: 31px; width: 48.0122%;\">TUTORA DE 2nB\u00a0 \u00a0 \u00a0 \u00a0 \u00a0 \u00a0 \u00a0\u00a0 \u00a0<a href=\"mailto:castell@escoladali.eu\">castell@escoladali.eu<\/a><\/td>\n<\/tr>\n<tr style=\"height: 31px;\">\n<td style=\"height: 31px; width: 50.7645%;\">FRAN MU\u00d1OZ ARIZA<\/td>\n<td style=\"height: 31px; width: 48.0122%;\">TUTORA DE 3rA\u00a0 \u00a0 \u00a0 \u00a0 \u00a0 \u00a0 \u00a0 \u00a0 \u00a0<a href=\"mailto:rambla@escoladali.eu\">rambla<span class=\"\">@escoladali.eu<\/span><\/a><\/td>\n<\/tr>\n<tr style=\"height: 31px;\">\n<td style=\"height: 31px; width: 50.7645%;\"><span style=\"background-color: #f9f9f9;\">LOURDES ARL\u00c0 BATLLE<\/span><\/td>\n<td style=\"height: 31px; width: 48.0122%;\">TUTORA DE 3rB\u00a0 \u00a0 \u00a0 \u00a0 \u00a0 \u00a0 \u00a0 \u00a0 \u00a0<a style=\"color: #2795b6;\" href=\"mailto:placadelgra@escoladali.eu\">placadelgra@escoladali.eu\u00a0<\/a><\/td>\n<\/tr>\n<tr style=\"height: 31px;\">\n<td style=\"height: 31px; width: 50.7645%;\">TERESA FERR\u00c9S BASSOLS<\/td>\n<td style=\"height: 31px; width: 48.0122%;\">TUTORA DE 4tA\u00a0 \u00a0 \u00a0 \u00a0\u00a0 \u00a0\u00a0 \u00a0\u00a0 \u00a0\u00a0 <a href=\"mailto:anglada@escoladali.eu\">anglada@escoladali.eu\u00a0<\/a><\/td>\n<\/tr>\n<tr style=\"height: 31px;\">\n<td style=\"height: 31px; width: 50.7645%;\">\u00a0ALINA DOUBRITOIU OPU<\/td>\n<td style=\"height: 31px; width: 48.0122%;\">TUTORA DE 4tB\u00a0 \u00a0 \u00a0 \u00a0 \u00a0 \u00a0 \u00a0\u00a0 \u00a0\u00a0 <a href=\"mailto:ramonreig@escoladali.eu\">ramonreig@escoladali.eu\u00a0<\/a><\/td>\n<\/tr>\n<tr style=\"height: 31px;\">\n<td style=\"height: 31px; width: 50.7645%;\">MONTSERRAT \u00c1LVAREZ ORTEGA<\/td>\n<td style=\"height: 31px; width: 48.0122%;\">TUTORA DE 5\u00e8A\/COORDINADORA LING\u00dc\u00cdSTICA\u00a0\u00a0 \u00a0 \u00a0 \u00a0 \u00a0 \u00a0 \u00a0 \u00a0 <a href=\"mailto:pepventura@escoladali.eu\">pepventura@escoladali.eu<\/a><\/td>\n<\/tr>\n<tr style=\"height: 31px;\">\n<td style=\"height: 31px; width: 50.7645%;\">NURI BARCEL\u00d3 GUTI\u00c9RREZ\/ ANNA DOM\u00cdNGUEZ<\/td>\n<td style=\"height: 31px; width: 48.0122%;\">TUTOR DE 5\u00e8B\u00a0 \u00a0 \u00a0 \u00a0 \u00a0 \u00a0 \u00a0 \u00a0 \u00a0 \u00a0<a style=\"color: #2795b6;\" href=\"mailto:vayreda@escoladali.eu\">vayreda@escoladali.eu\u00a0<\/a><\/td>\n<\/tr>\n<tr style=\"height: 32px;\">\n<td style=\"width: 50.7645%; height: 32px;\">MARIA TARRADAS PLANELLA<\/td>\n<td style=\"width: 48.0122%; height: 32px;\">TUTOR DE 5\u00e8 C\/COORDINADORA CICLE SUPERIOR\u00a0 \u00a0 \u00a0 \u00a0 \u00a0 \u00a0 \u00a0 \u00a0 <a style=\"color: #2795b6;\" href=\"mailto:annamariadali@escoladali.eu\">annamariadali@escoladali.eu\u00a0<\/a><\/td>\n<\/tr>\n<tr style=\"height: 31px;\">\n<td style=\"height: 31px; width: 50.7645%;\">J\u00daLIA OLMEDO AIXAL\u00c07 J\u00daLIA CALVET<\/td>\n<td style=\"height: 31px; width: 48.0122%; text-align: left;\">TUTORA DE 6\u00e8A\u00a0 \u00a0 \u00a0 \u00a0 \u00a0 \u00a0\u00a0 \u00a0\u00a0 <a href=\"mailto:monturiol@escoladali.eu\">monturiol@escoladali.eu\u00a0<\/a><\/td>\n<\/tr>\n<tr style=\"height: 31px;\">\n<td style=\"height: 31px; width: 50.7645%;\">ANNA JORD\u00c0 RIGAU<\/td>\n<td style=\"height: 31px; width: 48.0122%;\">TUTORA DE 6\u00e8B \u00a0\u00a0 \u00a0\u00a0 \u00a0\u00a0 \u00a0 \u00a0\u00a0 \u00a0<a href=\"mailto:azemar@escoladali.eu\">azemar@escoladali.eu<\/a><\/td>\n<\/tr>\n<tr style=\"height: 33px;\">\n<td style=\"width: 50.7645%; height: 33px;\">ALBERT VIDAL PERACAULA<\/td>\n<td style=\"width: 48.0122%; height: 33px;\">MESTRE D&#8217;EDUCACI\u00d3 F\u00cdSICA\/COORDINADOR CICLE MITJ\u00c0<\/td>\n<\/tr>\n<tr style=\"height: 33px;\">\n<td style=\"width: 50.7645%; height: 33px;\">ARES F\u00c0BREGA P\u00c9REZ<\/td>\n<td style=\"width: 48.0122%; height: 33px;\">MESTRE DE M\u00daSICA<\/td>\n<\/tr>\n<tr style=\"height: 31px;\">\n<td style=\"height: 31px; width: 50.7645%;\">LAIA COLL MOLINA<\/td>\n<td style=\"height: 31px; width: 48.0122%;\">MESTRA D&#8217;ANGL\u00c8S<\/td>\n<\/tr>\n<tr style=\"height: 31px;\">\n<td style=\"height: 31px; width: 50.7645%;\">L\u00cdDIA SURROCA ARBOIX<\/td>\n<td style=\"height: 31px; width: 48.0122%;\">MESTRA D&#8217;ANGL\u00c8S<\/td>\n<\/tr>\n<tr style=\"height: 31px;\">\n<td style=\"height: 31px; width: 50.7645%;\">ROSER TORRAS ROCA\/EDUARD GARCIA<\/td>\n<td style=\"height: 31px; width: 48.0122%;\">MESTRA DE RELIGI\u00d3<\/td>\n<\/tr>\n<tr style=\"height: 31px;\">\n<td style=\"height: 31px; width: 50.7645%;\">EDURNE FLORES C\u00d3RDOBA<\/td>\n<td style=\"height: 31px; width: 48.0122%;\">MESTRA DE FRANC\u00c8S\/ COORDINADORA TAC<\/td>\n<\/tr>\n<tr style=\"height: 33px;\">\n<td style=\"width: 50.7645%; height: 33px;\">ANNA GUS\u00d3 BOSCH<\/td>\n<td style=\"width: 48.0122%; height: 33px;\">MESTRA DE SUPORT<\/td>\n<\/tr>\n<tr style=\"height: 32px;\">\n<td style=\"width: 50.7645%; height: 32px;\">S\u00cdLVIA GIRONELLA BRUGAT<\/td>\n<td style=\"width: 48.0122%; height: 32px;\">MESTRA DE SUPORT<\/td>\n<\/tr>\n<tr style=\"height: 27px;\">\n<td style=\"width: 50.7645%; height: 27px;\">LAIA GAUS\u00c0 BUSQUETS<\/td>\n<td style=\"width: 48.0122%; height: 27px;\">MESTRA EDUCACI\u00d3 ESPECIAL<\/td>\n<\/tr>\n<tr style=\"height: 31px;\">\n<td style=\"height: 31px; width: 50.7645%;\">GL\u00d2RIA DE LA IGLESIA RODR\u00cdGUEZ\/ MARIA HERRAIZ<\/td>\n<td style=\"height: 31px; width: 48.0122%;\">MESTRA EDUCACI\u00d3 ESPECIAL<\/td>\n<\/tr>\n<tr style=\"height: 31px;\">\n<td style=\"height: 31px; width: 50.7645%;\">MARTA BOSCH BORR\u00c0S<\/td>\n<td style=\"height: 31px; width: 48.0122%;\">MESTRE EDUCACI\u00d3 ESPECIAL (SIEI)<\/td>\n<\/tr>\n<tr style=\"height: 31px;\">\n<td style=\"height: 31px; width: 50.7645%;\">MAICA PAEZ SOTOMAYOR<\/td>\n<td style=\"height: 31px; width: 48.0122%;\">T\u00c8CNICA EDUCACI\u00d3 ESPECIAL (SIEI)<\/td>\n<\/tr>\n<tr style=\"height: 32px;\">\n<td style=\"width: 50.7645%; height: 32px;\">LAIA TORRENT MORENO<\/td>\n<td style=\"width: 48.0122%; height: 32px;\">MESTRE EDUCACI\u00d3 ESPECIAL (SIEI PLUS)<\/td>\n<\/tr>\n<tr style=\"height: 32px;\">\n<td style=\"width: 50.7645%; height: 32px;\">AIDA GARCIA GARCIA<\/td>\n<td style=\"width: 48.0122%; height: 32px;\">T\u00c8CNICA EDUCACI\u00d3 ESPECIAL (SIEI PLUS)<\/td>\n<\/tr>\n<tr style=\"height: 31px;\">\n<td style=\"height: 31px; width: 50.7645%;\">PILAR BRAVO CANELADA<\/td>\n<td style=\"height: 31px; width: 48.0122%;\">MESTRA D&#8217;AULA D&#8217;ACOLLIDA\/SUPORT<\/td>\n<\/tr>\n<tr style=\"height: 33px;\">\n<td style=\"width: 50.7645%; height: 33px;\">VANESSA GONZALEZ MONTILLA<\/td>\n<td style=\"width: 48.0122%; height: 33px;\">MESTRE D&#8217;AUDICI\u00d3 I LLENGUATGE\/LOGOP\u00c8DIA<\/td>\n<\/tr>\n<tr style=\"height: 31px;\">\n<td style=\"height: 31px; width: 50.7645%;\">ANNA GRATAC\u00d3S ROURA<\/td>\n<td style=\"height: 31px; width: 48.0122%;\">T\u00c8CNICA D&#8217;INTEGRACI\u00d3 SOCIAL<\/td>\n<\/tr>\n<tr style=\"height: 31px;\">\n<td style=\"height: 31px; width: 50.7645%;\"><\/td>\n<td style=\"height: 31px; width: 48.0122%;\"><\/td>\n<\/tr>\n<tr style=\"height: 32px;\">\n<td style=\"height: 32px; width: 98.7767%;\" colspan=\"2\"><strong>ALTRES PROFESSIONALS<\/strong><\/td>\n<\/tr>\n<tr style=\"height: 32px;\">\n<td style=\"width: 50.7645%; height: 32px;\">ANTONIA P\u00c9REZ RICO<\/td>\n<td style=\"width: 48.0122%; height: 32px;\">VETLLADORA<\/td>\n<\/tr>\n<tr style=\"height: 32px;\">\n<td style=\"width: 50.7645%; height: 32px;\">AMARA<\/td>\n<td style=\"width: 48.0122%; height: 32px;\">VETLLADOR<\/td>\n<\/tr>\n<tr style=\"height: 32px;\">\n<td style=\"width: 50.7645%; height: 32px;\">MARIA ROMERO ALCANTARILLA<\/td>\n<td style=\"width: 48.0122%; height: 32px;\">VETLLADORA MENJADOR<\/td>\n<\/tr>\n<tr style=\"height: 31px;\">\n<td style=\"height: 31px; width: 50.7645%;\">ANNA HERN\u00c1NDEZ SERRA<\/td>\n<td style=\"height: 31px; width: 48.0122%;\">ADMINISTRATIVA\u00a0 \u00a0 \u00a0\u00a0 \u00a0\u00a0 \u00a0\u00a0 \u00a0\u00a0 \u00a0<a style=\"color: #2795b6;\" href=\"mailto:gestio@escoladali.eu\">gestio@escoladali.eu\u00a0<\/a><\/td>\n<\/tr>\n<tr style=\"height: 31px;\">\n<td style=\"height: 31px; width: 50.7645%;\">LLU\u00cdS MOLAS SOSTRE<\/td>\n<td style=\"height: 31px; width: 48.0122%;\">CONSERGE<\/td>\n<\/tr>\n<\/tbody>\n<\/table>\n<p>&nbsp;<\/p>\n","protected":false},"excerpt":{"rendered":"<p>&nbsp;<\/p>\n<p>MESTRES i PROFESSIONALS DE L&#8217;ESCOLA SALVADOR DAL\u00cd<br \/>\nCURS 2025-2026<\/p>\n<p>EQUIP DIRECTIU<\/p>\n<p>SANDRA LODEIRO SOLER<br \/>\nDIRECTORA<\/p>\n<p>L\u00cdDIA SURROCA ARBOIX<br \/>\nCAP D&#8217;ESTUDIS<\/p>\n<p>EVA FORMIGA ALBERCA<br \/>\nSECRET\u00c0RIA<\/p>\n<p>EDUCACI\u00d3 INFANTIL<\/p>\n<p>MARTA CARB\u00d3 MADRI\u00c0<br \/>\nTUTORA DE I3A\u00a0 \u00a0 \u00a0 \u00a0 \u00a0 \u00a0 \u00a0 \u00a0\u00a0 \u00a0\u00a0<a href=\"mailto:pans@escoladali.eu\">pans@escoladali.eu<\/a><\/p>\n<p>MEI VILA FIGUERES<br \/>\nTUTORA DE I3B\/ COORDINADORA COCOBE\u00a0 \u00a0 \u00a0 \u00a0 \u00a0 \u00a0 \u00a0 \u00a0<a href=\"mailto:cupula@escoladali.eu\">cupula@escoladali.eu<\/a><a&hellip;  <a href=\"https:\/\/agora.xtec.cat\/ceipsalvadordali\/lescola-2\/organitzacio-del-centre\/\" title=\"Read L&#8217;equip del centre 25\/26\">Llegeix m\u00e9s\u00bb<\/a><\/p>\n","protected":false},"author":3,"featured_media":0,"parent":9337,"menu_order":10,"comment_status":"closed","ping_status":"closed","template":"","meta":{"_bbp_topic_count":0,"_bbp_reply_count":0,"_bbp_total_topic_count":0,"_bbp_total_reply_count":0,"_bbp_voice_count":0,"_bbp_anonymous_reply_count":0,"_bbp_topic_count_hidden":0,"_bbp_reply_count_hidden":0,"_bbp_forum_subforum_count":0,"footnotes":""},"class_list":["post-9652","page","type-page","status-publish","hentry"],"post_mailing_queue_ids":[],"_links":{"self":[{"href":"https:\/\/agora.xtec.cat\/ceipsalvadordali\/wp-json\/wp\/v2\/pages\/9652","targetHints":{"allow":["GET"]}}],"collection":[{"href":"https:\/\/agora.xtec.cat\/ceipsalvadordali\/wp-json\/wp\/v2\/pages"}],"about":[{"href":"https:\/\/agora.xtec.cat\/ceipsalvadordali\/wp-json\/wp\/v2\/types\/page"}],"author":[{"embeddable":true,"href":"https:\/\/agora.xtec.cat\/ceipsalvadordali\/wp-json\/wp\/v2\/users\/3"}],"replies":[{"embeddable":true,"href":"https:\/\/agora.xtec.cat\/ceipsalvadordali\/wp-json\/wp\/v2\/comments?post=9652"}],"version-history":[{"count":8,"href":"https:\/\/agora.xtec.cat\/ceipsalvadordali\/wp-json\/wp\/v2\/pages\/9652\/revisions"}],"predecessor-version":[{"id":10061,"href":"https:\/\/agora.xtec.cat\/ceipsalvadordali\/wp-json\/wp\/v2\/pages\/9652\/revisions\/10061"}],"up":[{"embeddable":true,"href":"https:\/\/agora.xtec.cat\/ceipsalvadordali\/wp-json\/wp\/v2\/pages\/9337"}],"wp:attachment":[{"href":"https:\/\/agora.xtec.cat\/ceipsalvadordali\/wp-json\/wp\/v2\/media?parent=9652"}],"curies":[{"name":"wp","href":"https:\/\/api.w.org\/{rel}","templated":true}]}}