{"id":9522,"date":"2020-03-05T09:34:09","date_gmt":"2020-03-05T08:34:09","guid":{"rendered":"https:\/\/agora.xtec.cat\/ceipsalvadordali\/?page_id=9522"},"modified":"2024-11-11T18:35:53","modified_gmt":"2024-11-11T17:35:53","slug":"treball-competencial","status":"publish","type":"page","link":"https:\/\/agora.xtec.cat\/ceipsalvadordali\/pinzellades-metodologiques\/treball-competencial\/","title":{"rendered":"Treball Competencial"},"content":{"rendered":"<ul>\n<li><strong>Tallers<\/strong><\/li>\n<li><strong>Treball manipulatiu<\/strong><\/li>\n<li><strong>Experimentaci\u00f3<\/strong><\/li>\n<li><strong>Introducci\u00f3 al m\u00e8tode cient\u00edfic<\/strong><\/li>\n<li><strong>Racons dins i fora de l&#8217;aula<\/strong><\/li>\n<li><strong>Consci\u00e8ncia fonol\u00f2gica<\/strong><\/li>\n<li><strong>DaliArt: el museu entra a l&#8217;escola<\/strong><\/li>\n<li><strong>Projecte Figueres<\/strong><\/li>\n<\/ul>\n","protected":false},"excerpt":{"rendered":"<ul>\n<li>Tallers<\/li>\n<li>Treball manipulatiu<\/li>\n<li>Experimentaci\u00f3<\/li>\n<li>Introducci\u00f3 al m\u00e8tode cient\u00edfic<\/li>\n<li>Racons dins i fora de l&#8217;aula<\/li>\n<li>Consci\u00e8ncia fonol\u00f2gica<\/li>\n<li>DaliArt: el museu entra a l&#8217;escola<\/li>\n<li>Projecte Figueres<\/li>\n<\/ul>\n","protected":false},"author":1,"featured_media":0,"parent":9683,"menu_order":41,"comment_status":"closed","ping_status":"closed","template":"","meta":{"_bbp_topic_count":0,"_bbp_reply_count":0,"_bbp_total_topic_count":0,"_bbp_total_reply_count":0,"_bbp_voice_count":0,"_bbp_anonymous_reply_count":0,"_bbp_topic_count_hidden":0,"_bbp_reply_count_hidden":0,"_bbp_forum_subforum_count":0,"footnotes":""},"class_list":["post-9522","page","type-page","status-publish","hentry"],"post_mailing_queue_ids":[],"_links":{"self":[{"href":"https:\/\/agora.xtec.cat\/ceipsalvadordali\/wp-json\/wp\/v2\/pages\/9522","targetHints":{"allow":["GET"]}}],"collection":[{"href":"https:\/\/agora.xtec.cat\/ceipsalvadordali\/wp-json\/wp\/v2\/pages"}],"about":[{"href":"https:\/\/agora.xtec.cat\/ceipsalvadordali\/wp-json\/wp\/v2\/types\/page"}],"author":[{"embeddable":true,"href":"https:\/\/agora.xtec.cat\/ceipsalvadordali\/wp-json\/wp\/v2\/users\/1"}],"replies":[{"embeddable":true,"href":"https:\/\/agora.xtec.cat\/ceipsalvadordali\/wp-json\/wp\/v2\/comments?post=9522"}],"version-history":[{"count":5,"href":"https:\/\/agora.xtec.cat\/ceipsalvadordali\/wp-json\/wp\/v2\/pages\/9522\/revisions"}],"predecessor-version":[{"id":10995,"href":"https:\/\/agora.xtec.cat\/ceipsalvadordali\/wp-json\/wp\/v2\/pages\/9522\/revisions\/10995"}],"up":[{"embeddable":true,"href":"https:\/\/agora.xtec.cat\/ceipsalvadordali\/wp-json\/wp\/v2\/pages\/9683"}],"wp:attachment":[{"href":"https:\/\/agora.xtec.cat\/ceipsalvadordali\/wp-json\/wp\/v2\/media?parent=9522"}],"curies":[{"name":"wp","href":"https:\/\/api.w.org\/{rel}","templated":true}]}}