{"id":9380,"date":"2020-01-16T12:56:27","date_gmt":"2020-01-16T11:56:27","guid":{"rendered":"https:\/\/agora.xtec.cat\/ceipsalvadordali\/?page_id=9380"},"modified":"2020-02-10T10:03:36","modified_gmt":"2020-02-10T09:03:36","slug":"bee-bot","status":"publish","type":"page","link":"https:\/\/agora.xtec.cat\/ceipsalvadordali\/pinzellades-metodologiques\/competencia-digital\/bee-bot\/","title":{"rendered":"Bee-Bot"},"content":{"rendered":"<h4>Descripci\u00f3<\/h4>\n<p><a href=\"https:\/\/moodle.catedu.es\/course\/view.php?id=55\">Bee-Bot<\/a> \u00e9s un petit robot educatiu amb forma d&#8217;abella dissenyat per a desenvolupar les capacitats elementals de la programaci\u00f3 i les seves aplicacions de la rob\u00f2tica educativa: ubicaci\u00f3 espacial, motricitat, l\u00f2gica, estrat\u00e8gia, etc.<\/p>\n<p><a href=\"https:\/\/agora.xtec.cat\/ceipsalvadordali\/wp-content\/uploads\/usu117\/2020\/02\/unnamed.jpg\"><img loading=\"lazy\" decoding=\"async\" class=\"aligncenter wp-image-9478\" src=\"https:\/\/agora.xtec.cat\/ceipsalvadordali\/wp-content\/uploads\/usu117\/2020\/02\/unnamed.jpg\" alt=\"\" width=\"331\" height=\"247\" srcset=\"https:\/\/agora.xtec.cat\/ceipsalvadordali\/wp-content\/uploads\/usu117\/2020\/02\/unnamed.jpg 512w, https:\/\/agora.xtec.cat\/ceipsalvadordali\/wp-content\/uploads\/usu117\/2020\/02\/unnamed-300x224.jpg 300w, https:\/\/agora.xtec.cat\/ceipsalvadordali\/wp-content\/uploads\/usu117\/2020\/02\/unnamed-200x150.jpg 200w\" sizes=\"auto, (max-width: 331px) 100vw, 331px\" \/><\/a><\/p>\n<h4>Objectius<\/h4>\n<ol>\n<li>Treballar la lateralitat.<\/li>\n<li>Treballar el raonament l\u00f2gic.<\/li>\n<li>Cooperar entre tots.<\/li>\n<li>Treballar junts.<\/li>\n<\/ol>\n<p>&nbsp;<\/p>\n","protected":false},"excerpt":{"rendered":"<p>Descripci\u00f3<br \/>\n<a href=\"https:\/\/moodle.catedu.es\/course\/view.php?id=55\">Bee-Bot<\/a> \u00e9s un petit robot educatiu amb forma d&#8217;abella dissenyat per a desenvolupar les capacitats elementals de la programaci\u00f3 i les seves aplicacions de la rob\u00f2tica educativa: ubicaci\u00f3 espacial, motricitat, l\u00f2gica, estrat\u00e8gia, etc.<br \/>\n<a href=\"https:\/\/agora.xtec.cat\/ceipsalvadordali\/wp-content\/uploads\/usu117\/2020\/02\/unnamed.jpg\"><\/a><br \/>\nObjectius<\/p>\n<ol>\n<li>Treballar la lateralitat.<\/li>\n<li>Treballar el raonament l\u00f2gic.<\/li>\n<li>Cooperar entre tots.<\/li>\n<li>Treballar junts.<\/li>\n<\/ol>\n<p>&nbsp;<\/p>\n","protected":false},"author":1,"featured_media":0,"parent":9333,"menu_order":1,"comment_status":"closed","ping_status":"closed","template":"","meta":{"_bbp_topic_count":0,"_bbp_reply_count":0,"_bbp_total_topic_count":0,"_bbp_total_reply_count":0,"_bbp_voice_count":0,"_bbp_anonymous_reply_count":0,"_bbp_topic_count_hidden":0,"_bbp_reply_count_hidden":0,"_bbp_forum_subforum_count":0,"footnotes":""},"class_list":["post-9380","page","type-page","status-publish","hentry"],"post_mailing_queue_ids":[],"_links":{"self":[{"href":"https:\/\/agora.xtec.cat\/ceipsalvadordali\/wp-json\/wp\/v2\/pages\/9380","targetHints":{"allow":["GET"]}}],"collection":[{"href":"https:\/\/agora.xtec.cat\/ceipsalvadordali\/wp-json\/wp\/v2\/pages"}],"about":[{"href":"https:\/\/agora.xtec.cat\/ceipsalvadordali\/wp-json\/wp\/v2\/types\/page"}],"author":[{"embeddable":true,"href":"https:\/\/agora.xtec.cat\/ceipsalvadordali\/wp-json\/wp\/v2\/users\/1"}],"replies":[{"embeddable":true,"href":"https:\/\/agora.xtec.cat\/ceipsalvadordali\/wp-json\/wp\/v2\/comments?post=9380"}],"version-history":[{"count":3,"href":"https:\/\/agora.xtec.cat\/ceipsalvadordali\/wp-json\/wp\/v2\/pages\/9380\/revisions"}],"predecessor-version":[{"id":9480,"href":"https:\/\/agora.xtec.cat\/ceipsalvadordali\/wp-json\/wp\/v2\/pages\/9380\/revisions\/9480"}],"up":[{"embeddable":true,"href":"https:\/\/agora.xtec.cat\/ceipsalvadordali\/wp-json\/wp\/v2\/pages\/9333"}],"wp:attachment":[{"href":"https:\/\/agora.xtec.cat\/ceipsalvadordali\/wp-json\/wp\/v2\/media?parent=9380"}],"curies":[{"name":"wp","href":"https:\/\/api.w.org\/{rel}","templated":true}]}}