{"id":9375,"date":"2020-01-16T12:50:22","date_gmt":"2020-01-16T11:50:22","guid":{"rendered":"https:\/\/agora.xtec.cat\/ceipsalvadordali\/?page_id=9375"},"modified":"2020-01-16T12:50:22","modified_gmt":"2020-01-16T11:50:22","slug":"code","status":"publish","type":"page","link":"https:\/\/agora.xtec.cat\/ceipsalvadordali\/code\/","title":{"rendered":"Code"},"content":{"rendered":"<p>\u00c9s un <a href=\"https:\/\/code.org\/\">programa inform\u00e0tic<\/a> que ensenya a tot l&#8217;alumnat a aprendre ci\u00e8ncies de la computaci\u00f3. Cada alumne\/a t\u00e9 l&#8217;oportunitat d&#8217;aprendre inform\u00e0tica mitjan\u00e7ant uns codis per entendre aquesta disciplina.<\/p>\n<p><a href=\"http:\/\/codeweek.eu\"><img loading=\"lazy\" decoding=\"async\" class=\"aligncenter size-full wp-image-9376\" src=\"https:\/\/agora.xtec.cat\/ceipsalvadordali\/wp-content\/uploads\/usu117\/2020\/01\/code-week-2015.png_1595044798.png\" alt=\"Code Week\" width=\"538\" height=\"538\" srcset=\"https:\/\/agora.xtec.cat\/ceipsalvadordali\/wp-content\/uploads\/usu117\/2020\/01\/code-week-2015.png_1595044798.png 538w, https:\/\/agora.xtec.cat\/ceipsalvadordali\/wp-content\/uploads\/usu117\/2020\/01\/code-week-2015.png_1595044798-150x150.png 150w, https:\/\/agora.xtec.cat\/ceipsalvadordali\/wp-content\/uploads\/usu117\/2020\/01\/code-week-2015.png_1595044798-300x300.png 300w\" sizes=\"auto, (max-width: 538px) 100vw, 538px\" \/><\/a><\/p>\n","protected":false},"excerpt":{"rendered":"<p>\u00c9s un <a href=\"https:\/\/code.org\/\">programa inform\u00e0tic<\/a> que ensenya a tot l&#8217;alumnat a aprendre ci\u00e8ncies de la computaci\u00f3. Cada alumne\/a t\u00e9 l&#8217;oportunitat d&#8217;aprendre inform\u00e0tica mitjan\u00e7ant uns codis per entendre aquesta disciplina.<br \/>\n<a href=\"http:\/\/codeweek.eu\"><\/a><\/p>\n","protected":false},"author":1,"featured_media":0,"parent":0,"menu_order":0,"comment_status":"closed","ping_status":"closed","template":"","meta":{"_bbp_topic_count":0,"_bbp_reply_count":0,"_bbp_total_topic_count":0,"_bbp_total_reply_count":0,"_bbp_voice_count":0,"_bbp_anonymous_reply_count":0,"_bbp_topic_count_hidden":0,"_bbp_reply_count_hidden":0,"_bbp_forum_subforum_count":0,"footnotes":""},"class_list":["post-9375","page","type-page","status-publish","hentry"],"post_mailing_queue_ids":[],"_links":{"self":[{"href":"https:\/\/agora.xtec.cat\/ceipsalvadordali\/wp-json\/wp\/v2\/pages\/9375","targetHints":{"allow":["GET"]}}],"collection":[{"href":"https:\/\/agora.xtec.cat\/ceipsalvadordali\/wp-json\/wp\/v2\/pages"}],"about":[{"href":"https:\/\/agora.xtec.cat\/ceipsalvadordali\/wp-json\/wp\/v2\/types\/page"}],"author":[{"embeddable":true,"href":"https:\/\/agora.xtec.cat\/ceipsalvadordali\/wp-json\/wp\/v2\/users\/1"}],"replies":[{"embeddable":true,"href":"https:\/\/agora.xtec.cat\/ceipsalvadordali\/wp-json\/wp\/v2\/comments?post=9375"}],"version-history":[{"count":1,"href":"https:\/\/agora.xtec.cat\/ceipsalvadordali\/wp-json\/wp\/v2\/pages\/9375\/revisions"}],"predecessor-version":[{"id":9378,"href":"https:\/\/agora.xtec.cat\/ceipsalvadordali\/wp-json\/wp\/v2\/pages\/9375\/revisions\/9378"}],"wp:attachment":[{"href":"https:\/\/agora.xtec.cat\/ceipsalvadordali\/wp-json\/wp\/v2\/media?parent=9375"}],"curies":[{"name":"wp","href":"https:\/\/api.w.org\/{rel}","templated":true}]}}