{"id":9352,"date":"2020-01-13T12:24:29","date_gmt":"2020-01-13T11:24:29","guid":{"rendered":"https:\/\/agora.xtec.cat\/ceipsalvadordali\/?page_id=9352"},"modified":"2025-08-04T12:04:29","modified_gmt":"2025-08-04T10:04:29","slug":"els-trets-didentitat","status":"publish","type":"page","link":"https:\/\/agora.xtec.cat\/ceipsalvadordali\/lescola-2\/els-trets-didentitat\/","title":{"rendered":"Els trets d&#8217;identitat"},"content":{"rendered":"<p>L\u2019Escola Salvador Dal\u00ed \u00e9s una escola p\u00fablica, catalana, innovadora, que t\u00e9 per missi\u00f3 oferir una formaci\u00f3 integral i global del seu alumnat, que li permeti un desenvolupament social, personal, emocional i potenci\u00ef la seva autonomia per tal que esdevinguin ciutadans responsables, compromesos, solidaris, cr\u00edtics i respectuosos amb la diversitat social i cultural i amb el medi ambient.Som una escola vinculada a l\u2019entorn social, natural i cultural i oberta a la comunitat educativa.La nostra tasca educativa \u00e9s tamb\u00e9 aconseguir la implicaci\u00f3 de les fam\u00edlies en la cohesi\u00f3 social dins d\u2019un context multicultural. Pretenem potenciar les noves tecnologies i oferir una bona formaci\u00f3 acad\u00e8mica.<\/p>\n<p>Volem que els nostres alumnes siguin persones responsables, competents i d\u2019esperit cr\u00edtic, que contribueixin al progr\u00e9s i al desenvolupament de la nostra societat, dins d\u2019un marc de llibertat, toler\u00e0ncia, solidaritat i respecte al medi ambient.Volem ser un centre innovador, amb visi\u00f3 de futur, per aconseguir que el nostre alumnat tingui una bona compet\u00e8ncia comunicativa en catal\u00e0, castell\u00e0, franc\u00e8s i angl\u00e8s,i sigui capdavanter en l\u2019\u00fas habitual de les TAC per millorar el seu rendiment acad\u00e8mic.<\/p>\n<p>&nbsp;<\/p>\n","protected":false},"excerpt":{"rendered":"<p>L\u2019Escola Salvador Dal\u00ed \u00e9s una escola p\u00fablica, catalana, innovadora, que t\u00e9 per missi\u00f3 oferir una formaci\u00f3 integral i global del seu alumnat, que li permeti un desenvolupament social, personal, emocional i potenci\u00ef la seva autonomia per tal que esdevinguin ciutadans responsables, compromesos, solidaris, cr\u00edtics i&hellip;  <a href=\"https:\/\/agora.xtec.cat\/ceipsalvadordali\/lescola-2\/els-trets-didentitat\/\" title=\"Read Els trets d&#8217;identitat\">Llegeix m\u00e9s\u00bb<\/a><\/p>\n","protected":false},"author":1,"featured_media":0,"parent":9337,"menu_order":0,"comment_status":"closed","ping_status":"closed","template":"","meta":{"_bbp_topic_count":0,"_bbp_reply_count":0,"_bbp_total_topic_count":0,"_bbp_total_reply_count":0,"_bbp_voice_count":0,"_bbp_anonymous_reply_count":0,"_bbp_topic_count_hidden":0,"_bbp_reply_count_hidden":0,"_bbp_forum_subforum_count":0,"footnotes":""},"class_list":["post-9352","page","type-page","status-publish","hentry"],"post_mailing_queue_ids":[],"_links":{"self":[{"href":"https:\/\/agora.xtec.cat\/ceipsalvadordali\/wp-json\/wp\/v2\/pages\/9352","targetHints":{"allow":["GET"]}}],"collection":[{"href":"https:\/\/agora.xtec.cat\/ceipsalvadordali\/wp-json\/wp\/v2\/pages"}],"about":[{"href":"https:\/\/agora.xtec.cat\/ceipsalvadordali\/wp-json\/wp\/v2\/types\/page"}],"author":[{"embeddable":true,"href":"https:\/\/agora.xtec.cat\/ceipsalvadordali\/wp-json\/wp\/v2\/users\/1"}],"replies":[{"embeddable":true,"href":"https:\/\/agora.xtec.cat\/ceipsalvadordali\/wp-json\/wp\/v2\/comments?post=9352"}],"version-history":[{"count":3,"href":"https:\/\/agora.xtec.cat\/ceipsalvadordali\/wp-json\/wp\/v2\/pages\/9352\/revisions"}],"predecessor-version":[{"id":11305,"href":"https:\/\/agora.xtec.cat\/ceipsalvadordali\/wp-json\/wp\/v2\/pages\/9352\/revisions\/11305"}],"up":[{"embeddable":true,"href":"https:\/\/agora.xtec.cat\/ceipsalvadordali\/wp-json\/wp\/v2\/pages\/9337"}],"wp:attachment":[{"href":"https:\/\/agora.xtec.cat\/ceipsalvadordali\/wp-json\/wp\/v2\/media?parent=9352"}],"curies":[{"name":"wp","href":"https:\/\/api.w.org\/{rel}","templated":true}]}}