{"id":11237,"date":"2025-05-27T10:33:48","date_gmt":"2025-05-27T08:33:48","guid":{"rendered":"https:\/\/agora.xtec.cat\/ceipsalvadordali\/?page_id=11237"},"modified":"2025-05-27T10:55:05","modified_gmt":"2025-05-27T08:55:05","slug":"programa-de-complexitat-tis-es-fons-social-europeu-fse","status":"publish","type":"page","link":"https:\/\/agora.xtec.cat\/ceipsalvadordali\/programa-de-complexitat-tis-es-fons-social-europeu-fse\/","title":{"rendered":"Programa de complexitat TIS\/ES Fons Social Europeu (FSE+)"},"content":{"rendered":"<table style=\"border-collapse: collapse; width: 100%;\">\n<tbody>\n<tr>\n<td style=\"width: 50%;\" colspan=\"2\"><a href=\"https:\/\/agora.xtec.cat\/ceipsalvadordali\/wp-content\/uploads\/usu117\/2025\/05\/logo-cofinancament-1.png\"><img loading=\"lazy\" decoding=\"async\" class=\"aligncenter size-medium wp-image-11247\" src=\"https:\/\/agora.xtec.cat\/ceipsalvadordali\/wp-content\/uploads\/usu117\/2025\/05\/logo-cofinancament-1-300x80.png\" alt=\"\" width=\"300\" height=\"80\" srcset=\"https:\/\/agora.xtec.cat\/ceipsalvadordali\/wp-content\/uploads\/usu117\/2025\/05\/logo-cofinancament-1-300x80.png 300w, https:\/\/agora.xtec.cat\/ceipsalvadordali\/wp-content\/uploads\/usu117\/2025\/05\/logo-cofinancament-1.png 750w\" sizes=\"auto, (max-width: 300px) 100vw, 300px\" \/><\/a><\/td>\n<\/tr>\n<\/tbody>\n<\/table>\n<p><strong>Programa de contractaci\u00f3 de t\u00e8cnics d\u2019integraci\u00f3 social i educadors socials<\/strong><\/p>\n<p>El centre Escola Salvador Dal\u00ed disposa de professionals d\u2019atenci\u00f3 educativa amb la finalitat de garantir l\u2019equitat en l\u2019acc\u00e9s a l\u2019educaci\u00f3: t\u00e8cnica d\u2019integraci\u00f3 social .<\/p>\n<p>La contractaci\u00f3 d\u2019aquesta professional \u00a0est\u00e0 cofinan\u00e7ada en un 40 % per la Uni\u00f3 Europea i la resta pel Departament d\u2019Educaci\u00f3 i Formaci\u00f3 Professional, fet que comporta complir unes mesures de publicitat i comunicaci\u00f3.<\/p>\n<p>La incorporaci\u00f3 de t\u00e8cnics d\u2019integraci\u00f3 social <strong>\u00a0t\u00e9 com a objecte<\/strong> suplementar amb professionals d&#8217;atenci\u00f3 educativa l&#8217;activitat que es presta en els centres educatius, amb la finalitat de garantir l&#8217;equitat en l&#8217;acc\u00e9s a l\u2019educaci\u00f3.<\/p>\n<p>Els objectius del <strong>Programa de t\u00e8cnics d\u2019integraci\u00f3 social i educadors socials<\/strong>, <strong>cofinan\u00e7at per la Uni\u00f3 Europea<\/strong>, s\u00f3n:<\/p>\n<ul>\n<li>Prevenir l\u2019abandonament prematur i el frac\u00e0s escolar.<\/li>\n<li>Procurar el benestar emocional dels alumnes.<\/li>\n<li>Facilitar una bona conviv\u00e8ncia en els centres educatius.<\/li>\n<li>Contribuir a l\u2019orientaci\u00f3 dels alumnes.<\/li>\n<li>Fomentar la implicaci\u00f3 de les fam\u00edlies.<\/li>\n<li>Fomentar el vincle entre l\u2019escola i el seu entorn.<\/li>\n<li>Contribuir al desenvolupament de plans d\u2019\u00e0mbit comunitari.<\/li>\n<\/ul>\n<p>El resultat esperat del programa \u00e9s reduir l\u2019absentisme escolar i l\u2019abandonament prematur.<\/p>\n","protected":false},"excerpt":{"rendered":"<p><a href=\"https:\/\/agora.xtec.cat\/ceipsalvadordali\/wp-content\/uploads\/usu117\/2025\/05\/logo-cofinancament-1.png\"><\/a><\/p>\n<p>Programa de contractaci\u00f3 de t\u00e8cnics d\u2019integraci\u00f3 social i educadors socials<br \/>\nEl centre Escola Salvador Dal\u00ed disposa de professionals d\u2019atenci\u00f3 educativa amb la finalitat de garantir l\u2019equitat en l\u2019acc\u00e9s a l\u2019educaci\u00f3: t\u00e8cnica d\u2019integraci\u00f3 social .<br \/>\nLa contractaci\u00f3 d\u2019aquesta professional \u00a0est\u00e0 cofinan\u00e7ada en un 40 % per la&hellip;  <a href=\"https:\/\/agora.xtec.cat\/ceipsalvadordali\/programa-de-complexitat-tis-es-fons-social-europeu-fse\/\" title=\"Read Programa de complexitat TIS\/ES Fons Social Europeu (FSE+)\">Llegeix m\u00e9s\u00bb<\/a><\/p>\n","protected":false},"author":1,"featured_media":0,"parent":0,"menu_order":0,"comment_status":"closed","ping_status":"closed","template":"","meta":{"_bbp_topic_count":0,"_bbp_reply_count":0,"_bbp_total_topic_count":0,"_bbp_total_reply_count":0,"_bbp_voice_count":0,"_bbp_anonymous_reply_count":0,"_bbp_topic_count_hidden":0,"_bbp_reply_count_hidden":0,"_bbp_forum_subforum_count":0,"footnotes":""},"class_list":["post-11237","page","type-page","status-publish","hentry"],"post_mailing_queue_ids":[],"_links":{"self":[{"href":"https:\/\/agora.xtec.cat\/ceipsalvadordali\/wp-json\/wp\/v2\/pages\/11237","targetHints":{"allow":["GET"]}}],"collection":[{"href":"https:\/\/agora.xtec.cat\/ceipsalvadordali\/wp-json\/wp\/v2\/pages"}],"about":[{"href":"https:\/\/agora.xtec.cat\/ceipsalvadordali\/wp-json\/wp\/v2\/types\/page"}],"author":[{"embeddable":true,"href":"https:\/\/agora.xtec.cat\/ceipsalvadordali\/wp-json\/wp\/v2\/users\/1"}],"replies":[{"embeddable":true,"href":"https:\/\/agora.xtec.cat\/ceipsalvadordali\/wp-json\/wp\/v2\/comments?post=11237"}],"version-history":[{"count":3,"href":"https:\/\/agora.xtec.cat\/ceipsalvadordali\/wp-json\/wp\/v2\/pages\/11237\/revisions"}],"predecessor-version":[{"id":11249,"href":"https:\/\/agora.xtec.cat\/ceipsalvadordali\/wp-json\/wp\/v2\/pages\/11237\/revisions\/11249"}],"wp:attachment":[{"href":"https:\/\/agora.xtec.cat\/ceipsalvadordali\/wp-json\/wp\/v2\/media?parent=11237"}],"curies":[{"name":"wp","href":"https:\/\/api.w.org\/{rel}","templated":true}]}}