{"id":10373,"date":"2022-02-02T11:05:13","date_gmt":"2022-02-02T10:05:13","guid":{"rendered":"https:\/\/agora.xtec.cat\/ceipsalvadordali\/?page_id=10373"},"modified":"2022-02-02T11:08:31","modified_gmt":"2022-02-02T10:08:31","slug":"pensament-computacionalllenguatge-de-programacio","status":"publish","type":"page","link":"https:\/\/agora.xtec.cat\/ceipsalvadordali\/pensament-computacionalllenguatge-de-programacio\/","title":{"rendered":"Pensament Computacional (Llenguatge de programaci\u00f3)"},"content":{"rendered":"<p><span style=\"font-weight: 400;\">EL PENSAMENT COMPUTACIONAL A L\u2019ESCOLA<\/span><\/p>\n<p><span style=\"font-weight: 400;\">Actualment, vivim en una societat on la tecnologia \u00e9s present a tots els \u00e0mbits, i en fem \u00fas di\u00e0riament. Des que ens aixequem al mat\u00ed i ens fem un suc de taronja amb l\u2019espremedora fins que ens anem a dormir i programem el despertador al nostre dispositiu m\u00f2bil.<\/span><\/p>\n<p><span style=\"font-weight: 400;\">Per\u00f2 en la gran majoria de casos som agents consumidors de tecnologia, nom\u00e9s en fem \u00fas, no acostumem a generar nous continguts. En una societat on cada dia la tecnologia s\u2019obre m\u00e9s cam\u00ed en tots els \u00e0mbits, ens hem de plantejar com podem esdevenir agents actius d\u2019aquesta, i com a mestres fer que els i les nostres alumnes tamb\u00e9 aprenguin a ser-ho.<\/span><\/p>\n<p><span style=\"font-weight: 400;\">EL PENSAMENT COMPUTACIONAL A L&#8217;ESCOLA\u00a0<\/span><\/p>\n<p><span style=\"font-weight: 400;\">Els i les mestres, hem de ser capa\u00e7os i capaces de formar als nostres alumnes en el m\u00f3n de les tecnologies, no perqu\u00e8 siguin uns experts en el tema, sin\u00f3 perqu\u00e8 obtinguin les habilitats i compet\u00e8ncies tecnol\u00f2giques b\u00e0siques per poder desenvolupar-se en el seu dia a dia f\u00e0cilment. De la mateixa forma que aprenen a llegir o a comptar, els infants haurien d\u2019aprendre a saber programar, representar seq\u00fc\u00e8ncies d\u2019instruccions i algoritmes.<\/span><\/p>\n","protected":false},"excerpt":{"rendered":"<p>EL PENSAMENT COMPUTACIONAL A L\u2019ESCOLA<br \/>\nActualment, vivim en una societat on la tecnologia \u00e9s present a tots els \u00e0mbits, i en fem \u00fas di\u00e0riament. Des que ens aixequem al mat\u00ed i ens fem un suc de taronja amb l\u2019espremedora fins que ens anem a dormir i&hellip;  <a href=\"https:\/\/agora.xtec.cat\/ceipsalvadordali\/pensament-computacionalllenguatge-de-programacio\/\" title=\"Read Pensament Computacional (Llenguatge de programaci\u00f3)\">Llegeix m\u00e9s\u00bb<\/a><\/p>\n","protected":false},"author":1,"featured_media":0,"parent":0,"menu_order":0,"comment_status":"closed","ping_status":"closed","template":"","meta":{"_bbp_topic_count":0,"_bbp_reply_count":0,"_bbp_total_topic_count":0,"_bbp_total_reply_count":0,"_bbp_voice_count":0,"_bbp_anonymous_reply_count":0,"_bbp_topic_count_hidden":0,"_bbp_reply_count_hidden":0,"_bbp_forum_subforum_count":0,"footnotes":""},"class_list":["post-10373","page","type-page","status-publish","hentry"],"post_mailing_queue_ids":[],"_links":{"self":[{"href":"https:\/\/agora.xtec.cat\/ceipsalvadordali\/wp-json\/wp\/v2\/pages\/10373","targetHints":{"allow":["GET"]}}],"collection":[{"href":"https:\/\/agora.xtec.cat\/ceipsalvadordali\/wp-json\/wp\/v2\/pages"}],"about":[{"href":"https:\/\/agora.xtec.cat\/ceipsalvadordali\/wp-json\/wp\/v2\/types\/page"}],"author":[{"embeddable":true,"href":"https:\/\/agora.xtec.cat\/ceipsalvadordali\/wp-json\/wp\/v2\/users\/1"}],"replies":[{"embeddable":true,"href":"https:\/\/agora.xtec.cat\/ceipsalvadordali\/wp-json\/wp\/v2\/comments?post=10373"}],"version-history":[{"count":3,"href":"https:\/\/agora.xtec.cat\/ceipsalvadordali\/wp-json\/wp\/v2\/pages\/10373\/revisions"}],"predecessor-version":[{"id":10384,"href":"https:\/\/agora.xtec.cat\/ceipsalvadordali\/wp-json\/wp\/v2\/pages\/10373\/revisions\/10384"}],"wp:attachment":[{"href":"https:\/\/agora.xtec.cat\/ceipsalvadordali\/wp-json\/wp\/v2\/media?parent=10373"}],"curies":[{"name":"wp","href":"https:\/\/api.w.org\/{rel}","templated":true}]}}