{"id":36,"date":"2014-09-18T12:33:11","date_gmt":"2014-09-18T12:33:11","guid":{"rendered":"http:\/\/agora.xtec.cat\/ceipsallaresipla\/?page_id=36"},"modified":"2024-02-08T16:21:03","modified_gmt":"2024-02-08T15:21:03","slug":"material-escolar","status":"publish","type":"page","link":"https:\/\/agora.xtec.cat\/ceipsallaresipla\/lescola\/material-escolar\/","title":{"rendered":"Material escolar i ajuts"},"content":{"rendered":"<p align=\"CENTER\"><span style=\"color: #99cc00;\"><span style=\"font-family: Arial, serif;\"><span style=\"font-size: x-large;\"><b>Quotes de socialitzaci\u00f3 de material <\/b><\/span><\/span><span style=\"font-family: Arial, serif;\"><span style=\"font-size: x-large;\"><b>i llibres de text<\/b><\/span><\/span><\/span><\/p>\n<h4 align=\"CENTER\"><a href=\"https:\/\/agora.xtec.cat\/ceipsallaresipla\/wp-content\/uploads\/usu69\/2023\/11\/42-JOAN-SALLARES_ANONIMITZAT.pdf\" target=\"_blank\" rel=\"noopener\">PODEU CONSULTAR EL LLISTAT DE LES BEQUES 23-24 AQU\u00cd<\/a><\/h4>\n<p>LES FAM\u00cdLIES QUE TENIU L&#8217;AJUT, CAL NOM\u00c9S ABONAR LA DIFER\u00c8NCIA DE LA QUOTA CORRESPONENT PER AQUEST CURS.<\/p>\n<p>Les fam\u00edlies que no estiguin d\u2019acord amb la resoluci\u00f3 poden presentar\u00a0<b><u>recurs de reposici\u00f3<\/u><\/b>, omplint una instancia general\u00a0a qualsevol dels registres del Servei d\u2019Atenci\u00f3 Ciutadana, en el termini d\u2019un mes comptat des de la publicaci\u00f3 de la resoluci\u00f3.\u00a0<b>\u00a0<\/b><\/p>\n<p style=\"text-align: left;\" align=\"CENTER\">Aquestes s\u00f3n les quotes de material per aquest <strong>curs 2023 &#8211; 2024 :<\/strong><\/p>\n<p align=\"center\">EDUCACI\u00d3 INFANTIL &#8230;&#8230;&#8230;&#8230;&#8230;&#8230;.. 70 \u20ac<\/p>\n<p align=\"center\">EDUCACI\u00d3 PRIM\u00c0RIA &#8230;&#8230;&#8230;&#8230;&#8230;&#8230; 120 \u20ac<\/p>\n<p align=\"center\">EDUCACI\u00d3 SECUND\u00c0RIA &#8230;&#8230;&#8230;.. 140 \u20ac<\/p>\n<p class=\"western\" align=\"center\"><span style=\"font-family: Arial, sans-serif;\"><span style=\"font-size: small;\"><i><b>EL MATERIAL INCLOU: QUADERNS, LLIBRES, MATERIAL FUNGIBLE I DID\u00c0CTIC, LLIC\u00c8NCIES DIGITALS, TALLERS I ACTIVITATS.<\/b><\/i><\/span><\/span><\/p>\n<p class=\"western\" align=\"center\"><span style=\"font-family: Arial, sans-serif;\"><span style=\"font-size: small;\"><i><b>PAGAMENT ENTRE SETEMBRE I DESEMBRE DE 2023<\/b><\/i><\/span><\/span><\/p>\n<p class=\"western\" align=\"center\"><span style=\"font-family: Arial, sans-serif; color: #99cc00;\"><span style=\"font-size: large;\"><b>MOLT IMPORTANT:<\/b><\/span><\/span><\/p>\n<p class=\"western\" align=\"center\"><span style=\"font-family: Arial, sans-serif;\"><span style=\"font-size: small;\">NO OBLIDEU POSAR<\/span><\/span><span style=\"font-family: Arial, sans-serif;\"><span style=\"font-size: small;\"><b> EL NOM DE L\u2019ALUMNE\/A I EL CURS AL CONCEPTE DE L\u2019INGR\u00c9S \/<\/b><\/span><\/span><\/p>\n<p class=\"western\" align=\"center\"><span style=\"font-family: Arial, sans-serif;\"><span style=\"font-size: small;\">NO OLVID\u00c9IS PONER <\/span><\/span><span style=\"font-family: Arial, sans-serif;\"><span style=\"font-size: small;\"><b>EL NOMBRE DEL ALUMNO\/A Y EL CURSO EN EL CONCEPTO DEL INGRESO.<\/b><\/span><\/span><\/p>\n<p align=\"center\">En l&#8217;apartat <strong>BENEFICIARI<\/strong> heu de posar <strong>IE SALLAR\u00c8S I PLA<\/strong>.<\/p>\n<p class=\"western\" align=\"center\"><span style=\"font-family: Arial, sans-serif; color: #99cc00;\"><span style=\"font-size: large;\"><b>PRESENTEU EL REBUT AL TUTOR O TUTORA<\/b><\/span><\/span><\/p>\n<p class=\"western\" style=\"text-align: left;\" align=\"center\"><span style=\"color: #000000;\"><span style=\"font-family: Arial, sans-serif;\"><span style=\"font-size: small;\">PER FER LES SORTIDES CAL TENIR AQUESTA QUOTA PAGADA. <\/span><\/span><span style=\"font-family: Arial, sans-serif;\"><span style=\"font-size: small;\">LES SORTIDES PUNTUALS S\u2019ABONARAN APART.<\/span><\/span><\/span><\/p>\n<p class=\"western\" align=\"center\"><span style=\"color: #99cc00;\"><span style=\"font-family: Arial, sans-serif; font-size: large;\"><b>N\u00daMERO DE COMPTE (BBVA) :<\/b><\/span><\/span><\/p>\n<p class=\"western\" align=\"center\"><span style=\"color: #99cc00;\"><span style=\"font-family: Benton Sans, sans-serif;\"><span style=\"font-size: x-large;\"><b>ES80 0182 8151 86 0201905699<\/b><\/span><\/span><\/span><\/p>\n<p>El no pagament de la quota implica que no es podran fer totes les activitats, jornades culturals, treballs de pl\u00e0stica i sortides de l&#8217;escola, ja que les aportacions de les fam\u00edlies s\u00f3n necess\u00e0ries per fer front a aquestes despeses.<\/p>\n","protected":false},"excerpt":{"rendered":"<p>Quotes de socialitzaci\u00f3 de material i llibres de text<br \/>\n<a href=\"https:\/\/agora.xtec.cat\/ceipsallaresipla\/wp-content\/uploads\/usu69\/2023\/11\/42-JOAN-SALLARES_ANONIMITZAT.pdf\" target=\"_blank\" rel=\"noopener\">PODEU CONSULTAR EL LLISTAT DE LES BEQUES 23-24 AQU\u00cd<\/a><br \/>\nLES FAM\u00cdLIES QUE TENIU L&#8217;AJUT, CAL NOM\u00c9S ABONAR LA DIFER\u00c8NCIA DE LA QUOTA CORRESPONENT PER AQUEST CURS.<br \/>\nLes fam\u00edlies que no estiguin d\u2019acord amb la resoluci\u00f3 poden&hellip;  <a href=\"https:\/\/agora.xtec.cat\/ceipsallaresipla\/lescola\/material-escolar\/\" title=\"Read Material escolar i ajuts\">Llegeix m\u00e9s\u00bb<\/a><\/p>\n","protected":false},"author":2,"featured_media":0,"parent":22,"menu_order":70,"comment_status":"closed","ping_status":"closed","template":"page-templates\/side-menu.php","meta":{"_bbp_topic_count":0,"_bbp_reply_count":0,"_bbp_total_topic_count":0,"_bbp_total_reply_count":0,"_bbp_voice_count":0,"_bbp_anonymous_reply_count":0,"_bbp_topic_count_hidden":0,"_bbp_reply_count_hidden":0,"_bbp_forum_subforum_count":0,"footnotes":""},"class_list":["post-36","page","type-page","status-publish","hentry"],"post_mailing_queue_ids":[],"_links":{"self":[{"href":"https:\/\/agora.xtec.cat\/ceipsallaresipla\/wp-json\/wp\/v2\/pages\/36","targetHints":{"allow":["GET"]}}],"collection":[{"href":"https:\/\/agora.xtec.cat\/ceipsallaresipla\/wp-json\/wp\/v2\/pages"}],"about":[{"href":"https:\/\/agora.xtec.cat\/ceipsallaresipla\/wp-json\/wp\/v2\/types\/page"}],"author":[{"embeddable":true,"href":"https:\/\/agora.xtec.cat\/ceipsallaresipla\/wp-json\/wp\/v2\/users\/2"}],"replies":[{"embeddable":true,"href":"https:\/\/agora.xtec.cat\/ceipsallaresipla\/wp-json\/wp\/v2\/comments?post=36"}],"version-history":[{"count":7,"href":"https:\/\/agora.xtec.cat\/ceipsallaresipla\/wp-json\/wp\/v2\/pages\/36\/revisions"}],"predecessor-version":[{"id":3294,"href":"https:\/\/agora.xtec.cat\/ceipsallaresipla\/wp-json\/wp\/v2\/pages\/36\/revisions\/3294"}],"up":[{"embeddable":true,"href":"https:\/\/agora.xtec.cat\/ceipsallaresipla\/wp-json\/wp\/v2\/pages\/22"}],"wp:attachment":[{"href":"https:\/\/agora.xtec.cat\/ceipsallaresipla\/wp-json\/wp\/v2\/media?parent=36"}],"curies":[{"name":"wp","href":"https:\/\/api.w.org\/{rel}","templated":true}]}}