{"id":1712,"date":"2020-03-18T13:10:38","date_gmt":"2020-03-18T12:10:38","guid":{"rendered":"https:\/\/agora.xtec.cat\/ceipsallaresipla\/?page_id=1712"},"modified":"2020-03-31T17:46:38","modified_gmt":"2020-03-31T15:46:38","slug":"activistas-4t-primaria","status":"publish","type":"page","link":"https:\/\/agora.xtec.cat\/ceipsallaresipla\/activitats-quarantena-covid-19\/activistas-4t-primaria\/","title":{"rendered":"Activitats 4t Prim\u00e0ria"},"content":{"rendered":"<p><span style=\"font-weight: 400;\">L&#8217;escola us ha enviat algunes orientacions d\u2019activitats per fer amb els vostres fills i filles, per\u00f2 nosaltres vol\u00edem afegir alguna coseta m\u00e9s:<\/span><\/p>\n<p><b>LLENGUA:<\/b><\/p>\n<p><span style=\"font-weight: 400;\">&#8211; Per practicar una mica la llengua, us proposem escriure durant aquests dies un diari on ens expliqueu qu\u00e8 heu fet, com heu passat el dia, com us sentiu, si alguna cosa us preocupa&#8230; unes 5-10 l\u00ednies (o m\u00e9s si voleu!) Cada dia.<\/span><\/p>\n<p><span style=\"font-weight: 400;\">&#8211; A m\u00e9s, seguint amb llengua, us convidem a fer un petit resum sobre alguna pel\u00b7l\u00edcula que hagueu vist, algun conte que hagueu llegit&#8230;<\/span><\/p>\n<p><span style=\"font-weight: 400;\">Tant el diari\u00a0 com el resum ja ens els fareu arribar quan tornem a escola. Tot i aix\u00ed, si ens voleu fer arribar fotos tamb\u00e9 ho podeu fer!<\/span><\/p>\n<p>&nbsp;<\/p>\n<p><strong>ACTIVITAT EXTRA:<\/strong><\/p>\n<p><span style=\"font-weight: 400;\">Tamb\u00e9 us proposem una activitat que creiem que pot ser molt maca per totes aquelles persones que estan passant per moments tan dif\u00edcils. <strong>Qu\u00e8 us sembla si ens envieu dibuixos i\/o cartes per les persones que estan ingressades als hospitals i no poden rebre visites?<\/strong> Farem tot el possible perqu\u00e8 puguin arribar les vostres paraules de suport i els dibuixos tan macos que segur els podeu fer!\u00a0<\/span><\/p>\n<p><span style=\"font-weight: 400;\">Ens els podeu fer arribar amb una foto o per escrit pel Dinantia!<\/span><\/p>\n<p>&nbsp;<\/p>\n<p><b>MATEM\u00c0TIQUES:<\/b><\/p>\n<p><span style=\"font-weight: 400;\">&#8211; Us enviem 5 problemes que haureu de resoldre abans de divendres. El mateix divendres, ens heu d&#8217;enviar un dinantia amb les 5 respostes correctes!!<\/span><\/p>\n<ol>\n<li><span style=\"font-weight: 400;\"> Si et menges les dues setenes parts de 35 caramels, quants caramels et queden?<\/span><\/li>\n<li><span style=\"font-weight: 400;\"> Ahir un autob\u00fas va rec\u00f3rrer 415 quil\u00f2metres i avui n\u2019ha recorregut 380. Quants de quil\u00f2metres ha recorregut aproximadament en els dos dies?<\/span><\/li>\n<li><span style=\"font-weight: 400;\"> A la llibreria d\u2019en M\u00e0rius hi han portat 123 capses de retoladors. Cada capsa t\u00e9 12 retoladors. Quants retoladors hi han portat?<\/span><\/li>\n<li><span style=\"font-weight: 400;\"> La J\u00falia necessita 8 boletes per fer un collar. Si t\u00e9 284 boletes, quants de collars podr\u00e0 fer?, quantes boletes li sobraran?<\/span><\/li>\n<li><span style=\"font-weight: 400;\"> En Pau t\u00e9 una col\u00b7lecci\u00f3 de 80 cromos. Dos cinquens dels cromos s\u00f3n de plantes. Quants de cromos de plantes t\u00e9 en Pau?<\/span><\/li>\n<\/ol>\n<p><span style=\"font-weight: 400;\">PISTA: per resoldre els problemes de les fraccions heu de fer servir la fracci\u00f3 d\u2019un nombre. Per exemple: 2\/3 de 30<\/span><\/p>\n<p><strong>SOLUCIONS DELS PROBLEMES:\u00a0 \u00a0\u00a0<\/strong><a href=\"https:\/\/agora.xtec.cat\/ceipsallaresipla\/wp-content\/uploads\/usu69\/2020\/03\/SOLUCIONS-PROBLEMES-CONFINAMENT.pdf\" target=\"_blank\" rel=\"noopener noreferrer\">SOLUCIONS PROBLEMES <strong>CONFINAMENT<\/strong><\/a><\/p>\n<p>&nbsp;<\/p>\n<p><span style=\"font-weight: 400;\">Hi ha tamb\u00e9 una p\u00e0gina web que proposa diferents activitats pels vostres fills i filles:<\/span><\/p>\n<p><a href=\"https:\/\/innovamat.com\/blog\/recursos\/recursos-para-familias\/recursos-4o\/\"><span style=\"font-weight: 400;\">https:\/\/innovamat.com\/blog\/recursos\/recursos-para-familias\/recursos-4o\/<\/span><\/a><\/p>\n<p><span style=\"font-weight: 400;\">A m\u00e9s a m\u00e9s podeu jugar tamb\u00e9 amb <strong>l\u2019aplicaci\u00f3 Bmath<\/strong> a les vostres tabletes o m\u00f2bils.<\/span><\/p>\n<p><a href=\"https:\/\/agora.xtec.cat\/ceipsallaresipla\/wp-content\/uploads\/usu69\/2020\/03\/bmath-app.png\"><img loading=\"lazy\" decoding=\"async\" class=\"alignnone wp-image-1788 size-medium\" src=\"https:\/\/agora.xtec.cat\/ceipsallaresipla\/wp-content\/uploads\/usu69\/2020\/03\/bmath-app-300x251.png\" alt=\"\" width=\"300\" height=\"251\" srcset=\"https:\/\/agora.xtec.cat\/ceipsallaresipla\/wp-content\/uploads\/usu69\/2020\/03\/bmath-app-300x250.png 300w, https:\/\/agora.xtec.cat\/ceipsallaresipla\/wp-content\/uploads\/usu69\/2020\/03\/bmath-app.png 710w\" sizes=\"auto, (max-width: 300px) 100vw, 300px\" \/><\/a><\/p>\n<p>&nbsp;<\/p>\n<p><b>ANGL\u00c8S<\/b><\/p>\n<ul>\n<li><span style=\"font-weight: 400;\">Activitats online Oxford University Press:\u00a0 <\/span><a href=\"https:\/\/elt.oup.com\/student\/oupeprimary\/?cc=global&amp;selLanguage=en\" target=\"_blank\" rel=\"noopener noreferrer\"><span style=\"font-weight: 400;\">https:\/\/elt.oup.com\/student\/oupeprimary\/?cc=global&amp;selLanguage=en<\/span><\/a><\/li>\n<li><span style=\"font-family: inherit; font-size: 1em;\">Jocs amb totes les tem\u00e0tiques per treballar qualsevol contingut:\u00a0<a href=\"http:\/\/www.angles365.com\/classroom\/class4.htm\" target=\"_blank\" rel=\"noopener noreferrer\">http:\/\/www.angles365.com\/classroom\/class4.htm<\/a><\/span><\/li>\n<\/ul>\n<p>&nbsp;<\/p>\n<p><b>RELIGI\u00d3 CAT\u00d2LICA<\/b><\/p>\n<p><span style=\"font-weight: 400;\">Hola a totes i a tots, aqu\u00ed la vostra mestra de\u00a0 \u201creli\u201d,<\/span><\/p>\n<p><span style=\"font-weight: 400;\">Primer de tot espero tant vosaltres com les vostres fam\u00edlies us trobeu b\u00e9.<\/span><\/p>\n<p><span style=\"font-weight: 400;\">Suposo et ser\u00e0 dur passar tants dies a casa sense poder sortir. Per\u00f2 si mires als teus pares, germans, avis, ve\u00efns i et fixes en el que ells necessiten o els preocupa \u2026 Potser, buscant solucions per a ells t&#8217;oblidis dels teus problemes.<\/span><\/p>\n<ul>\n<li style=\"font-weight: 400;\"><span style=\"font-weight: 400;\">Us recomano que vegeu aquests dos v\u00eddeos perqu\u00e8 us animeu a portar el missatge d&#8217;amor que tant treballem des de religi\u00f3 i posem el nostre granet de sorra per a fer una mica m\u00e9s f\u00e0cil a la gent que ens envolta aquesta situaci\u00f3.<\/span><\/li>\n<\/ul>\n<p><span style=\"font-weight: 400;\">VIDEO:\u00a0 ROTO:<\/span><a href=\"https:\/\/www.youtube.com\/watch?v=a0ZQ9zlqbo8\"> <span style=\"font-weight: 400;\">https:\/\/www.youtube.com\/watch?v=a0ZQ9zlqbo8<\/span><\/a><\/p>\n<p><span style=\"font-weight: 400;\">VIDEO: LIFEVEST ONE DAY: <a href=\"https:\/\/www.youtube.com\/watch?v=p92yD7MXS04\">https:\/\/www.youtube.com\/watch?v=p92yD7MXS04<\/a><\/span><\/p>\n<p><span style=\"font-weight: 400;\">\u00a0<\/span><\/p>\n<ul>\n<li style=\"font-weight: 400;\"><span style=\"font-weight: 400;\">Tamb\u00e9 podeu instal\u00b7lar-vos al m\u00f2bil aquesta APP STORE: <\/span><i><span style=\"font-weight: 400;\"><strong>La Biblia para ni\u00f1os<\/strong>.<strong> Life church<\/strong><\/span><\/i><span style=\"font-weight: 400;\">, amb un munt d\u2019hist\u00f2ries i activitats sobre la B\u00edblia. Entreu en les que haguem treballat a classe.<\/span><\/li>\n<\/ul>\n<p><span style=\"font-weight: 400;\">\u00a0<\/span><\/p>\n<ul>\n<li style=\"font-weight: 400;\"><span style=\"font-weight: 400;\">Si encara et queden m\u00e9s ganes de treballar aqu\u00ed tens enlla\u00e7os perqu\u00e8 puguis veure tot el que haur\u00edem treballat en classe durant aquests dies: Quaresma, Setmana Santa, Pasqua, \u2026 S\u00f3n de la Saga \u201cSUPERLIBRO\u201d que se que us agrada molt.<\/span><\/li>\n<\/ul>\n<p>&nbsp;<\/p>\n<p><span style=\"font-weight: 400;\">Superlibro Episodio: Deja ir a mi pueblo<\/span><span style=\"font-weight: 400;\">: Ja sabeu que Jes\u00fas era jueu i com era tradici\u00f3 va voler pujar a Jerusalem a celebrar la Pasqua. Amb aquest v\u00eddeo sabr\u00e0s l\u2019origen de la celebraci\u00f3 de la Pasqua del poble jueu.<\/span><\/p>\n<p><a href=\"https:\/\/www.youtube.com\/watch?v=DZTWoBa148E\"><span style=\"font-weight: 400;\">https:\/\/www.youtube.com\/watch?v=DZTWoBa148E<\/span><\/a><\/p>\n<p><span style=\"font-weight: 400;\">Superlibro Episodio: La \u00daltima Cena<\/span><span style=\"font-weight: 400;\">: qu\u00e8 recordem el Dijous Sant<\/span><\/p>\n<p><a href=\"https:\/\/www.youtube.com\/watch?v=82nTLOCvn6U\"><span style=\"font-weight: 400;\">https:\/\/www.youtube.com\/watch?v=82nTLOCvn6U<\/span><\/a><\/p>\n<p><span style=\"font-weight: 400;\">Superlibro Episodio: \u00c9l ha Resucitado<\/span><span style=\"font-weight: 400;\">: qu\u00e8 recordem Divendres Sant i Diumenge de Pasqua.<\/span><\/p>\n<p><a href=\"https:\/\/www.youtube.com\/watch?v=hDAdKqkSp-o\"><span style=\"font-weight: 400;\">https:\/\/www.youtube.com\/watch?v=hDAdKqkSp-o<\/span><\/a><\/p>\n<p><span style=\"font-weight: 400;\">\u00a0<\/span><\/p>\n<ul>\n<li style=\"font-weight: 400;\"><span style=\"font-weight: 400;\">Si encara voleu m\u00e9s, aqu\u00ed teniu un enlla\u00e7 amb recursos did\u00e0ctics interactius. Pots fer fins la unitat 10 i repassar tot el fet fins ara.<\/span><\/li>\n<\/ul>\n<p><a href=\"http:\/\/www.ceipjuanherreraalcausa.es\/Recursosdidacticos\/CUARTO\/datos\/09_Religion\/Programa\/recursos.htm\"><b>http:\/\/www.ceipjuanherreraalcausa.es\/Recursosdidacticos\/CUARTO\/datos\/09_Religion\/Programa\/recursos.htm<\/b><\/a><\/p>\n<p>&nbsp;<\/p>\n<p>M\u00daSICA<\/p>\n<ul>\n<li>Per poder jugar amb els sons :\u00a0<a href=\"https:\/\/musiclab.chromeexperiments.com\/\" target=\"_blank\" rel=\"noopener noreferrer\">MUSIC LAB<\/a><\/li>\n<li>Per repassar el que ja saps :\u00a0<a href=\"http:\/\/www.edu365.cat\/primaria\/musica\/index.html\" target=\"_blank\" rel=\"noopener noreferrer\">ACTIVITATS EDU 365<\/a><\/li>\n<li>Per cantar una estona amb karaoke :<br \/>\n<table style=\"width: 500px;\">\n<tbody>\n<tr>\n<td style=\"width: 146px;\"><a href=\"http:\/\/www.xtec.cat\/~xaltesa\/titol.htm\" target=\"_blank\" rel=\"noopener noreferrer\">KARAOKAT<\/a><\/td>\n<td style=\"width: 174px;\"><a href=\"https:\/\/youtu.be\/ksFEnFMeyhg\" target=\"_blank\" rel=\"noopener noreferrer\">ELS INSTRUMENTS<\/a><\/td>\n<td style=\"width: 170px;\"><a href=\"https:\/\/youtu.be\/9WHXk-HAN4M\" target=\"_blank\" rel=\"noopener noreferrer\">SWING DE LA PAU<\/a><\/td>\n<\/tr>\n<\/tbody>\n<\/table>\n<\/li>\n<li>Per repassar el m\u00f3n dels castellers :\u00a0<a href=\"http:\/\/www.edu365.cat\/primaria\/musica\/historic\/grallaitabal\/01intro.html\" target=\"_blank\" rel=\"noopener noreferrer\">CASTELLERS<\/a><\/li>\n<li>Per repassar els instruments de la fam\u00edlia de vent: <a href=\"https:\/\/youtu.be\/rnJeUTLa4vw\" target=\"_blank\" rel=\"noopener noreferrer\">INSTRUMENTS DE VENT<\/a><\/li>\n<li>Per con\u00e8ixer una mica m\u00e9s a Mozart :\u00a0<a href=\"http:\/\/www.edu365.cat\/primaria\/musica\/mozart\/index.htm\" target=\"_blank\" rel=\"noopener noreferrer\">W.A.MOZART<\/a><\/li>\n<\/ul>\n<p>&nbsp;<\/p>\n<p><b>NOVES TECNOLOGIES<\/b><\/p>\n<p><span style=\"font-weight: 400;\">Us facilitem algunes webs on podreu comen\u00e7ar a aprendre a programar. Us atreviu?<\/span><\/p>\n<p><a href=\"https:\/\/scratch.mit.edu\/projects\/editor\/?tutorial=getStarted\"><span style=\"font-weight: 400;\">SCRATCH 3<\/span><\/a><\/p>\n<p><a href=\"https:\/\/code.org\/\"><span style=\"font-weight: 400;\">CODE.ORG<\/span><\/a><\/p>\n<p><a href=\"https:\/\/lightbot.com\/flash.html\"><span style=\"font-weight: 400;\">LIGHTBOT<\/span><\/a><\/p>\n<p>&nbsp;<\/p>\n","protected":false},"excerpt":{"rendered":"<p>L&#8217;escola us ha enviat algunes orientacions d\u2019activitats per fer amb els vostres fills i filles, per\u00f2 nosaltres vol\u00edem afegir alguna coseta m\u00e9s:<br \/>\nLLENGUA:<br \/>\n&#8211; Per practicar una mica la llengua, us proposem escriure durant aquests dies un diari on ens expliqueu qu\u00e8 heu fet, com heu passat&hellip;  <a href=\"https:\/\/agora.xtec.cat\/ceipsallaresipla\/activitats-quarantena-covid-19\/activistas-4t-primaria\/\" title=\"Read Activitats 4t Prim\u00e0ria\">Llegeix m\u00e9s\u00bb<\/a><\/p>\n","protected":false},"author":343,"featured_media":0,"parent":1690,"menu_order":50,"comment_status":"closed","ping_status":"closed","template":"page-templates\/side-menu.php","meta":{"_bbp_topic_count":0,"_bbp_reply_count":0,"_bbp_total_topic_count":0,"_bbp_total_reply_count":0,"_bbp_voice_count":0,"_bbp_anonymous_reply_count":0,"_bbp_topic_count_hidden":0,"_bbp_reply_count_hidden":0,"_bbp_forum_subforum_count":0,"footnotes":""},"class_list":["post-1712","page","type-page","status-publish","hentry"],"post_mailing_queue_ids":[],"_links":{"self":[{"href":"https:\/\/agora.xtec.cat\/ceipsallaresipla\/wp-json\/wp\/v2\/pages\/1712","targetHints":{"allow":["GET"]}}],"collection":[{"href":"https:\/\/agora.xtec.cat\/ceipsallaresipla\/wp-json\/wp\/v2\/pages"}],"about":[{"href":"https:\/\/agora.xtec.cat\/ceipsallaresipla\/wp-json\/wp\/v2\/types\/page"}],"author":[{"embeddable":true,"href":"https:\/\/agora.xtec.cat\/ceipsallaresipla\/wp-json\/wp\/v2\/users\/343"}],"replies":[{"embeddable":true,"href":"https:\/\/agora.xtec.cat\/ceipsallaresipla\/wp-json\/wp\/v2\/comments?post=1712"}],"version-history":[{"count":4,"href":"https:\/\/agora.xtec.cat\/ceipsallaresipla\/wp-json\/wp\/v2\/pages\/1712\/revisions"}],"predecessor-version":[{"id":1873,"href":"https:\/\/agora.xtec.cat\/ceipsallaresipla\/wp-json\/wp\/v2\/pages\/1712\/revisions\/1873"}],"up":[{"embeddable":true,"href":"https:\/\/agora.xtec.cat\/ceipsallaresipla\/wp-json\/wp\/v2\/pages\/1690"}],"wp:attachment":[{"href":"https:\/\/agora.xtec.cat\/ceipsallaresipla\/wp-json\/wp\/v2\/media?parent=1712"}],"curies":[{"name":"wp","href":"https:\/\/api.w.org\/{rel}","templated":true}]}}