{"id":1690,"date":"2020-03-18T10:49:06","date_gmt":"2020-03-18T09:49:06","guid":{"rendered":"https:\/\/agora.xtec.cat\/ceipsallaresipla\/?page_id=1690"},"modified":"2024-02-22T20:15:13","modified_gmt":"2024-02-22T19:15:13","slug":"activitats-quarantena-covid-19","status":"publish","type":"page","link":"https:\/\/agora.xtec.cat\/ceipsallaresipla\/activitats-quarantena-covid-19\/","title":{"rendered":"Activitats per fer a casa"},"content":{"rendered":"<p>Els i les mestres de l&#8217;escola us proposem a continuaci\u00f3 algunes activitats concretes, estructurades per nivells, per si les families esteu interessades en que els vostres fills i filles les puguin fer a casa.<\/p>\n<p>Us demanem que faciliteu que els vostres fills i filles puguin accedir al material i els enlla\u00e7os web que us proporcionem, tots ells de car\u00e0cter educatiu, perqu\u00e8 puguin continuar aprenent a casa.<\/p>\n<p>Apart de les feines proposades, <strong>recomanem que els alumnes d&#8217;Educaci\u00f3 Prim\u00e0ria llegeixin una estona cada dia<\/strong> (amb llibres adaptats al nivell de cada alumne o alumna).<\/p>\n<p>Al men\u00fa que teniu a l&#8217;esquerra, seleccioneu el curs del vostre fill o filla i accediu a les activitats que us proposem.<\/p>\n<p>Endavant i bona feina!<\/p>\n<p>&nbsp;<\/p>\n","protected":false},"excerpt":{"rendered":"<p>Els i les mestres de l&#8217;escola us proposem a continuaci\u00f3 algunes activitats concretes, estructurades per nivells, per si les families esteu interessades en que els vostres fills i filles les puguin fer a casa.<br \/>\nUs demanem que faciliteu que els vostres fills i filles puguin accedir&hellip;  <a href=\"https:\/\/agora.xtec.cat\/ceipsallaresipla\/activitats-quarantena-covid-19\/\" title=\"Read Activitats per fer a casa\">Llegeix m\u00e9s\u00bb<\/a><\/p>\n","protected":false},"author":343,"featured_media":0,"parent":0,"menu_order":0,"comment_status":"closed","ping_status":"closed","template":"page-templates\/side-menu.php","meta":{"_bbp_topic_count":0,"_bbp_reply_count":0,"_bbp_total_topic_count":0,"_bbp_total_reply_count":0,"_bbp_voice_count":0,"_bbp_anonymous_reply_count":0,"_bbp_topic_count_hidden":0,"_bbp_reply_count_hidden":0,"_bbp_forum_subforum_count":0,"footnotes":""},"class_list":["post-1690","page","type-page","status-publish","hentry"],"post_mailing_queue_ids":[],"_links":{"self":[{"href":"https:\/\/agora.xtec.cat\/ceipsallaresipla\/wp-json\/wp\/v2\/pages\/1690","targetHints":{"allow":["GET"]}}],"collection":[{"href":"https:\/\/agora.xtec.cat\/ceipsallaresipla\/wp-json\/wp\/v2\/pages"}],"about":[{"href":"https:\/\/agora.xtec.cat\/ceipsallaresipla\/wp-json\/wp\/v2\/types\/page"}],"author":[{"embeddable":true,"href":"https:\/\/agora.xtec.cat\/ceipsallaresipla\/wp-json\/wp\/v2\/users\/343"}],"replies":[{"embeddable":true,"href":"https:\/\/agora.xtec.cat\/ceipsallaresipla\/wp-json\/wp\/v2\/comments?post=1690"}],"version-history":[{"count":5,"href":"https:\/\/agora.xtec.cat\/ceipsallaresipla\/wp-json\/wp\/v2\/pages\/1690\/revisions"}],"predecessor-version":[{"id":3322,"href":"https:\/\/agora.xtec.cat\/ceipsallaresipla\/wp-json\/wp\/v2\/pages\/1690\/revisions\/3322"}],"wp:attachment":[{"href":"https:\/\/agora.xtec.cat\/ceipsallaresipla\/wp-json\/wp\/v2\/media?parent=1690"}],"curies":[{"name":"wp","href":"https:\/\/api.w.org\/{rel}","templated":true}]}}