{"id":9,"date":"2014-09-17T15:08:18","date_gmt":"2014-09-17T14:08:18","guid":{"rendered":"http:\/\/agora.xtec.cat\/ceipsaforcanera\/?page_id=9"},"modified":"2026-03-03T22:21:24","modified_gmt":"2026-03-03T21:21:24","slug":"pagina-dinici-buida","status":"publish","type":"page","link":"https:\/\/agora.xtec.cat\/ceipsaforcanera\/","title":{"rendered":"Escola Sa Forcanera"},"content":{"rendered":"<h1 style=\"text-align: center;\"><span style=\"color: #808080;\">Portes obertes<\/span><\/h1>\n<h3 style=\"text-align: center;\"><a href=\"https:\/\/drive.google.com\/file\/d\/1sHw1uP7AJA_pb4NFVA8Nk12DL_HHTAlV\/view\"><span style=\"color: #99ccff;\">visualitza<\/span><\/a><\/h3>\n<p><a href=\"https:\/\/agora.xtec.cat\/ceipsaforcanera\/wp-content\/uploads\/usu1481\/2026\/03\/FOTO-PORTES-OBERTES-VIDEO.jpg\"><img loading=\"lazy\" decoding=\"async\" class=\"aligncenter wp-image-11671\" src=\"https:\/\/agora.xtec.cat\/ceipsaforcanera\/wp-content\/uploads\/usu1481\/2026\/03\/FOTO-PORTES-OBERTES-VIDEO.jpg\" alt=\"\" width=\"595\" height=\"322\" srcset=\"https:\/\/agora.xtec.cat\/ceipsaforcanera\/wp-content\/uploads\/usu1481\/2026\/03\/FOTO-PORTES-OBERTES-VIDEO.jpg 1066w, https:\/\/agora.xtec.cat\/ceipsaforcanera\/wp-content\/uploads\/usu1481\/2026\/03\/FOTO-PORTES-OBERTES-VIDEO-300x162.jpg 300w, https:\/\/agora.xtec.cat\/ceipsaforcanera\/wp-content\/uploads\/usu1481\/2026\/03\/FOTO-PORTES-OBERTES-VIDEO-1024x553.jpg 1024w, https:\/\/agora.xtec.cat\/ceipsaforcanera\/wp-content\/uploads\/usu1481\/2026\/03\/FOTO-PORTES-OBERTES-VIDEO-768x415.jpg 768w\" sizes=\"auto, (max-width: 595px) 100vw, 595px\" \/><\/a><\/p>\n<p>Us convidem a veure el v\u00eddeo que hem preparat per aquesta jornada de portes obertes on els mateixos alumnes de sis\u00e8 ens expliquen, amb la seva pr\u00f2pia veu i des del cor, com ha estat el seu proc\u00e9s de creixement i aprenentatge al llarg de tots aquests anys amb nosaltres. No us el perdeu!<\/p>\n","protected":false},"excerpt":{"rendered":"<p>Portes obertes<br \/>\n<a href=\"https:\/\/drive.google.com\/file\/d\/1sHw1uP7AJA_pb4NFVA8Nk12DL_HHTAlV\/view\">visualitza<\/a><br \/>\n<a href=\"https:\/\/agora.xtec.cat\/ceipsaforcanera\/wp-content\/uploads\/usu1481\/2026\/03\/FOTO-PORTES-OBERTES-VIDEO.jpg\"><\/a><br \/>\nUs convidem a veure el v\u00eddeo que hem preparat per aquesta jornada de portes obertes on els mateixos alumnes de sis\u00e8 ens expliquen, amb la seva pr\u00f2pia veu i des del cor, com ha estat el seu proc\u00e9s de creixement i aprenentatge&hellip;  <a href=\"https:\/\/agora.xtec.cat\/ceipsaforcanera\/\" title=\"Read Escola Sa Forcanera\">Llegeix m\u00e9s\u00bb<\/a><\/p>\n","protected":false},"author":1,"featured_media":0,"parent":7,"menu_order":0,"comment_status":"closed","ping_status":"closed","template":"page-templates\/front-page.php","meta":{"_bbp_topic_count":0,"_bbp_reply_count":0,"_bbp_total_topic_count":0,"_bbp_total_reply_count":0,"_bbp_voice_count":0,"_bbp_anonymous_reply_count":0,"_bbp_topic_count_hidden":0,"_bbp_reply_count_hidden":0,"_bbp_forum_subforum_count":0,"footnotes":""},"class_list":["post-9","page","type-page","status-publish","hentry"],"post_mailing_queue_ids":[],"_links":{"self":[{"href":"https:\/\/agora.xtec.cat\/ceipsaforcanera\/wp-json\/wp\/v2\/pages\/9","targetHints":{"allow":["GET"]}}],"collection":[{"href":"https:\/\/agora.xtec.cat\/ceipsaforcanera\/wp-json\/wp\/v2\/pages"}],"about":[{"href":"https:\/\/agora.xtec.cat\/ceipsaforcanera\/wp-json\/wp\/v2\/types\/page"}],"author":[{"embeddable":true,"href":"https:\/\/agora.xtec.cat\/ceipsaforcanera\/wp-json\/wp\/v2\/users\/1"}],"replies":[{"embeddable":true,"href":"https:\/\/agora.xtec.cat\/ceipsaforcanera\/wp-json\/wp\/v2\/comments?post=9"}],"version-history":[{"count":6,"href":"https:\/\/agora.xtec.cat\/ceipsaforcanera\/wp-json\/wp\/v2\/pages\/9\/revisions"}],"predecessor-version":[{"id":11673,"href":"https:\/\/agora.xtec.cat\/ceipsaforcanera\/wp-json\/wp\/v2\/pages\/9\/revisions\/11673"}],"up":[{"embeddable":true,"href":"https:\/\/agora.xtec.cat\/ceipsaforcanera\/wp-json\/wp\/v2\/pages\/7"}],"wp:attachment":[{"href":"https:\/\/agora.xtec.cat\/ceipsaforcanera\/wp-json\/wp\/v2\/media?parent=9"}],"curies":[{"name":"wp","href":"https:\/\/api.w.org\/{rel}","templated":true}]}}