{"id":892,"date":"2025-09-05T20:00:48","date_gmt":"2025-09-05T18:00:48","guid":{"rendered":"http:\/\/agora.xtec.cat\/ceipsaforcanera\/?page_id=892"},"modified":"2025-11-23T12:21:01","modified_gmt":"2025-11-23T11:21:01","slug":"equip-curs-2016-2017","status":"publish","type":"page","link":"https:\/\/agora.xtec.cat\/ceipsaforcanera\/lescola\/equip-curs-2016-2017\/","title":{"rendered":"Equip docent curs 2025-2026"},"content":{"rendered":"<p><a href=\"https:\/\/agora.xtec.cat\/ceipsaforcanera\/wp-content\/uploads\/usu1481\/2025\/09\/claustre-2025-2026-1-2-scaled.jpeg\"><img loading=\"lazy\" decoding=\"async\" class=\"aligncenter size-full wp-image-11410\" src=\"https:\/\/agora.xtec.cat\/ceipsaforcanera\/wp-content\/uploads\/usu1481\/2025\/09\/claustre-2025-2026-1-2-scaled.jpeg\" alt=\"\" width=\"2560\" height=\"2010\" srcset=\"https:\/\/agora.xtec.cat\/ceipsaforcanera\/wp-content\/uploads\/usu1481\/2025\/09\/claustre-2025-2026-1-2-scaled.jpeg 2560w, https:\/\/agora.xtec.cat\/ceipsaforcanera\/wp-content\/uploads\/usu1481\/2025\/09\/claustre-2025-2026-1-2-300x236.jpeg 300w, https:\/\/agora.xtec.cat\/ceipsaforcanera\/wp-content\/uploads\/usu1481\/2025\/09\/claustre-2025-2026-1-2-1024x804.jpeg 1024w, https:\/\/agora.xtec.cat\/ceipsaforcanera\/wp-content\/uploads\/usu1481\/2025\/09\/claustre-2025-2026-1-2-768x603.jpeg 768w, https:\/\/agora.xtec.cat\/ceipsaforcanera\/wp-content\/uploads\/usu1481\/2025\/09\/claustre-2025-2026-1-2-1536x1206.jpeg 1536w, https:\/\/agora.xtec.cat\/ceipsaforcanera\/wp-content\/uploads\/usu1481\/2025\/09\/claustre-2025-2026-1-2-2048x1608.jpeg 2048w\" sizes=\"auto, (max-width: 2560px) 100vw, 2560px\" \/><\/a><\/p>\n<p><span style=\"color: #993366;\"><strong>Equip directiu<\/strong><\/span><\/p>\n<p><strong>Directora<\/strong>: S\u00edlvia P\u00e9rez<br \/>\n<strong>Cap d\u2019estudis<\/strong>: Ariadna Montilla<br \/>\n<strong>Secret\u00e0ria<\/strong>: Elisabet Garc\u00eda<\/p>\n<p><span style=\"color: #993366;\"><strong>Educaci\u00f3 infantil<\/strong><\/span><\/p>\n<ul>\n<li><strong>I3A<\/strong> Cristina Campmaj\u00f3<\/li>\n<li><strong>I3 B<\/strong> Laura Vila<\/li>\n<li><strong>I4 A<\/strong> Lidia Masjoan<\/li>\n<li><strong>I4 B<\/strong>\u00a0 Vanessa Hern\u00e1ndez<\/li>\n<li><strong>I5 A<\/strong> T\u00e0nia Aguilera<\/li>\n<li><strong>I5 B<\/strong> Carolina Adell i Ainhoa Cherino<\/li>\n<li><strong>Suport infantil:<\/strong> Neus Ferrer i S\u00edlvia P\u00e9rez<\/li>\n<li><strong>TEI:<\/strong> Yolanda Mayas i Eli Mart\u00edn<\/li>\n<\/ul>\n<p><strong><span style=\"color: #993366;\">Cicle inicial\u00a0<\/span><\/strong><\/p>\n<ul>\n<li><strong>1r A<\/strong> Ariadna Roura<\/li>\n<li><strong>1r B\u00a0<\/strong> Ana Bueno<\/li>\n<li><strong>2n A<\/strong> Alicia T\u00e0rraga<\/li>\n<li><strong>2n B\u00a0<\/strong>Elisabet Vidal<\/li>\n<li><strong>Suports <\/strong>Alicia Triguero<\/li>\n<\/ul>\n<p><strong><span style=\"color: #993366;\">Cicle mitj\u00e0<\/span><\/strong><\/p>\n<ul>\n<li><strong>3r A<\/strong> Iv\u00e1n Acedo<\/li>\n<li><strong>3r B\u00a0<\/strong> Iv\u00e1n Moreno<\/li>\n<li><strong>4t A <\/strong>N\u00faria Florido i Mireia Molins<\/li>\n<li><strong>4t B\u00a0<\/strong> Roser Gallostra<\/li>\n<li>\u00a0<strong>Suports <\/strong>Alicia Triguero i \u00c9rika Fern\u00e1ndez<\/li>\n<\/ul>\n<p><strong><span style=\"color: #993366;\">Cicle superior<\/span><\/strong><\/p>\n<ul>\n<li><strong>5\u00e8 A\u00a0 <\/strong>Merc\u00e8 Figueras<\/li>\n<li><strong>5\u00e8 B<\/strong>\u00a0 Anna Puig<\/li>\n<li><strong>6\u00e8 A\u00a0 <\/strong>Loli Sol\u00eds<\/li>\n<li><strong>6\u00e8 B<\/strong>\u00a0 Elisabet Garc\u00eda<\/li>\n<li><strong>Coordinadora TAC i suports CS<\/strong>: Erika Fern\u00e1ndez<\/li>\n<\/ul>\n<p>&nbsp;<\/p>\n<ul>\n<li><strong>Especialistes d\u2019angl\u00e8s:\u00a0<\/strong> M\u00f2nica Calle, Anna Fontcuberta i Ariadna Montilla<\/li>\n<li><strong>Especialistes d\u2019Educaci\u00f3 especiaI<\/strong>: Isabel P\u00e9rez, Sheila Merino i Mireia Molins<\/li>\n<li><strong>Especialistes d&#8217;educaci\u00f3 f\u00edsica:<\/strong> Aida Baltrons i \u00c1lvaro Rivas<\/li>\n<li><strong>Especialista de m\u00fasica:<\/strong> Xavier Santandreu<\/li>\n<li><strong>Aula d&#8217;acollida:<\/strong> Juan Castillo i Irene Misas<\/li>\n<li><strong>SIEI<\/strong>: Cristina Ros<\/li>\n<li><strong>Educadora:<\/strong>\u00a0Rut Tremosa<\/li>\n<\/ul>\n<p>&nbsp;<\/p>\n<p>&nbsp;<\/p>\n","protected":false},"excerpt":{"rendered":"<p>Equip directiu Directora: S\u00edlvia P\u00e9rez Cap d\u2019estudis: Ariadna Montilla Secret\u00e0ria: Elisabet Garc\u00eda Educaci\u00f3 infantil I3A Cristina Campmaj\u00f3 I3 B Laura Vila I4 A Lidia Masjoan I4 B\u00a0 Vanessa Hern\u00e1ndez I5 A T\u00e0nia Aguilera I5 B Carolina Adell i Ainhoa Cherino Suport infantil: Neus Ferrer i S\u00edlvia P\u00e9rez TEI: Yolanda Mayas i Eli Mart\u00edn Cicle inicial\u00a0 [&hellip;]<\/p>\n","protected":false},"author":1,"featured_media":0,"parent":22,"menu_order":30,"comment_status":"closed","ping_status":"closed","template":"","meta":{"_bbp_topic_count":0,"_bbp_reply_count":0,"_bbp_total_topic_count":0,"_bbp_total_reply_count":0,"_bbp_voice_count":0,"_bbp_anonymous_reply_count":0,"_bbp_topic_count_hidden":0,"_bbp_reply_count_hidden":0,"_bbp_forum_subforum_count":0,"site-sidebar-layout":"default","site-content-layout":"","ast-site-content-layout":"","site-content-style":"default","site-sidebar-style":"default","ast-global-header-display":"","ast-banner-title-visibility":"","ast-main-header-display":"","ast-hfb-above-header-display":"","ast-hfb-below-header-display":"","ast-hfb-mobile-header-display":"","site-post-title":"","ast-breadcrumbs-content":"","ast-featured-img":"","footer-sml-layout":"","theme-transparent-header-meta":"","adv-header-id-meta":"","stick-header-meta":"","header-above-stick-meta":"","header-main-stick-meta":"","header-below-stick-meta":"","astra-migrate-meta-layouts":"default","ast-page-background-enabled":"default","ast-page-background-meta":{"desktop":{"background-color":"var(--ast-global-color-4)","background-image":"","background-repeat":"repeat","background-position":"center center","background-size":"auto","background-attachment":"scroll","background-type":"","background-media":"","overlay-type":"","overlay-color":"","overlay-opacity":"","overlay-gradient":""},"tablet":{"background-color":"","background-image":"","background-repeat":"repeat","background-position":"center center","background-size":"auto","background-attachment":"scroll","background-type":"","background-media":"","overlay-type":"","overlay-color":"","overlay-opacity":"","overlay-gradient":""},"mobile":{"background-color":"","background-image":"","background-repeat":"repeat","background-position":"center center","background-size":"auto","background-attachment":"scroll","background-type":"","background-media":"","overlay-type":"","overlay-color":"","overlay-opacity":"","overlay-gradient":""}},"ast-content-background-meta":{"desktop":{"background-color":"var(--ast-global-color-5)","background-image":"","background-repeat":"repeat","background-position":"center center","background-size":"auto","background-attachment":"scroll","background-type":"","background-media":"","overlay-type":"","overlay-color":"","overlay-opacity":"","overlay-gradient":""},"tablet":{"background-color":"var(--ast-global-color-5)","background-image":"","background-repeat":"repeat","background-position":"center center","background-size":"auto","background-attachment":"scroll","background-type":"","background-media":"","overlay-type":"","overlay-color":"","overlay-opacity":"","overlay-gradient":""},"mobile":{"background-color":"var(--ast-global-color-5)","background-image":"","background-repeat":"repeat","background-position":"center center","background-size":"auto","background-attachment":"scroll","background-type":"","background-media":"","overlay-type":"","overlay-color":"","overlay-opacity":"","overlay-gradient":""}},"footnotes":""},"class_list":["post-892","page","type-page","status-publish","hentry"],"post_mailing_queue_ids":[],"_links":{"self":[{"href":"https:\/\/agora.xtec.cat\/ceipsaforcanera\/wp-json\/wp\/v2\/pages\/892","targetHints":{"allow":["GET"]}}],"collection":[{"href":"https:\/\/agora.xtec.cat\/ceipsaforcanera\/wp-json\/wp\/v2\/pages"}],"about":[{"href":"https:\/\/agora.xtec.cat\/ceipsaforcanera\/wp-json\/wp\/v2\/types\/page"}],"author":[{"embeddable":true,"href":"https:\/\/agora.xtec.cat\/ceipsaforcanera\/wp-json\/wp\/v2\/users\/1"}],"replies":[{"embeddable":true,"href":"https:\/\/agora.xtec.cat\/ceipsaforcanera\/wp-json\/wp\/v2\/comments?post=892"}],"version-history":[{"count":6,"href":"https:\/\/agora.xtec.cat\/ceipsaforcanera\/wp-json\/wp\/v2\/pages\/892\/revisions"}],"predecessor-version":[{"id":11538,"href":"https:\/\/agora.xtec.cat\/ceipsaforcanera\/wp-json\/wp\/v2\/pages\/892\/revisions\/11538"}],"up":[{"embeddable":true,"href":"https:\/\/agora.xtec.cat\/ceipsaforcanera\/wp-json\/wp\/v2\/pages\/22"}],"wp:attachment":[{"href":"https:\/\/agora.xtec.cat\/ceipsaforcanera\/wp-json\/wp\/v2\/media?parent=892"}],"curies":[{"name":"wp","href":"https:\/\/api.w.org\/{rel}","templated":true}]}}