{"id":84,"date":"2014-09-18T14:11:31","date_gmt":"2014-09-18T13:11:31","guid":{"rendered":"http:\/\/agora.xtec.cat\/ceipsaforcanera\/?page_id=84"},"modified":"2025-12-17T15:55:23","modified_gmt":"2025-12-17T14:55:23","slug":"activitats-extraescolars","status":"publish","type":"page","link":"https:\/\/agora.xtec.cat\/ceipsaforcanera\/serveis\/activitats-extraescolars\/","title":{"rendered":"Serveis AMPA"},"content":{"rendered":"<p>&nbsp;<\/p>\n<p>Benvolgudes fam\u00edlies,\u00a0<a href=\"https:\/\/agora.xtec.cat\/ceipsaforcanera\/wp-content\/uploads\/usu1481\/2025\/12\/WhatsApp_Image_2025-12-17_at_09.19.14-removebg-preview.png\"><img loading=\"lazy\" decoding=\"async\" class=\"wp-image-11558 alignright\" src=\"https:\/\/agora.xtec.cat\/ceipsaforcanera\/wp-content\/uploads\/usu1481\/2025\/12\/WhatsApp_Image_2025-12-17_at_09.19.14-removebg-preview.png\" alt=\"\" width=\"134\" height=\"133\" srcset=\"https:\/\/agora.xtec.cat\/ceipsaforcanera\/wp-content\/uploads\/usu1481\/2025\/12\/WhatsApp_Image_2025-12-17_at_09.19.14-removebg-preview.png 502w, https:\/\/agora.xtec.cat\/ceipsaforcanera\/wp-content\/uploads\/usu1481\/2025\/12\/WhatsApp_Image_2025-12-17_at_09.19.14-removebg-preview-300x297.png 300w, https:\/\/agora.xtec.cat\/ceipsaforcanera\/wp-content\/uploads\/usu1481\/2025\/12\/WhatsApp_Image_2025-12-17_at_09.19.14-removebg-preview-150x150.png 150w\" sizes=\"auto, (max-width: 134px) 100vw, 134px\" \/><\/a><\/p>\n<p>Des de l&#8217;AMPA de la nostra escola ens volem presentar i explicar-vos QUI SOM i QU\u00c8 FEM.<\/p>\n<p>&nbsp;<\/p>\n<p>&nbsp;<\/p>\n<table style=\"height: 20px; width: 100%; border-collapse: collapse; background-color: #117bf5;\">\n<tbody>\n<tr style=\"height: 45px;\">\n<td style=\"width: 100%; height: 45px;\">\n<p style=\"font-family: 'Helvetica Neue', Helvetica, Helvetica, Arial, sans-serif; font-size: 16px;\"><span style=\"color: #ffffff;\"><strong>QU\u00c8 \u00c9S L&#8217;AMPA?<\/strong><\/span><\/p>\n<\/td>\n<\/tr>\n<\/tbody>\n<\/table>\n<p><span style=\"font-family: inherit; font-size: 1em;\">L&#8217;<strong>AMPA<\/strong> \u00e9s l&#8217;associaci\u00f3 de fam\u00edlies dels alumnes de la nostra escola. Les nostres principals funcions s\u00f3n:<\/span><\/p>\n<ul>\n<li style=\"list-style-type: none;\">\n<ul>\n<li>Afavorir la relaci\u00f3 entre les fam\u00edlies i el personal docent del centre.<\/li>\n<li>Ser la veu de les fam\u00edlies davant les administracions p\u00fabliques.<\/li>\n<li>Treballar per millorar la participaci\u00f3 i el comprom\u00eds de les fam\u00edlies, la administraci\u00f3 i la societat educativa.<\/li>\n<li>Informar i orientar als pares, mares i tutors\/es sobre el funcionament del centre, les activitats extraescolars, el servei de menjador i l&#8217;acollida matinal.<\/li>\n<li>Organitzar les activitats extraescolars.<\/li>\n<li>Organitzar i col\u00b7laborar en activitats escolars i festes, que afavoreixin als nostres infants i la relaci\u00f3 fem\u00edlies-escola.<\/li>\n<li>Fer la venda de roba de l&#8217;escola i els llibres de cicle mitj\u00e0 i superior.<\/li>\n<\/ul>\n<\/li>\n<\/ul>\n<p>&nbsp;<\/p>\n<table style=\"height: 20px; width: 100%; border-collapse: collapse; background-color: #117bf5;\">\n<tbody>\n<tr style=\"height: 45px;\">\n<td style=\"width: 100%; height: 45px;\">\n<p style=\"font-family: 'Helvetica Neue', Helvetica, Helvetica, Arial, sans-serif; font-size: 16px;\"><span style=\"color: #ffffff;\"><strong>QU\u00c8 HA FET L&#8217;AMPA AQUEST CURS 24\/25?<\/strong><\/span><\/p>\n<\/td>\n<\/tr>\n<\/tbody>\n<\/table>\n<ul>\n<li style=\"list-style-type: none;\">\n<ul>\n<li>Gesti\u00f3 de les extraescolars i l&#8217;acollida matinal.<\/li>\n<li>Xocolatada solid\u00e0ria<\/li>\n<li>Reis de Nadal<\/li>\n<li>Obra teatre Sant Jordi<\/li>\n<li>Gelats fi de curs<\/li>\n<li>Festa Castaween<\/li>\n<li>Fotografies de Nadal i Fi de Curs<\/li>\n<li>Gesti\u00f3 roba del centre<\/li>\n<li>Gesti\u00f3 de servei menjador<\/li>\n<li>Contractaci\u00f3 d&#8217;una nova APP<\/li>\n<li>Casal d&#8217;estiu<\/li>\n<li>Casalet<\/li>\n<li>Aportaci\u00f3 de material d&#8217;escola<\/li>\n<\/ul>\n<\/li>\n<\/ul>\n<p><strong>Sense socis res d&#8217;aix\u00f2 seria possible!<\/strong><\/p>\n<p>&nbsp;<\/p>\n<table style=\"height: 20px; width: 100%; border-collapse: collapse; background-color: #117bf5;\">\n<tbody>\n<tr style=\"height: 45px;\">\n<td style=\"width: 100%; height: 45px;\">\n<p style=\"font-family: 'Helvetica Neue', Helvetica, Helvetica, Arial, sans-serif; font-size: 16px;\"><span style=\"color: #ffffff;\"><strong>NOVA APP AMPA<\/strong><\/span><\/p>\n<\/td>\n<\/tr>\n<\/tbody>\n<\/table>\n<p><a href=\"https:\/\/agora.xtec.cat\/ceipsaforcanera\/wp-content\/uploads\/usu1481\/2025\/12\/Per-canviar-de-lusuari-de-lescola-al-de-lAMPA-cal-premer-aquo.png\"><img loading=\"lazy\" decoding=\"async\" class=\"aligncenter size-full wp-image-11566\" src=\"https:\/\/agora.xtec.cat\/ceipsaforcanera\/wp-content\/uploads\/usu1481\/2025\/12\/Per-canviar-de-lusuari-de-lescola-al-de-lAMPA-cal-premer-aquo.png\" alt=\"\" width=\"1920\" height=\"1080\" srcset=\"https:\/\/agora.xtec.cat\/ceipsaforcanera\/wp-content\/uploads\/usu1481\/2025\/12\/Per-canviar-de-lusuari-de-lescola-al-de-lAMPA-cal-premer-aquo.png 1920w, https:\/\/agora.xtec.cat\/ceipsaforcanera\/wp-content\/uploads\/usu1481\/2025\/12\/Per-canviar-de-lusuari-de-lescola-al-de-lAMPA-cal-premer-aquo-300x169.png 300w, https:\/\/agora.xtec.cat\/ceipsaforcanera\/wp-content\/uploads\/usu1481\/2025\/12\/Per-canviar-de-lusuari-de-lescola-al-de-lAMPA-cal-premer-aquo-1024x576.png 1024w, https:\/\/agora.xtec.cat\/ceipsaforcanera\/wp-content\/uploads\/usu1481\/2025\/12\/Per-canviar-de-lusuari-de-lescola-al-de-lAMPA-cal-premer-aquo-768x432.png 768w, https:\/\/agora.xtec.cat\/ceipsaforcanera\/wp-content\/uploads\/usu1481\/2025\/12\/Per-canviar-de-lusuari-de-lescola-al-de-lAMPA-cal-premer-aquo-1536x864.png 1536w\" sizes=\"auto, (max-width: 1920px) 100vw, 1920px\" \/><\/a><\/p>\n<p>La intenci\u00f3 amb la nova APP \u00e9s facilitar a les fam\u00edlies la interacci\u00f3 amb l&#8217;AMPA. Fins ara ens hav\u00edem de limitar als horaris que ten\u00edem obert. Ara tota la informaci\u00f3 l ateniu a la nova APP: extraescolars, acollida, llibres, roba&#8230;<\/p>\n<p>La idea \u00e9s que o sigui m\u00e9s senzill i \u00e0gil. Tamb\u00e9 tota la informaci\u00f3 de l&#8217;AMPA es donar\u00e0 per aquest mitj\u00e0. <strong>\u00c9s important<\/strong>\u00a0<strong>tenir-la descarregada, <\/strong>tant si ets soci com si no ho ets.<\/p>\n<p><a href=\"https:\/\/agora.xtec.cat\/ceipsaforcanera\/wp-content\/uploads\/usu1481\/2025\/12\/Per-canviar-de-lusuari-de-lescola-al-de-lAMPA-cal-premer-aquo-2.png\"><img loading=\"lazy\" decoding=\"async\" class=\"aligncenter  wp-image-11568\" src=\"https:\/\/agora.xtec.cat\/ceipsaforcanera\/wp-content\/uploads\/usu1481\/2025\/12\/Per-canviar-de-lusuari-de-lescola-al-de-lAMPA-cal-premer-aquo-2.png\" alt=\"\" width=\"588\" height=\"331\" srcset=\"https:\/\/agora.xtec.cat\/ceipsaforcanera\/wp-content\/uploads\/usu1481\/2025\/12\/Per-canviar-de-lusuari-de-lescola-al-de-lAMPA-cal-premer-aquo-2.png 1920w, https:\/\/agora.xtec.cat\/ceipsaforcanera\/wp-content\/uploads\/usu1481\/2025\/12\/Per-canviar-de-lusuari-de-lescola-al-de-lAMPA-cal-premer-aquo-2-300x169.png 300w, https:\/\/agora.xtec.cat\/ceipsaforcanera\/wp-content\/uploads\/usu1481\/2025\/12\/Per-canviar-de-lusuari-de-lescola-al-de-lAMPA-cal-premer-aquo-2-1024x576.png 1024w, https:\/\/agora.xtec.cat\/ceipsaforcanera\/wp-content\/uploads\/usu1481\/2025\/12\/Per-canviar-de-lusuari-de-lescola-al-de-lAMPA-cal-premer-aquo-2-768x432.png 768w, https:\/\/agora.xtec.cat\/ceipsaforcanera\/wp-content\/uploads\/usu1481\/2025\/12\/Per-canviar-de-lusuari-de-lescola-al-de-lAMPA-cal-premer-aquo-2-1536x864.png 1536w\" sizes=\"auto, (max-width: 588px) 100vw, 588px\" \/><\/a><\/p>\n<p>&nbsp;<\/p>\n<p>&nbsp;<\/p>\n<p>Ens trobareu a l&#8217;espai AMPA o b\u00e9 a<strong>:<\/strong><\/p>\n<p><a href=\"https:\/\/agora.xtec.cat\/ceipsaforcanera\/wp-content\/uploads\/usu1481\/2025\/12\/Gmail-Logotipo-1024x576-1.png\">ampaescolasaforcanera<span class=\"\"><span class=\"\">@gmail.com<\/span><\/span><\/a><a href=\"https:\/\/agora.xtec.cat\/ceipsaforcanera\/wp-content\/uploads\/usu1481\/2025\/12\/Gmail-Logotipo-1024x576-1.png\"><img loading=\"lazy\" decoding=\"async\" class=\"wp-image-11563 alignleft\" src=\"https:\/\/agora.xtec.cat\/ceipsaforcanera\/wp-content\/uploads\/usu1481\/2025\/12\/Gmail-Logotipo-1024x576-1.png\" alt=\"\" width=\"37\" height=\"21\" srcset=\"https:\/\/agora.xtec.cat\/ceipsaforcanera\/wp-content\/uploads\/usu1481\/2025\/12\/Gmail-Logotipo-1024x576-1.png 1024w, https:\/\/agora.xtec.cat\/ceipsaforcanera\/wp-content\/uploads\/usu1481\/2025\/12\/Gmail-Logotipo-1024x576-1-300x169.png 300w, https:\/\/agora.xtec.cat\/ceipsaforcanera\/wp-content\/uploads\/usu1481\/2025\/12\/Gmail-Logotipo-1024x576-1-768x432.png 768w\" sizes=\"auto, (max-width: 37px) 100vw, 37px\" \/><\/a><\/p>\n<p><a href=\"https:\/\/agora.xtec.cat\/ceipsaforcanera\/wp-content\/uploads\/usu1481\/2025\/12\/facebook-logo-facebook-icon-transparent-free-png-e1765960736610.webp\"><img loading=\"lazy\" decoding=\"async\" class=\"wp-image-11562 alignleft\" src=\"https:\/\/agora.xtec.cat\/ceipsaforcanera\/wp-content\/uploads\/usu1481\/2025\/12\/facebook-logo-facebook-icon-transparent-free-png-e1765960736610.webp\" alt=\"\" width=\"27\" height=\"27\" srcset=\"https:\/\/agora.xtec.cat\/ceipsaforcanera\/wp-content\/uploads\/usu1481\/2025\/12\/facebook-logo-facebook-icon-transparent-free-png-e1765960736610.webp 626w, https:\/\/agora.xtec.cat\/ceipsaforcanera\/wp-content\/uploads\/usu1481\/2025\/12\/facebook-logo-facebook-icon-transparent-free-png-e1765960736610-300x300.webp 300w, https:\/\/agora.xtec.cat\/ceipsaforcanera\/wp-content\/uploads\/usu1481\/2025\/12\/facebook-logo-facebook-icon-transparent-free-png-e1765960736610-150x150.webp 150w\" sizes=\"auto, (max-width: 27px) 100vw, 27px\" \/><\/a><a href=\"https:\/\/www.facebook.com\/ampasaforcanera\/?locale=ca_ES\">Ampa Escola Sa Forcanera<\/a><\/p>\n<p><a href=\"https:\/\/www.instagram.com\/ampasaforcanera\/\">@ampasaforcanera<img loading=\"lazy\" decoding=\"async\" class=\"wp-image-11561 alignleft\" src=\"https:\/\/agora.xtec.cat\/ceipsaforcanera\/wp-content\/uploads\/usu1481\/2025\/12\/Instagram_logo_2022.svg.png\" alt=\"\" width=\"27\" height=\"27\" srcset=\"https:\/\/agora.xtec.cat\/ceipsaforcanera\/wp-content\/uploads\/usu1481\/2025\/12\/Instagram_logo_2022.svg.png 500w, https:\/\/agora.xtec.cat\/ceipsaforcanera\/wp-content\/uploads\/usu1481\/2025\/12\/Instagram_logo_2022.svg-300x300.png 300w, https:\/\/agora.xtec.cat\/ceipsaforcanera\/wp-content\/uploads\/usu1481\/2025\/12\/Instagram_logo_2022.svg-150x150.png 150w\" sizes=\"auto, (max-width: 27px) 100vw, 27px\" \/><\/a><\/p>\n<p><a href=\"https:\/\/agora.xtec.cat\/ceipsaforcanera\/wp-content\/uploads\/usu1481\/2025\/12\/edugestio_logo-e1765960461210.jpg\">APP EDUGESTI\u00d3<img loading=\"lazy\" decoding=\"async\" class=\"wp-image-11560 alignleft\" src=\"https:\/\/agora.xtec.cat\/ceipsaforcanera\/wp-content\/uploads\/usu1481\/2025\/12\/edugestio_logo-e1765960461210.jpg\" alt=\"\" width=\"24\" height=\"26\" \/><\/a><\/p>\n<p><a href=\"https:\/\/agora.xtec.cat\/ceipsaforcanera\/wp-content\/uploads\/usu1481\/2025\/12\/8034631.png\">667559836<img loading=\"lazy\" decoding=\"async\" class=\"wp-image-11559 alignleft\" src=\"https:\/\/agora.xtec.cat\/ceipsaforcanera\/wp-content\/uploads\/usu1481\/2025\/12\/8034631.png\" alt=\"\" width=\"24\" height=\"24\" srcset=\"https:\/\/agora.xtec.cat\/ceipsaforcanera\/wp-content\/uploads\/usu1481\/2025\/12\/8034631.png 512w, https:\/\/agora.xtec.cat\/ceipsaforcanera\/wp-content\/uploads\/usu1481\/2025\/12\/8034631-300x300.png 300w, https:\/\/agora.xtec.cat\/ceipsaforcanera\/wp-content\/uploads\/usu1481\/2025\/12\/8034631-150x150.png 150w\" sizes=\"auto, (max-width: 24px) 100vw, 24px\" \/><\/a><\/p>\n","protected":false},"excerpt":{"rendered":"<p>&nbsp; Benvolgudes fam\u00edlies,\u00a0 Des de l&#8217;AMPA de la nostra escola ens volem presentar i explicar-vos QUI SOM i QU\u00c8 FEM. &nbsp; &nbsp; QU\u00c8 \u00c9S L&#8217;AMPA? L&#8217;AMPA \u00e9s l&#8217;associaci\u00f3 de fam\u00edlies dels alumnes de la nostra escola. Les nostres principals funcions s\u00f3n: Afavorir la relaci\u00f3 entre les fam\u00edlies i el personal docent del centre. Ser la [&hellip;]<\/p>\n","protected":false},"author":1,"featured_media":0,"parent":66,"menu_order":60,"comment_status":"closed","ping_status":"closed","template":"page-templates\/side-menu.php","meta":{"_bbp_topic_count":0,"_bbp_reply_count":0,"_bbp_total_topic_count":0,"_bbp_total_reply_count":0,"_bbp_voice_count":0,"_bbp_anonymous_reply_count":0,"_bbp_topic_count_hidden":0,"_bbp_reply_count_hidden":0,"_bbp_forum_subforum_count":0,"site-sidebar-layout":"default","site-content-layout":"","ast-site-content-layout":"","site-content-style":"default","site-sidebar-style":"default","ast-global-header-display":"","ast-banner-title-visibility":"","ast-main-header-display":"","ast-hfb-above-header-display":"","ast-hfb-below-header-display":"","ast-hfb-mobile-header-display":"","site-post-title":"","ast-breadcrumbs-content":"","ast-featured-img":"","footer-sml-layout":"","theme-transparent-header-meta":"","adv-header-id-meta":"","stick-header-meta":"","header-above-stick-meta":"","header-main-stick-meta":"","header-below-stick-meta":"","astra-migrate-meta-layouts":"default","ast-page-background-enabled":"default","ast-page-background-meta":{"desktop":{"background-color":"var(--ast-global-color-4)","background-image":"","background-repeat":"repeat","background-position":"center center","background-size":"auto","background-attachment":"scroll","background-type":"","background-media":"","overlay-type":"","overlay-color":"","overlay-opacity":"","overlay-gradient":""},"tablet":{"background-color":"","background-image":"","background-repeat":"repeat","background-position":"center center","background-size":"auto","background-attachment":"scroll","background-type":"","background-media":"","overlay-type":"","overlay-color":"","overlay-opacity":"","overlay-gradient":""},"mobile":{"background-color":"","background-image":"","background-repeat":"repeat","background-position":"center center","background-size":"auto","background-attachment":"scroll","background-type":"","background-media":"","overlay-type":"","overlay-color":"","overlay-opacity":"","overlay-gradient":""}},"ast-content-background-meta":{"desktop":{"background-color":"var(--ast-global-color-5)","background-image":"","background-repeat":"repeat","background-position":"center center","background-size":"auto","background-attachment":"scroll","background-type":"","background-media":"","overlay-type":"","overlay-color":"","overlay-opacity":"","overlay-gradient":""},"tablet":{"background-color":"var(--ast-global-color-5)","background-image":"","background-repeat":"repeat","background-position":"center center","background-size":"auto","background-attachment":"scroll","background-type":"","background-media":"","overlay-type":"","overlay-color":"","overlay-opacity":"","overlay-gradient":""},"mobile":{"background-color":"var(--ast-global-color-5)","background-image":"","background-repeat":"repeat","background-position":"center center","background-size":"auto","background-attachment":"scroll","background-type":"","background-media":"","overlay-type":"","overlay-color":"","overlay-opacity":"","overlay-gradient":""}},"footnotes":""},"class_list":["post-84","page","type-page","status-publish","hentry"],"post_mailing_queue_ids":[],"_links":{"self":[{"href":"https:\/\/agora.xtec.cat\/ceipsaforcanera\/wp-json\/wp\/v2\/pages\/84","targetHints":{"allow":["GET"]}}],"collection":[{"href":"https:\/\/agora.xtec.cat\/ceipsaforcanera\/wp-json\/wp\/v2\/pages"}],"about":[{"href":"https:\/\/agora.xtec.cat\/ceipsaforcanera\/wp-json\/wp\/v2\/types\/page"}],"author":[{"embeddable":true,"href":"https:\/\/agora.xtec.cat\/ceipsaforcanera\/wp-json\/wp\/v2\/users\/1"}],"replies":[{"embeddable":true,"href":"https:\/\/agora.xtec.cat\/ceipsaforcanera\/wp-json\/wp\/v2\/comments?post=84"}],"version-history":[{"count":6,"href":"https:\/\/agora.xtec.cat\/ceipsaforcanera\/wp-json\/wp\/v2\/pages\/84\/revisions"}],"predecessor-version":[{"id":4647,"href":"https:\/\/agora.xtec.cat\/ceipsaforcanera\/wp-json\/wp\/v2\/pages\/84\/revisions\/4647"}],"up":[{"embeddable":true,"href":"https:\/\/agora.xtec.cat\/ceipsaforcanera\/wp-json\/wp\/v2\/pages\/66"}],"wp:attachment":[{"href":"https:\/\/agora.xtec.cat\/ceipsaforcanera\/wp-json\/wp\/v2\/media?parent=84"}],"curies":[{"name":"wp","href":"https:\/\/api.w.org\/{rel}","templated":true}]}}